{"id":11218,"date":"2024-11-27T11:38:58","date_gmt":"2024-11-27T19:38:58","guid":{"rendered":"https:\/\/samhealthplans.org\/?page_id=11218"},"modified":"2025-06-23T09:45:44","modified_gmt":"2025-06-23T16:45:44","slug":"criterios-de-atencion","status":"publish","type":"page","link":"https:\/\/samhealthplans.org\/es\/plan-members\/criteria-care-guidelines\/","title":{"rendered":"Criterios de autorizaci\u00f3n previa Pautas de atenci\u00f3n"},"content":{"rendered":"<section id=\"block_e524cd366d7c8b3aafa20e5783a2c0fc\" class=\"shs-block block-section grid-container has-blue-light-background-color\" >\n\t\t<div class=\"entry-content\">\n\n<h1 class=\"wp-block-heading\" id=\"h-prior-authorization-criteria-care-guidelines\">Criterios de autorizaci\u00f3n previa \u2013 Pautas de atenci\u00f3n<\/h1>\n\n<\/div>\n\t<\/section>\n\n\n\n<section id=\"block_0d632d7e77859e9d43be94b9cb447cae\" class=\"shs-block block-section grid-container has-white-background-color\" >\n\t\t<div class=\"entry-content\">\n\n<p>Samaritan Health Plans utiliza las Gu\u00edas de Atenci\u00f3n para determinar la necesidad m\u00e9dica en el proceso de autorizaci\u00f3n previa. Estas gu\u00edas cl\u00ednicas basadas en la evidencia buscan optimizar la atenci\u00f3n al paciente y mejorar los resultados de salud. Las Gu\u00edas de Atenci\u00f3n son propiedad intelectual protegida de MCG. Samaritan Health Plans no puede distribuirlas sin su permiso. MCG ha proporcionado una herramienta que permite a los miembros y futuros miembros de Samaritan Health Plans consultar las gu\u00edas relevantes de MCG; sin embargo, no podr\u00e1n imprimirlas.<br><br>Para ver <strong>Directrices del MCG<\/strong> Haga clic a continuaci\u00f3n y siga las instrucciones:<\/p>\n\n\n\n<p><strong>Paso 1: <\/strong><a href=\"https:\/\/samaritanhealthplan.access.mcg.com\/index\" target=\"_blank\" rel=\"noreferrer noopener\">Directrices de acceso<\/a>, lea el descargo de responsabilidad y acepte los t\u00e9rminos y condiciones.<br><strong>Paso 2:<\/strong> Complete el formulario de informaci\u00f3n del usuario.<br><strong>Paso 3:<\/strong> Complete el proceso de verificaci\u00f3n para continuar.<br><strong>Paso 4:<\/strong> Haga clic en el icono de la flecha.<br><strong>Paso 5:<\/strong> Haga clic en las pautas que desea ver.<\/p>\n\n<\/div>\n\t<\/section>","protected":false},"excerpt":{"rendered":"<p>Pautas de acceso a atenci\u00f3n utilizadas para determinar la necesidad m\u00e9dica en el proceso de autorizaci\u00f3n previa. <\/p>","protected":false},"author":18,"featured_media":0,"parent":10,"menu_order":0,"comment_status":"closed","ping_status":"closed","template":"","meta":{"_acf_changed":false,"_searchwp_excluded":"1","_shs_workflow_notes":"","_shs_exclude_from_navigation":true,"_shs_promote_article_on_blogs":"","footnotes":""},"class_list":["post-11218","page","type-page","status-publish","hentry"],"acf":[],"_links":{"self":[{"href":"https:\/\/samhealthplans.org\/es\/wp-json\/wp\/v2\/pages\/11218","targetHints":{"allow":["GET"]}}],"collection":[{"href":"https:\/\/samhealthplans.org\/es\/wp-json\/wp\/v2\/pages"}],"about":[{"href":"https:\/\/samhealthplans.org\/es\/wp-json\/wp\/v2\/types\/page"}],"author":[{"embeddable":true,"href":"https:\/\/samhealthplans.org\/es\/wp-json\/wp\/v2\/users\/18"}],"replies":[{"embeddable":true,"href":"https:\/\/samhealthplans.org\/es\/wp-json\/wp\/v2\/comments?post=11218"}],"version-history":[{"count":0,"href":"https:\/\/samhealthplans.org\/es\/wp-json\/wp\/v2\/pages\/11218\/revisions"}],"up":[{"embeddable":true,"href":"https:\/\/samhealthplans.org\/es\/wp-json\/wp\/v2\/pages\/10"}],"wp:attachment":[{"href":"https:\/\/samhealthplans.org\/es\/wp-json\/wp\/v2\/media?parent=11218"}],"curies":[{"name":"Gracias","href":"https:\/\/api.w.org\/{rel}","templated":true}]}}