{"id":11247,"date":"2024-12-03T08:26:18","date_gmt":"2024-12-03T16:26:18","guid":{"rendered":"https:\/\/samhealthplans.org\/?page_id=11247"},"modified":"2025-06-17T09:39:56","modified_gmt":"2025-06-17T16:39:56","slug":"plan-de-pago-de-recetas-de-medicare","status":"publish","type":"page","link":"https:\/\/samhealthplans.org\/es\/plan-members\/medicare-advantage-members\/medicare-prescription-payment-plan\/","title":{"rendered":"Plan de pago de medicamentos recetados de Medicare"},"content":{"rendered":"<section id=\"block_650a70523855b8711fa865bdc5376fe3\" class=\"shs-block block-section grid-container has-white-background-color\" >\n\t\t<div class=\"entry-content\">\n\n<h1 class=\"wp-block-heading\" id=\"h-medicare-prescription-payment-plan\">Plan de pago de medicamentos recetados de Medicare<\/h1>\n\n<\/div>\n\t<\/section>\n\n\n\n<section id=\"block_16e66139db221e190e55665c420581c3\" class=\"shs-block block-section grid-container has-blue-light-background-color\" >\n\t\t<div class=\"entry-content\">\n\n<h2 class=\"wp-block-heading\" id=\"h-need-help-with-monthly-budgeting\">\u00bfNecesita ayuda con el presupuesto mensual?<\/h2>\n\n\n\n<p>Considere administrar sus costos mensuales de medicamentos con el Plan de Pago de Recetas de Medicare. <\/p>\n\n\n\n<p>El Plan de Pago de Medicamentos Recetados de Medicare es una nueva opci\u00f3n de pago en la ley de medicamentos recetados que se integra con su cobertura actual de medicamentos para ayudarle a administrar sus gastos de bolsillo de medicamentos de la Parte D de Medicare, distribuy\u00e9ndolos a lo largo del a\u00f1o calendario (enero-diciembre). Todos los planes ofrecen esta opci\u00f3n de pago y la participaci\u00f3n es voluntaria. Tenga en cuenta que, si bien esta opci\u00f3n de pago puede ayudarle a planificar y administrar sus gastos, no reduce el costo de sus medicamentos.<\/p>\n\n<\/div>\n\t<\/section>\n\n\n\n<section id=\"block_650a70523855b8711fa865bdc5376fe3\" class=\"shs-block block-section grid-container has-white-background-color\" >\n\t\t<div class=\"entry-content\">\n\n<h2 class=\"wp-block-heading\" id=\"h-get-the-details\">Obtenga los detalles<\/h2>\n\n\n\n<div id=\"block_74ba6c88c90f4e59d6664b5cd36af7d6\" class=\"shs-block accordion\">\n\t<h3 class=\"accordion-title\">\n\t\t<button\n\t\t\ttype=\"button\"\n\t\t\tid=\"accordion_title_69d7c23bac3a33.57681482\"\n\t\t\tclass=\"accordion-control\" aria-expanded=\"false\"\n\t\t\taria-controls=\"accordion_panel_69d7c23bac3d05.82327584\">\u00bfQu\u00e9 es el Plan de Pago de Medicamentos Recetados de Medicare? <span class=\"iconfont-chevron-right\"><\/span><\/button>\n\t<\/h3>\n\t<section\n\t\tid=\"accordion_panel_69d7c23bac3d05.82327584\"\n\t\tclass=\"accordion-panel\"\n\t\taria-labelledby=\"accordion_title_69d7c23bac3a33.57681482\" style=\"height:0\">\n\t\t<div class=\"entry-content\">\n\n<p>El Plan de Pago de Medicamentos Recetados de Medicare es una nueva opci\u00f3n de pago que trabaja con usted para ayudarlo a administrar sus costos de bolsillo de medicamentos de la Parte D de Medicare distribuy\u00e9ndolos a lo largo del a\u00f1o calendario (de enero a diciembre). <strong>La participaci\u00f3n es voluntaria.<\/strong><\/p>\n\n\n\n<p>Si selecciona esta opci\u00f3n de pago, cada mes continuar\u00e1 pagando la prima de su plan (si tiene una) y recibir\u00e1 una factura de Samaritan Advantage Health Plans a trav\u00e9s de OptumRx para pagar sus medicamentos recetados (en lugar de pagar a la farmacia). No hay ning\u00fan costo por participar en el Plan de pago de medicamentos recetados de Medicare y no pagar\u00e1 intereses ni cargos sobre el monto que adeuda, incluso si su pago se retrasa.<\/p>\n\n<\/div>\n\t<\/section>\n<\/div>\n\n\n\n<div id=\"block_3bf2876da5174ef62c73cfc3e430cae0\" class=\"shs-block accordion\">\n\t<h3 class=\"accordion-title\">\n\t\t<button\n\t\t\ttype=\"button\"\n\t\t\tid=\"accordion_title_69d7c23bac60a5.47632332\"\n\t\t\tclass=\"accordion-control\" aria-expanded=\"false\"\n\t\t\taria-controls=\"accordion_panel_69d7c23bac60c5.22822280\">\u00bfMe beneficiar\u00e1 esta opci\u00f3n de pago? <span class=\"iconfont-chevron-right\"><\/span><\/button>\n\t<\/h3>\n\t<section\n\t\tid=\"accordion_panel_69d7c23bac60c5.22822280\"\n\t\tclass=\"accordion-panel\"\n\t\taria-labelledby=\"accordion_title_69d7c23bac60a5.47632332\" style=\"height:0\">\n\t\t<div class=\"entry-content\">\n\n<p>Depende de tu situaci\u00f3n. Si tienes que pagar de tu bolsillo unos gastos elevados en medicamentos a principios del a\u00f1o calendario, esta opci\u00f3n de pago distribuye lo que pagar\u00e1s cada mes a lo largo del a\u00f1o calendario (de enero a diciembre), de modo que no tengas que pagar de tu bolsillo a la farmacia. <strong>Esta opci\u00f3n de pago podr\u00eda ayudarle a administrar<\/strong> <strong>sus gastos mensuales, pero no le ahorra dinero ni reduce sus costos de medicamentos<\/strong>. <br><br>Visita <strong><a href=\"https:\/\/www.medicare.gov\/basics\/costs\/help\/drug-costs\" target=\"_blank\" rel=\"noreferrer noopener\">Medicare.gov\/basics\/costs\/help\/drug-costs<\/a> <\/strong>para conocer los programas que pueden ayudarle a reducir sus costos en medicamentos.<\/p>\n\n<\/div>\n\t<\/section>\n<\/div>\n\n\n\n<div id=\"block_112a39b43a8c41ddd4c49079ef7851c1\" class=\"shs-block accordion\">\n\t<h3 class=\"accordion-title\">\n\t\t<button\n\t\t\ttype=\"button\"\n\t\t\tid=\"accordion_title_69d7c23bac84d5.92780921\"\n\t\t\tclass=\"accordion-control\" aria-expanded=\"false\"\n\t\t\taria-controls=\"accordion_panel_69d7c23bac8504.34030156\">\u00bfC\u00f3mo funcionar\u00e1n mis costos? <span class=\"iconfont-chevron-right\"><\/span><\/button>\n\t<\/h3>\n\t<section\n\t\tid=\"accordion_panel_69d7c23bac8504.34030156\"\n\t\tclass=\"accordion-panel\"\n\t\taria-labelledby=\"accordion_title_69d7c23bac84d5.92780921\" style=\"height:0\">\n\t\t<div class=\"entry-content\">\n\n<p>Cuando usted compra una receta para un medicamento cubierto por la Parte D, no le pagar\u00e1 a su farmacia (incluidas las farmacias de pedidos por correo y las farmacias especializadas). En cambio, recibir\u00e1 una factura cada mes de Samaritan Advantage Health Plans. Su factura mensual se basa en lo que hubiera pagado por cualquier receta que obtenga, m\u00e1s el saldo del mes anterior, dividido por la cantidad de meses que quedan en el a\u00f1o.<\/p>\n\n\n\n<p>Aunque no pagues por tus medicamentos en la farmacia, eres responsable de los costos. Si quieres saber cu\u00e1nto te costar\u00e1 tu medicamento antes de llev\u00e1rtelo a casa, llama a nuestro Servicio de Atenci\u00f3n al Cliente o pregunta al farmac\u00e9utico.<\/p>\n\n\n\n<p><strong>Nota: Sus pagos pueden cambiar cada mes, por lo que es posible que no sepa cu\u00e1l es su factura exacta.<\/strong> <strong>llegar\u00e1 antes de tiempo. <\/strong>Los pagos futuros pueden aumentar cuando usted llena una nueva receta (o renueva una receta existente) porque a medida que se agregan nuevos costos de medicamentos de bolsillo a su pago mensual, quedan menos meses en el a\u00f1o para distribuir los pagos restantes.<\/p>\n\n<\/div>\n\t<\/section>\n<\/div>\n\n\n\n<div id=\"block_edb3c5c1fb0d0beeb2ed30b31e0d7eb5\" class=\"shs-block accordion\">\n\t<h3 class=\"accordion-title\">\n\t\t<button\n\t\t\ttype=\"button\"\n\t\t\tid=\"accordion_title_69d7c23bb015e0.06582460\"\n\t\t\tclass=\"accordion-control\" aria-expanded=\"false\"\n\t\t\taria-controls=\"accordion_panel_69d7c23bb015f3.44584078\">Vea ejemplos de c\u00f3mo el plan puede ayudarle a presupuestar sus costos mensuales <span class=\"iconfont-chevron-right\"><\/span><\/button>\n\t<\/h3>\n\t<section\n\t\tid=\"accordion_panel_69d7c23bb015f3.44584078\"\n\t\tclass=\"accordion-panel\"\n\t\taria-labelledby=\"accordion_title_69d7c23bb015e0.06582460\" style=\"height:0\">\n\t\t<div class=\"entry-content\">\n\n<div id=\"block_d08c73fb12e869795c00ec95838bb298\" class=\"shs-block accordion is-style-fill\">\n\t<h4 class=\"accordion-title\">\n\t\t<button\n\t\t\ttype=\"button\"\n\t\t\tid=\"accordion_title_69d7c23bafba35.74088253\"\n\t\t\tclass=\"accordion-control\" aria-expanded=\"false\"\n\t\t\taria-controls=\"accordion_panel_69d7c23bafba76.94177513\">Ejemplo 1 \u2013 Vea c\u00f3mo el plan puede ayudar <span class=\"iconfont-chevron-right\"><\/span><\/button>\n\t<\/h4>\n\t<section\n\t\tid=\"accordion_panel_69d7c23bafba76.94177513\"\n\t\tclass=\"accordion-panel\"\n\t\taria-labelledby=\"accordion_title_69d7c23bafba35.74088253\" style=\"height:0\">\n\t\t<div class=\"entry-content\">\n\n<h5 class=\"wp-block-heading has-text-align-center\">Ejemplo 1: C\u00f3mo funciona el plan de pago de medicamentos recetados de Medicare<\/h5>\n\n\n\n<figure class=\"wp-block-image aligncenter size-full\"><img loading=\"lazy\" decoding=\"async\" width=\"641\" height=\"919\" src=\"https:\/\/samhealthplans.org\/wp-content\/uploads\/sites\/3\/Medicare-Prescription-Plan-Example-1a.jpg\" alt=\"\" class=\"wp-image-12168\" srcset=\"https:\/\/samhealthplans.org\/wp-content\/uploads\/sites\/3\/Medicare-Prescription-Plan-Example-1a.jpg 641w, https:\/\/samhealthplans.org\/wp-content\/uploads\/sites\/3\/Medicare-Prescription-Plan-Example-1a-209x300.jpg 209w, https:\/\/samhealthplans.org\/wp-content\/uploads\/sites\/3\/Medicare-Prescription-Plan-Example-1a-8x12.jpg 8w, https:\/\/samhealthplans.org\/wp-content\/uploads\/sites\/3\/Medicare-Prescription-Plan-Example-1a-70x100.jpg 70w\" sizes=\"auto, (max-width: 641px) 100vw, 641px\" \/><\/figure>\n\n\n\n<figure class=\"wp-block-image aligncenter size-full\"><img loading=\"lazy\" decoding=\"async\" width=\"641\" height=\"919\" src=\"https:\/\/samhealthplans.org\/wp-content\/uploads\/sites\/3\/Medicare-Prescription-Plan-Example-1b.jpg\" alt=\"\" class=\"wp-image-12169\" srcset=\"https:\/\/samhealthplans.org\/wp-content\/uploads\/sites\/3\/Medicare-Prescription-Plan-Example-1b.jpg 641w, https:\/\/samhealthplans.org\/wp-content\/uploads\/sites\/3\/Medicare-Prescription-Plan-Example-1b-209x300.jpg 209w, https:\/\/samhealthplans.org\/wp-content\/uploads\/sites\/3\/Medicare-Prescription-Plan-Example-1b-8x12.jpg 8w, https:\/\/samhealthplans.org\/wp-content\/uploads\/sites\/3\/Medicare-Prescription-Plan-Example-1b-70x100.jpg 70w\" sizes=\"auto, (max-width: 641px) 100vw, 641px\" \/><\/figure>\n\n<\/div>\n\t<\/section>\n<\/div>\n\n\n\n<div id=\"block_c1fa4ad4207fb3f46691d7f43ec02d93\" class=\"shs-block accordion is-style-fill\">\n\t<h4 class=\"accordion-title\">\n\t\t<button\n\t\t\ttype=\"button\"\n\t\t\tid=\"accordion_title_69d7c23bafe068.56109176\"\n\t\t\tclass=\"accordion-control\" aria-expanded=\"false\"\n\t\t\taria-controls=\"accordion_panel_69d7c23bafe087.72416226\">Ejemplo 2 \u2013 Vea c\u00f3mo el plan puede ayudar <span class=\"iconfont-chevron-right\"><\/span><\/button>\n\t<\/h4>\n\t<section\n\t\tid=\"accordion_panel_69d7c23bafe087.72416226\"\n\t\tclass=\"accordion-panel\"\n\t\taria-labelledby=\"accordion_title_69d7c23bafe068.56109176\" style=\"height:0\">\n\t\t<div class=\"entry-content\">\n\n<h5 class=\"wp-block-heading has-text-align-center\">Ejemplo 2: C\u00f3mo funciona el plan de pago de recetas de Medicare<\/h5>\n\n\n\n<figure class=\"wp-block-image aligncenter size-full\"><img loading=\"lazy\" decoding=\"async\" width=\"641\" height=\"843\" src=\"https:\/\/samhealthplans.org\/wp-content\/uploads\/sites\/3\/Medicare-Prescription-Plan-Example-2a.jpg\" alt=\"\" class=\"wp-image-12170\" srcset=\"https:\/\/samhealthplans.org\/wp-content\/uploads\/sites\/3\/Medicare-Prescription-Plan-Example-2a.jpg 641w, https:\/\/samhealthplans.org\/wp-content\/uploads\/sites\/3\/Medicare-Prescription-Plan-Example-2a-228x300.jpg 228w, https:\/\/samhealthplans.org\/wp-content\/uploads\/sites\/3\/Medicare-Prescription-Plan-Example-2a-9x12.jpg 9w, https:\/\/samhealthplans.org\/wp-content\/uploads\/sites\/3\/Medicare-Prescription-Plan-Example-2a-76x100.jpg 76w\" sizes=\"auto, (max-width: 641px) 100vw, 641px\" \/><\/figure>\n\n\n\n<figure class=\"wp-block-image aligncenter size-full\"><img loading=\"lazy\" decoding=\"async\" width=\"641\" height=\"843\" src=\"https:\/\/samhealthplans.org\/wp-content\/uploads\/sites\/3\/Medicare-Prescription-Plan-Example-2b.jpg\" alt=\"\" class=\"wp-image-12171\" srcset=\"https:\/\/samhealthplans.org\/wp-content\/uploads\/sites\/3\/Medicare-Prescription-Plan-Example-2b.jpg 641w, https:\/\/samhealthplans.org\/wp-content\/uploads\/sites\/3\/Medicare-Prescription-Plan-Example-2b-228x300.jpg 228w, https:\/\/samhealthplans.org\/wp-content\/uploads\/sites\/3\/Medicare-Prescription-Plan-Example-2b-9x12.jpg 9w, https:\/\/samhealthplans.org\/wp-content\/uploads\/sites\/3\/Medicare-Prescription-Plan-Example-2b-76x100.jpg 76w\" sizes=\"auto, (max-width: 641px) 100vw, 641px\" \/><\/figure>\n\n<\/div>\n\t<\/section>\n<\/div>\n\n\n\n<div id=\"block_8d2f4ee4039143e308da726bc29c1918\" class=\"shs-block accordion is-style-fill\">\n\t<h4 class=\"accordion-title\">\n\t\t<button\n\t\t\ttype=\"button\"\n\t\t\tid=\"accordion_title_69d7c23bb00548.71707954\"\n\t\t\tclass=\"accordion-control\" aria-expanded=\"false\"\n\t\t\taria-controls=\"accordion_panel_69d7c23bb00564.73210474\">Ejemplo 3 \u2013 Vea c\u00f3mo el plan puede ayudar <span class=\"iconfont-chevron-right\"><\/span><\/button>\n\t<\/h4>\n\t<section\n\t\tid=\"accordion_panel_69d7c23bb00564.73210474\"\n\t\tclass=\"accordion-panel\"\n\t\taria-labelledby=\"accordion_title_69d7c23bb00548.71707954\" style=\"height:0\">\n\t\t<div class=\"entry-content\">\n\n<h5 class=\"wp-block-heading has-text-align-center\">Ejemplo 3: C\u00f3mo funciona el plan de pago de recetas de Medicare<\/h5>\n\n\n\n<figure class=\"wp-block-image aligncenter size-full\"><img loading=\"lazy\" decoding=\"async\" width=\"641\" height=\"863\" src=\"https:\/\/samhealthplans.org\/wp-content\/uploads\/sites\/3\/Medicare-Prescription-Plan-Example-3a.jpg\" alt=\"\" class=\"wp-image-12173\" style=\"object-fit:cover\" srcset=\"https:\/\/samhealthplans.org\/wp-content\/uploads\/sites\/3\/Medicare-Prescription-Plan-Example-3a.jpg 641w, https:\/\/samhealthplans.org\/wp-content\/uploads\/sites\/3\/Medicare-Prescription-Plan-Example-3a-223x300.jpg 223w, https:\/\/samhealthplans.org\/wp-content\/uploads\/sites\/3\/Medicare-Prescription-Plan-Example-3a-9x12.jpg 9w, https:\/\/samhealthplans.org\/wp-content\/uploads\/sites\/3\/Medicare-Prescription-Plan-Example-3a-74x100.jpg 74w\" sizes=\"auto, (max-width: 641px) 100vw, 641px\" \/><\/figure>\n\n\n\n<figure class=\"wp-block-image aligncenter size-full\"><img loading=\"lazy\" decoding=\"async\" width=\"641\" height=\"863\" src=\"https:\/\/samhealthplans.org\/wp-content\/uploads\/sites\/3\/Medicare-Prescription-Plan-Example-3b.jpg\" alt=\"\" class=\"wp-image-12175\" style=\"object-fit:cover\" srcset=\"https:\/\/samhealthplans.org\/wp-content\/uploads\/sites\/3\/Medicare-Prescription-Plan-Example-3b.jpg 641w, https:\/\/samhealthplans.org\/wp-content\/uploads\/sites\/3\/Medicare-Prescription-Plan-Example-3b-223x300.jpg 223w, https:\/\/samhealthplans.org\/wp-content\/uploads\/sites\/3\/Medicare-Prescription-Plan-Example-3b-9x12.jpg 9w, https:\/\/samhealthplans.org\/wp-content\/uploads\/sites\/3\/Medicare-Prescription-Plan-Example-3b-74x100.jpg 74w\" sizes=\"auto, (max-width: 641px) 100vw, 641px\" \/><\/figure>\n\n<\/div>\n\t<\/section>\n<\/div>\n\n<\/div>\n\t<\/section>\n<\/div>\n\n\n\n<div id=\"block_a1ea453736fe57fdc2f2b0a51115516f\" class=\"shs-block accordion\">\n\t<h3 class=\"accordion-title\">\n\t\t<button\n\t\t\ttype=\"button\"\n\t\t\tid=\"accordion_title_69d7c23bb05387.92986338\"\n\t\t\tclass=\"accordion-control\" aria-expanded=\"false\"\n\t\t\taria-controls=\"accordion_panel_69d7c23bb053a9.72316843\">\u00bfC\u00f3mo puedo inscribirme o excluirme de este programa? <span class=\"iconfont-chevron-right\"><\/span><\/button>\n\t<\/h3>\n\t<section\n\t\tid=\"accordion_panel_69d7c23bb053a9.72316843\"\n\t\tclass=\"accordion-panel\"\n\t\taria-labelledby=\"accordion_title_69d7c23bb05387.92986338\" style=\"height:0\">\n\t\t<div class=\"entry-content\">\n\n<h4 class=\"wp-block-heading\" id=\"h-three-ways-to-sign-up-for-the-plan\">Tres formas de optar por el plan de recetas de Medicare<\/h4>\n\n\n\n<p><strong>1. Inscr\u00edbete a trav\u00e9s de un formulario en l\u00ednea.<\/strong><\/p>\n\n\n\n<div class=\"wp-block-buttons is-content-justification-left is-layout-flex wp-container-core-buttons-is-layout-fdcfc74e wp-block-buttons-is-layout-flex\">\n<div class=\"wp-block-button\"><a class=\"wp-block-button__link wp-element-button\" href=\"http:\/\/m3p-form.benefitrx.com\/?cid=Samaritan\" target=\"_blank\" rel=\"noreferrer noopener\">Inscribirse en l\u00ednea<\/a><\/div>\n<\/div>\n\n\n\n<p><strong>2. Ll\u00e1manos:<\/strong>  <a href=\"tel:844-368-8729\">844-368-8729<\/a>.<\/p>\n\n\n\n<p><strong>3. Complete el formulario de inscripci\u00f3n y env\u00edelo por correo a:<\/strong><\/p>\n\n\n\n<p><a href=\"https:\/\/samhealthplans.org\/wp-content\/uploads\/sites\/3\/Medicare-Prescription-Payment-Plan-Enrollment-Form.pdf\" target=\"_blank\" rel=\"noreferrer noopener\">Formulario de inscripci\u00f3n (English)<\/a><\/p>\n\n\n\n<p><strong>Samaritan Advantage Health Plans<\/strong><br>Attn: M3P Election Processes<br>PO BOX 650287<br>Dallas, Texas 75265-0287<\/p>\n\n\n\n<p>&nbsp;<\/p>\n\n\n\n<h4 class=\"wp-block-heading\">\u00bfC\u00f3mo puedo cancelar o abandonar este plan?<\/h4>\n\n\n\n<p>Puede abandonar el Plan de pago de recetas de Medicare en cualquier momento comunic\u00e1ndose con nosotros en <a href=\"tel:844-368-8729\">844-368-8729<\/a>Salir del programa no afectar\u00e1 su cobertura de medicamentos de Medicare ni otros beneficios de Medicare. Tenga en cuenta lo siguiente:<\/p>\n\n\n\n<ul class=\"wp-block-list\">\n<li>Si a\u00fan debe un saldo, deber\u00e1 pagar el monto adeudado, incluso si ya no participa en esta opci\u00f3n de pago.<\/li>\n\n\n\n<li>Puede elegir pagar su saldo de una sola vez o recibir la factura mensualmente. <\/li>\n\n\n\n<li>Pagar\u00e1 directamente a la farmacia los nuevos costos de medicamentos de su bolsillo despu\u00e9s de abandonar el Plan de Pago de Recetas de Medicare.<\/li>\n<\/ul>\n\n<\/div>\n\t<\/section>\n<\/div>\n\n\n\n<div id=\"block_39322df3b29288242cd959a3e75c1fd2\" class=\"shs-block accordion\">\n\t<h3 class=\"accordion-title\">\n\t\t<button\n\t\t\ttype=\"button\"\n\t\t\tid=\"accordion_title_69d7c23bb06fa5.26321018\"\n\t\t\tclass=\"accordion-control\" aria-expanded=\"false\"\n\t\t\taria-controls=\"accordion_panel_69d7c23bb06fb0.37456444\">\u00bfQu\u00e9 pasa si no pago mi factura? <span class=\"iconfont-chevron-right\"><\/span><\/button>\n\t<\/h3>\n\t<section\n\t\tid=\"accordion_panel_69d7c23bb06fb0.37456444\"\n\t\tclass=\"accordion-panel\"\n\t\taria-labelledby=\"accordion_title_69d7c23bb06fa5.26321018\" style=\"height:0\">\n\t\t<div class=\"entry-content\">\n\n<h4 class=\"wp-block-heading\"><strong>\u00bfQu\u00e9 pasa si no pago mi factura?<\/strong><\/h4>\n\n\n\n<p>Recibir\u00e1 un recordatorio si no realiza un pago. Si no paga su factura antes de la fecha indicada en el recordatorio, ser\u00e1 dado de baja del Plan de Pago de Medicamentos Recetados de Medicare. Debe pagar la cantidad adeudada, pero <strong>No pagar\u00e1s ning\u00fan inter\u00e9s ni comisi\u00f3n, incluso si tu pago se retrasa.<\/strong>Puede optar por pagar ese monto de una sola vez o que se le facture mensualmente. Si se le da de baja del Plan de Pago de Medicamentos Recetados de Medicare, <strong>Seguir\u00e1 inscrito en su plan de salud o medicamentos de Medicare.<\/strong>.<\/p>\n\n\n\n<h4 class=\"wp-block-heading\"><strong>Pague siempre la prima mensual de su plan de salud o medicamentos <\/strong><\/h4>\n\n\n\n<p><strong>Pague siempre su prima mensual <\/strong>Primero (si tiene una), para no perder su cobertura de medicamentos. Ll\u00e1menos si cree que hemos cometido un error con su factura del Plan de Pago de Medicamentos Recetados de Medicare. Si cree que hemos cometido un error, tiene derecho a seguir el proceso de quejas que se encuentra en su Manual del Miembro o en su Evidencia de Cobertura.<\/p>\n\n<\/div>\n\t<\/section>\n<\/div>\n\n\n\n<div id=\"block_86898e2435f4495ac3e988bf6f779d0c\" class=\"shs-block accordion\">\n\t<h3 class=\"accordion-title\">\n\t\t<button\n\t\t\ttype=\"button\"\n\t\t\tid=\"accordion_title_69d7c23bb0cc41.02596709\"\n\t\t\tclass=\"accordion-control\" aria-expanded=\"false\"\n\t\t\taria-controls=\"accordion_panel_69d7c23bb0cc70.68959533\">Ayuda adicional para los gastos de medicamentos con receta <span class=\"iconfont-chevron-right\"><\/span><\/button>\n\t<\/h3>\n\t<section\n\t\tid=\"accordion_panel_69d7c23bb0cc70.68959533\"\n\t\tclass=\"accordion-panel\"\n\t\taria-labelledby=\"accordion_title_69d7c23bb0cc41.02596709\" style=\"height:0\">\n\t\t<div class=\"entry-content\">\n\n<p>Si califica para el subsidio para personas de bajos ingresos, tambi\u00e9n llamado \u201cAyuda adicional\u201d, con los costos de su plan de medicamentos recetados de Medicare, su prima y los costos en la farmacia ser\u00e1n m\u00e1s bajos. Cuando se inscriba en uno de nuestros planes, Medicare nos informar\u00e1 cu\u00e1nta Ayuda adicional est\u00e1 recibiendo. Luego, le informaremos el monto ajustado que pagar\u00e1. Consulte la tabla a continuaci\u00f3n para ver las primas mensuales del a\u00f1o en curso.<\/p>\n\n\n\n<h4 class=\"wp-block-heading\">C\u00f3mo solicitar informaci\u00f3n sobre el subsidio para personas de bajos ingresos<\/h4>\n\n\n\n<p>Si no recibe Ayuda Adicional, puede consultar si califica llamando al Seguro Social al&nbsp;<a href=\"tel:800-772-1213\">800-772-1213<\/a>&nbsp;(Los usuarios de TTY deben llamar al&nbsp;<a href=\"tel:800-325-0778\">800-325-0778<\/a>) o visite&nbsp;<a href=\"http:\/\/www.socialsecurity.gov\/\" target=\"_blank\" rel=\"noreferrer noopener\">socialsecurity.gov<\/a>.<\/p>\n\n\n\n<h4 class=\"wp-block-heading\" id=\"h-2025-cost-sharing\">2025 Costos compartidos<\/h4>\n\n\n\n<h5 class=\"wp-block-heading\" id=\"h-standard-retail-cost-sharing-in-network-up-to-a-30-day-supply\">Costo compartido minorista est\u00e1ndar (dentro de la red): suministro de hasta 30 d\u00edas<\/h5>\n\n\n\n<p>Para medicamentos gen\u00e9ricos o preferidos de m\u00faltiples fuentes, usted paga un copago de $0, $1.60 o $4.90 por receta. Para todos los dem\u00e1s medicamentos, usted paga un copago de $0, $4.80 o $12.15 por receta.&nbsp;<\/p>\n\n\n\n<h5 class=\"wp-block-heading\">Costo compartido de atenci\u00f3n a largo plazo: suministro de hasta 31 d\u00edas<\/h5>\n\n\n\n<p>Para medicamentos gen\u00e9ricos o preferidos de m\u00faltiples fuentes, usted paga un copago de $0, $1.60 o $4.90 por receta. Para todos los dem\u00e1s medicamentos, usted paga un copago de $0, $4.80 o $12.15 por receta.&nbsp;<\/p>\n\n\n\n<h5 class=\"wp-block-heading\">Primas mensuales<\/h5>\n\n\n\n<p>El cuadro a continuaci\u00f3n describe los montos de primas ajustados para 2025 seg\u00fan los distintos niveles de subsidio para bajos ingresos.<\/p>\n\n\n\n<figure class=\"wp-block-table is-style-color\"><table><thead><tr><th><\/th><th>Valor Plan<\/th><th>Premier Plan<\/th><th>Premier Plan Plus<\/th><\/tr><\/thead><tbody><tr><td>100% Subsidio para bajos ingresos (LS)<\/td><td>N \/ A<\/td><td>Usted paga $21*<\/td><td>Usted paga $138*<\/td><\/tr><\/tbody><\/table><figcaption class=\"wp-element-caption\">*Las primas mencionadas anteriormente incluyen tanto los servicios m\u00e9dicos como los beneficios de medicamentos recetados. No incluyen la prima de la Parte B de Medicare que pueda tener que pagar.<\/figcaption><\/figure>\n\n\n\n<p>V\u00e9ase tambi\u00e9n el&nbsp;<a href=\"http:\/\/www.cms.gov\/Medicare\/Prescription-Drug-Coverage\/PrescriptionDrugCovContra\/Best_Available_Evidence_Policy.html\" target=\"_blank\" rel=\"noreferrer noopener\">Pol\u00edtica de mejor evidencia disponible de los Centers for Medicare and Medicaid Services (CMS).<\/a><\/p>\n\n\n\n<p>En general, los beneficiarios deben utilizar farmacias de la red para acceder a su beneficio de medicamentos recetados, excepto en circunstancias no habituales. Pueden aplicarse limitaciones y restricciones de cantidad.<\/p>\n\n\n\n<p>&nbsp;<\/p>\n\n<\/div>\n\t<\/section>\n<\/div>\n\n\n\n<div id=\"block_c3081e8762329c450250bf0a6d01b7f4\" class=\"shs-block accordion\">\n\t<h3 class=\"accordion-title\">\n\t\t<button\n\t\t\ttype=\"button\"\n\t\t\tid=\"accordion_title_69d7c23bb0e376.41395279\"\n\t\t\tclass=\"accordion-control\" aria-expanded=\"false\"\n\t\t\taria-controls=\"accordion_panel_69d7c23bb0e386.36239074\">Recursos adicionales <span class=\"iconfont-chevron-right\"><\/span><\/button>\n\t<\/h3>\n\t<section\n\t\tid=\"accordion_panel_69d7c23bb0e386.36239074\"\n\t\tclass=\"accordion-panel\"\n\t\taria-labelledby=\"accordion_title_69d7c23bb0e376.41395279\" style=\"height:0\">\n\t\t<div class=\"entry-content\">\n\n<p><a href=\"https:\/\/samhealthplans.org\/wp-content\/uploads\/sites\/3\/Medicare-Prescription-Payment-Plan-Intro-Flyer.pdf\" target=\"_blank\" rel=\"noreferrer noopener\">Administre sus costos mensuales de medicamentos (English)<\/a> \u2013 Aprenda los conceptos b\u00e1sicos sobre el Plan de pago de recetas de Medicare.<\/p>\n\n\n\n<p><a href=\"https:\/\/samhealthplans.org\/wp-content\/uploads\/sites\/3\/Medicare-Prescription-Payment-Plan-Fact-Sheet.pdf\" target=\"_blank\" rel=\"noreferrer noopener\">\u00bfQu\u00e9 es el Plan de Pago de Medicamentos Recetados de Medicare (English)?<\/a> Obtenga informaci\u00f3n completa sobre el funcionamiento del Plan de Pago de Medicamentos Recetados de Medicare. Muchos de los detalles de esta p\u00e1gina web est\u00e1n disponibles en este documento descargable (12 p\u00e1ginas).<\/p>\n\n<\/div>\n\t<\/section>\n<\/div>\n\n<\/div>\n\t<\/section>\n\n\n\n<section id=\"block_6738eb085b1f5de80dcfdc12bae0fe5f\" class=\"shs-block block-alert grid-container has-white-background-color\">\n\n\t<div class=\"acf-innerblocks-container\">\n\n<p class=\"has-text-align-center\">P\u00e1gina actualizada el 13\/06\/2025<\/p>\n\n<\/div>\n\n<\/section>","protected":false},"excerpt":{"rendered":"<p>El Plan de Pago de Medicamentos Recetados de Medicare es una nueva opci\u00f3n de pago que funciona para ayudarle a administrar sus costos de bolsillo de medicamentos de la Parte D de Medicare distribuy\u00e9ndolos a lo largo del a\u00f1o calendario.<\/p>","protected":false},"author":18,"featured_media":0,"parent":152,"menu_order":0,"comment_status":"closed","ping_status":"closed","template":"","meta":{"_acf_changed":false,"_searchwp_excluded":"1","_shs_workflow_notes":"","_shs_exclude_from_navigation":true,"_shs_promote_article_on_blogs":"","footnotes":""},"class_list":["post-11247","page","type-page","status-publish","hentry"],"acf":[],"_links":{"self":[{"href":"https:\/\/samhealthplans.org\/es\/wp-json\/wp\/v2\/pages\/11247","targetHints":{"allow":["GET"]}}],"collection":[{"href":"https:\/\/samhealthplans.org\/es\/wp-json\/wp\/v2\/pages"}],"about":[{"href":"https:\/\/samhealthplans.org\/es\/wp-json\/wp\/v2\/types\/page"}],"author":[{"embeddable":true,"href":"https:\/\/samhealthplans.org\/es\/wp-json\/wp\/v2\/users\/18"}],"replies":[{"embeddable":true,"href":"https:\/\/samhealthplans.org\/es\/wp-json\/wp\/v2\/comments?post=11247"}],"version-history":[{"count":0,"href":"https:\/\/samhealthplans.org\/es\/wp-json\/wp\/v2\/pages\/11247\/revisions"}],"up":[{"embeddable":true,"href":"https:\/\/samhealthplans.org\/es\/wp-json\/wp\/v2\/pages\/152"}],"wp:attachment":[{"href":"https:\/\/samhealthplans.org\/es\/wp-json\/wp\/v2\/media?parent=11247"}],"curies":[{"name":"Gracias","href":"https:\/\/api.w.org\/{rel}","templated":true}]}}