{"id":1167,"date":"2023-06-14T02:27:31","date_gmt":"2023-06-14T09:27:31","guid":{"rendered":"https:\/\/samhealth.org\/samhealthplans\/?page_id=1167"},"modified":"2025-12-19T14:52:07","modified_gmt":"2025-12-19T22:52:07","slug":"programa-de-terapia-de-manejo-de-medicamentos","status":"publish","type":"page","link":"https:\/\/samhealthplans.org\/es\/find-a-drug\/medication-management-therapy-program\/","title":{"rendered":"Programa de terapia de manejo de medicamentos"},"content":{"rendered":"<section id=\"block_115465f38fdbeebbde6dc08ce1aa746d\" class=\"shs-block block-section grid-container has-white-background-color\" >\n\t\t<div class=\"entry-content\">\n\n<h1 class=\"wp-block-heading\" id=\"h-medication-management-therapy-program\">Programa de terapia de manejo de medicamentos<\/h1>\n\n<\/div>\n\t<\/section>\n\n\n\n<section id=\"block_115465f38fdbeebbde6dc08ce1aa746d\" class=\"shs-block block-section grid-container has-white-background-color\" >\n\t\t<div class=\"entry-content\">\n\n<p>Si usted es un miembro que toma muchos medicamentos recetados o que tiene altos costos de medicamentos o enfermedades cr\u00f3nicas, podr\u00eda ser elegible para el Samaritan Advantage Health Plan HMO <strong>Programa de gesti\u00f3n de terapia con medicamentos<\/strong> (MTMP). Nuestro programa se centra en mejorar los resultados terap\u00e9uticos de los miembros de la Parte D de Medicare al ayudar a los miembros con m\u00faltiples afecciones a administrar sus medicamentos.<\/p>\n\n\n\n<p>Este es un <strong>GRATIS<\/strong> Servicio para miembros elegibles.<\/p>\n\n\n\n<h2 class=\"wp-block-heading\" id=\"h-eligibility-criteria\">Criterios de elegibilidad<\/h2>\n\n\n\n<ul class=\"wp-block-list\">\n<li>Los miembros deben haber llenado ocho o m\u00e1s medicamentos cr\u00f3nicos de la Parte D; y<\/li>\n<\/ul>\n\n\n\n<ul class=\"wp-block-list\">\n<li>Los miembros deben tener al menos tres de las siguientes diez condiciones cr\u00f3nicas:\n<ul class=\"wp-block-list\">\n<li>Enfermedad de Alzheimer.<\/li>\n\n\n\n<li>Enfermedad respiratoria (incluyendo asma, enfermedad pulmonar obstructiva cr\u00f3nica (EPOC) y otros trastornos pulmonares cr\u00f3nicos).<\/li>\n\n\n\n<li>Insuficiencia card\u00edaca congestiva (ICC)<\/li>\n\n\n\n<li>Salud mental (incluida depresi\u00f3n, esquizofrenia, trastorno bipolar y otras afecciones de salud mental cr\u00f3nicas o incapacitantes)<\/li>\n\n\n\n<li>Diabetes.<\/li>\n\n\n\n<li>Hipertensi\u00f3n.<\/li>\n\n\n\n<li>Colesterol alto.<\/li>\n\n\n\n<li>Enfermedad \u00f3sea: artritis (incluida osteoporosis, osteoartritis y artritis reumatoide).<\/li>\n\n\n\n<li>Enfermedad renal terminal (ERT).<\/li>\n\n\n\n<li>VIH\/SIDA.<\/li>\n\n\n\n<li>Los miembros deben tener probabilidades de incurrir en gastos.&nbsp;<strong>2026&nbsp;<\/strong>costos anuales de&nbsp;<strong>$1,276<\/strong>&nbsp;para todos los medicamentos cr\u00f3nicos cubiertos por la Parte D.<\/li>\n<\/ul>\n<\/li>\n\n\n\n<li><strong>O<\/strong>\n<ul class=\"wp-block-list\">\n<li>Est\u00e1n en un Programa de Manejo de Medicamentos para ayudar a administrar mejor y usar de manera segura medicamentos como opioides y benzodiazepinas.<\/li>\n<\/ul>\n<\/li>\n<\/ul>\n\n\n\n<p>\u00bfCumple usted todos los criterios anteriores? MTMP le ayudar\u00e1 a aprender a administrar los distintos medicamentos que necesita para mantenerse sano.<\/p>\n\n<\/div>\n\t<\/section>\n\n\n\n<section id=\"Benefits\" class=\"shs-block block-section grid-container has-blue-light-background-color\" >\n\t\t<div class=\"entry-content\">\n\n<h2 class=\"wp-block-heading\" id=\"h-helping-you-manage-multiple-conditions\">Le ayudamos a gestionar m\u00faltiples afecciones<\/h2>\n\n\n\n<p>El \u00e9xito de nuestro MTMP se basa en nuestra experiencia comprobada en el uso de una amplia gama de servicios dise\u00f1ados para ayudar a los miembros con m\u00faltiples afecciones mediante:<\/p>\n\n\n\n<ul class=\"wp-block-list\">\n<li>Asegurarse de que los medicamentos se toman correctamente.<\/li>\n\n\n\n<li>Mejorar la adherencia a la medicaci\u00f3n.<\/li>\n\n\n\n<li>Detectar usos de medicamentos o combinaciones de medicamentos potencialmente da\u00f1inos.<\/li>\n\n\n\n<li>Educar a los miembros y proveedores de atenci\u00f3n m\u00e9dica.<\/li>\n<\/ul>\n\n\n\n<p>Nuestros programas se basan en evidencia y pueden integrar datos m\u00e9dicos y farmac\u00e9uticos, cuando est\u00e1n disponibles, y se basan en m\u00faltiples medidas que demuestran resultados cl\u00ednicos positivos para miembros como usted. Los farmac\u00e9uticos, m\u00e9dicos y doctores desarrollan, gestionan y eval\u00faan la eficacia de los programas.<\/p>\n\n\n\n<p>Las consultas individuales entre nuestros m\u00e9dicos y los miembros tambi\u00e9n son una parte importante de nuestro MTMP. Dichas consultas garantizan que los miembros tomen sus medicamentos seg\u00fan lo prescrito por su proveedor de atenci\u00f3n m\u00e9dica.<\/p>\n\n\n\n<div id=\"block_d682529c8dc413158c7bbc128cb67cc1\" class=\"shs-block accordion\">\n\t<h3 class=\"accordion-title\">\n\t\t<button\n\t\t\ttype=\"button\"\n\t\t\tid=\"accordion_title_69d7bf9d98f890.71032881\"\n\t\t\tclass=\"accordion-control\" aria-expanded=\"false\"\n\t\t\taria-controls=\"accordion_panel_69d7bf9d98f8f4.97468041\">\u00bfQu\u00e9 m\u00e1s ofrece el Programa de Manejo de Terapia con Medicamentos? <span class=\"iconfont-chevron-right\"><\/span><\/button>\n\t<\/h3>\n\t<section\n\t\tid=\"accordion_panel_69d7bf9d98f8f4.97468041\"\n\t\tclass=\"accordion-panel\"\n\t\taria-labelledby=\"accordion_title_69d7bf9d98f890.71032881\" style=\"height:0\">\n\t\t<div class=\"entry-content\">\n\n<p>Recibir\u00e1 informaci\u00f3n de salud para ayudarle a cuidarse y controlar sus condiciones de salud.<\/p>\n\n<\/div>\n\t<\/section>\n<\/div>\n\n\n\n<div id=\"block_94440fb227549abb0bbc1daf1cde92e9\" class=\"shs-block accordion\">\n\t<h3 class=\"accordion-title\">\n\t\t<button\n\t\t\ttype=\"button\"\n\t\t\tid=\"accordion_title_69d7bf9d990e39.49039878\"\n\t\t\tclass=\"accordion-control\" aria-expanded=\"false\"\n\t\t\taria-controls=\"accordion_panel_69d7bf9d990e57.71487397\">\u00bfC\u00f3mo empiezo? <span class=\"iconfont-chevron-right\"><\/span><\/button>\n\t<\/h3>\n\t<section\n\t\tid=\"accordion_panel_69d7bf9d990e57.71487397\"\n\t\tclass=\"accordion-panel\"\n\t\taria-labelledby=\"accordion_title_69d7bf9d990e39.49039878\" style=\"height:0\">\n\t\t<div class=\"entry-content\">\n\n<p>Si cree que puede calificar, ll\u00e1menos al <a href=\"tel:866-352-5305\" target=\"_blank\" rel=\"noreferrer noopener\">866-352-5305<\/a> (Los usuarios de TTY marcan <a href=\"tel:711\">711<\/a>), de lunes a viernes, de 8:00 a. m. a 8:00 p. m. (hora del Pac\u00edfico). Responderemos a sus preguntas sobre el Programa de Manejo de Terapia con Medicamentos y le guiaremos en los siguientes pasos. Tambi\u00e9n programaremos una cita para que hable con un farmac\u00e9utico sobre sus medicamentos.<\/p>\n\n<\/div>\n\t<\/section>\n<\/div>\n\n\n\n<div id=\"block_b8363749b0154c396c9922a8a0c0c969\" class=\"shs-block accordion\">\n\t<h3 class=\"accordion-title\">\n\t\t<button\n\t\t\ttype=\"button\"\n\t\t\tid=\"accordion_title_69d7bf9d9920e5.16404934\"\n\t\t\tclass=\"accordion-control\" aria-expanded=\"false\"\n\t\t\taria-controls=\"accordion_panel_69d7bf9d9920f9.16044699\">\u00bfQu\u00e9 sucede despu\u00e9s de la revisi\u00f3n de mi medicaci\u00f3n? <span class=\"iconfont-chevron-right\"><\/span><\/button>\n\t<\/h3>\n\t<section\n\t\tid=\"accordion_panel_69d7bf9d9920f9.16044699\"\n\t\tclass=\"accordion-panel\"\n\t\taria-labelledby=\"accordion_title_69d7bf9d9920e5.16404934\" style=\"height:0\">\n\t\t<div class=\"entry-content\">\n\n<p>Le enviaremos una lista de sus medicamentos. La lista incluir\u00e1 detalles que le ayudar\u00e1n cuando hable con sus m\u00e9dicos o representante autorizado.<\/p>\n\n<\/div>\n\t<\/section>\n<\/div>\n\n<\/div>\n\t<\/section>\n\n\n\n<section id=\"CMR\" class=\"shs-block block-section grid-container has-white-background-color\" >\n\t\t<div class=\"entry-content\">\n\n<h2 class=\"wp-block-heading\" id=\"h-what-is-a-comprehensive-medication-review\">\u00bfQu\u00e9 es una revisi\u00f3n integral de medicamentos?<\/h2>\n\n\n\n<p>Los Centros de Servicios de Medicare y Medicaid (CMS) requieren que todos los patrocinadores de la Parte D ofrezcan una experiencia interactiva, persona a persona. <strong>revisi\u00f3n integral de medicamentos<\/strong>(CMR) a todos los miembros elegibles para MTM como parte de MTMP. <\/p>\n\n\n\n<p>Si cumple con los criterios descritos anteriormente, recibir\u00e1 un correo de inscripci\u00f3n de MTMP o una llamada telef\u00f3nica en la que se le ofrecer\u00e1n nuestros servicios de CMR. Una CMR es una revisi\u00f3n de los medicamentos de un miembro (incluidos los medicamentos recetados, los de venta libre (OTC), las terapias a base de hierbas y los suplementos diet\u00e9ticos), cuyo objetivo es ayudar a evaluar la terapia con medicamentos y optimizar los resultados. <\/p>\n\n\n\n<p>Los miembros elegibles para MTMP ser\u00e1n incluidos en programas trimestrales de revisi\u00f3n de medicamentos espec\u00edficos (TMR) que eval\u00faan los perfiles de medicamentos para detectar terapias duplicadas o interacciones medicamento-enfermedad en los que los prescriptores de los miembros pueden recibir un informe espec\u00edfico para cada miembro. &nbsp;<\/p>\n\n\n\n<h3 class=\"wp-block-heading\" id=\"h-your-medication-review-includes-three-parts\">Su revisi\u00f3n de medicamentos incluye tres partes<\/h3>\n\n\n\n<ol class=\"wp-block-list\">\n<li><strong>Revisi\u00f3n de sus medicamentos para evaluar el uso de medicamentos e identificar problemas relacionados con los medicamentos.<\/strong><br>Esto puede realizarse de persona a persona o \u201centre bastidores\u201d por un proveedor calificado y\/o utilizando algoritmos cl\u00ednicos computarizados.<\/li>\n\n\n\n<li><strong>Una consulta interactiva, persona a persona<\/strong> realizado por un proveedor calificado al menos una vez al a\u00f1o a todos los miembros elegibles de MTMP.<\/li>\n\n\n\n<li><strong>Un resumen escrito e individualizado de la consulta.<\/strong> para el miembro, que incluye, entre otros, una lista de medicamentos, una lista de medicamentos conciliada y una lista de tareas recomendadas para seguimiento, educaci\u00f3n o autogesti\u00f3n.<\/li>\n<\/ol>\n\n\n\n<h3 class=\"wp-block-heading\" id=\"h-view-or-download-resources\">Ver o descargar recursos<\/h3>\n\n\n\n<ul class=\"wp-block-list\">\n<li><a href=\"https:\/\/samhealthplans.org\/wp-content\/uploads\/sites\/3\/Medication-Therapy-Management-Enrollment-Mailer.pdf\" target=\"_blank\" rel=\"noreferrer noopener\">Ver un ejemplo<\/a> del <strong>Carta de inscripci\u00f3n<\/strong> enviado a los participantes elegibles del MTMP.<\/li>\n\n\n\n<li><a href=\"https:\/\/samhealthplans.org\/wp-content\/uploads\/sites\/3\/Medication-Therapy-Management-Medication-List.pdf\" target=\"_blank\" rel=\"noreferrer noopener\">Ver un ejemplo <\/a>del <strong>Lista de medicamentos <\/strong>forma.<\/li>\n\n\n\n<li><a href=\"https:\/\/samhealthplans.org\/wp-content\/uploads\/sites\/3\/Medication-Therapy-Management-To-Do-List.pdf\" target=\"_blank\" rel=\"noreferrer noopener\">Ver un ejemplo<\/a> del <strong>Lista de tareas recomendadas<\/strong> forma.<\/li>\n<\/ul>\n\n<\/div>\n\t<\/section>\n\n\n\n<section id=\"Contact\" class=\"shs-block block-section grid-container has-blue-primary-background-color\" >\n\t\t<div class=\"entry-content\">\n\n<h2 class=\"wp-block-heading\" id=\"h-questions-contact-us\">\u00bfTienes preguntas? Cont\u00e1ctanos<\/h2>\n\n\n\n<p>Comun\u00edquese con nosotros al n\u00famero que figura en el reverso de su documento de identidad para obtener m\u00e1s informaci\u00f3n sobre nuestro programa MTMP. Si tiene alguna pregunta sobre el programa MTM, ll\u00e1menos al <a href=\"tel:866-352-5305\">866-352-5305<\/a>  (Los usuarios de TTY marcan <a href=\"tel:711\">711<\/a>), de lunes a viernes, de 8 a. m. a 8 p. m. (hora est\u00e1ndar del Pac\u00edfico).<\/p>\n\n\n\n<p>Estos programas se proporcionan<strong> gratis<\/strong> sin costo adicional como parte de su cobertura y no se consideran un beneficio.<\/p>\n\n<\/div>\n\t<\/section>\n\n\n\n<section id=\"Tips\" class=\"shs-block block-section grid-container has-blue-light-background-color\" >\n\t\t<div class=\"entry-content\">\n\n<h2 class=\"wp-block-heading\" id=\"h-medication-tips-safe-disposal-of-medications\"><strong>Consejos sobre medicaci\u00f3n<\/strong> \u2013 Eliminaci\u00f3n segura de medicamentos<\/h2>\n\n\n\n<p>\u00bfTiene medicamentos sin usar o vencidos? Por diversas razones de seguridad, es importante desechar de forma segura los medicamentos sin usar o vencidos lo antes posible. Siga estos consejos clave para desecharlos de forma segura:<\/p>\n\n\n\n<h4 class=\"wp-block-heading\" id=\"h-find-a-nearby-pharmacy-or-other-local-resource-with-a-medication-take-back-service\">Encuentre una farmacia cercana u otro recurso local con un servicio de devoluci\u00f3n de medicamentos:<\/h4>\n\n\n\n<ul class=\"wp-block-list\">\n<li>Los sitios de recuperaci\u00f3n comunitarios son el m\u00e9todo preferido para desechar sustancias controladas no utilizadas.&nbsp;<\/li>\n\n\n\n<li>La Administraci\u00f3n de Control de Drogas de Estados Unidos (DEA) permite que los medicamentos recetados no utilizados se devuelvan a farmacias u otros sitios autorizados.&nbsp; <a href=\"https:\/\/apps2.deadiversion.usdoj.gov\/pubdispsearch\/spring\/main?execution=e2s1\" target=\"_blank\" rel=\"noreferrer noopener\">Obtener una lista<\/a> de farmacias participantes. <\/li>\n\n\n\n<li>Informaci\u00f3n adicional sobre la eliminaci\u00f3n de medicamentos se puede encontrar en <a href=\"http:\/\/www.deatakeback.com\" target=\"_blank\" rel=\"noreferrer noopener\">Sitio web de la DEA<\/a>.<\/li>\n\n\n\n<li>Puede encontrar m\u00e1s informaci\u00f3n sobre la eliminaci\u00f3n segura de medicamentos en <a href=\"https:\/\/www.hhs.gov\/opioids\/prevention\/safely-dispose-drugs\/index.html\" target=\"_blank\" rel=\"noopener\">Departamento de Salud y Servicios Humanos de los Estados Unidos<\/a> sitio web.<\/li>\n<\/ul>\n\n\n\n<h4 class=\"wp-block-heading\" id=\"h-if-you-cannot-get-to-a-drug-take-back-location-promptly-or-there-is-none-near-you\">Si no puede llegar r\u00e1pidamente a un lugar de devoluci\u00f3n de medicamentos o no hay ninguno cerca de usted:<\/h4>\n\n\n\n<ul class=\"wp-block-list\">\n<li>Mezcle el suministro no utilizado con una sustancia indeseable como tierra o posos de caf\u00e9.<\/li>\n\n\n\n<li>Coloque la mezcla en un recipiente desechable con tapa, como un envase de margarina vac\u00edo, o en una bolsa sellable, luego coloque el recipiente sellado en la basura.&nbsp;<\/li>\n\n\n\n<li>Coloque los envases de medicamentos vac\u00edos en la basura, asegur\u00e1ndose de ocultar o eliminar cualquier informaci\u00f3n personal, incluido el n\u00famero de receta, cubri\u00e9ndolo con un marcador permanente negro o cinta adhesiva, o rasp\u00e1ndolo para proteger su privacidad.<\/li>\n\n\n\n<li>Deseche en el inodoro medicamentos aprobados no utilizados o vencidos \u00fanicamente si as\u00ed lo indica la etiqueta, la informaci\u00f3n del paciente o si no hay otras opciones de eliminaci\u00f3n disponibles.<\/li>\n<\/ul>\n\n<\/div>\n\t<\/section>","protected":false},"excerpt":{"rendered":"<p>Este es un programa gratuito para los miembros de Samaritan Advantage que toman muchos medicamentos recetados, o que tienen costos altos de medicamentos o enfermedades cr\u00f3nicas,<\/p>","protected":false},"author":11,"featured_media":0,"parent":19,"menu_order":1,"comment_status":"closed","ping_status":"closed","template":"","meta":{"_acf_changed":false,"_searchwp_excluded":"","_shs_workflow_notes":"","_shs_exclude_from_navigation":true,"_shs_promote_article_on_blogs":"","footnotes":""},"class_list":["post-1167","page","type-page","status-publish","hentry"],"acf":[],"_links":{"self":[{"href":"https:\/\/samhealthplans.org\/es\/wp-json\/wp\/v2\/pages\/1167","targetHints":{"allow":["GET"]}}],"collection":[{"href":"https:\/\/samhealthplans.org\/es\/wp-json\/wp\/v2\/pages"}],"about":[{"href":"https:\/\/samhealthplans.org\/es\/wp-json\/wp\/v2\/types\/page"}],"author":[{"embeddable":true,"href":"https:\/\/samhealthplans.org\/es\/wp-json\/wp\/v2\/users\/11"}],"replies":[{"embeddable":true,"href":"https:\/\/samhealthplans.org\/es\/wp-json\/wp\/v2\/comments?post=1167"}],"version-history":[{"count":0,"href":"https:\/\/samhealthplans.org\/es\/wp-json\/wp\/v2\/pages\/1167\/revisions"}],"up":[{"embeddable":true,"href":"https:\/\/samhealthplans.org\/es\/wp-json\/wp\/v2\/pages\/19"}],"wp:attachment":[{"href":"https:\/\/samhealthplans.org\/es\/wp-json\/wp\/v2\/media?parent=1167"}],"curies":[{"name":"Gracias","href":"https:\/\/api.w.org\/{rel}","templated":true}]}}