{"id":14,"date":"2023-05-02T15:42:14","date_gmt":"2023-05-02T22:42:14","guid":{"rendered":"https:\/\/samhealth.org\/samhealthplans\/?page_id=14"},"modified":"2026-01-20T15:40:50","modified_gmt":"2026-01-20T23:40:50","slug":"encontrar-un-proveedor","status":"publish","type":"page","link":"https:\/\/samhealthplans.org\/es\/find-a-provider\/","title":{"rendered":"Encuentre un proveedor"},"content":{"rendered":"<section id=\"block_505d4884b7c14515cfabdccd2d5da1a7\" class=\"shs-block block-section grid-container has-white-background-color\" >\n\t\t<div class=\"entry-content\">\n\n<h1 class=\"wp-block-heading\">Encuentre un proveedor<\/h1>\n\n<\/div>\n\t<\/section>\n\n\n\n<section id=\"block_505d4884b7c14515cfabdccd2d5da1a7\" class=\"shs-block block-section grid-container has-white-background-color\" >\n\t\t<div class=\"entry-content\">\n\n<h2 class=\"wp-block-heading\" id=\"h-access-the-provider-directory-for-your-plan\">Acceda al directorio de proveedores de su plan<\/h2>\n\n\n\n<p>De las opciones que aparecen a continuaci\u00f3n, seleccione el plan en el que est\u00e1 inscrito para asegurarse de encontrar un proveedor que est\u00e9 cubierto por su plan. Una vez que seleccione su plan, ver\u00e1 un <strong>B\u00fasqueda de proveedores<\/strong> Bot\u00f3n para ayudarle a encontrar proveedores dentro de la red para su plan.<\/p>\n\n\n\n<div id=\"block_032def3e22e0efa4bcd752a1c452c43c\" class=\"shs-block accordion\">\n\t<h2 class=\"accordion-title\">\n\t\t<button\n\t\t\ttype=\"button\"\n\t\t\tid=\"accordion_title_69ebac523964c9.54925187\"\n\t\t\tclass=\"accordion-control\" aria-expanded=\"false\"\n\t\t\taria-controls=\"accordion_panel_69ebac52396512.52342591\">Samaritan Medicare Advantage <span class=\"iconfont-chevron-right\"><\/span><\/button>\n\t<\/h2>\n\t<section\n\t\tid=\"accordion_panel_69ebac52396512.52342591\"\n\t\tclass=\"accordion-panel\"\n\t\taria-labelledby=\"accordion_title_69ebac523964c9.54925187\" style=\"height:0\">\n\t\t<div class=\"entry-content\">\n\n<h3 class=\"wp-block-heading\" id=\"h-samaritan-advantage-network-providers\"><strong>Proveedores de la red Samaritan Advantage<\/strong><\/h3>\n\n\n\n<p>Con un plan Samaritan Advantage, tiene muchas opciones para obtener la atenci\u00f3n de rutina y especializada que necesita. Tiene la libertad de utilizar cualquiera de los m\u00e9dicos, especialistas y hospitales que forman parte de nuestra red, incluidos aquellos fuera de la familia Samaritan.<\/p>\n\n\n\n<p>Es reconfortante saber que m\u00e1s de 90% de los m\u00e9dicos, hospitales y cl\u00ednicas de nuestra \u00e1rea, y numerosos especialistas desde Portland hasta Eugene, son parte de la red de Samaritan Health Plans.<\/p>\n\n\n\n<div class=\"wp-block-buttons is-vertical is-layout-flex wp-container-core-buttons-is-layout-8cf370e7 wp-block-buttons-is-layout-flex\">\n<div class=\"wp-block-button\"><a class=\"wp-block-button__link wp-element-button\" href=\"https:\/\/samhealthplans.providerlenz.com\/home?directory=medicare\" target=\"_blank\" rel=\"noreferrer noopener\">Proveedores de b\u00fasqueda<\/a><\/div>\n<\/div>\n\n\n\n<h3 class=\"wp-block-heading\"><strong>Reciba atenci\u00f3n m\u00e9dica cuando viaje<\/strong><\/h3>\n\n\n\n<p>Cuando se encuentra fuera del \u00e1rea de servicio del plan, puede recibir atenci\u00f3n fuera del \u00e1rea de servicio, pero su cobertura es limitada. Los servicios que cubrimos cuando se encuentra fuera de nuestra \u00e1rea de servicio son:<\/p>\n\n\n\n<ul class=\"wp-block-list\">\n<li>Atenci\u00f3n de emergencias m\u00e9dicas (a nivel mundial).<\/li>\n\n\n\n<li>Atenci\u00f3n urgentemente necesaria (a nivel nacional).<\/li>\n\n\n\n<li>Di\u00e1lisis renal.<\/li>\n\n\n\n<li>Atenci\u00f3n m\u00e9dica que Samaritan Advantage Health Plans o un proveedor del plan haya aprobado con antelaci\u00f3n.<\/li>\n<\/ul>\n\n\n\n<p class=\"translation-block\">Si tiene preguntas sobre sus costos m\u00e9dicos cuando viaja, llame al Servicio de atenci\u00f3n al cliente de Samaritan Advantage al <a href=\"tel:541-768-4550\" target=\"_self\">541-768-4550<\/a> o <a href=\"tel:800-832-4580\" target=\"_self\">al 800-832-4580<\/a> (TTY <a href=\"tel:800-735-2900\" target=\"_self\">800-735-2900<\/a> o <a href=\"tel:711\" target=\"_self\">711<\/a> ), 8 a.m. to 8 p.m. todos los d\u00edas.<\/p>\n\n\n\n<h3 class=\"wp-block-heading\"><strong>Cobertura fuera de la red<\/strong><\/h3>\n\n\n\n<p>En general, los beneficiarios deben utilizar proveedores de la red para acceder a sus beneficios m\u00e9dicos, excepto en circunstancias no rutinarias que requieran atenci\u00f3n urgente o de emergencia. Se requiere una autorizaci\u00f3n previa para consultar a un proveedor no contratado. Si no tiene la autorizaci\u00f3n correspondiente de nuestro plan antes de consultar a un proveedor que no forma parte de la red de nuestro plan, es posible que deba pagar los servicios que le brind\u00f3.&nbsp;<\/p>\n\n\n\n<h3 class=\"wp-block-heading\" id=\"h-dental-coverage\">Cobertura dental<\/h3>\n\n\n\n<h3 class=\"wp-block-heading\" id=\"h-how-do-i-find-a-dental-provider-amp-obtain-services\"><strong>\u00bfC\u00f3mo puedo encontrar un proveedor dental y obtener servicios?<\/strong><\/h3>\n\n\n\n<ol class=\"wp-block-list\">\n<li>Puede consultar a cualquier dentista que no haya optado por no participar en Medicare. Si no est\u00e1 seguro de si un dentista ha optado por no participar en Medicare, puede preguntar en su consultorio.&nbsp;<\/li>\n\n\n\n<li>Utilice su Tarjeta Beneficios MasterCard para pagar sus servicios dentales.&nbsp;<a href=\"https:\/\/samhealthplans.org\/es\/miembros-del-plan\/miembros-de-medicare-advantage\/beneficios-de-la-tarjeta-mastercard\/\">M\u00e1s informaci\u00f3n<\/a>&nbsp;sobre el uso de su Tarjeta Beneficios MasterCard.<\/li>\n<\/ol>\n\n<\/div>\n\t<\/section>\n<\/div>\n\n\n\n<div id=\"block_b49f3ae081c252ac0472a3d2b4195920\" class=\"shs-block accordion\">\n\t<h2 class=\"accordion-title\">\n\t\t<button\n\t\t\ttype=\"button\"\n\t\t\tid=\"accordion_title_69ebac5239b8f6.55223003\"\n\t\t\tclass=\"accordion-control\" aria-expanded=\"false\"\n\t\t\taria-controls=\"accordion_panel_69ebac5239b925.27518263\">InterCommunity Health Network CCO <span class=\"iconfont-chevron-right\"><\/span><\/button>\n\t<\/h2>\n\t<section\n\t\tid=\"accordion_panel_69ebac5239b925.27518263\"\n\t\tclass=\"accordion-panel\"\n\t\taria-labelledby=\"accordion_title_69ebac5239b8f6.55223003\" style=\"height:0\">\n\t\t<div class=\"entry-content\">\n\n<h3 class=\"wp-block-heading\" id=\"h-ihn-cco-network-providers\"><strong>Proveedores de la red IHN-CCO<\/strong><\/h3>\n\n\n\n<div class=\"wp-block-buttons is-vertical is-layout-flex wp-container-core-buttons-is-layout-8cf370e7 wp-block-buttons-is-layout-flex\">\n<div class=\"wp-block-button\"><a class=\"wp-block-button__link wp-element-button\" href=\"https:\/\/samhealthplans.providerlenz.com\/home?directory=medicaid\" target=\"_blank\" rel=\"noreferrer noopener\">Proveedores de b\u00fasqueda<\/a><\/div>\n<\/div>\n\n\n\n<h3 class=\"wp-block-heading\"><strong>Planes dentales<\/strong><\/h3>\n\n\n\n<p>Actualmente, IHN-CCO colabora con cuatro planes dentales. Puede llamar a un plan o buscar proveedores dentales en el Directorio de proveedores:<\/p>\n\n\n\n<div class=\"wp-block-buttons is-layout-flex wp-block-buttons-is-layout-flex\">\n<div class=\"wp-block-button\"><a class=\"wp-block-button__link wp-element-button\" href=\"https:\/\/samhealthplans.providerlenz.com\/home?directory=dental\" target=\"_blank\" rel=\"noreferrer noopener\">Buscar proveedores de servicios dentales<\/a><\/div>\n<\/div>\n\n\n\n<h4 class=\"wp-block-heading\">Servicios dentales Advantage<\/h4>\n\n\n\n<ul class=\"wp-block-list\">\n<li class=\"translation-block\">Busque en el directorio de proveedores en l\u00ednea o llame <a href=\"tel:866-268-9631\" target=\"_self\">al 866-268-9631<\/a> (TTY <a href=\"tel:866-268-9617\" target=\"_self\">866-268-9617<\/a>).<\/li>\n<\/ul>\n\n\n\n<h4 class=\"wp-block-heading\">Capitol Dental Care<\/h4>\n\n\n\n<ul class=\"wp-block-list\">\n<li>Busque en el directorio en l\u00ednea o llame&nbsp;<a href=\"tel:800-525-6800\">800-525-6800<\/a>, (TTY&nbsp;<a href=\"tel:800-735-2900\">800-735-2900<\/a>).<\/li>\n<\/ul>\n\n\n\n<h4 class=\"wp-block-heading\">Moda\/Oregon Dental Services<\/h4>\n\n\n\n<ul class=\"wp-block-list\">\n<li>Busque en el directorio en l\u00ednea o llame&nbsp;<a href=\"tel:800-342-0526\">800-342-0526<\/a>, (TTY&nbsp;<a href=\"tel:800-342-0526\">800-342-0526<\/a>).<\/li>\n<\/ul>\n\n\n\n<h4 class=\"wp-block-heading\">Willamette Dental Group<\/h4>\n\n\n\n<ul class=\"wp-block-list\">\n<li>Busque en el directorio en l\u00ednea o llame&nbsp;<a href=\"tel:855-433-6825\">855-433-6825<\/a>&nbsp;Opci\u00f3n 3, (TTY&nbsp;<a href=\"tel:800-735-1232\">800-735-1232<\/a>).<\/li>\n<\/ul>\n\n<\/div>\n\t<\/section>\n<\/div>\n\n\n\n<div id=\"block_bbf97dc2b2bd99b189142fb2265d62a7\" class=\"shs-block accordion\">\n\t<h2 class=\"accordion-title\">\n\t\t<button\n\t\t\ttype=\"button\"\n\t\t\tid=\"accordion_title_69ebac523afe63.61827790\"\n\t\t\tclass=\"accordion-control\" aria-expanded=\"false\"\n\t\t\taria-controls=\"accordion_panel_69ebac523afea8.71884705\">Grupo de empleadores <span class=\"iconfont-chevron-right\"><\/span><\/button>\n\t<\/h2>\n\t<section\n\t\tid=\"accordion_panel_69ebac523afea8.71884705\"\n\t\tclass=\"accordion-panel\"\n\t\taria-labelledby=\"accordion_title_69ebac523afe63.61827790\" style=\"height:0\">\n\t\t<div class=\"entry-content\">\n\n<h3 class=\"wp-block-heading has-text-align-center\"><strong>\u00bfD\u00f3nde necesita atenci\u00f3n?<\/strong><\/h3>\n\n\n\n<p class=\"has-text-align-center\"><strong>Busque proveedores en la ubicaci\u00f3n donde necesita atenci\u00f3n m\u00e9dica.<\/strong><\/p>\n\n\n\n<figure class=\"wp-block-image alignleft size-full is-resized\"><img loading=\"lazy\" decoding=\"async\" width=\"960\" height=\"659\" src=\"https:\/\/samhealthplans.org\/wp-content\/uploads\/sites\/3\/Oregon-map-3-counties-NoBackground.png\" alt=\"\" class=\"wp-image-13224\" style=\"width:500px\" srcset=\"https:\/\/samhealthplans.org\/wp-content\/uploads\/sites\/3\/Oregon-map-3-counties-NoBackground.png 960w, https:\/\/samhealthplans.org\/wp-content\/uploads\/sites\/3\/Oregon-map-3-counties-NoBackground-300x206.png 300w, https:\/\/samhealthplans.org\/wp-content\/uploads\/sites\/3\/Oregon-map-3-counties-NoBackground-768x527.png 768w, https:\/\/samhealthplans.org\/wp-content\/uploads\/sites\/3\/Oregon-map-3-counties-NoBackground-18x12.png 18w, https:\/\/samhealthplans.org\/wp-content\/uploads\/sites\/3\/Oregon-map-3-counties-NoBackground-146x100.png 146w\" sizes=\"auto, (max-width: 960px) 100vw, 960px\" \/><\/figure>\n\n\n\n<h3 class=\"wp-block-heading\">Atenci\u00f3n en el condado Lincoln, Benton o Linn  <br><strong>Red PPO samaritana<\/strong><\/h3>\n\n\n\n<p>Si tiene un plan Samaritan PPO, busque proveedores dentro de la red en los condados Lincoln, Benton o Linn. (Los miembros de Samaritan EPO tambi\u00e9n pueden usar este directorio, elija el <strong>EPO <\/strong>opci\u00f3n.) <\/p>\n\n\n\n<div class=\"wp-block-buttons is-vertical is-layout-flex wp-container-core-buttons-is-layout-8cf370e7 wp-block-buttons-is-layout-flex\">\n<div class=\"wp-block-button\"><a class=\"wp-block-button__link wp-element-button\" href=\"https:\/\/samhealthplans.providerlenz.com\/home?directory=ppo\" target=\"_blank\" rel=\"noreferrer noopener\">B\u00fasqueda de proveedores<\/a><\/div>\n<\/div>\n\n\n\n<figure class=\"wp-block-image size-full is-resized\"><img loading=\"lazy\" decoding=\"async\" width=\"240\" height=\"200\" src=\"https:\/\/samhealthplans.org\/wp-content\/uploads\/sites\/3\/spacer-1.png\" alt=\"&quot;&quot;\" class=\"wp-image-13256\" style=\"width:150px\" srcset=\"https:\/\/samhealthplans.org\/wp-content\/uploads\/sites\/3\/spacer-1.png 240w, https:\/\/samhealthplans.org\/wp-content\/uploads\/sites\/3\/spacer-1-14x12.png 14w, https:\/\/samhealthplans.org\/wp-content\/uploads\/sites\/3\/spacer-1-120x100.png 120w\" sizes=\"auto, (max-width: 240px) 100vw, 240px\" \/><\/figure>\n\n\n\n<figure class=\"wp-block-image alignleft size-full is-resized\"><a href=\"https:\/\/www.fchn.com\/Members\" target=\"_blank\" rel=\" noreferrer noopener\"><img loading=\"lazy\" decoding=\"async\" width=\"960\" height=\"720\" src=\"https:\/\/samhealthplans.org\/wp-content\/uploads\/sites\/3\/Oregon-Map-Counties.png\" alt=\"\" class=\"wp-image-13210\" style=\"width:500px\" srcset=\"https:\/\/samhealthplans.org\/wp-content\/uploads\/sites\/3\/Oregon-Map-Counties.png 960w, https:\/\/samhealthplans.org\/wp-content\/uploads\/sites\/3\/Oregon-Map-Counties-300x225.png 300w, https:\/\/samhealthplans.org\/wp-content\/uploads\/sites\/3\/Oregon-Map-Counties-768x576.png 768w, https:\/\/samhealthplans.org\/wp-content\/uploads\/sites\/3\/Oregon-Map-Counties-16x12.png 16w, https:\/\/samhealthplans.org\/wp-content\/uploads\/sites\/3\/Oregon-Map-Counties-640x480.png 640w, https:\/\/samhealthplans.org\/wp-content\/uploads\/sites\/3\/Oregon-Map-Counties-133x100.png 133w\" sizes=\"auto, (max-width: 960px) 100vw, 960px\" \/><\/a><\/figure>\n\n\n\n<h3 class=\"wp-block-heading\">Atenci\u00f3n en todos los dem\u00e1s condados Oregon<\/h3>\n\n\n\n<p>\u00bfNecesita atenci\u00f3n en Oregon fuera de los condados Lincoln, Benton o Linn?<\/p>\n\n\n\n<p>Si tiene un plan PPO de Samaritan, utilice First Choice Health Network para encontrar proveedores en otros 33 condados Oregon.<\/p>\n\n\n\n<div class=\"wp-block-buttons is-layout-flex wp-block-buttons-is-layout-flex\">\n<div class=\"wp-block-button\"><a class=\"wp-block-button__link wp-element-button\" href=\"https:\/\/www.fchn.com\/Members\" target=\"_blank\" rel=\"noreferrer noopener\">B\u00fasqueda de proveedores<\/a><\/div>\n<\/div>\n\n\n\n<figure class=\"wp-block-image size-full is-resized\"><img loading=\"lazy\" decoding=\"async\" width=\"240\" height=\"200\" src=\"https:\/\/samhealthplans.org\/wp-content\/uploads\/sites\/3\/spacer-1.png\" alt=\"&quot;&quot;\" class=\"wp-image-13256\" style=\"width:150px\" srcset=\"https:\/\/samhealthplans.org\/wp-content\/uploads\/sites\/3\/spacer-1.png 240w, https:\/\/samhealthplans.org\/wp-content\/uploads\/sites\/3\/spacer-1-14x12.png 14w, https:\/\/samhealthplans.org\/wp-content\/uploads\/sites\/3\/spacer-1-120x100.png 120w\" sizes=\"auto, (max-width: 240px) 100vw, 240px\" \/><\/figure>\n\n\n\n<figure class=\"wp-block-image alignleft size-full is-resized\"><a href=\"https:\/\/www.fchn.com\/\" target=\"_blank\" rel=\" noreferrer noopener\"><img loading=\"lazy\" decoding=\"async\" width=\"960\" height=\"594\" src=\"https:\/\/samhealthplans.org\/wp-content\/uploads\/sites\/3\/US-health-plan-map-7-States.png\" alt=\"\" class=\"wp-image-13236\" style=\"width:500px\" srcset=\"https:\/\/samhealthplans.org\/wp-content\/uploads\/sites\/3\/US-health-plan-map-7-States.png 960w, https:\/\/samhealthplans.org\/wp-content\/uploads\/sites\/3\/US-health-plan-map-7-States-300x186.png 300w, https:\/\/samhealthplans.org\/wp-content\/uploads\/sites\/3\/US-health-plan-map-7-States-768x475.png 768w, https:\/\/samhealthplans.org\/wp-content\/uploads\/sites\/3\/US-health-plan-map-7-States-18x12.png 18w, https:\/\/samhealthplans.org\/wp-content\/uploads\/sites\/3\/US-health-plan-map-7-States-162x100.png 162w\" sizes=\"auto, (max-width: 960px) 100vw, 960px\" \/><\/a><\/figure>\n\n\n\n<h3 class=\"wp-block-heading\">Atenci\u00f3n en Alaska, Washington, Idaho, Montana, Wyoming, Dakota del Norte o Dakota del Sur<strong> <\/strong><\/h3>\n\n\n\n<p>\u00bfNecesita atenci\u00f3n m\u00e9dica en uno de estos siete estados?<\/p>\n\n\n\n<p>Si tiene un plan PPO de Samaritan, utilice First Choice Health Network para encontrar proveedores.<\/p>\n\n\n\n<div class=\"wp-block-buttons is-layout-flex wp-block-buttons-is-layout-flex\">\n<div class=\"wp-block-button\"><a class=\"wp-block-button__link wp-element-button\" href=\"https:\/\/www.fchn.com\/\" target=\"_blank\" rel=\"noreferrer noopener\">B\u00fasqueda de proveedores<\/a><\/div>\n<\/div>\n\n\n\n<figure class=\"wp-block-image size-full is-resized\"><img loading=\"lazy\" decoding=\"async\" width=\"240\" height=\"200\" src=\"https:\/\/samhealthplans.org\/wp-content\/uploads\/sites\/3\/spacer-1.png\" alt=\"&quot;&quot;\" class=\"wp-image-13256\" style=\"width:50px\" srcset=\"https:\/\/samhealthplans.org\/wp-content\/uploads\/sites\/3\/spacer-1.png 240w, https:\/\/samhealthplans.org\/wp-content\/uploads\/sites\/3\/spacer-1-14x12.png 14w, https:\/\/samhealthplans.org\/wp-content\/uploads\/sites\/3\/spacer-1-120x100.png 120w\" sizes=\"auto, (max-width: 240px) 100vw, 240px\" \/><\/figure>\n\n\n\n<figure class=\"wp-block-image alignleft size-full is-resized\"><a href=\"https:\/\/providerlocator.firsthealth.com\/LocateProvider\/SelectNetworkType\" target=\"_blank\" rel=\" noreferrer noopener\"><img loading=\"lazy\" decoding=\"async\" width=\"960\" height=\"593\" src=\"https:\/\/samhealthplans.org\/wp-content\/uploads\/sites\/3\/All-Other-States-RECT.png\" alt=\"\" class=\"wp-image-13217\" style=\"width:500px\" srcset=\"https:\/\/samhealthplans.org\/wp-content\/uploads\/sites\/3\/All-Other-States-RECT.png 960w, https:\/\/samhealthplans.org\/wp-content\/uploads\/sites\/3\/All-Other-States-RECT-300x185.png 300w, https:\/\/samhealthplans.org\/wp-content\/uploads\/sites\/3\/All-Other-States-RECT-768x474.png 768w, https:\/\/samhealthplans.org\/wp-content\/uploads\/sites\/3\/All-Other-States-RECT-18x12.png 18w, https:\/\/samhealthplans.org\/wp-content\/uploads\/sites\/3\/All-Other-States-RECT-162x100.png 162w\" sizes=\"auto, (max-width: 960px) 100vw, 960px\" \/><\/a><\/figure>\n\n\n\n<h3 class=\"wp-block-heading\"><br>Atenci\u00f3n en todos los dem\u00e1s estados<\/h3>\n\n\n\n<p>\u00bfNecesita atenci\u00f3n m\u00e9dica en cualquier otro estado de EE. UU.? <\/p>\n\n\n\n<p>Si tiene un plan PPO de Samaritan, utilice First Health Network para encontrar proveedores en todo el pa\u00eds.<\/p>\n\n\n\n<div class=\"wp-block-buttons is-layout-flex wp-block-buttons-is-layout-flex\">\n<div class=\"wp-block-button\"><a class=\"wp-block-button__link wp-element-button\" href=\"https:\/\/providerlocator.firsthealth.com\/LocateProvider\/SelectNetworkType\" target=\"_blank\" rel=\"noreferrer noopener\">B\u00fasqueda de proveedores<\/a><\/div>\n<\/div>\n\n\n\n<figure class=\"wp-block-image size-full is-resized\"><img loading=\"lazy\" decoding=\"async\" width=\"240\" height=\"200\" src=\"https:\/\/samhealthplans.org\/wp-content\/uploads\/sites\/3\/spacer-1.png\" alt=\"&quot;&quot;\" class=\"wp-image-13256\" style=\"width:70px\" srcset=\"https:\/\/samhealthplans.org\/wp-content\/uploads\/sites\/3\/spacer-1.png 240w, https:\/\/samhealthplans.org\/wp-content\/uploads\/sites\/3\/spacer-1-14x12.png 14w, https:\/\/samhealthplans.org\/wp-content\/uploads\/sites\/3\/spacer-1-120x100.png 120w\" sizes=\"auto, (max-width: 240px) 100vw, 240px\" \/><\/figure>\n\n\n\n<figure class=\"wp-block-image alignleft size-full is-resized\"><a href=\"https:\/\/www.herayahealth.com\/\" target=\"_blank\" rel=\" noreferrer noopener\"><img loading=\"lazy\" decoding=\"async\" width=\"500\" height=\"450\" src=\"https:\/\/samhealthplans.org\/wp-content\/uploads\/sites\/3\/alternative-health-provider-search.jpg\" alt=\"\" class=\"wp-image-13102\" style=\"width:500px\" srcset=\"https:\/\/samhealthplans.org\/wp-content\/uploads\/sites\/3\/alternative-health-provider-search.jpg 500w, https:\/\/samhealthplans.org\/wp-content\/uploads\/sites\/3\/alternative-health-provider-search-300x270.jpg 300w, https:\/\/samhealthplans.org\/wp-content\/uploads\/sites\/3\/alternative-health-provider-search-13x12.jpg 13w, https:\/\/samhealthplans.org\/wp-content\/uploads\/sites\/3\/alternative-health-provider-search-111x100.jpg 111w\" sizes=\"auto, (max-width: 500px) 100vw, 500px\" \/><\/a><\/figure>\n\n\n\n<h3 class=\"wp-block-heading\">Proveedores de cuidados alternativos<\/h3>\n\n\n\n<p>El beneficio de atenci\u00f3n alternativa opcional cubre atenci\u00f3n naturop\u00e1tica, servicios quiropr\u00e1cticos, acupuntura y terapia de masajes a trav\u00e9s de&nbsp;<strong>Salud Heraya<\/strong>.<\/p>\n\n\n\n<p>Nota: La informaci\u00f3n del proveedor o la participaci\u00f3n en el plan pueden cambiar en cualquier momento. Confirme siempre antes de programar su cita.<\/p>\n\n\n\n<div class=\"wp-block-buttons is-layout-flex wp-block-buttons-is-layout-flex\">\n<div class=\"wp-block-button\"><a class=\"wp-block-button__link wp-element-button\" href=\"https:\/\/www.herayahealth.com\/\" target=\"_blank\" rel=\"noreferrer noopener\">B\u00fasqueda de proveedores<\/a><\/div>\n<\/div>\n\n\n\n<figure class=\"wp-block-image size-full is-resized\"><img loading=\"lazy\" decoding=\"async\" width=\"240\" height=\"200\" src=\"https:\/\/samhealthplans.org\/wp-content\/uploads\/sites\/3\/spacer-1.png\" alt=\"&quot;&quot;\" class=\"wp-image-13256\" style=\"width:50px\" srcset=\"https:\/\/samhealthplans.org\/wp-content\/uploads\/sites\/3\/spacer-1.png 240w, https:\/\/samhealthplans.org\/wp-content\/uploads\/sites\/3\/spacer-1-14x12.png 14w, https:\/\/samhealthplans.org\/wp-content\/uploads\/sites\/3\/spacer-1-120x100.png 120w\" sizes=\"auto, (max-width: 240px) 100vw, 240px\" \/><\/figure>\n\n<\/div>\n\t<\/section>\n<\/div>\n\n<\/div>\n\t<\/section>\n\n\n\n<section id=\"block_f243134e2e3617a02aebdd8cf39a3e8d\" class=\"shs-block block-slim-section grid-container has-gold-background-color\">\n\n\t<div class=\"entry-content\">\n\n<h2 class=\"wp-block-heading\" id=\"h-first-time-using-the-provider-directory\">\u00bfEs la primera vez que utiliza el directorio de proveedores?<\/h2>\n\n\n\n<p>\u00a1Estamos aqu\u00ed para ayudar! Obtenga consejos para navegar por el nuevo directorio de proveedores de Samaritan Health Plans.<\/p>\n\n\n\n<div class=\"wp-block-buttons is-layout-flex wp-block-buttons-is-layout-flex\">\n<div class=\"wp-block-button\"><a class=\"wp-block-button__link wp-element-button\" href=\"https:\/\/samhealthplans.org\/es\/encontrar-un-proveedor\/directorio-de-proveedores-de-consejos-de-navegacion\/\">M\u00e1s informaci\u00f3n<\/a><\/div>\n<\/div>\n\n<\/div>\n\n\t<\/section>\n\n\n\n<section id=\"block_dd2e49315ae33b5b21ba2456ccdef9cd\" class=\"shs-block block-section grid-container has-gray-warm-background-color has-full-bleed-image\" >\n\t\t\t<figure class=\"image\"\n\t\t\tstyle=\"background-image: url(https:\/\/samhealthplans.org\/wp-content\/uploads\/sites\/3\/2023\/06\/child-and-mom-virtual-appointment-960.jpg)\" \t\t\t>\n\t\t\t<img loading=\"lazy\" decoding=\"async\" width=\"960\" height=\"830\" src=\"https:\/\/samhealthplans.org\/wp-content\/uploads\/sites\/3\/2023\/06\/child-and-mom-virtual-appointment-960.jpg\" class=\"attachment-full size-full\" alt=\"Mam\u00e1 con ni\u00f1o haciendo televisita.\" srcset=\"https:\/\/samhealthplans.org\/wp-content\/uploads\/sites\/3\/2023\/06\/child-and-mom-virtual-appointment-960.jpg 960w, https:\/\/samhealthplans.org\/wp-content\/uploads\/sites\/3\/2023\/06\/child-and-mom-virtual-appointment-960-300x259.jpg 300w, https:\/\/samhealthplans.org\/wp-content\/uploads\/sites\/3\/2023\/06\/child-and-mom-virtual-appointment-960-768x664.jpg 768w, https:\/\/samhealthplans.org\/wp-content\/uploads\/sites\/3\/2023\/06\/child-and-mom-virtual-appointment-960-116x100.jpg 116w\" sizes=\"auto, (max-width: 960px) 100vw, 960px\" \/>\t\t<\/figure>\n\t\t<div class=\"entry-content\">\n\n<h2 class=\"wp-block-heading\">Reciba atenci\u00f3n desde cualquier lugar<\/h2>\n\n\n\n<p>Teladoc es un servicio de telesalud disponible todos los d\u00edas del a\u00f1o, las 24 horas del d\u00eda, para los afiliados. Brinda atenci\u00f3n m\u00e9dica a pedido, incluidas consultas por video, desde un sitio web o una aplicaci\u00f3n m\u00f3vil.<\/p>\n\n\n\n<p>Teladoc es una opci\u00f3n para recibir atenci\u00f3n m\u00e1s inmediata cuando est\u00e1s fuera de la ciudad o tu proveedor de atenci\u00f3n primaria no est\u00e1 disponible. No hay copagos ni costos de bolsillo para las visitas a Teladoc.<\/p>\n\n\n\n<p>Los proveedores de Teladoc pueden diagnosticar, tratar y recetar medicamentos para afecciones que no son de emergencia, como tratamientos para la gripe, dolores de garganta, infecciones oculares, bronquitis y mucho m\u00e1s.<\/p>\n\n\n\n<p>\u00a1Crea tu cuenta hoy! <\/p>\n\n\n\n<p>Ir a&nbsp;<a href=\"https:\/\/www.teladoc.com\/\" target=\"_blank\" rel=\"noreferrer noopener\">teladoc.com<\/a>. Los usuarios que utilicen el servicio por primera vez deber\u00e1n crear una cuenta. Puede seguir las instrucciones paso a paso en el sitio web.<\/p>\n\n\n\n<p>Tambi\u00e9n puede llamar a Teladoc al&nbsp;<strong>800-TELADOC<\/strong>&nbsp;(<strong><a href=\"tel:800-835-2362\">800-835-2362<\/a><\/strong>), (TTY&nbsp;<strong><a href=\"tel:855-636-1578\">855-636-1578<\/a><\/strong>).<\/p>\n\n<\/div>\n\t<\/section>\n\n\n\n<section id=\"block_807b0814e7702cec1b28ff0eff543b5c\" class=\"shs-block block-alert grid-container has-white-background-color\">\n\n\t<div class=\"acf-innerblocks-container\">\n\n<p class=\"has-text-align-center\">P\u00e1gina actualizada el 1-05-2026<\/p>\n\n<\/div>\n\n<\/section>","protected":false},"excerpt":{"rendered":"<p>Busque en las redes de proveedores para encontrar un proveedor para su plan de salud.<\/p>","protected":false},"author":18,"featured_media":0,"parent":0,"menu_order":0,"comment_status":"closed","ping_status":"closed","template":"","meta":{"_acf_changed":false,"_searchwp_excluded":"","_shs_workflow_notes":"","_shs_exclude_from_navigation":false,"_shs_promote_article_on_blogs":"","footnotes":""},"class_list":["post-14","page","type-page","status-publish","hentry"],"acf":[],"_links":{"self":[{"href":"https:\/\/samhealthplans.org\/es\/wp-json\/wp\/v2\/pages\/14","targetHints":{"allow":["GET"]}}],"collection":[{"href":"https:\/\/samhealthplans.org\/es\/wp-json\/wp\/v2\/pages"}],"about":[{"href":"https:\/\/samhealthplans.org\/es\/wp-json\/wp\/v2\/types\/page"}],"author":[{"embeddable":true,"href":"https:\/\/samhealthplans.org\/es\/wp-json\/wp\/v2\/users\/18"}],"replies":[{"embeddable":true,"href":"https:\/\/samhealthplans.org\/es\/wp-json\/wp\/v2\/comments?post=14"}],"version-history":[{"count":0,"href":"https:\/\/samhealthplans.org\/es\/wp-json\/wp\/v2\/pages\/14\/revisions"}],"wp:attachment":[{"href":"https:\/\/samhealthplans.org\/es\/wp-json\/wp\/v2\/media?parent=14"}],"curies":[{"name":"Gracias","href":"https:\/\/api.w.org\/{rel}","templated":true}]}}