{"id":15,"date":"2023-05-02T15:42:33","date_gmt":"2023-05-02T22:42:33","guid":{"rendered":"https:\/\/samhealth.org\/samhealthplans\/?page_id=15"},"modified":"2026-01-28T07:38:52","modified_gmt":"2026-01-28T15:38:52","slug":"comuniquese-con-los-planes-de-salud-de-samaritan","status":"publish","type":"page","link":"https:\/\/samhealthplans.org\/es\/contact-samaritan-health-plans\/","title":{"rendered":"Cont\u00e1ctenos"},"content":{"rendered":"<section id=\"block_a8a7b35a365b461ba334b467d87decd1\" class=\"shs-block block-section grid-container has-white-background-color\" >\n\t\t<div class=\"entry-content\">\n\n<h1 class=\"wp-block-heading\" id=\"h-contact-us-we-d-like-to-hear-from-you\">Cont\u00e1ctenos: \u00a1Nos gustar\u00eda saber de usted!<\/h1>\n\n<\/div>\n\t<\/section>\n\n\n\n<section id=\"block_b03f169c1214f91b7ffd51488c0f234f\" class=\"shs-block block-section grid-container has-blue-light-background-color\" >\n\t\t<div class=\"entry-content\">\n\n<h2 class=\"wp-block-heading\" id=\"h-members\"><strong>Miembros<\/strong><\/h2>\n\n\n\n<h3 class=\"wp-block-heading\" id=\"h-our-hours\">Nuestro horario<\/h3>\n\n\n\n<ul class=\"wp-block-list\">\n<li>El servicio de atenci\u00f3n al cliente de Samaritan Health Plan est\u00e1 disponible desde 8 a.m. to 8 p.m., de lunes a viernes.<\/li>\n<\/ul>\n\n\n\n<ul class=\"wp-block-list\">\n<li>Los agentes de ventas de nuestros planes est\u00e1n disponibles de lunes a viernes.<\/li>\n<\/ul>\n\n\n\n<p>Para&nbsp;<strong>general<\/strong>&nbsp;Si tiene alguna pregunta, llame al n\u00famero que aparece a continuaci\u00f3n.<\/p>\n\n\n\n<p>Si tienes<em>\u00a0preguntas espec\u00edficas\u00a0<\/em>Sobre reclamos, cobertura del plan, etc., env\u00ede un mensaje privado y seguro a trav\u00e9s de su\u00a0 <a href=\"https:\/\/samhp.healthtrioconnect.com\/\" target=\"_blank\" rel=\"noreferrer noopener\"><strong>Portal de miembros de MyHealthPlan<\/strong><\/a>. Este portal le permite proporcionar de forma segura informaci\u00f3n personal de salud. Si necesita asistencia t\u00e9cnica con el portal para miembros, p\u00f3ngase en contacto con nosotros. <a href=\"tel:877-814-9909\">877-814-9909<\/a>.<\/p>\n\n\n\n<h3 class=\"wp-block-heading\" id=\"h-samaritan-advantage-members\"><strong>Miembros de Samaritan Advantage<\/strong><\/h3>\n\n\n\n<ul class=\"wp-block-list\">\n<li>Llamar:<a href=\"tel:541-768-7866\">541-768-7866<\/a>o <a href=\"tel:866-768-7250\">866-768-7250<\/a>(Teletipo<a href=\"tel:800-735-2900\">800-735-2900<\/a>). <br>Del 1 de octubre al 31 de marzo, el servicio de atenci\u00f3n al cliente est\u00e1 disponible todos los d\u00edas de la semana desde 8 a.m. to 8 p.m. solo para miembros de Samaritan Advantage.<\/li>\n<\/ul>\n\n\n\n<h3 class=\"wp-block-heading\" id=\"h-employer-group-members\"><strong>Miembros del grupo de empleadores<\/strong><\/h3>\n\n\n\n<ul class=\"wp-block-list\">\n<li>Llamar: <a href=\"tel:541-768-7864\">541-768-7864<\/a>o<a href=\"tel:866-203-0360\">866-203-0360<\/a>(Teletipo<a href=\"tel:800-735-2900\">800-735-2900<\/a>).<\/li>\n<\/ul>\n\n\n\n<h3 class=\"wp-block-heading\" id=\"h-ihn-cco-members\"><strong>Miembros de la IHN-CCO<\/strong><\/h3>\n\n\n\n<ul class=\"wp-block-list\">\n<li>Llamar: &nbsp;<a href=\"tel:541-768-7863\">541-768-7863<\/a> &nbsp;o &nbsp;<a href=\"tel:866-203-3435\">866-203-3435<\/a> &nbsp;(TTY&nbsp;<a href=\"tel:800-735-2900\">800-735-2900<\/a>).<\/li>\n<\/ul>\n\n<\/div>\n\t<\/section>\n\n\n\n<section id=\"block_a8a7b35a365b461ba334b467d87decd1\" class=\"shs-block block-section grid-container has-white-background-color\" >\n\t\t<div class=\"entry-content\">\n\n<h2 class=\"wp-block-heading\" id=\"h-providers\"><strong>Proveedores<\/strong><\/h2>\n\n\n\n<p>Relaciones con proveedores est\u00e1 disponible de 8 a m a 5 p m, de lunes a viernes.<\/p>\n\n\n\n<p>Llame o env\u00ede un correo electr\u00f3nico a Relaciones con proveedores al&nbsp;<a href=\"mailto:SHPprovider@samhealth.org?subject=Question%20for%20Provider%20Relations\">SHPprovider@samhealth.org<\/a>.&nbsp;<\/p>\n\n\n\n<p>Oficina:&nbsp;<strong><a href=\"tel:541-768-5207\">541-768-5207<\/a><\/strong><br>Llamada gratuita:&nbsp;<strong><a href=\"tel:888-435-2396\">888-435-2396<\/a><\/strong><\/p>\n\n\n\n<p><strong>Tenga en cuenta:<\/strong> Esta bandeja de entrada de correo electr\u00f3nico es <strong>no <\/strong>Monitoreado para consultas de miembros. Si es miembro de uno de nuestros planes de salud y necesita asistencia de Servicio al Cliente, consulte las instrucciones para miembros mencionadas anteriormente.<\/p>\n\n<\/div>\n\t<\/section>\n\n\n\n<section id=\"block_c43ffe7cc0b5a4773389620f3f331ebc\" class=\"shs-block block-section grid-container has-gray-warm-background-color\" >\n\t\t<div class=\"entry-content\">\n\n<h2 class=\"wp-block-heading\" id=\"h-brokers\"><strong>Corredores<\/strong><\/h2>\n\n\n\n<p>Nuestro Equipo de Soporte para Corredores est\u00e1 mejorando nuestros procesos y tecnolog\u00eda para brindar un mejor servicio a nuestros corredores. Una de estas mejoras es una nueva bandeja de entrada compartida, que mejorar\u00e1 nuestro tiempo de respuesta.<\/p>\n\n\n\n<p>En el futuro, si tiene alguna pregunta, comentario o inquietud, comun\u00edquese con nosotros. <a href=\"mailto:SHPBrokerSupport@samhealth.org\">SHPBrokerSupport@samhealth.org<\/a><br>o ll\u00e1manos al <a href=\"tel:541-768-7578\">541-768-7578<\/a>.<\/p>\n\n<\/div>\n\t<\/section>","protected":false},"excerpt":{"rendered":"<p>Encuentra los n\u00fameros de tel\u00e9fono de tu plan para llamar al Samaritan Health Plans. Usa tu portal de miembros MyHealthPlan para mensajes privados y seguros.<\/p>","protected":false},"author":18,"featured_media":0,"parent":0,"menu_order":0,"comment_status":"closed","ping_status":"closed","template":"","meta":{"_acf_changed":false,"_searchwp_excluded":"","_shs_workflow_notes":"","_shs_exclude_from_navigation":false,"_shs_promote_article_on_blogs":"","footnotes":""},"class_list":["post-15","page","type-page","status-publish","hentry"],"acf":[],"_links":{"self":[{"href":"https:\/\/samhealthplans.org\/es\/wp-json\/wp\/v2\/pages\/15","targetHints":{"allow":["GET"]}}],"collection":[{"href":"https:\/\/samhealthplans.org\/es\/wp-json\/wp\/v2\/pages"}],"about":[{"href":"https:\/\/samhealthplans.org\/es\/wp-json\/wp\/v2\/types\/page"}],"author":[{"embeddable":true,"href":"https:\/\/samhealthplans.org\/es\/wp-json\/wp\/v2\/users\/18"}],"replies":[{"embeddable":true,"href":"https:\/\/samhealthplans.org\/es\/wp-json\/wp\/v2\/comments?post=15"}],"version-history":[{"count":0,"href":"https:\/\/samhealthplans.org\/es\/wp-json\/wp\/v2\/pages\/15\/revisions"}],"wp:attachment":[{"href":"https:\/\/samhealthplans.org\/es\/wp-json\/wp\/v2\/media?parent=15"}],"curies":[{"name":"Gracias","href":"https:\/\/api.w.org\/{rel}","templated":true}]}}