{"id":154,"date":"2023-06-05T16:40:30","date_gmt":"2023-06-05T23:40:30","guid":{"rendered":"https:\/\/samhealth.org\/samhealthplans\/?page_id=154"},"modified":"2025-11-10T14:20:32","modified_gmt":"2025-11-10T22:20:32","slug":"miembros-del-grupo-de-empleadores","status":"publish","type":"page","link":"https:\/\/samhealthplans.org\/es\/plan-members\/employer-group-members\/","title":{"rendered":"Grupo de empleadores\/administradores"},"content":{"rendered":"<section id=\"block_401b9e7c38a38c22de3f427cc86e978c\" class=\"shs-block block-section grid-container has-white-background-color\" >\n\t\t<div class=\"entry-content\">\n\n<h1 class=\"wp-block-heading\" id=\"h-employer-group-members\">Miembros del grupo de empleadores<\/h1>\n\n<\/div>\n\t<\/section>\n\n\n<section class=\"shs-block hero grid-container has-blue-light-background-color has-content-left\" style=\"background-image: url(https:\/\/samhealthplans.org\/wp-content\/uploads\/sites\/3\/woman-checking-provider-directory-SS.jpg); background-position:50% 50%;\">\n\t\t\t<div class=\"hero-content-group\">\n\t\t<div class=\"hero-content has-contrast-box\" style=\"\">\n\n\t\t\t\n\t\t\t<h1 class=\"hero-title\">\n\t\t\t<span class=\"hero-title--part is-m\">\u00bfBuscas un proveedor?<\/span>\n\t\t\t\t\t\t<\/h1>\n\n\t\t\t\t\t\t<p>El Directorio de proveedores de Samaritan Health Plan puede ayudarlo a encontrar proveedores dentro de la red cubiertos por su plan.<\/p>\n\t\t\t\n\t\t\t\t\t\t\t<a href=\"https:\/\/samhealthplans.org\/es\/encontrar-un-proveedor\/directorio-de-proveedores-de-consejos-de-navegacion\/\" target=\"_self\" class=\"shs-button\">Obtenga m\u00e1s informaci\u00f3n y consejos de navegaci\u00f3n<\/a>\n\t\t\t\t\t<\/div>\n\t\t\t<\/div>\n\t\n<\/section>\n\n\n\n<nav id=\"block_f2eaf7fc3ec004cd43e121583a760a93\" class=\"shs-block quicklinks\">\n\t\t<ul class=\"quicklink-list\">\n\t\t\t\t\t\t<li class=\"quicklink has-cyan-color\">\n\t\t\t\t\t<a href=\"https:\/\/samhealthplans.org\/es\/miembros-del-plan\/miembros-del-grupo-de-empleadores\/beneficios-para-grupos-grandes\/+\/\" target=\"_self\">\n\t\t\t\t\t\t<svg class=\"quicklink-icon\" aria-labelledby=\"icon_title_0\" focusable=\"false\">\n\t\t\t\t\t\t\t<!-- Define title here so that it can be more specific to the individual use case -->\n\t\t\t\t\t\t\t<title id=\"icon_title_0\">Beneficios para grupos grandes<\/title>\n\t\t\t\t\t\t\t<use xlink:href=\"#icon-document\"><\/use>\n\t\t\t\t\t\t<\/svg>\n\t\t\t\t\t\t<span class=\"quicklink-title\">Beneficios para grupos grandes<\/span>\n\t\t\t\t\t<\/a>\n\t\t\t\t<\/li>\n\t\t\t\t\t\t\t<li class=\"quicklink has-magenta-color\">\n\t\t\t\t\t<a href=\"https:\/\/samhealthplans.org\/es\/encontrar-un-proveedor\/\" target=\"_self\">\n\t\t\t\t\t\t<svg class=\"quicklink-icon\" aria-labelledby=\"icon_title_1\" focusable=\"false\">\n\t\t\t\t\t\t\t<!-- Define title here so that it can be more specific to the individual use case -->\n\t\t\t\t\t\t\t<title id=\"icon_title_1\">Encuentre un proveedor<\/title>\n\t\t\t\t\t\t\t<use xlink:href=\"#icon-doctor\"><\/use>\n\t\t\t\t\t\t<\/svg>\n\t\t\t\t\t\t<span class=\"quicklink-title\">Encuentre un proveedor<\/span>\n\t\t\t\t\t<\/a>\n\t\t\t\t<\/li>\n\t\t\t\t\t\t\t<li class=\"quicklink has-gold-color\">\n\t\t\t\t\t<a href=\"https:\/\/samhealthplans.org\/es\/encontrar-una-droga\/\" target=\"_self\">\n\t\t\t\t\t\t<svg class=\"quicklink-icon\" aria-labelledby=\"icon_title_2\" focusable=\"false\">\n\t\t\t\t\t\t\t<!-- Define title here so that it can be more specific to the individual use case -->\n\t\t\t\t\t\t\t<title id=\"icon_title_2\">Encuentra un medicamento<\/title>\n\t\t\t\t\t\t\t<use xlink:href=\"#icon-pills\"><\/use>\n\t\t\t\t\t\t<\/svg>\n\t\t\t\t\t\t<span class=\"quicklink-title\">Encuentra un medicamento<\/span>\n\t\t\t\t\t<\/a>\n\t\t\t\t<\/li>\n\t\t\t\t\t\t\t<li class=\"quicklink has-green-feijoa-color\">\n\t\t\t\t\t<a href=\"https:\/\/samhealthplans.org\/es\/miembros-del-plan\/miembros-del-grupo-de-empleadores\/administradores-de-plan\/\" target=\"_self\">\n\t\t\t\t\t\t<svg class=\"quicklink-icon\" aria-labelledby=\"icon_title_3\" focusable=\"false\">\n\t\t\t\t\t\t\t<!-- Define title here so that it can be more specific to the individual use case -->\n\t\t\t\t\t\t\t<title id=\"icon_title_3\">Administradores de grupo<\/title>\n\t\t\t\t\t\t\t<use xlink:href=\"#icon-computer-cursor\"><\/use>\n\t\t\t\t\t\t<\/svg>\n\t\t\t\t\t\t<span class=\"quicklink-title\">Administradores de grupo<\/span>\n\t\t\t\t\t<\/a>\n\t\t\t\t<\/li>\n\t\t\t\t\t\t\t<li class=\"quicklink has-blue-primary-color\">\n\t\t\t\t\t<a href=\"https:\/\/samhealthplans.org\/es\/miembros-del-plan\/miembros-del-grupo-de-empleadores\/forma-grupo-de-empleadores\/\" target=\"_self\">\n\t\t\t\t\t\t<svg class=\"quicklink-icon\" aria-labelledby=\"icon_title_4\" focusable=\"false\">\n\t\t\t\t\t\t\t<!-- Define title here so that it can be more specific to the individual use case -->\n\t\t\t\t\t\t\t<title id=\"icon_title_4\">Formularios<\/title>\n\t\t\t\t\t\t\t<use xlink:href=\"#icon-checkmark-clipboard\"><\/use>\n\t\t\t\t\t\t<\/svg>\n\t\t\t\t\t\t<span class=\"quicklink-title\">Formularios<\/span>\n\t\t\t\t\t<\/a>\n\t\t\t\t<\/li>\n\t\t\t\t<\/ul>\n\t\t\t<!-- SVG Legend\/Sprite -->\n\t<div class=\"svg-sprite-wrapper sr-only\">\n\t\t<svg xmlns=\"http:\/\/www.w3.org\/2000\/svg\">\n\t\t\t<symbol id=\"icon-document\" viewbox=\"0 0 100 100\"><path d=\"M82.46,0h-47.63s-.03,0-.05,0c-.14,0-.28.02-.42.04-.02,0-.04.01-.05.02-.12.03-.23.06-.34.11-.04.02-.08.04-.12.05-.09.04-.17.09-.26.14-.04.02-.07.04-.11.07-.11.08-.21.16-.31.25,0,0,0,0,0,0L9.69,24.16s0,0,0,0c-.1.1-.18.2-.25.31-.02.03-.05.07-.07.11-.05.08-.1.17-.14.25-.02.04-.04.08-.05.13-.04.11-.08.23-.11.34,0,.02-.01.03-.02.05-.03.14-.04.28-.04.42,0,.02,0,.03,0,.05v66.12c0,4.44,3.83,8.05,8.54,8.05h64.92c4.71,0,8.54-3.61,8.54-8.05V8.05C91,3.61,87.17,0,82.46,0h0ZM32.99,6.44v13.85c0,2.1-1.97,3.82-4.38,3.82h-13.29L32.99,6.44h0ZM87.15,92.96c0,1.88-1.76,3.41-3.92,3.41H16.76c-2.16,0-3.92-1.53-3.92-3.41V27.67h15.29c4.82,0,8.74-3.7,8.74-8.24V3.63h46.35c2.16,0,3.92,1.53,3.92,3.41v85.91h0ZM73.01,39.64H29.41c-1.3,0-2.36,1.05-2.36,2.36s1.05,2.36,2.36,2.36h43.6c1.3,0,2.36-1.05,2.36-2.36s-1.05-2.36-2.36-2.36ZM73.01,51.22H29.41c-1.3,0-2.36,1.06-2.36,2.36s1.05,2.36,2.36,2.36h43.6c1.3,0,2.36-1.05,2.36-2.36s-1.05-2.36-2.36-2.36ZM73.01,62.8H29.41c-1.3,0-2.36,1.06-2.36,2.36s1.05,2.36,2.36,2.36h43.6c1.3,0,2.36-1.06,2.36-2.36s-1.05-2.36-2.36-2.36Z\"\/><\/symbol>\n<symbol id=\"icon-doctor\" viewbox=\"0 0 100 100\"><path d=\"M24.81,29.39c-1.12,0-2.02-.9-2.02-2.02s.9-2.02,2.02-2.02c7.9,0,10.17-5.33,10.19-5.39.2-.5.6-.9,1.1-1.11s1.06-.2,1.56,0c9.73,4.11,20.63-5.68,20.74-5.78.83-.75,2.1-.69,2.86.13s.7,2.1-.13,2.85c-.5.46-11.78,10.63-23.35,7.13-1.6,2.33-5.4,6.19-12.96,6.19h0Z\"\/><path d=\"M85.91,100H14.09c-1.09,0-1.98-.86-2.02-1.94-1.12-29.25,8.59-34.3,15.66-37.99.94-.49,1.82-.95,2.59-1.43,5.38-3.37,4.2-12.92,4.19-13.01-.14-1.11.63-2.12,1.74-2.27s2.12.63,2.27,1.73c.07.5,1.55,12.22-6.05,16.97-.9.57-1.86,1.06-2.87,1.59-6.3,3.28-14.11,7.35-13.55,32.31h67.9c.56-24.96-7.25-29.03-13.56-32.31-1.01-.52-1.96-1.02-2.87-1.59-7.6-4.75-6.12-16.48-6.05-16.97.15-1.11,1.16-1.88,2.27-1.73,1.11.15,1.88,1.16,1.73,2.27h0c-.01.1-1.2,9.65,4.19,13.01.77.48,1.65.94,2.59,1.43,7.08,3.69,16.78,8.73,15.67,37.99-.04,1.09-.93,1.94-2.02,1.94h0Z\"\/><path d=\"M49.45,53.33c-11.03,0-16.9-11.15-18.47-14.64-2.1-.63-6.32-2.59-7.87-8.34-.74-2.76-.51-5.04.7-6.79.85-1.22,1.98-1.88,2.9-2.24C28.98,8.13,37.96,0,50.41,0s20.61,7.75,22.88,21.33c.92.36,2.05,1.02,2.89,2.24,1.21,1.74,1.44,4.03.7,6.79-1.55,5.75-5.78,7.71-7.87,8.34-1.59,3.54-7.63,15-19.01,14.63-.18,0-.37,0-.55,0h0ZM49.09,49.22c.07,0,.13,0,.2,0,.24.02.47.04.71.05.23,0,.47-.03.71-.05.2-.02.4,0,.59.03,9.52-.68,14.32-12.88,14.37-13.01.27-.69.89-1.18,1.62-1.28.16-.02,4.36-.71,5.69-5.66.29-1.06.5-2.51-.1-3.41-.54-.81-1.6-.95-1.62-.95-.91-.12-1.66-.83-1.78-1.74-1.66-12.36-8.44-19.17-19.08-19.17s-18.29,7.16-19.9,19.17c-.13.93-.87,1.65-1.81,1.74h0s-1.05.15-1.58.95c-.6.9-.39,2.35-.11,3.41,1.33,4.95,5.54,5.63,5.71,5.66.72.11,1.35.6,1.61,1.28.05.13,4.86,12.33,14.37,13.01.13-.03.26-.04.39-.04h0Z\"\/><path d=\"M29.82,91.02c-.86,0-1.67-.52-2-1.37-.11-.29-.22-.58-.32-.88-.4-1.21-.68-2.47-.85-3.76-.62-4.85.52-9.51,3.13-12.8,1.89-2.38,4.47-3.84,7.26-4.11,6.77-.66,13.18,5.78,14.28,14.36.2,1.58.22,3.18.03,4.75-.13,1.17-1.2,2.02-2.38,1.88s-2.02-1.2-1.88-2.38c.14-1.23.13-2.48-.02-3.71-.8-6.2-5.2-11.08-9.61-10.64-2.08.2-3.5,1.48-4.32,2.51-1.87,2.35-2.7,5.92-2.23,9.57.13,1.02.36,2.01.67,2.96.08.22.16.45.25.67.43,1.11-.12,2.35-1.22,2.78-.26.1-.52.14-.78.14Z\"\/><path d=\"M64.89,68.27c-.2,0-.4-.03-.61-.09-1.13-.34-1.79-1.53-1.45-2.66.58-1.96.87-4.03.87-6.14,0-1.38-.13-2.77-.38-4.11-.22-1.16.55-2.29,1.71-2.51s2.29.55,2.51,1.71c.3,1.6.46,3.25.46,4.9,0,2.52-.35,4.99-1.04,7.35-.28.93-1.13,1.54-2.06,1.54h0Z\"\/><path d=\"M36.09,70.47c-.92,0-1.77-.6-2.05-1.52-.68-2.22-1.2-4.54-1.54-6.89-.45-3.09-.6-6.17-.43-9.14.07-1.18,1.09-2.09,2.26-2.02,1.18.07,2.09,1.08,2.02,2.26-.15,2.69-.02,5.47.39,8.28.31,2.14.79,4.25,1.4,6.26.35,1.13-.29,2.33-1.42,2.68-.21.07-.42.1-.63.1Z\"\/><path d=\"M64.35,81.91c-4.45,0-8.07-3.62-8.07-8.07s3.62-8.07,8.07-8.07,8.07,3.62,8.07,8.07-3.62,8.07-8.07,8.07ZM64.35,70.07c-2.09,0-3.78,1.7-3.78,3.78s1.7,3.78,3.78,3.78,3.78-1.7,3.78-3.78-1.69-3.78-3.78-3.78Z\"\/><\/symbol>\n<symbol id=\"icon-pills\" viewbox=\"0 0 100 100\"><path d=\"M80.94,48.32h-6.02c-1.34-2.68-3.34-4.68-6.02-6.35L30.44,15.88c-9.03-6.02-21.07-3.68-27.09,5.35s-3.68,21.07,5.02,27.09l10.7,7.36c-6.69,8.36-5.69,20.73,2.68,27.42,3.34,3.01,8.03,4.35,12.37,4.35h46.49c10.7,0,19.4-8.7,19.4-19.4s-8.36-19.73-19.06-19.73ZM70.24,48.32h-31.1l10.37-15.05,17.72,12.04c1,1,2.01,2.01,3.01,3.01ZM6.7,23.24c5.02-7.02,14.38-8.7,21.74-4.01l17.72,12.04-11.7,17.39c-4.35,0-8.7,1.67-12.04,4.35l-11.37-7.69c-7.36-5.35-9.36-15.05-4.35-22.07ZM18.73,68.05c0-8.7,7.02-15.72,15.72-15.72h21.4v31.1h-21.4c-8.7,0-15.72-7.02-15.72-15.38ZM80.94,83.44h-21.4v-31.1h21.4c9.03,0,16.39,6.69,16.39,15.72s-7.36,16.05-16.39,15.38ZM92.64,67.72s-.67,13.04-15.72,13.04c-1,0-2.01-1-2.01-2.01s1-2.01,2.01-2.01c11.37,0,12.04-8.7,12.04-9.03.33-1,1.34-1.67,2.34-1.34.67,0,1.34.67,1.34,1.34h0Z\"\/><\/symbol>\n<symbol id=\"icon-computer-cursor\" viewbox=\"0 0 100 100\"><path d=\"M59.26,35.67l4.94-4.66c.54-.51.77-1.26.6-1.99s-.7-1.3-1.41-1.53l-13.91-4.4-13.89-4.53c-.73-.24-1.53-.06-2.09.47-.56.53-.78,1.32-.57,2.06l3.83,14.08,3.71,14.13c.19.72.74,1.28,1.45,1.48.71.2,1.48,0,2.01-.5l4.89-4.7,8.11,8.53c.89.93,2.13,1.47,3.42,1.47,1.22,0,2.37-.46,3.26-1.3l3.57-3.4c.92-.87,1.44-2.04,1.47-3.3.03-1.26-.43-2.46-1.3-3.37l-8.11-8.52h0ZM64.82,48.23l-3.71,3.53c-.14.13-.29.16-.39.16-.09,0-.26-.02-.41-.18l-9.92-10.42c-.4-.42-.95-.66-1.52-.67-.02,0-.03,0-.05,0-.56,0-1.1.22-1.5.6l-3.99,3.83-2.92-11.1-2.93-10.75,10.61,3.46,10.93,3.46-4.02,3.79c-.42.4-.67.94-.68,1.52-.01.58.2,1.14.6,1.55l9.92,10.43c.13.14.16.3.16.4,0,.11-.04.26-.18.39h0Z\"\/><path d=\"M78.28,10.16H21.72c-3.31,0-6,2.69-6,6v42.13c0,3.31,2.69,6,6,6h56.55c3.31,0,6-2.69,6-6V16.17c0-3.31-2.69-6-6-6h0ZM81.04,57.68c0,1.73-1.42,3.15-3.15,3.15H22.11c-1.74,0-3.15-1.41-3.15-3.15V16.78c0-1.73,1.42-3.15,3.15-3.15h55.78c1.74,0,3.15,1.41,3.15,3.15v40.91Z\"\/><path d=\"M89.78,0H10.21C6.03,0,2.63,3.41,2.63,7.59v59.27c0,4.19,3.4,7.59,7.59,7.59h30.21v11.36c-11.17,1.78-18.29,6.43-18.29,12.09,0,1.15.94,2.09,2.09,2.09h51.55s.01,0,.01,0c1.15,0,2.09-.94,2.09-2.09,0-.1,0-.2-.02-.29-.24-5.52-7.3-10.05-18.28-11.8v-11.36h30.21c4.18,0,7.59-3.41,7.59-7.59V7.59c0-4.19-3.4-7.59-7.59-7.59h0ZM93.66,65.84c0,3.12-1.15,4.66-4.44,4.66h-31.29c-1.17,0-2.11.95-2.11,2.11v12.94c0,2.01,1.48,3.7,3.47,3.99,7.5,1.08,13.11,3.68,13.79,7.35H26.92c.96-3.29,5.57-6.32,13.62-7.33,1.96-.25,3.57-2.02,3.57-4v-12.94c0-1.17-.95-2.11-2.11-2.11H10.48c-2.28,0-4.14-1.86-4.14-4.14V7.83c0-2.28,1.87-4.15,4.15-4.15h79.04c2.29,0,4.14,1.85,4.14,4.14v62.28-4.26Z\"\/><\/symbol>\n<symbol id=\"icon-checkmark-clipboard\" viewbox=\"0 0 100 100\"><path d=\"M41.35,88.88h-21.94c-3.45,0-6.25-2.81-6.25-6.26V23.92c0-3.45,2.81-6.26,6.25-6.26,1.07,0,1.93.86,1.93,1.93s-.86,1.93-1.93,1.93c-1.32,0-2.39,1.07-2.39,2.4v58.7c0,1.32,1.08,2.4,2.39,2.4h21.94c1.07,0,1.93.86,1.93,1.93s-.86,1.93-1.93,1.93h0Z\"\/><path d=\"M68.85,54.28c-1.07,0-1.93-.87-1.93-1.93v-28.42c0-1.32-1.07-2.4-2.4-2.4-1.07,0-1.93-.86-1.93-1.93s.87-1.93,1.93-1.93c3.45,0,6.26,2.81,6.26,6.26v28.42c0,1.07-.87,1.93-1.93,1.93h0Z\"\/><path d=\"M54.54,25.23h-25.15c-3.25,0-5.89-2.39-5.89-5.33v-5.83c0-2.94,2.64-5.33,5.89-5.33h4v-1.1c0-4.21,3.85-7.64,8.57-7.64s8.57,3.43,8.57,7.64v1.11h4c3.25,0,5.89,2.39,5.89,5.33v5.83c0,2.94-2.64,5.33-5.89,5.33h0ZM29.39,12.6c-1.1,0-2.03.67-2.03,1.47v5.83c0,.8.93,1.47,2.03,1.47h25.15c1.1,0,2.03-.67,2.03-1.47v-5.83c0-.8-.93-1.47-2.03-1.47h-5.93c-1.07,0-1.93-.87-1.93-1.93v-3.04c0-2.08-2.11-3.78-4.71-3.78s-4.71,1.69-4.71,3.78v3.04c0,1.07-.87,1.93-1.93,1.93h-5.93Z\"\/><path d=\"M57.11,43.77h-31.82c-1.07,0-1.93-.86-1.93-1.93s.86-1.93,1.93-1.93h31.82c1.07,0,1.93.86,1.93,1.93s-.86,1.93-1.93,1.93Z\"\/><path d=\"M57.11,53.35h-31.82c-1.07,0-1.93-.86-1.93-1.93s.86-1.93,1.93-1.93h31.82c1.07,0,1.93.86,1.93,1.93s-.86,1.93-1.93,1.93Z\"\/><path d=\"M42.89,63.54h-17.61c-1.07,0-1.93-.86-1.93-1.93s.86-1.93,1.93-1.93h17.61c1.07,0,1.93.87,1.93,1.93s-.87,1.93-1.93,1.93Z\"\/><path d=\"M65.6,100c-11.71,0-21.24-9.53-21.24-21.24s9.53-21.24,21.24-21.24,21.24,9.53,21.24,21.24c0,11.71-9.53,21.24-21.24,21.24ZM65.6,61.38c-9.58,0-17.38,7.8-17.38,17.38s7.8,17.38,17.38,17.38,17.38-7.8,17.38-17.38-7.8-17.38-17.38-17.38Z\"\/><path d=\"M64.41,87.64c-.84,0-1.59-.54-1.84-1.35-1.33-4.26-7.05-6.65-7.1-6.67-.99-.4-1.47-1.52-1.08-2.51s1.52-1.47,2.51-1.08c.23.09,4.36,1.78,7.19,5.21,1.71-3.28,5.11-7.66,11.58-9.73,1.02-.33,2.1.24,2.43,1.25.33,1.02-.23,2.1-1.25,2.43-8.64,2.76-10.48,10.6-10.55,10.93-.19.85-.93,1.48-1.8,1.51-.03,0-.05,0-.08,0h0Z\"\/><\/symbol>\n\t\t<\/svg>\n\t<\/div>\n<\/nav>\n\n\n\n\n\n<section id=\"block_cdd34fe87caae72fdd4f2e21253a1a33\" class=\"shs-block block-section grid-container has-blue-light-background-color\" >\n\t\t<div class=\"entry-content\">\n\n<h2 class=\"wp-block-heading\" id=\"h-member-resources\">Recursos para miembros del grupo de empleadores<\/h2>\n\n\n\n<p>Encuentre consejos y recursos \u00fatiles para mantener su salud, conocer sus derechos como miembro y m\u00e1s.<\/p>\n\n\n\n<div class=\"wp-block-buttons is-layout-flex wp-block-buttons-is-layout-flex\">\n<div class=\"wp-block-button\"><a class=\"wp-block-button__link wp-element-button\" href=\"https:\/\/samhealthplans.org\/es\/miembros-del-plan\/recursos-de-salud\/\">Recursos de salud<\/a><\/div>\n\n\n\n<div class=\"wp-block-button\"><a class=\"wp-block-button__link wp-element-button\" href=\"https:\/\/samhealthplans.org\/es\/miembros-del-plan\/telesalud\/\">Telesalud<\/a><\/div>\n\n\n\n<div class=\"wp-block-button\"><a class=\"wp-block-button__link wp-element-button\" href=\"https:\/\/samhealthplans.org\/es\/miembros-del-plan\/miembros-del-grupo-de-empleadores\/derechos-de-los-miembros\/\">Derechos de los miembros<\/a><\/div>\n\n\n\n<div class=\"wp-block-button\"><a class=\"wp-block-button__link wp-element-button\" href=\"https:\/\/samhealthplans.org\/es\/miembros-del-plan\/acto-sin-sorpresas\/\">Ley de No Sorpresas<\/a><\/div>\n\n\n\n<div class=\"wp-block-button\"><a class=\"wp-block-button__link wp-element-button\" href=\"https:\/\/samhealthplans.org\/es\/miembros-del-plan\/miembros-del-grupo-de-empleadores\/cobertura-de-continuacion-de-cobra\/\">Continuaci\u00f3n de la cobertura<\/a><\/div>\n<\/div>\n\n\n\n<p>Es posible que se necesiten autorizaciones previas para algunos servicios de salud. El plan de salud utiliza pautas y normas para revisar las solicitudes de autorizaci\u00f3n previa. Se puede acceder a los recursos de pautas y normas mediante los enlaces que aparecen a continuaci\u00f3n.<\/p>\n\n\n\n<div class=\"wp-block-buttons is-layout-flex wp-block-buttons-is-layout-flex\">\n<div class=\"wp-block-button\"><a class=\"wp-block-button__link wp-element-button\" href=\"https:\/\/samhealthplans.org\/es\/miembros-del-plan\/criterios-de-atencion\/\">Conozca las pautas<\/a><\/div>\n<\/div>\n\n<\/div>\n\t<\/section>\n\n\n\n<section id=\"block_401b9e7c38a38c22de3f427cc86e978c\" class=\"shs-block block-section grid-container has-white-background-color\" >\n\t\t<div class=\"entry-content\">\n\n<h2 class=\"wp-block-heading\" id=\"h-find-your-balance-in-the-eight-aspects-of-wellness\">Encuentra tu equilibrio en los ocho aspectos del bienestar<\/h2>\n\n\n\n<p>Cuando piensas en el bienestar, \u00bfpiensas solo en tu cuerpo? Hay muchas cosas que afectan el bienestar. Hay ocho aspectos que influyen en el bienestar. Son:&nbsp;<strong>cuerpo, mente, trabajo, esp\u00edritu, finanzas, comunidad, emociones y medio ambiente.<\/strong>&nbsp;Cada uno puede afectar tu calidad de vida.<\/p>\n\n\n\n<p>Las dificultades en un aspecto pueden afectar a otros. Por ejemplo, tus finanzas pueden afectar tu capacidad para tener \u00e9xito socialmente. O tu trabajo puede verse afectado si no se estimula tu mente. \u00a1T\u00f3mate el tiempo para concentrarte en cada \u00e1rea de tu bienestar y esfu\u00e9rzate por lograr un equilibrio que sea adecuado para ti!<\/p>\n\n\n<nav id=\"block_bba0e8a85c8ac487eb61ef0c50ab5c59\" class=\"shs-block image-links\">\n\t<ul class=\"image-links-list\">\n\t\t\t<li>\n\t\t\t<a class=\"image-link\" href=\"https:\/\/samhealthplans.org\/es\/por-que-8-aspectos-del-bienestar\/#body\" target=\"_self\">\n\t\t\t<figure class=\"image\">\n\t\t\t\t\t<img decoding=\"async\" src=\"https:\/\/samhealthplans.org\/wp-content\/uploads\/sites\/3\/2023\/06\/8-aspects-body.png\" alt=\"Aspecto corporal del bienestar\" width=\"100\" height=\"100\" loading=\"lazy\">\n\t\t\t<\/figure>\n\t\t\t<span>Cuerpo<\/span>\n\t\t<\/a>\n\t\t<\/li>\n\t\t\t\t<li>\n\t\t\t<a class=\"image-link\" href=\"https:\/\/samhealthplans.org\/es\/por-que-8-aspectos-del-bienestar\/#mind\" target=\"_self\">\n\t\t\t<figure class=\"image\">\n\t\t\t\t\t<img decoding=\"async\" src=\"https:\/\/samhealthplans.org\/wp-content\/uploads\/sites\/3\/2023\/06\/8-aspects-mind.png\" alt=\"Aspecto mental del bienestar\" width=\"100\" height=\"100\" loading=\"lazy\">\n\t\t\t<\/figure>\n\t\t\t<span>Mente<\/span>\n\t\t<\/a>\n\t\t<\/li>\n\t\t\t\t<li>\n\t\t\t<a class=\"image-link\" href=\"https:\/\/samhealthplans.org\/es\/por-que-8-aspectos-del-bienestar\/#work\" target=\"_self\">\n\t\t\t<figure class=\"image\">\n\t\t\t\t\t<img decoding=\"async\" src=\"https:\/\/samhealthplans.org\/wp-content\/uploads\/sites\/3\/2023\/06\/8-aspects-work.png\" alt=\"Aspecto laboral del bienestar\" width=\"100\" height=\"100\" loading=\"lazy\">\n\t\t\t<\/figure>\n\t\t\t<span>Trabajar<\/span>\n\t\t<\/a>\n\t\t<\/li>\n\t\t\t\t<li>\n\t\t\t<a class=\"image-link\" href=\"https:\/\/samhealthplans.org\/es\/por-que-8-aspectos-del-bienestar\/#spirit\" target=\"_self\">\n\t\t\t<figure class=\"image\">\n\t\t\t\t\t<img decoding=\"async\" src=\"https:\/\/samhealthplans.org\/wp-content\/uploads\/sites\/3\/2023\/06\/8-aspects-spirit.png\" alt=\"Aspecto espiritual del bienestar\" width=\"100\" height=\"100\" loading=\"lazy\">\n\t\t\t<\/figure>\n\t\t\t<span>Esp\u00edritu<\/span>\n\t\t<\/a>\n\t\t<\/li>\n\t\t\t\t<li>\n\t\t\t<a class=\"image-link\" href=\"https:\/\/samhealthplans.org\/es\/por-que-8-aspectos-del-bienestar\/#finances\" target=\"_self\">\n\t\t\t<figure class=\"image\">\n\t\t\t\t\t<img decoding=\"async\" src=\"https:\/\/samhealthplans.org\/wp-content\/uploads\/sites\/3\/2023\/06\/8-aspects-finances.png\" alt=\"Aspecto financiero del bienestar\" width=\"100\" height=\"100\" loading=\"lazy\">\n\t\t\t<\/figure>\n\t\t\t<span>Finanzas<\/span>\n\t\t<\/a>\n\t\t<\/li>\n\t\t\t\t<li>\n\t\t\t<a class=\"image-link\" href=\"https:\/\/samhealthplans.org\/es\/por-que-8-aspectos-del-bienestar\/#community\" target=\"_self\">\n\t\t\t<figure class=\"image\">\n\t\t\t\t\t<img decoding=\"async\" src=\"https:\/\/samhealthplans.org\/wp-content\/uploads\/sites\/3\/2023\/06\/8-aspects-community.png\" alt=\"Aspecto comunitario del bienestar\" width=\"100\" height=\"100\" loading=\"lazy\">\n\t\t\t<\/figure>\n\t\t\t<span>Comunidad<\/span>\n\t\t<\/a>\n\t\t<\/li>\n\t\t\t\t<li>\n\t\t\t<a class=\"image-link\" href=\"https:\/\/samhealthplans.org\/es\/por-que-8-aspectos-del-bienestar\/#emotions\" target=\"_self\">\n\t\t\t<figure class=\"image\">\n\t\t\t\t\t<img decoding=\"async\" src=\"https:\/\/samhealthplans.org\/wp-content\/uploads\/sites\/3\/2023\/06\/8-aspects-emotions.png\" alt=\"Aspecto emocional del bienestar\" width=\"100\" height=\"100\" loading=\"lazy\">\n\t\t\t<\/figure>\n\t\t\t<span>Emociones<\/span>\n\t\t<\/a>\n\t\t<\/li>\n\t\t\t\t<li>\n\t\t\t<a class=\"image-link\" href=\"https:\/\/samhealthplans.org\/es\/por-que-8-aspectos-del-bienestar\/#environment\" target=\"_self\">\n\t\t\t<figure class=\"image\">\n\t\t\t\t\t<img decoding=\"async\" src=\"https:\/\/samhealthplans.org\/wp-content\/uploads\/sites\/3\/2023\/06\/8-aspects-environment.png\" alt=\"Aspecto ambiental del bienestar\" width=\"100\" height=\"100\" loading=\"lazy\">\n\t\t\t<\/figure>\n\t\t\t<span>Ambiente<\/span>\n\t\t<\/a>\n\t\t<\/li>\n\t\t\t<\/ul>\n<\/nav>\n\t\n<\/div>\n\t<\/section>\n\n\n\n<section id=\"block_9d3923093d4f572f732ec1831b007a00\" class=\"shs-block block-section grid-container has-gray-warm-background-color has-circle-image\" >\n\t\t\t<figure class=\"image\"\n\t\t\t\t\t\t>\n\t\t\t<img loading=\"lazy\" decoding=\"async\" width=\"684\" height=\"684\" src=\"https:\/\/samhealthplans.org\/wp-content\/uploads\/sites\/3\/2023\/06\/Laptop-and-coffee-BGC.jpg\" class=\"attachment-square-lg size-square-lg\" alt=\"\" srcset=\"https:\/\/samhealthplans.org\/wp-content\/uploads\/sites\/3\/2023\/06\/Laptop-and-coffee-BGC.jpg 684w, https:\/\/samhealthplans.org\/wp-content\/uploads\/sites\/3\/2023\/06\/Laptop-and-coffee-BGC-300x300.jpg 300w, https:\/\/samhealthplans.org\/wp-content\/uploads\/sites\/3\/2023\/06\/Laptop-and-coffee-BGC-150x150.jpg 150w, https:\/\/samhealthplans.org\/wp-content\/uploads\/sites\/3\/2023\/06\/Laptop-and-coffee-BGC-425x425.jpg 425w, https:\/\/samhealthplans.org\/wp-content\/uploads\/sites\/3\/2023\/06\/Laptop-and-coffee-BGC-100x100.jpg 100w\" sizes=\"auto, (max-width: 684px) 100vw, 684px\" \/>\t\t<\/figure>\n\t\t<div class=\"entry-content\">\n\n<h2 class=\"wp-block-heading\">MyHealthPlan<\/h2>\n\n\n\n<p>Su portal para miembros, MyHealthPlan, le brinda acceso seguro, las 24 horas del d\u00eda, los 7 d\u00edas de la semana, a informaci\u00f3n valiosa sobre los beneficios de su plan de salud. Vis\u00edtelo hoy para ver:<\/p>\n\n\n\n<ul class=\"wp-block-list\">\n<li>Reclamaciones procesadas por su plan de salud.<\/li>\n\n\n\n<li>Detalles sobre su elegibilidad.<\/li>\n\n\n\n<li>La cantidad que ha cumplido con sus deducibles y l\u00edmites del plan.\u00a0\u00a0<\/li>\n<\/ul>\n\n\n\n<div class=\"wp-block-button\"><a class=\"wp-block-button__link wp-element-button\" href=\"https:\/\/myhealthplan.samhealth.org\" target=\"_blank\" rel=\"noreferrer noopener\">Acceso<\/a><\/div>\n\n<\/div>\n\t<\/section>","protected":false},"excerpt":{"rendered":"<p>Encuentre toda la informaci\u00f3n sobre los beneficios de su plan de salud como miembro de un plan de grupo de empleados a trav\u00e9s de Samaritan Health Plans. <\/p>","protected":false},"author":10,"featured_media":0,"parent":10,"menu_order":2,"comment_status":"closed","ping_status":"closed","template":"","meta":{"_acf_changed":true,"_searchwp_excluded":"","_shs_workflow_notes":"","_shs_exclude_from_navigation":false,"_shs_promote_article_on_blogs":"","footnotes":""},"class_list":["post-154","page","type-page","status-publish","hentry"],"acf":[],"_links":{"self":[{"href":"https:\/\/samhealthplans.org\/es\/wp-json\/wp\/v2\/pages\/154","targetHints":{"allow":["GET"]}}],"collection":[{"href":"https:\/\/samhealthplans.org\/es\/wp-json\/wp\/v2\/pages"}],"about":[{"href":"https:\/\/samhealthplans.org\/es\/wp-json\/wp\/v2\/types\/page"}],"author":[{"embeddable":true,"href":"https:\/\/samhealthplans.org\/es\/wp-json\/wp\/v2\/users\/10"}],"replies":[{"embeddable":true,"href":"https:\/\/samhealthplans.org\/es\/wp-json\/wp\/v2\/comments?post=154"}],"version-history":[{"count":0,"href":"https:\/\/samhealthplans.org\/es\/wp-json\/wp\/v2\/pages\/154\/revisions"}],"up":[{"embeddable":true,"href":"https:\/\/samhealthplans.org\/es\/wp-json\/wp\/v2\/pages\/10"}],"wp:attachment":[{"href":"https:\/\/samhealthplans.org\/es\/wp-json\/wp\/v2\/media?parent=154"}],"curies":[{"name":"Gracias","href":"https:\/\/api.w.org\/{rel}","templated":true}]}}