{"id":1795,"date":"2023-06-15T23:01:14","date_gmt":"2023-06-16T06:01:14","guid":{"rendered":"https:\/\/samhealth.org\/samhealthplans\/?page_id=1795"},"modified":"2025-05-23T14:50:01","modified_gmt":"2025-05-23T21:50:01","slug":"planes-grupales-de-empleadores","status":"publish","type":"page","link":"https:\/\/samhealthplans.org\/es\/shop-samaritan-plans\/employer-group-plans\/","title":{"rendered":"Empleador"},"content":{"rendered":"<section id=\"block_dc0732ad0165e019810f6233a16bb3b7\" class=\"shs-block block-section grid-container has-white-background-color\" >\n\t\t<div class=\"entry-content\">\n\n<h1 class=\"wp-block-heading\" id=\"h-employer-group-plans\">Planes grupales de empleadores<\/h1>\n\n<\/div>\n\t<\/section>\n\n\n<section class=\"shs-block hero grid-container has-blue-midnight-background-color has-content-left\" style=\"background-image: url(https:\/\/samhealthplans.org\/wp-content\/uploads\/sites\/3\/2024\/01\/Family-hiking-in-snow-SS-scaled.jpg); background-position:50% 50%;\">\n\t\t\t<div class=\"hero-content-group\">\n\t\t<div class=\"hero-content has-contrast-box\" style=\"\">\n\n\t\t\t\n\t\t\t<h1 class=\"hero-title\">\n\t\t\t<span class=\"hero-title--part is-m\">Nuestros planes para grupos grandes<\/span>\n\t\t\t\t\t\t<\/h1>\n\n\t\t\t\t\t\t<p>Planes para 51+ empleados ofrecidos a empresas durante todo Oregon.<\/p>\n\t\t\t\n\t\t\t\t\t\t\t<a href=\"https:\/\/samhealthplans.org\/es\/planes-de-la-tienda-samaritana\/planes-grupales-de-empleadores\/grupo-grande\/\" target=\"_self\" class=\"shs-button\">Planes para grupos grandes<\/a>\n\t\t\t\t\t<\/div>\n\t\t\t<\/div>\n\t\n<\/section>\n\n\n\n<nav id=\"block_050597a19bb854c5435c45601e7dd844\" class=\"shs-block quicklinks\">\n\t\t<ul class=\"quicklink-list\">\n\t\t\t\t\t\t<li class=\"quicklink has-blue-primary-color\">\n\t\t\t\t\t<a href=\"https:\/\/samhealthplans.org\/es\/planes-de-la-tienda-samaritana\/planes-grupales-de-empleadores\/grupo-grande\/\" target=\"_self\">\n\t\t\t\t\t\t<svg class=\"quicklink-icon\" aria-labelledby=\"icon_title_0\" focusable=\"false\">\n\t\t\t\t\t\t\t<!-- Define title here so that it can be more specific to the individual use case -->\n\t\t\t\t\t\t\t<title id=\"icon_title_0\">Planes para grupos grandes<\/title>\n\t\t\t\t\t\t\t<use xlink:href=\"#icon-chart\"><\/use>\n\t\t\t\t\t\t<\/svg>\n\t\t\t\t\t\t<span class=\"quicklink-title\">Planes para grupos grandes<\/span>\n\t\t\t\t\t<\/a>\n\t\t\t\t<\/li>\n\t\t\t\t\t\t\t<li class=\"quicklink has-magenta-color\">\n\t\t\t\t\t<a href=\"https:\/\/samhealthplans.org\/es\/encontrar-un-proveedor\/\" target=\"_self\">\n\t\t\t\t\t\t<svg class=\"quicklink-icon\" aria-labelledby=\"icon_title_1\" focusable=\"false\">\n\t\t\t\t\t\t\t<!-- Define title here so that it can be more specific to the individual use case -->\n\t\t\t\t\t\t\t<title id=\"icon_title_1\">Encuentre un proveedor<\/title>\n\t\t\t\t\t\t\t<use xlink:href=\"#icon-doctor\"><\/use>\n\t\t\t\t\t\t<\/svg>\n\t\t\t\t\t\t<span class=\"quicklink-title\">Encuentre un proveedor<\/span>\n\t\t\t\t\t<\/a>\n\t\t\t\t<\/li>\n\t\t\t\t\t\t\t<li class=\"quicklink has-gold-color\">\n\t\t\t\t\t<a href=\"https:\/\/samhealthplans.org\/es\/encontrar-una-droga\/\" target=\"_self\">\n\t\t\t\t\t\t<svg class=\"quicklink-icon\" aria-labelledby=\"icon_title_2\" focusable=\"false\">\n\t\t\t\t\t\t\t<!-- Define title here so that it can be more specific to the individual use case -->\n\t\t\t\t\t\t\t<title id=\"icon_title_2\">Encuentra un medicamento<\/title>\n\t\t\t\t\t\t\t<use xlink:href=\"#icon-pills\"><\/use>\n\t\t\t\t\t\t<\/svg>\n\t\t\t\t\t\t<span class=\"quicklink-title\">Encuentra un medicamento<\/span>\n\t\t\t\t\t<\/a>\n\t\t\t\t<\/li>\n\t\t\t\t\t\t\t<li class=\"quicklink has-cyan-color\">\n\t\t\t\t\t<a href=\"https:\/\/samhealthplans.org\/es\/comuniquese-con-los-planes-de-salud-de-samaritan\/\" target=\"_self\">\n\t\t\t\t\t\t<svg class=\"quicklink-icon\" aria-labelledby=\"icon_title_3\" focusable=\"false\">\n\t\t\t\t\t\t\t<!-- Define title here so that it can be more specific to the individual use case -->\n\t\t\t\t\t\t\t<title id=\"icon_title_3\">Cont\u00e1ctenos<\/title>\n\t\t\t\t\t\t\t<use xlink:href=\"#icon-computer-cursor\"><\/use>\n\t\t\t\t\t\t<\/svg>\n\t\t\t\t\t\t<span class=\"quicklink-title\">Cont\u00e1ctenos<\/span>\n\t\t\t\t\t<\/a>\n\t\t\t\t<\/li>\n\t\t\t\t<\/ul>\n\t\t\t<!-- SVG Legend\/Sprite -->\n\t<div class=\"svg-sprite-wrapper sr-only\">\n\t\t<svg xmlns=\"http:\/\/www.w3.org\/2000\/svg\">\n\t\t\t<symbol id=\"icon-chart\" viewbox=\"0 0 100 100\"><path d=\"M73.16,91.31H26.85c-4.31,0-7.82-3.51-7.82-7.82V31.21c0-1.06.87-1.92,1.92-1.92s1.92.86,1.92,1.92v52.28c0,2.19,1.78,3.97,3.98,3.97h46.31c2.19,0,3.98-1.79,3.98-3.97V31.21c0-1.06.86-1.92,1.92-1.92s1.92.86,1.92,1.92v52.28c0,4.31-3.51,7.82-7.82,7.82h0Z\"\/><path d=\"M82.59,100H17.41c-4.19,0-7.59-3.3-7.59-7.37V23.39c0-4.06,3.4-7.37,7.59-7.37,1.06,0,1.92.86,1.92,1.92s-.86,1.92-1.92,1.92c-2.07,0-3.75,1.58-3.75,3.53v69.24c0,1.95,1.68,3.52,3.75,3.52h65.18c2.06,0,3.74-1.58,3.74-3.52V23.39c0-1.95-1.68-3.53-3.74-3.53-1.06,0-1.92-.86-1.92-1.92s.86-1.92,1.92-1.92c4.19,0,7.59,3.31,7.59,7.37v69.24c0,4.06-3.4,7.37-7.58,7.37h0Z\"\/><path d=\"M76.21,27.93H23.79c-1.06,0-1.92-.86-1.92-1.92,0-6.73,5.48-12.21,12.21-12.21h4.26c-.11-.65-.17-1.31-.17-1.97,0-6.52,5.31-11.83,11.83-11.83s11.83,5.31,11.83,11.83c0,.66-.06,1.32-.16,1.97h4.26c6.73,0,12.21,5.48,12.21,12.21,0,1.06-.86,1.92-1.92,1.92h0ZM25.93,24.08h48.14c-.87-3.69-4.19-6.44-8.14-6.44h-6.81c-.65,0-1.25-.33-1.6-.87-.35-.54-.41-1.22-.16-1.81.42-.99.64-2.04.64-3.13,0-4.4-3.58-7.98-7.99-7.98s-7.99,3.58-7.99,7.98c0,1.08.22,2.14.64,3.13.25.59.19,1.28-.17,1.81s-.96.87-1.6.87h-6.81c-3.95,0-7.27,2.75-8.14,6.44Z\"\/><path d=\"M69.18,44.58H30.82c-1.06,0-1.92-.86-1.92-1.92s.86-1.92,1.92-1.92h38.37c1.06,0,1.92.87,1.92,1.92s-.86,1.92-1.92,1.92Z\"\/><path d=\"M69.18,54.78H30.82c-1.06,0-1.92-.87-1.92-1.92s.86-1.92,1.92-1.92h38.37c1.06,0,1.92.86,1.92,1.92s-.86,1.92-1.92,1.92Z\"\/><path d=\"M69.18,64.97H30.82c-1.06,0-1.92-.87-1.92-1.92s.86-1.92,1.92-1.92h38.37c1.06,0,1.92.86,1.92,1.92s-.86,1.92-1.92,1.92Z\"\/><\/symbol>\n<symbol id=\"icon-doctor\" viewbox=\"0 0 100 100\"><path d=\"M24.81,29.39c-1.12,0-2.02-.9-2.02-2.02s.9-2.02,2.02-2.02c7.9,0,10.17-5.33,10.19-5.39.2-.5.6-.9,1.1-1.11s1.06-.2,1.56,0c9.73,4.11,20.63-5.68,20.74-5.78.83-.75,2.1-.69,2.86.13s.7,2.1-.13,2.85c-.5.46-11.78,10.63-23.35,7.13-1.6,2.33-5.4,6.19-12.96,6.19h0Z\"\/><path d=\"M85.91,100H14.09c-1.09,0-1.98-.86-2.02-1.94-1.12-29.25,8.59-34.3,15.66-37.99.94-.49,1.82-.95,2.59-1.43,5.38-3.37,4.2-12.92,4.19-13.01-.14-1.11.63-2.12,1.74-2.27s2.12.63,2.27,1.73c.07.5,1.55,12.22-6.05,16.97-.9.57-1.86,1.06-2.87,1.59-6.3,3.28-14.11,7.35-13.55,32.31h67.9c.56-24.96-7.25-29.03-13.56-32.31-1.01-.52-1.96-1.02-2.87-1.59-7.6-4.75-6.12-16.48-6.05-16.97.15-1.11,1.16-1.88,2.27-1.73,1.11.15,1.88,1.16,1.73,2.27h0c-.01.1-1.2,9.65,4.19,13.01.77.48,1.65.94,2.59,1.43,7.08,3.69,16.78,8.73,15.67,37.99-.04,1.09-.93,1.94-2.02,1.94h0Z\"\/><path d=\"M49.45,53.33c-11.03,0-16.9-11.15-18.47-14.64-2.1-.63-6.32-2.59-7.87-8.34-.74-2.76-.51-5.04.7-6.79.85-1.22,1.98-1.88,2.9-2.24C28.98,8.13,37.96,0,50.41,0s20.61,7.75,22.88,21.33c.92.36,2.05,1.02,2.89,2.24,1.21,1.74,1.44,4.03.7,6.79-1.55,5.75-5.78,7.71-7.87,8.34-1.59,3.54-7.63,15-19.01,14.63-.18,0-.37,0-.55,0h0ZM49.09,49.22c.07,0,.13,0,.2,0,.24.02.47.04.71.05.23,0,.47-.03.71-.05.2-.02.4,0,.59.03,9.52-.68,14.32-12.88,14.37-13.01.27-.69.89-1.18,1.62-1.28.16-.02,4.36-.71,5.69-5.66.29-1.06.5-2.51-.1-3.41-.54-.81-1.6-.95-1.62-.95-.91-.12-1.66-.83-1.78-1.74-1.66-12.36-8.44-19.17-19.08-19.17s-18.29,7.16-19.9,19.17c-.13.93-.87,1.65-1.81,1.74h0s-1.05.15-1.58.95c-.6.9-.39,2.35-.11,3.41,1.33,4.95,5.54,5.63,5.71,5.66.72.11,1.35.6,1.61,1.28.05.13,4.86,12.33,14.37,13.01.13-.03.26-.04.39-.04h0Z\"\/><path d=\"M29.82,91.02c-.86,0-1.67-.52-2-1.37-.11-.29-.22-.58-.32-.88-.4-1.21-.68-2.47-.85-3.76-.62-4.85.52-9.51,3.13-12.8,1.89-2.38,4.47-3.84,7.26-4.11,6.77-.66,13.18,5.78,14.28,14.36.2,1.58.22,3.18.03,4.75-.13,1.17-1.2,2.02-2.38,1.88s-2.02-1.2-1.88-2.38c.14-1.23.13-2.48-.02-3.71-.8-6.2-5.2-11.08-9.61-10.64-2.08.2-3.5,1.48-4.32,2.51-1.87,2.35-2.7,5.92-2.23,9.57.13,1.02.36,2.01.67,2.96.08.22.16.45.25.67.43,1.11-.12,2.35-1.22,2.78-.26.1-.52.14-.78.14Z\"\/><path d=\"M64.89,68.27c-.2,0-.4-.03-.61-.09-1.13-.34-1.79-1.53-1.45-2.66.58-1.96.87-4.03.87-6.14,0-1.38-.13-2.77-.38-4.11-.22-1.16.55-2.29,1.71-2.51s2.29.55,2.51,1.71c.3,1.6.46,3.25.46,4.9,0,2.52-.35,4.99-1.04,7.35-.28.93-1.13,1.54-2.06,1.54h0Z\"\/><path d=\"M36.09,70.47c-.92,0-1.77-.6-2.05-1.52-.68-2.22-1.2-4.54-1.54-6.89-.45-3.09-.6-6.17-.43-9.14.07-1.18,1.09-2.09,2.26-2.02,1.18.07,2.09,1.08,2.02,2.26-.15,2.69-.02,5.47.39,8.28.31,2.14.79,4.25,1.4,6.26.35,1.13-.29,2.33-1.42,2.68-.21.07-.42.1-.63.1Z\"\/><path d=\"M64.35,81.91c-4.45,0-8.07-3.62-8.07-8.07s3.62-8.07,8.07-8.07,8.07,3.62,8.07,8.07-3.62,8.07-8.07,8.07ZM64.35,70.07c-2.09,0-3.78,1.7-3.78,3.78s1.7,3.78,3.78,3.78,3.78-1.7,3.78-3.78-1.69-3.78-3.78-3.78Z\"\/><\/symbol>\n<symbol id=\"icon-pills\" viewbox=\"0 0 100 100\"><path d=\"M80.94,48.32h-6.02c-1.34-2.68-3.34-4.68-6.02-6.35L30.44,15.88c-9.03-6.02-21.07-3.68-27.09,5.35s-3.68,21.07,5.02,27.09l10.7,7.36c-6.69,8.36-5.69,20.73,2.68,27.42,3.34,3.01,8.03,4.35,12.37,4.35h46.49c10.7,0,19.4-8.7,19.4-19.4s-8.36-19.73-19.06-19.73ZM70.24,48.32h-31.1l10.37-15.05,17.72,12.04c1,1,2.01,2.01,3.01,3.01ZM6.7,23.24c5.02-7.02,14.38-8.7,21.74-4.01l17.72,12.04-11.7,17.39c-4.35,0-8.7,1.67-12.04,4.35l-11.37-7.69c-7.36-5.35-9.36-15.05-4.35-22.07ZM18.73,68.05c0-8.7,7.02-15.72,15.72-15.72h21.4v31.1h-21.4c-8.7,0-15.72-7.02-15.72-15.38ZM80.94,83.44h-21.4v-31.1h21.4c9.03,0,16.39,6.69,16.39,15.72s-7.36,16.05-16.39,15.38ZM92.64,67.72s-.67,13.04-15.72,13.04c-1,0-2.01-1-2.01-2.01s1-2.01,2.01-2.01c11.37,0,12.04-8.7,12.04-9.03.33-1,1.34-1.67,2.34-1.34.67,0,1.34.67,1.34,1.34h0Z\"\/><\/symbol>\n<symbol id=\"icon-computer-cursor\" viewbox=\"0 0 100 100\"><path d=\"M59.26,35.67l4.94-4.66c.54-.51.77-1.26.6-1.99s-.7-1.3-1.41-1.53l-13.91-4.4-13.89-4.53c-.73-.24-1.53-.06-2.09.47-.56.53-.78,1.32-.57,2.06l3.83,14.08,3.71,14.13c.19.72.74,1.28,1.45,1.48.71.2,1.48,0,2.01-.5l4.89-4.7,8.11,8.53c.89.93,2.13,1.47,3.42,1.47,1.22,0,2.37-.46,3.26-1.3l3.57-3.4c.92-.87,1.44-2.04,1.47-3.3.03-1.26-.43-2.46-1.3-3.37l-8.11-8.52h0ZM64.82,48.23l-3.71,3.53c-.14.13-.29.16-.39.16-.09,0-.26-.02-.41-.18l-9.92-10.42c-.4-.42-.95-.66-1.52-.67-.02,0-.03,0-.05,0-.56,0-1.1.22-1.5.6l-3.99,3.83-2.92-11.1-2.93-10.75,10.61,3.46,10.93,3.46-4.02,3.79c-.42.4-.67.94-.68,1.52-.01.58.2,1.14.6,1.55l9.92,10.43c.13.14.16.3.16.4,0,.11-.04.26-.18.39h0Z\"\/><path d=\"M78.28,10.16H21.72c-3.31,0-6,2.69-6,6v42.13c0,3.31,2.69,6,6,6h56.55c3.31,0,6-2.69,6-6V16.17c0-3.31-2.69-6-6-6h0ZM81.04,57.68c0,1.73-1.42,3.15-3.15,3.15H22.11c-1.74,0-3.15-1.41-3.15-3.15V16.78c0-1.73,1.42-3.15,3.15-3.15h55.78c1.74,0,3.15,1.41,3.15,3.15v40.91Z\"\/><path d=\"M89.78,0H10.21C6.03,0,2.63,3.41,2.63,7.59v59.27c0,4.19,3.4,7.59,7.59,7.59h30.21v11.36c-11.17,1.78-18.29,6.43-18.29,12.09,0,1.15.94,2.09,2.09,2.09h51.55s.01,0,.01,0c1.15,0,2.09-.94,2.09-2.09,0-.1,0-.2-.02-.29-.24-5.52-7.3-10.05-18.28-11.8v-11.36h30.21c4.18,0,7.59-3.41,7.59-7.59V7.59c0-4.19-3.4-7.59-7.59-7.59h0ZM93.66,65.84c0,3.12-1.15,4.66-4.44,4.66h-31.29c-1.17,0-2.11.95-2.11,2.11v12.94c0,2.01,1.48,3.7,3.47,3.99,7.5,1.08,13.11,3.68,13.79,7.35H26.92c.96-3.29,5.57-6.32,13.62-7.33,1.96-.25,3.57-2.02,3.57-4v-12.94c0-1.17-.95-2.11-2.11-2.11H10.48c-2.28,0-4.14-1.86-4.14-4.14V7.83c0-2.28,1.87-4.15,4.15-4.15h79.04c2.29,0,4.14,1.85,4.14,4.14v62.28-4.26Z\"\/><\/symbol>\n\t\t<\/svg>\n\t<\/div>\n<\/nav>\n\n\n\n<section id=\"block_aab0c37dd6d2e3f43f16aa136dbc6d12\" class=\"shs-block block-section grid-container has-white-background-color has-full-bleed-image col-reverse\" >\n\t\t\t<figure class=\"image\"\n\t\t\tstyle=\"background-image: url(https:\/\/samhealthplans.org\/wp-content\/uploads\/sites\/3\/2023\/06\/Oregon_IllustrationMap_684x684.png)\" \t\t\t>\n\t\t\t<img loading=\"lazy\" decoding=\"async\" width=\"684\" height=\"684\" src=\"https:\/\/samhealthplans.org\/wp-content\/uploads\/sites\/3\/2023\/06\/Oregon_IllustrationMap_684x684.png\" class=\"attachment-full size-full\" alt=\"Oregon ilustrado en forma de estado\" srcset=\"https:\/\/samhealthplans.org\/wp-content\/uploads\/sites\/3\/2023\/06\/Oregon_IllustrationMap_684x684.png 684w, https:\/\/samhealthplans.org\/wp-content\/uploads\/sites\/3\/2023\/06\/Oregon_IllustrationMap_684x684-300x300.png 300w, https:\/\/samhealthplans.org\/wp-content\/uploads\/sites\/3\/2023\/06\/Oregon_IllustrationMap_684x684-150x150.png 150w, https:\/\/samhealthplans.org\/wp-content\/uploads\/sites\/3\/2023\/06\/Oregon_IllustrationMap_684x684-425x425.png 425w, https:\/\/samhealthplans.org\/wp-content\/uploads\/sites\/3\/2023\/06\/Oregon_IllustrationMap_684x684-100x100.png 100w\" sizes=\"auto, (max-width: 684px) 100vw, 684px\" \/>\t\t<\/figure>\n\t\t<div class=\"entry-content\">\n\n<h2 class=\"wp-block-heading\">Explora los planes de salud creados en Oregon para empresas de Oregon<\/h2>\n\n\n\n<p>Si es propietario de un negocio Oregon y necesita una forma eficaz de mantener a su fuerza laboral saludable, motivada y productiva, Samaritan Health Plans ofrece planes de salud integrados y programas de bienestar.&nbsp;<\/p>\n\n\n\n<p>Samaritan Health Plans cuenta con dos redes de proveedores que complementan nuestra oferta de beneficios. Con un servicio local cordial y una red estatal, ofrecemos la experiencia de nuestros proveedores de atenci\u00f3n primaria y especialistas de Samaritan, y nos asociamos con otros grupos de proveedores y sistemas hospitalarios en todo el estado de Oregon para satisfacer las necesidades de nuestros miembros. Nuestros planes para grupos grandes y peque\u00f1os utilizan un formulario integral y una extensa red de farmacias para la cobertura de medicamentos recetados.<\/p>\n\n<\/div>\n\t<\/section>\n\n\n\n<section id=\"block_90e5b5294e88b045214293c834d38275\" class=\"shs-block block-section grid-container has-blue-midnight-background-color has-circle-image\" >\n\t\t\t<figure class=\"image\"\n\t\t\t\t\t\t>\n\t\t\t<img loading=\"lazy\" decoding=\"async\" width=\"684\" height=\"684\" src=\"https:\/\/samhealthplans.org\/wp-content\/uploads\/sites\/3\/2023\/06\/Employees-Boss-Birthday-BGC.jpg\" class=\"attachment-square-lg size-square-lg\" alt=\"Trabajadores en una fiesta de cumplea\u00f1os de la oficina.\" srcset=\"https:\/\/samhealthplans.org\/wp-content\/uploads\/sites\/3\/2023\/06\/Employees-Boss-Birthday-BGC.jpg 684w, https:\/\/samhealthplans.org\/wp-content\/uploads\/sites\/3\/2023\/06\/Employees-Boss-Birthday-BGC-300x300.jpg 300w, https:\/\/samhealthplans.org\/wp-content\/uploads\/sites\/3\/2023\/06\/Employees-Boss-Birthday-BGC-150x150.jpg 150w, https:\/\/samhealthplans.org\/wp-content\/uploads\/sites\/3\/2023\/06\/Employees-Boss-Birthday-BGC-425x425.jpg 425w, https:\/\/samhealthplans.org\/wp-content\/uploads\/sites\/3\/2023\/06\/Employees-Boss-Birthday-BGC-100x100.jpg 100w\" sizes=\"auto, (max-width: 684px) 100vw, 684px\" \/>\t\t<\/figure>\n\t\t<div class=\"entry-content\">\n\n<h2 class=\"wp-block-heading\">Permitir que los empleados sean m\u00e1s saludables y reducir los costos<\/h2>\n\n\n\n<p>Nuestros planes controlan los costos de seguro del empleador al involucrar a los empleados y sus familias en el mantenimiento y la mejora de su salud.<\/p>\n\n\n\n<p>Samaritan Health Plans trabaja en asociaci\u00f3n con usted y sus empleados para crear y mantener una cultura de salud y bienestar que respalde formas flexibles, asequibles y sostenibles de prevenir enfermedades y mejorar el bienestar.<\/p>\n\n\n\n<p>Creamos nuestros propios planes para nuestros propios empleados y hemos demostrado el v\u00ednculo entre empleados m\u00e1s saludables y menores costos de atenci\u00f3n m\u00e9dica.<\/p>\n\n<\/div>\n\t<\/section>\n\n\n\n<section id=\"block_dc0732ad0165e019810f6233a16bb3b7\" class=\"shs-block block-section grid-container has-white-background-color\" >\n\t\t<div class=\"entry-content\">\n\n<h2 class=\"wp-block-heading\">Vea lo que el ROI de la atenci\u00f3n m\u00e9dica puede hacer por su negocio<\/h2>\n\n\n\n<p>Samaritan Health Plans ha logrado un retorno de la inversi\u00f3n en seguros de salud (ROI) que realizamos para nosotros mismos y queremos hacerlo para usted. Con un enfoque innovador en materia de atenci\u00f3n m\u00e9dica, hemos estabilizado nuestros costos de seguro de salud, reducido los costos de compensaci\u00f3n de los trabajadores y disminuido los niveles de riesgo de los empleados.<\/p>\n\n\n\n<p>Nuestro enfoque puede ayudar a su empresa a crear y mantener una cultura de salud y bienestar con responsabilidad y recompensas compartidas. El enfoque le permite a su empresa:<\/p>\n\n\n\n<ul class=\"wp-block-list\">\n<li>Vea c\u00f3mo m\u00e1s de su dinero destinado a atenci\u00f3n m\u00e9dica se destina a crear buena salud y menos a tratar enfermedades prevenibles.<\/li>\n\n\n\n<li>Reduzca la tasa a la que aumentan los costos de su plan de salud cada a\u00f1o.<\/li>\n\n\n\n<li>Aumente su estabilidad financiera y la capacidad de invertir esos recursos en su gente, programas y servicios que afectan sus resultados finales.<\/li>\n<\/ul>\n\n<\/div>\n\t<\/section>\n\n\n\n<section id=\"block_f742c5bcc47f4503b7f7130952d0ebef\" class=\"shs-block block-section grid-container has-blue-primary-background-color has-circle-image\" >\n\t\t\t<figure class=\"image\"\n\t\t\t\t\t\t>\n\t\t\t<img loading=\"lazy\" decoding=\"async\" width=\"684\" height=\"684\" src=\"https:\/\/samhealthplans.org\/wp-content\/uploads\/sites\/3\/2023\/06\/Samaritan-Plaza-Map.jpg\" class=\"attachment-square-lg size-square-lg\" alt=\"\" srcset=\"https:\/\/samhealthplans.org\/wp-content\/uploads\/sites\/3\/2023\/06\/Samaritan-Plaza-Map.jpg 684w, https:\/\/samhealthplans.org\/wp-content\/uploads\/sites\/3\/2023\/06\/Samaritan-Plaza-Map-300x300.jpg 300w, https:\/\/samhealthplans.org\/wp-content\/uploads\/sites\/3\/2023\/06\/Samaritan-Plaza-Map-150x150.jpg 150w, https:\/\/samhealthplans.org\/wp-content\/uploads\/sites\/3\/2023\/06\/Samaritan-Plaza-Map-425x425.jpg 425w, https:\/\/samhealthplans.org\/wp-content\/uploads\/sites\/3\/2023\/06\/Samaritan-Plaza-Map-100x100.jpg 100w\" sizes=\"auto, (max-width: 684px) 100vw, 684px\" \/>\t\t<\/figure>\n\t\t<div class=\"entry-content\">\n\n<h2 class=\"wp-block-heading\" id=\"h-contact-us\">Cont\u00e1ctenos<\/h2>\n\n\n\n<p>2300 NW Walnut Blvd.<br>&nbsp; &nbsp; Corvallis, OR 973330<\/p>\n\n\n\n<p>\u00a0Visita nuestra oficina de 8:30 a m a 5 p m, de lunes a viernes<\/p>\n\n\n\n<div class=\"wp-block-button\"><a class=\"wp-block-button__link wp-element-button\" href=\"https:\/\/www.google.com\/maps\/dir\/\/2300+NW+Walnut+Blvd,+Corvallis,+OR+97330\" target=\"_blank\" rel=\"noreferrer noopener\">Instrucciones<\/a><\/div>\n\n\n\n<p>Oficina:&nbsp;<a href=\"tel:541-768-4550\">541-768-4550<\/a><br>&nbsp; &nbsp; &nbsp;Llamada gratuita:&nbsp;<a href=\"tel:800-832-4580\">800-832-4580<\/a><br>&nbsp; &nbsp; &nbsp;Tel\u00e9fono de texto:&nbsp;<a href=\"tel:800-735-2900\">800-735-2900<\/a><br>&nbsp; &nbsp; &nbsp;8:30 a m to 5 p m, de lunes a viernes<\/p>\n\n\n\n<p>&nbsp;<a href=\"https:\/\/samhealthplans.org\/es\/comuniquese-con-los-planes-de-salud-de-samaritan\/\">Env\u00edanos un correo electr\u00f3nico<\/a><\/p>\n\n<\/div>\n\t<\/section>","protected":false},"excerpt":{"rendered":"<p>El seguro de salud de Samaritan Employer Group presta servicios a empresas grandes y peque\u00f1as y a sus empleados con una extensa red de hospitales, cl\u00ednicas y profesionales atentos.<\/p>","protected":false},"author":16,"featured_media":0,"parent":11,"menu_order":3,"comment_status":"closed","ping_status":"closed","template":"","meta":{"_acf_changed":false,"_searchwp_excluded":"","_shs_workflow_notes":"","_shs_exclude_from_navigation":false,"_shs_promote_article_on_blogs":"","footnotes":""},"class_list":["post-1795","page","type-page","status-publish","hentry"],"acf":[],"_links":{"self":[{"href":"https:\/\/samhealthplans.org\/es\/wp-json\/wp\/v2\/pages\/1795","targetHints":{"allow":["GET"]}}],"collection":[{"href":"https:\/\/samhealthplans.org\/es\/wp-json\/wp\/v2\/pages"}],"about":[{"href":"https:\/\/samhealthplans.org\/es\/wp-json\/wp\/v2\/types\/page"}],"author":[{"embeddable":true,"href":"https:\/\/samhealthplans.org\/es\/wp-json\/wp\/v2\/users\/16"}],"replies":[{"embeddable":true,"href":"https:\/\/samhealthplans.org\/es\/wp-json\/wp\/v2\/comments?post=1795"}],"version-history":[{"count":0,"href":"https:\/\/samhealthplans.org\/es\/wp-json\/wp\/v2\/pages\/1795\/revisions"}],"up":[{"embeddable":true,"href":"https:\/\/samhealthplans.org\/es\/wp-json\/wp\/v2\/pages\/11"}],"wp:attachment":[{"href":"https:\/\/samhealthplans.org\/es\/wp-json\/wp\/v2\/media?parent=1795"}],"curies":[{"name":"Gracias","href":"https:\/\/api.w.org\/{rel}","templated":true}]}}