{"id":184,"date":"2023-10-01T00:01:00","date_gmt":"2023-10-01T07:01:00","guid":{"rendered":"https:\/\/samhealth.org\/samhealthplans\/?page_id=184"},"modified":"2026-04-13T13:29:39","modified_gmt":"2026-04-13T20:29:39","slug":"ventaja-de-medicare","status":"publish","type":"page","link":"https:\/\/samhealthplans.org\/es\/shop-samaritan-plans\/medicare-advantage\/","title":{"rendered":"Medicare Advantage"},"content":{"rendered":"<section id=\"block_2649724addd43c61e1ff460afc3eaea0\" class=\"shs-block block-section grid-container has-white-background-color\" >\n\t\t<div class=\"entry-content\">\n\n<h1 class=\"wp-block-heading\" id=\"h-medicare-advantage\">Medicare Advantage<\/h1>\n\n<\/div>\n\t<\/section>\n\n\n<section class=\"shs-block hero grid-container has-gray-warm-background-color has-content-left\" style=\"background-image: url(https:\/\/samhealthplans.org\/wp-content\/uploads\/sites\/3\/senior-couple-forest-walk-SS.jpg); background-position:50% 50%;\">\n\t\t\t<div class=\"hero-content-group\">\n\t\t<div class=\"hero-content has-contrast-box\" style=\"\">\n\n\t\t\t\n\t\t\t<h1 class=\"hero-title\">\n\t\t\t<em class=\"hero-title--part is-l\">Experimente la ventaja local<\/em>\n\t\t\t\t\t\t\t<span  class=\"hero-title--part is-s\">Viva mejor, viva m\u00e1s saludable con Samaritan.<\/span>\n\t\t\t\t\t\t<\/h1>\n\n\t\t\t\n\t\t\t\t\t<\/div>\n\t\t\t<\/div>\n\t\n<\/section>\n\n\n\n<nav id=\"block_d610f747b3c6a6cc5aba835415e50a26\" class=\"shs-block quicklinks\">\n\t\t<ul class=\"quicklink-list\">\n\t\t\t\t\t\t<li class=\"quicklink has-green-feijoa-color\">\n\t\t\t\t\t<a href=\"https:\/\/samhealthplans.org\/es\/planes-de-la-tienda-samaritana\/ventaja-de-medicare\/compare-our-2023-plans\/\" target=\"_self\">\n\t\t\t\t\t\t<svg class=\"quicklink-icon\" aria-labelledby=\"icon_title_0\" focusable=\"false\">\n\t\t\t\t\t\t\t<!-- Define title here so that it can be more specific to the individual use case -->\n\t\t\t\t\t\t\t<title id=\"icon_title_0\">Icono del plan Medicare Advantage<\/title>\n\t\t\t\t\t\t\t<use xlink:href=\"#icon-document\"><\/use>\n\t\t\t\t\t\t<\/svg>\n\t\t\t\t\t\t<span class=\"quicklink-title\">Vea nuestro plan<\/span>\n\t\t\t\t\t<\/a>\n\t\t\t\t<\/li>\n\t\t\t\t\t\t\t<li class=\"quicklink has-magenta-color\">\n\t\t\t\t\t<a href=\"https:\/\/samhealthplans.org\/es\/encontrar-un-proveedor\/\" target=\"_self\">\n\t\t\t\t\t\t<svg class=\"quicklink-icon\" aria-labelledby=\"icon_title_1\" focusable=\"false\">\n\t\t\t\t\t\t\t<!-- Define title here so that it can be more specific to the individual use case -->\n\t\t\t\t\t\t\t<title id=\"icon_title_1\">Icono de proveedor<\/title>\n\t\t\t\t\t\t\t<use xlink:href=\"#icon-doctor\"><\/use>\n\t\t\t\t\t\t<\/svg>\n\t\t\t\t\t\t<span class=\"quicklink-title\">Encuentre un proveedor<\/span>\n\t\t\t\t\t<\/a>\n\t\t\t\t<\/li>\n\t\t\t\t\t\t\t<li class=\"quicklink has-gold-color\">\n\t\t\t\t\t<a href=\"https:\/\/samhealthplans.org\/es\/encontrar-una-droga\/\" target=\"_self\">\n\t\t\t\t\t\t<svg class=\"quicklink-icon\" aria-labelledby=\"icon_title_2\" focusable=\"false\">\n\t\t\t\t\t\t\t<!-- Define title here so that it can be more specific to the individual use case -->\n\t\t\t\t\t\t\t<title id=\"icon_title_2\">Icono de medicamento con receta<\/title>\n\t\t\t\t\t\t\t<use xlink:href=\"#icon-pills\"><\/use>\n\t\t\t\t\t\t<\/svg>\n\t\t\t\t\t\t<span class=\"quicklink-title\">Encuentra un medicamento<\/span>\n\t\t\t\t\t<\/a>\n\t\t\t\t<\/li>\n\t\t\t\t\t\t\t<li class=\"quicklink has-blue-primary-color\">\n\t\t\t\t\t<a href=\"https:\/\/samhealthplans.org\/es\/planes-de-la-tienda-samaritana\/ventaja-de-medicare\/conceptos-basicos-de-medicare\/\" target=\"_self\">\n\t\t\t\t\t\t<svg class=\"quicklink-icon\" aria-labelledby=\"icon_title_3\" focusable=\"false\">\n\t\t\t\t\t\t\t<!-- Define title here so that it can be more specific to the individual use case -->\n\t\t\t\t\t\t\t<title id=\"icon_title_3\">portapapeles<\/title>\n\t\t\t\t\t\t\t<use xlink:href=\"#icon-checkmark-clipboard\"><\/use>\n\t\t\t\t\t\t<\/svg>\n\t\t\t\t\t\t<span class=\"quicklink-title\">Entender la elegibilidad<\/span>\n\t\t\t\t\t<\/a>\n\t\t\t\t<\/li>\n\t\t\t\t\t\t\t<li class=\"quicklink has-cyan-color\">\n\t\t\t\t\t<a href=\"https:\/\/samhealthplans.org\/es\/planes-de-la-tienda-samaritana\/ventaja-de-medicare\/inscribirse\/\" target=\"_self\">\n\t\t\t\t\t\t<svg class=\"quicklink-icon\" aria-labelledby=\"icon_title_4\" focusable=\"false\">\n\t\t\t\t\t\t\t<!-- Define title here so that it can be more specific to the individual use case -->\n\t\t\t\t\t\t\t<title id=\"icon_title_4\">Documento de inscripci\u00f3n con icono de bol\u00edgrafo<\/title>\n\t\t\t\t\t\t\t<use xlink:href=\"#icon-document-pen\"><\/use>\n\t\t\t\t\t\t<\/svg>\n\t\t\t\t\t\t<span class=\"quicklink-title\">Inscribirse<\/span>\n\t\t\t\t\t<\/a>\n\t\t\t\t<\/li>\n\t\t\t\t<\/ul>\n\t\t\t<!-- SVG Legend\/Sprite -->\n\t<div class=\"svg-sprite-wrapper sr-only\">\n\t\t<svg xmlns=\"http:\/\/www.w3.org\/2000\/svg\">\n\t\t\t<symbol id=\"icon-document\" viewbox=\"0 0 100 100\"><path d=\"M82.46,0h-47.63s-.03,0-.05,0c-.14,0-.28.02-.42.04-.02,0-.04.01-.05.02-.12.03-.23.06-.34.11-.04.02-.08.04-.12.05-.09.04-.17.09-.26.14-.04.02-.07.04-.11.07-.11.08-.21.16-.31.25,0,0,0,0,0,0L9.69,24.16s0,0,0,0c-.1.1-.18.2-.25.31-.02.03-.05.07-.07.11-.05.08-.1.17-.14.25-.02.04-.04.08-.05.13-.04.11-.08.23-.11.34,0,.02-.01.03-.02.05-.03.14-.04.28-.04.42,0,.02,0,.03,0,.05v66.12c0,4.44,3.83,8.05,8.54,8.05h64.92c4.71,0,8.54-3.61,8.54-8.05V8.05C91,3.61,87.17,0,82.46,0h0ZM32.99,6.44v13.85c0,2.1-1.97,3.82-4.38,3.82h-13.29L32.99,6.44h0ZM87.15,92.96c0,1.88-1.76,3.41-3.92,3.41H16.76c-2.16,0-3.92-1.53-3.92-3.41V27.67h15.29c4.82,0,8.74-3.7,8.74-8.24V3.63h46.35c2.16,0,3.92,1.53,3.92,3.41v85.91h0ZM73.01,39.64H29.41c-1.3,0-2.36,1.05-2.36,2.36s1.05,2.36,2.36,2.36h43.6c1.3,0,2.36-1.05,2.36-2.36s-1.05-2.36-2.36-2.36ZM73.01,51.22H29.41c-1.3,0-2.36,1.06-2.36,2.36s1.05,2.36,2.36,2.36h43.6c1.3,0,2.36-1.05,2.36-2.36s-1.05-2.36-2.36-2.36ZM73.01,62.8H29.41c-1.3,0-2.36,1.06-2.36,2.36s1.05,2.36,2.36,2.36h43.6c1.3,0,2.36-1.06,2.36-2.36s-1.05-2.36-2.36-2.36Z\"\/><\/symbol>\n<symbol id=\"icon-doctor\" viewbox=\"0 0 100 100\"><path d=\"M24.81,29.39c-1.12,0-2.02-.9-2.02-2.02s.9-2.02,2.02-2.02c7.9,0,10.17-5.33,10.19-5.39.2-.5.6-.9,1.1-1.11s1.06-.2,1.56,0c9.73,4.11,20.63-5.68,20.74-5.78.83-.75,2.1-.69,2.86.13s.7,2.1-.13,2.85c-.5.46-11.78,10.63-23.35,7.13-1.6,2.33-5.4,6.19-12.96,6.19h0Z\"\/><path d=\"M85.91,100H14.09c-1.09,0-1.98-.86-2.02-1.94-1.12-29.25,8.59-34.3,15.66-37.99.94-.49,1.82-.95,2.59-1.43,5.38-3.37,4.2-12.92,4.19-13.01-.14-1.11.63-2.12,1.74-2.27s2.12.63,2.27,1.73c.07.5,1.55,12.22-6.05,16.97-.9.57-1.86,1.06-2.87,1.59-6.3,3.28-14.11,7.35-13.55,32.31h67.9c.56-24.96-7.25-29.03-13.56-32.31-1.01-.52-1.96-1.02-2.87-1.59-7.6-4.75-6.12-16.48-6.05-16.97.15-1.11,1.16-1.88,2.27-1.73,1.11.15,1.88,1.16,1.73,2.27h0c-.01.1-1.2,9.65,4.19,13.01.77.48,1.65.94,2.59,1.43,7.08,3.69,16.78,8.73,15.67,37.99-.04,1.09-.93,1.94-2.02,1.94h0Z\"\/><path d=\"M49.45,53.33c-11.03,0-16.9-11.15-18.47-14.64-2.1-.63-6.32-2.59-7.87-8.34-.74-2.76-.51-5.04.7-6.79.85-1.22,1.98-1.88,2.9-2.24C28.98,8.13,37.96,0,50.41,0s20.61,7.75,22.88,21.33c.92.36,2.05,1.02,2.89,2.24,1.21,1.74,1.44,4.03.7,6.79-1.55,5.75-5.78,7.71-7.87,8.34-1.59,3.54-7.63,15-19.01,14.63-.18,0-.37,0-.55,0h0ZM49.09,49.22c.07,0,.13,0,.2,0,.24.02.47.04.71.05.23,0,.47-.03.71-.05.2-.02.4,0,.59.03,9.52-.68,14.32-12.88,14.37-13.01.27-.69.89-1.18,1.62-1.28.16-.02,4.36-.71,5.69-5.66.29-1.06.5-2.51-.1-3.41-.54-.81-1.6-.95-1.62-.95-.91-.12-1.66-.83-1.78-1.74-1.66-12.36-8.44-19.17-19.08-19.17s-18.29,7.16-19.9,19.17c-.13.93-.87,1.65-1.81,1.74h0s-1.05.15-1.58.95c-.6.9-.39,2.35-.11,3.41,1.33,4.95,5.54,5.63,5.71,5.66.72.11,1.35.6,1.61,1.28.05.13,4.86,12.33,14.37,13.01.13-.03.26-.04.39-.04h0Z\"\/><path d=\"M29.82,91.02c-.86,0-1.67-.52-2-1.37-.11-.29-.22-.58-.32-.88-.4-1.21-.68-2.47-.85-3.76-.62-4.85.52-9.51,3.13-12.8,1.89-2.38,4.47-3.84,7.26-4.11,6.77-.66,13.18,5.78,14.28,14.36.2,1.58.22,3.18.03,4.75-.13,1.17-1.2,2.02-2.38,1.88s-2.02-1.2-1.88-2.38c.14-1.23.13-2.48-.02-3.71-.8-6.2-5.2-11.08-9.61-10.64-2.08.2-3.5,1.48-4.32,2.51-1.87,2.35-2.7,5.92-2.23,9.57.13,1.02.36,2.01.67,2.96.08.22.16.45.25.67.43,1.11-.12,2.35-1.22,2.78-.26.1-.52.14-.78.14Z\"\/><path d=\"M64.89,68.27c-.2,0-.4-.03-.61-.09-1.13-.34-1.79-1.53-1.45-2.66.58-1.96.87-4.03.87-6.14,0-1.38-.13-2.77-.38-4.11-.22-1.16.55-2.29,1.71-2.51s2.29.55,2.51,1.71c.3,1.6.46,3.25.46,4.9,0,2.52-.35,4.99-1.04,7.35-.28.93-1.13,1.54-2.06,1.54h0Z\"\/><path d=\"M36.09,70.47c-.92,0-1.77-.6-2.05-1.52-.68-2.22-1.2-4.54-1.54-6.89-.45-3.09-.6-6.17-.43-9.14.07-1.18,1.09-2.09,2.26-2.02,1.18.07,2.09,1.08,2.02,2.26-.15,2.69-.02,5.47.39,8.28.31,2.14.79,4.25,1.4,6.26.35,1.13-.29,2.33-1.42,2.68-.21.07-.42.1-.63.1Z\"\/><path d=\"M64.35,81.91c-4.45,0-8.07-3.62-8.07-8.07s3.62-8.07,8.07-8.07,8.07,3.62,8.07,8.07-3.62,8.07-8.07,8.07ZM64.35,70.07c-2.09,0-3.78,1.7-3.78,3.78s1.7,3.78,3.78,3.78,3.78-1.7,3.78-3.78-1.69-3.78-3.78-3.78Z\"\/><\/symbol>\n<symbol id=\"icon-pills\" viewbox=\"0 0 100 100\"><path d=\"M80.94,48.32h-6.02c-1.34-2.68-3.34-4.68-6.02-6.35L30.44,15.88c-9.03-6.02-21.07-3.68-27.09,5.35s-3.68,21.07,5.02,27.09l10.7,7.36c-6.69,8.36-5.69,20.73,2.68,27.42,3.34,3.01,8.03,4.35,12.37,4.35h46.49c10.7,0,19.4-8.7,19.4-19.4s-8.36-19.73-19.06-19.73ZM70.24,48.32h-31.1l10.37-15.05,17.72,12.04c1,1,2.01,2.01,3.01,3.01ZM6.7,23.24c5.02-7.02,14.38-8.7,21.74-4.01l17.72,12.04-11.7,17.39c-4.35,0-8.7,1.67-12.04,4.35l-11.37-7.69c-7.36-5.35-9.36-15.05-4.35-22.07ZM18.73,68.05c0-8.7,7.02-15.72,15.72-15.72h21.4v31.1h-21.4c-8.7,0-15.72-7.02-15.72-15.38ZM80.94,83.44h-21.4v-31.1h21.4c9.03,0,16.39,6.69,16.39,15.72s-7.36,16.05-16.39,15.38ZM92.64,67.72s-.67,13.04-15.72,13.04c-1,0-2.01-1-2.01-2.01s1-2.01,2.01-2.01c11.37,0,12.04-8.7,12.04-9.03.33-1,1.34-1.67,2.34-1.34.67,0,1.34.67,1.34,1.34h0Z\"\/><\/symbol>\n<symbol id=\"icon-checkmark-clipboard\" viewbox=\"0 0 100 100\"><path d=\"M41.35,88.88h-21.94c-3.45,0-6.25-2.81-6.25-6.26V23.92c0-3.45,2.81-6.26,6.25-6.26,1.07,0,1.93.86,1.93,1.93s-.86,1.93-1.93,1.93c-1.32,0-2.39,1.07-2.39,2.4v58.7c0,1.32,1.08,2.4,2.39,2.4h21.94c1.07,0,1.93.86,1.93,1.93s-.86,1.93-1.93,1.93h0Z\"\/><path d=\"M68.85,54.28c-1.07,0-1.93-.87-1.93-1.93v-28.42c0-1.32-1.07-2.4-2.4-2.4-1.07,0-1.93-.86-1.93-1.93s.87-1.93,1.93-1.93c3.45,0,6.26,2.81,6.26,6.26v28.42c0,1.07-.87,1.93-1.93,1.93h0Z\"\/><path d=\"M54.54,25.23h-25.15c-3.25,0-5.89-2.39-5.89-5.33v-5.83c0-2.94,2.64-5.33,5.89-5.33h4v-1.1c0-4.21,3.85-7.64,8.57-7.64s8.57,3.43,8.57,7.64v1.11h4c3.25,0,5.89,2.39,5.89,5.33v5.83c0,2.94-2.64,5.33-5.89,5.33h0ZM29.39,12.6c-1.1,0-2.03.67-2.03,1.47v5.83c0,.8.93,1.47,2.03,1.47h25.15c1.1,0,2.03-.67,2.03-1.47v-5.83c0-.8-.93-1.47-2.03-1.47h-5.93c-1.07,0-1.93-.87-1.93-1.93v-3.04c0-2.08-2.11-3.78-4.71-3.78s-4.71,1.69-4.71,3.78v3.04c0,1.07-.87,1.93-1.93,1.93h-5.93Z\"\/><path d=\"M57.11,43.77h-31.82c-1.07,0-1.93-.86-1.93-1.93s.86-1.93,1.93-1.93h31.82c1.07,0,1.93.86,1.93,1.93s-.86,1.93-1.93,1.93Z\"\/><path d=\"M57.11,53.35h-31.82c-1.07,0-1.93-.86-1.93-1.93s.86-1.93,1.93-1.93h31.82c1.07,0,1.93.86,1.93,1.93s-.86,1.93-1.93,1.93Z\"\/><path d=\"M42.89,63.54h-17.61c-1.07,0-1.93-.86-1.93-1.93s.86-1.93,1.93-1.93h17.61c1.07,0,1.93.87,1.93,1.93s-.87,1.93-1.93,1.93Z\"\/><path d=\"M65.6,100c-11.71,0-21.24-9.53-21.24-21.24s9.53-21.24,21.24-21.24,21.24,9.53,21.24,21.24c0,11.71-9.53,21.24-21.24,21.24ZM65.6,61.38c-9.58,0-17.38,7.8-17.38,17.38s7.8,17.38,17.38,17.38,17.38-7.8,17.38-17.38-7.8-17.38-17.38-17.38Z\"\/><path d=\"M64.41,87.64c-.84,0-1.59-.54-1.84-1.35-1.33-4.26-7.05-6.65-7.1-6.67-.99-.4-1.47-1.52-1.08-2.51s1.52-1.47,2.51-1.08c.23.09,4.36,1.78,7.19,5.21,1.71-3.28,5.11-7.66,11.58-9.73,1.02-.33,2.1.24,2.43,1.25.33,1.02-.23,2.1-1.25,2.43-8.64,2.76-10.48,10.6-10.55,10.93-.19.85-.93,1.48-1.8,1.51-.03,0-.05,0-.08,0h0Z\"\/><\/symbol>\n<symbol id=\"icon-document-pen\" viewbox=\"0 0 100 100\"><path d=\"M71.92,75.29c-1.18,0-2.14.96-2.14,2.14v10.46c0,1.65-1.55,3-3.45,3H7.72c-1.9,0-3.45-1.35-3.45-3V30.32h13.48c4.26,0,7.72-3.26,7.72-7.27v-13.92h40.87c1.9,0,3.45,1.35,3.45,3v12.23c0,1.18.96,2.14,2.14,2.14s2.14-.96,2.14-2.14v-12.23c0-4.01-3.46-7.27-7.72-7.27H23.33c-.13,0-.26.02-.38.04-.01,0-.03,0-.04,0-.18.04-.35.1-.52.18-.04.02-.08.04-.12.07-.16.09-.32.2-.45.33L.62,26.67s0,0,0,0c-.13.13-.24.28-.33.44-.02.04-.04.08-.06.12-.08.16-.15.34-.19.52,0,0,0,.02,0,.02-.02.13-.04.26-.04.4v59.7c0,4.01,3.46,7.27,7.72,7.27h58.62c4.26,0,7.72-3.26,7.72-7.27v-10.46c0-1.18-.96-2.14-2.14-2.14h0ZM21.2,12.14v10.9c0,1.65-1.55,3-3.45,3H7.29l13.9-13.9h0Z\"\/><path d=\"M52.61,42.77c0-1.18-.96-2.14-2.14-2.14H18.44c-1.18,0-2.14.96-2.14,2.14s.96,2.14,2.14,2.14h32.04c1.18,0,2.14-.96,2.14-2.14h0Z\"\/><path d=\"M42.5,53.23c0-1.18-.96-2.14-2.14-2.14h-21.93c-1.18,0-2.14.96-2.14,2.14s.96,2.14,2.14,2.14h21.93c1.18,0,2.14-.96,2.14-2.14Z\"\/><path d=\"M18.44,61.55c-1.18,0-2.14.96-2.14,2.14s.96,2.14,2.14,2.14h16.87c1.18,0,2.14-.96,2.14-2.14s-.96-2.14-2.14-2.14h-16.87Z\"\/><path d=\"M97.53,34.84l-8.85-9.11c-1.63-1.67-3.81-2.62-6.14-2.65-2.33-.03-4.54.84-6.21,2.47l-30.5,29.63c-.12.11-.22.24-.3.37-.42.26-.76.66-.92,1.17l-8.18,26.01c-.24.75-.04,1.57.5,2.13.41.42.96.65,1.53.65.19,0,.39-.03.58-.08l26.24-7.43c.51-.15.92-.47,1.2-.89.13-.08.27-.18.38-.29l30.5-29.63c1.67-1.63,2.62-3.81,2.65-6.14.03-2.33-.84-4.54-2.47-6.21h0ZM48,60.14l13.95,14.36-20.28,5.74,6.33-20.1h0ZM94.37,44.13l-28.79,27.97-15.07-15.52,28.79-27.97c.85-.83,1.99-1.28,3.17-1.26,1.19.02,2.31.5,3.14,1.35l8.85,9.12c.83.85,1.28,1.98,1.26,3.17-.02,1.19-.5,2.3-1.35,3.14h0Z\"\/><\/symbol>\n\t\t<\/svg>\n\t<\/div>\n<\/nav>\n\n\n\n<section id=\"block_0711d4ae522a4e7084b2bd27826ea9d0\" class=\"shs-block block-section grid-container has-gray-warm-background-color\" >\n\t\t<div class=\"entry-content\">\n\n<h2 class=\"wp-block-heading\">Bienvenido a Samaritan Advantage<\/h2>\n\n\n\n<p>A partir de 2026, Samaritan Advantage Health Plans ofrecer\u00e1 un plan de Medicare: <strong>Samaritano Dual Advantage <\/strong>(HMO D-SNP). Este plan est\u00e1 dise\u00f1ado para personas con cobertura de Medicare y Medicaid (Plan de Salud Oregon).<\/p>\n\n<\/div>\n\t<\/section>\n\n\n\n<section id=\"block_43c7967eb518f3288046cec0b4984332\" class=\"shs-block block-section grid-container has-white-background-color has-full-bleed-image col-reverse\" >\n\t\t\t<figure class=\"image\"\n\t\t\tstyle=\"background-image: url(https:\/\/samhealthplans.org\/wp-content\/uploads\/sites\/3\/senior-couple-in-park-RECT.jpg)\" \t\t\t>\n\t\t\t<img loading=\"lazy\" decoding=\"async\" width=\"960\" height=\"560\" src=\"https:\/\/samhealthplans.org\/wp-content\/uploads\/sites\/3\/senior-couple-in-park-RECT.jpg\" class=\"attachment-full size-full\" alt=\"Una pareja mayor se r\u00ede sentada en un banco del parque. Hay hojas de oto\u00f1o en el suelo.\" srcset=\"https:\/\/samhealthplans.org\/wp-content\/uploads\/sites\/3\/senior-couple-in-park-RECT.jpg 960w, https:\/\/samhealthplans.org\/wp-content\/uploads\/sites\/3\/senior-couple-in-park-RECT-300x175.jpg 300w, https:\/\/samhealthplans.org\/wp-content\/uploads\/sites\/3\/senior-couple-in-park-RECT-768x448.jpg 768w, https:\/\/samhealthplans.org\/wp-content\/uploads\/sites\/3\/senior-couple-in-park-RECT-18x12.jpg 18w, https:\/\/samhealthplans.org\/wp-content\/uploads\/sites\/3\/senior-couple-in-park-RECT-171x100.jpg 171w\" sizes=\"auto, (max-width: 960px) 100vw, 960px\" \/>\t\t<\/figure>\n\t\t<div class=\"entry-content\">\n\n<h2 class=\"wp-block-heading\">Beneficios del Dual Advantage<\/h2>\n\n\n\n<p>Con Samaritan Dual Advantage, obtiene la misma atenci\u00f3n local confiable, adem\u00e1s de soporte y beneficios adicionales:<\/p>\n\n\n\n<ul class=\"wp-block-list\">\n<li>$0 copagos para muchos servicios cubiertos por Medicare y Medicaid.<\/li>\n\n\n\n<li>Cobertura de medicamentos recetados, incluida Ayuda Adicional autom\u00e1tica para reducir sus costos.<\/li>\n\n\n\n<li>Acceso a una amplia red de m\u00e9dicos, hospitales y farmacias locales.<\/li>\n\n\n\n<li>Beneficios adicionales como cobertura dental, de visi\u00f3n, de audici\u00f3n, programas de acondicionamiento f\u00edsico y m\u00e1s.<\/li>\n<\/ul>\n\n\n\n<p>Si califica para Medicare y Medicaid y vive en los condados Benton, Linn o Lincoln, Samaritan Dual Advantage est\u00e1 aqu\u00ed para ayudarlo.<\/p>\n\n\n\n<div class=\"wp-block-button\"><a class=\"wp-block-button__link wp-element-button\" href=\"https:\/\/samhealthplans.org\/es\/planes-de-la-tienda-samaritana\/ventaja-de-medicare\/compara-nuestros-planes\/\">Vea nuestro plan<\/a><\/div>\n\n<\/div>\n\t<\/section>\n\n\n\n<section id=\"block_565f1fc1a450a00907ee1479694870ec\" class=\"shs-block block-section grid-container has-blue-primary-background-color\" >\n\t\t<div class=\"entry-content\">\n\n<h2 class=\"wp-block-heading has-text-align-center\" id=\"h-contact-our-sales-agents\">Contacte con nuestros agentes<\/h2>\n\n\n\n<p class=\"has-text-align-center\">\u00a0Llamada gratuita:\u00a0<a href=\"tel:866-747-5267\">866-747-5267<\/a><br>\u00a0 \u00a0 \u00a0Tel\u00e9fono de texto:\u00a0<a href=\"tel:800-735-2900\">800-735-2900<\/a><br><br>Los agentes est\u00e1n disponibles de lunes a viernes de 8 a.m. to 8 p.m..<\/p>\n\n<\/div>\n\t<\/section>\n\n\n\n<section id=\"block_d40826e1506acb9f8d7f5c1b6c649290\" class=\"shs-block block-alert grid-container has-white-background-color\">\n\n\t<div class=\"acf-innerblocks-container\">\n\n<p class=\"has-text-align-center\">P\u00e1gina actualizada el 13\/04\/2026<\/p>\n\n<\/div>\n\n<\/section>","protected":false},"excerpt":{"rendered":"<p>Ahora hay m\u00e1s razones que nunca para disfrutar del \u00fanico plan Medicare Advantage administrado localmente en los condados de Benton, Lincoln y Linn. <\/p>","protected":false},"author":21,"featured_media":0,"parent":11,"menu_order":1,"comment_status":"closed","ping_status":"closed","template":"","meta":{"_acf_changed":false,"_searchwp_excluded":"","_shs_workflow_notes":"","_shs_exclude_from_navigation":false,"_shs_promote_article_on_blogs":"","footnotes":""},"class_list":["post-184","page","type-page","status-publish","hentry"],"acf":[],"_links":{"self":[{"href":"https:\/\/samhealthplans.org\/es\/wp-json\/wp\/v2\/pages\/184","targetHints":{"allow":["GET"]}}],"collection":[{"href":"https:\/\/samhealthplans.org\/es\/wp-json\/wp\/v2\/pages"}],"about":[{"href":"https:\/\/samhealthplans.org\/es\/wp-json\/wp\/v2\/types\/page"}],"author":[{"embeddable":true,"href":"https:\/\/samhealthplans.org\/es\/wp-json\/wp\/v2\/users\/21"}],"replies":[{"embeddable":true,"href":"https:\/\/samhealthplans.org\/es\/wp-json\/wp\/v2\/comments?post=184"}],"version-history":[{"count":1,"href":"https:\/\/samhealthplans.org\/es\/wp-json\/wp\/v2\/pages\/184\/revisions"}],"predecessor-version":[{"id":13576,"href":"https:\/\/samhealthplans.org\/es\/wp-json\/wp\/v2\/pages\/184\/revisions\/13576"}],"up":[{"embeddable":true,"href":"https:\/\/samhealthplans.org\/es\/wp-json\/wp\/v2\/pages\/11"}],"wp:attachment":[{"href":"https:\/\/samhealthplans.org\/es\/wp-json\/wp\/v2\/media?parent=184"}],"curies":[{"name":"Gracias","href":"https:\/\/api.w.org\/{rel}","templated":true}]}}