{"id":186,"date":"2023-06-05T18:04:10","date_gmt":"2023-06-06T01:04:10","guid":{"rendered":"https:\/\/samhealth.org\/samhealthplans\/?page_id=186"},"modified":"2025-01-16T14:45:40","modified_gmt":"2025-01-16T22:45:40","slug":"seguro-de-enfermedad","status":"publish","type":"page","link":"https:\/\/samhealthplans.org\/es\/shop-samaritan-plans\/medicaid\/","title":{"rendered":"Medicaid"},"content":{"rendered":"<section id=\"block_d11ba888367c26d4b0eab8bee8e6a4e0\" class=\"shs-block block-section grid-container has-white-background-color\" >\n\t\t<div class=\"entry-content\">\n\n<h1 class=\"wp-block-heading\" id=\"h-medicaid\">Medicaid<\/h1>\n\n<\/div>\n\t<\/section>\n\n\n\n<section id=\"block_d11ba888367c26d4b0eab8bee8e6a4e0\" class=\"shs-block block-section grid-container has-white-background-color\" >\n\t\t<div class=\"entry-content\">\n\n<h2 class=\"wp-block-heading\">\u00bfEst\u00e1 explorando el Oregon Health Plan?<\/h2>\n\n\n\n<p>InterCommunity Health Network Coordinated Care Organization (IHN-CCO) atiende a m\u00e1s de 86 000 miembros del plan de salud Oregon (Medicaid) en los condados Benton, Lincoln y Linn. La IHN-CCO tiene el compromiso de mejorar la salud de nuestras comunidades.<\/p>\n\n<\/div>\n\t<\/section>\n\n\n\n<section id=\"block_ecb3fa62af5f17af45ba6bf167c6f53d\" class=\"shs-block block-section grid-container has-gray-warm-background-color\" >\n\t\t<div class=\"entry-content\">\n\n<h2 class=\"wp-block-heading\">Reg\u00edstrese visitando el sitio web del Oregon Health Plan<\/h2>\n\n\n\n<p>Si est\u00e1 interesado en solicitar el Oregon Health Plan, puede&nbsp;<a href=\"https:\/\/www.oregon.gov\/oha\/HSD\/OHP\/Pages\/Apply.aspx\" target=\"_blank\" rel=\"noreferrer noopener\">aplicar<\/a>&nbsp;en l\u00ednea o con una solicitud en papel.&nbsp;<\/p>\n\n\n\n<p>En el sitio web del Oregon Health Plan, encontrar\u00e1 informaci\u00f3n sobre el plan y la inscripci\u00f3n, preguntas frecuentes, res\u00famenes de beneficios y m\u00e1s.<\/p>\n\n\n\n<div class=\"wp-block-buttons is-layout-flex wp-block-buttons-is-layout-flex\">\n<div class=\"wp-block-button\"><a class=\"wp-block-button__link wp-element-button\" href=\"https:\/\/www.oregon.gov\/oha\/HSD\/OHP\/Pages\/index.aspx\" target=\"_blank\" rel=\"noreferrer noopener\">Accede al Oregon Health Plan<\/a><\/div>\n<\/div>\n\n<\/div>\n\t<\/section>\n\n\n\n<section id=\"block_d11ba888367c26d4b0eab8bee8e6a4e0\" class=\"shs-block block-section grid-container has-white-background-color\" >\n\t\t<div class=\"entry-content\">\n\n<h2 class=\"wp-block-heading\">InterCommunity Health Network CCO<\/h2>\n\n\n\n<p>La IHN-CCO re\u00fane a proveedores, socios, gobiernos locales, ciudadanos y miembros para hacer de la atenci\u00f3n m\u00e9dica un asunto comunitario. Como miembro, tendr\u00e1 acceso a una red de proveedores de atenci\u00f3n m\u00e9dica para satisfacer sus necesidades de salud mental, f\u00edsica y dental. Tambi\u00e9n tendr\u00e1 acceso a muchos servicios que lo ayudar\u00e1n a obtener la mejor atenci\u00f3n posible.<\/p>\n\n\n\n<div class=\"wp-block-buttons is-layout-flex wp-block-buttons-is-layout-flex\">\n<div class=\"wp-block-button\"><a class=\"wp-block-button__link wp-element-button\" href=\"https:\/\/www.ihntogether.org\/\" target=\"_blank\" rel=\"noreferrer noopener\">Obtenga m\u00e1s informaci\u00f3n sobre IHN-CCO<\/a><\/div>\n<\/div>\n\n<\/div>\n\t<\/section>","protected":false},"excerpt":{"rendered":"<p>La oInterCommunity Health Network Coordinated Care Organization brinda servicios a los miembros del plan de salud Oregon (OHP) en los condados Benton, Lincoln y Linn. Inscr\u00edbase a trav\u00e9s del OHP. <\/p>","protected":false},"author":11,"featured_media":0,"parent":11,"menu_order":2,"comment_status":"closed","ping_status":"closed","template":"","meta":{"_acf_changed":false,"_searchwp_excluded":"","_shs_workflow_notes":"","_shs_exclude_from_navigation":false,"_shs_promote_article_on_blogs":"","footnotes":""},"class_list":["post-186","page","type-page","status-publish","hentry"],"acf":[],"_links":{"self":[{"href":"https:\/\/samhealthplans.org\/es\/wp-json\/wp\/v2\/pages\/186","targetHints":{"allow":["GET"]}}],"collection":[{"href":"https:\/\/samhealthplans.org\/es\/wp-json\/wp\/v2\/pages"}],"about":[{"href":"https:\/\/samhealthplans.org\/es\/wp-json\/wp\/v2\/types\/page"}],"author":[{"embeddable":true,"href":"https:\/\/samhealthplans.org\/es\/wp-json\/wp\/v2\/users\/11"}],"replies":[{"embeddable":true,"href":"https:\/\/samhealthplans.org\/es\/wp-json\/wp\/v2\/comments?post=186"}],"version-history":[{"count":0,"href":"https:\/\/samhealthplans.org\/es\/wp-json\/wp\/v2\/pages\/186\/revisions"}],"up":[{"embeddable":true,"href":"https:\/\/samhealthplans.org\/es\/wp-json\/wp\/v2\/pages\/11"}],"wp:attachment":[{"href":"https:\/\/samhealthplans.org\/es\/wp-json\/wp\/v2\/media?parent=186"}],"curies":[{"name":"Gracias","href":"https:\/\/api.w.org\/{rel}","templated":true}]}}