{"id":1999,"date":"2023-06-21T03:15:29","date_gmt":"2023-06-21T10:15:29","guid":{"rendered":"https:\/\/samhealth.org\/samhealthplans\/?page_id=1999"},"modified":"2025-01-15T16:08:57","modified_gmt":"2025-01-16T00:08:57","slug":"incentivo-habitos-saludables","status":"publish","type":"page","link":"https:\/\/samhealthplans.org\/es\/plan-members\/samaritan-employees\/mywellness-incentives\/healthy-habits-incentive\/","title":{"rendered":"Incentivo de h\u00e1bitos saludables"},"content":{"rendered":"<section id=\"block_f071c8e97c4d9d5e19c41320bb86d956\" class=\"shs-block block-section grid-container has-white-background-color\" >\n\t\t<div class=\"entry-content\">\n\n<h1 class=\"wp-block-heading\" id=\"h-healthy-habits-incentive\">Incentivo de h\u00e1bitos saludables<\/h1>\n\n<\/div>\n\t<\/section>\n\n\n\n<section id=\"block_f071c8e97c4d9d5e19c41320bb86d956\" class=\"shs-block block-section grid-container has-white-background-color\" >\n\t\t<div class=\"entry-content\">\n\n<p>Para 2025, los empleados de Samaritan que est\u00e9n suscritos al plan m\u00e9dico Choice (el empleado al que se le retiene la prima del plan de salud de su salario) pueden recibir $150 al obtener un total de 20 puntos por completar una variedad de actividades relacionadas con la salud. Las opciones incluyen un examen f\u00edsico de rutina o una evaluaci\u00f3n preventiva, un examen dental, una vacuna contra la gripe, cursos en l\u00ednea y eventos de bienestar financiero.<\/p>\n\n\n\n<p><strong>Seguimiento de sus puntos&nbsp;<\/strong><\/p>\n\n\n\n<p>Realiza un seguimiento y gestiona tus puntos en el&nbsp;<em>Mi Bienestar&nbsp;<\/em>portal (acceso desde&nbsp;<a href=\"https:\/\/myhealthplan.samhealth.org\/portal\/Login.aspx?ReturnUrl=%2fportal%2f\" target=\"_blank\" rel=\"noreferrer noopener\">MyHealthPlan<\/a>).<\/p>\n\n\n\n<figure class=\"wp-block-table is-style-color\"><table class=\"has-fixed-layout\"><thead><tr><th><strong>Opciones para 2025<\/strong><br><\/th><th><strong>C\u00f3mo ganar puntos<\/strong><br><\/th><th><strong>Puntos otorgados<\/strong><br><\/th><\/tr><\/thead><tbody><tr><td><strong>Examen f\u00edsico preventivo de rutina<\/strong> <strong>o Proyecci\u00f3n<\/strong><\/td><td>Complete hasta dos de los siguientes: examen f\u00edsico de rutina anual, mamograf\u00eda, detecci\u00f3n colorrectal, examen de pr\u00f3stata o prueba de Papanicolaou. Sus puntos se cargar\u00e1n en la base de datos.&nbsp;<em>Mi Bienestar<\/em>&nbsp;portal dentro de los 90 d\u00edas posteriores a su examen.<\/td><td><strong><strong><strong>8 puntos\/examen; m\u00e1ximo 16 puntos permitidos.<\/strong><\/strong><\/strong><\/td><\/tr><tr><td><strong>Examen dental preventivo<\/strong><\/td><td>Autoinforme su examen dental a trav\u00e9s de la&nbsp;<em>Mi Bienestar<\/em>&nbsp;portal.<\/td><td><strong>5 puntos<\/strong>.<\/td><\/tr><tr><td><strong>Vacuna contra la gripe<\/strong><\/td><td>Autoinforme sobre su vacuna contra la gripe a trav\u00e9s de&nbsp;<em>Mi Bienestar<\/em>&nbsp;portal. Si recibe su vacuna contra la gripe de un proveedor, sus puntos se cargar\u00e1n autom\u00e1ticamente en el portal.&nbsp;<em>Mi Bienestar<\/em>&nbsp;portal dentro de los 90 d\u00edas posteriores a su visita de vacunaci\u00f3n contra la gripe.&nbsp;<\/td><td><strong>2 puntos<\/strong>.<\/td><\/tr><tr><td><strong>En l\u00ednea<em>&nbsp;<\/em>Curso<\/strong><\/td><td>A trav\u00e9s de la <em>Mi Bienestar<\/em>&nbsp;Portal, cursos completos de salud y bienestar en l\u00ednea. <br>Hay diez cursos \u00fanicos disponibles.<\/td><td><strong><strong>2 puntos\/curso; m\u00e1ximo 12 puntos permitidos<\/strong><\/strong>.<\/td><\/tr><tr><td><strong>Eventos de bienestar financiero<\/strong><\/td><td>Complete cualquiera de los eventos de bienestar financiero patrocinados por SHS que se enumeran a continuaci\u00f3n. Est\u00e9 atento a los anuncios por correo electr\u00f3nico o comun\u00edquese con Recursos humanos de Samaritan para conocer las fechas y los horarios de los eventos disponibles. Los puntos de estos eventos se cargar\u00e1n en el sitio web.&nbsp;<em>Mi Bienestar<\/em>&nbsp;portal con car\u00e1cter trimestral.<br><strong>Principal:<\/strong><br>\u2022 Asistir a una reuni\u00f3n individual de Retire Secure.<br>\u2022 Configure beneficiarios para su(s) cuenta(s).<br>\u2022 Configure la seguridad de autenticaci\u00f3n de dos factores para su cuenta.<br>&nbsp;<strong>NW Mutual\/Dragoo Financial:&nbsp;<\/strong><br>\u2022 Asistir a seminarios educativos grupales.<\/td><td><strong>2 puntos\/evento; m\u00e1ximo de 10 puntos permitidos<br><\/strong>(no se otorgar\u00e1n puntos por eventos duplicados).<\/td><\/tr><\/tbody><tfoot><tr><td><strong>C\u00f3mo lograr incentivos<\/strong><\/td><td><strong>Se necesitan 20 puntos para calificar para el incentivo<\/strong><\/td><td><strong>45 puntos posibles<\/strong><\/td><\/tr><\/tfoot><\/table><\/figure>\n\n\n\n<h2 class=\"wp-block-heading\">Reglas de elegibilidad<\/h2>\n\n\n\n<ul class=\"wp-block-list\">\n<li>El per\u00edodo de incentivo comienza el 1 de enero de 2025 y finaliza el 31 de diciembre de 2025.<\/li>\n\n\n\n<li>El empleado debe estar inscrito como suscriptor en un plan m\u00e9dico Samaritan Choice a partir del 31 de diciembre de 2025 para ser elegible para participar en el incentivo de 2025.<\/li>\n\n\n\n<li>Todos los puntos obtenidos se rastrear\u00e1n en l\u00ednea a trav\u00e9s de&nbsp;<em>Mi Bienestar<\/em>&nbsp;portal, al que se puede acceder a trav\u00e9s de MyHealthPlan.<\/li>\n\n\n\n<li>Los puntos se cargar\u00e1n autom\u00e1ticamente en el&nbsp;<em>Mi Bienestar<\/em>&nbsp;portal al recibir una reclamaci\u00f3n de su proveedor dentro de los 90 d\u00edas posteriores a su examen f\u00edsico de rutina preventivo o evaluaci\u00f3n preventiva. Los puntos por eventos de bienestar financiero se cargar\u00e1n trimestralmente.<\/li>\n\n\n\n<li>El suscriptor de un plan m\u00e9dico Samaritan Choice debe completar al menos 20 puntos totales de los 45 posibles para calificar para el incentivo de 2025. El incentivo $150 se distribuir\u00e1 dentro de los primeros dos trimestres de 2026.<\/li>\n\n\n\n<li>Las fechas de servicio para actividades elegibles deben prestarse dentro del per\u00edodo de incentivo y ocurrir durante el tiempo de empleo con Samaritan Health Services.<\/li>\n\n\n\n<li>Los servicios deben prestarse dentro del per\u00edodo de incentivo mientras el empleado est\u00e9 inscrito como suscriptor en el plan m\u00e9dico Samaritan Choice.<\/li>\n\n\n\n<li>El empleado debe ser un empleado activo al momento de la distribuci\u00f3n en 2026.<\/li>\n\n\n\n<li>Todas las actividades de autoinforme, incluidos el examen dental y la vacuna contra la gripe, deben ingresarse a m\u00e1s tardar el 15 de enero de 2026. Todas las actividades registradas en enero de 2026 deben haberse completado antes del 31 de diciembre de 2025 para ser elegibles para el incentivo de 2025.<\/li>\n<\/ul>\n\n<\/div>\n\t<\/section>\n\n\n\n<section id=\"block_f071c8e97c4d9d5e19c41320bb86d956\" class=\"shs-block block-section grid-container has-white-background-color\" >\n\t\t<div class=\"entry-content\">\n\n<h2 class=\"wp-block-heading\">Preguntas frecuentes<\/h2>\n\n\n\n<p>A continuaci\u00f3n, se ofrecen algunas respuestas a las preguntas que pueda tener sobre el Incentivo de H\u00e1bitos Saludables. \u00bfA\u00fan tiene preguntas?&nbsp;<a href=\"https:\/\/samhealthplans.org\/es\/comuniquese-con-los-planes-de-salud-de-samaritan\/\" target=\"_blank\" rel=\"noreferrer noopener\">Env\u00edanos un correo electr\u00f3nico.<\/a><\/p>\n\n\n\n<div id=\"block_0af9c9cfc34fd5745c803a21788d655a\" class=\"shs-block accordion\">\n\t<h3 class=\"accordion-title\">\n\t\t<button\n\t\t\ttype=\"button\"\n\t\t\tid=\"accordion_title_69ef68e6f371c6.30638454\"\n\t\t\tclass=\"accordion-control\" aria-expanded=\"false\"\n\t\t\taria-controls=\"accordion_panel_69ef68e6f37215.82257167\">\u00bfC\u00f3mo puedo realizar el seguimiento de mis puntos? <span class=\"iconfont-chevron-right\"><\/span><\/button>\n\t<\/h3>\n\t<section\n\t\tid=\"accordion_panel_69ef68e6f37215.82257167\"\n\t\tclass=\"accordion-panel\"\n\t\taria-labelledby=\"accordion_title_69ef68e6f371c6.30638454\" style=\"height:0\">\n\t\t<div class=\"entry-content\">\n\n<p>Realice un seguimiento de sus puntos en el&nbsp;<em>Mi bienestar<\/em>&nbsp;portal (accesible desde&nbsp;<a href=\"https:\/\/myhealthplan.samhealth.org\/\" target=\"_blank\" rel=\"noreferrer noopener\">MyHealthPlan<\/a>).&nbsp;<\/p>\n\n\n\n<p>Los puntos se cargan autom\u00e1ticamente dentro de los 90 d\u00edas posteriores a la recepci\u00f3n de la reclamaci\u00f3n de su proveedor por un examen f\u00edsico de rutina preventivo o una evaluaci\u00f3n preventiva. Los puntos por eventos de bienestar financiero se cargan trimestralmente. Debe tener al menos 20 puntos en total para calificar para el Incentivo de h\u00e1bitos saludables $150 para 2025, que se distribuir\u00e1 dentro de los primeros dos trimestres de 2026.&nbsp;<\/p>\n\n\n\n<div class=\"wp-block-button\"><a class=\"wp-block-button__link wp-element-button\" href=\"https:\/\/myhealthplan.samhealth.org\/\" target=\"_blank\" rel=\"noreferrer noopener\">Ir a MyHealthPlan<\/a><\/div>\n\n<\/div>\n\t<\/section>\n<\/div>\n\n\n\n<div id=\"block_10396872b624b0c7d252023553d7b0af\" class=\"shs-block accordion\">\n\t<h3 class=\"accordion-title\">\n\t\t<button\n\t\t\ttype=\"button\"\n\t\t\tid=\"accordion_title_69ef68e6f38af8.21740432\"\n\t\t\tclass=\"accordion-control\" aria-expanded=\"false\"\n\t\t\taria-controls=\"accordion_panel_69ef68e6f38b19.78568588\">\u00bfC\u00f3mo puedo ganar puntos por mi examen dental preventivo o mi vacuna contra la gripe? <span class=\"iconfont-chevron-right\"><\/span><\/button>\n\t<\/h3>\n\t<section\n\t\tid=\"accordion_panel_69ef68e6f38b19.78568588\"\n\t\tclass=\"accordion-panel\"\n\t\taria-labelledby=\"accordion_title_69ef68e6f38af8.21740432\" style=\"height:0\">\n\t\t<div class=\"entry-content\">\n\n<p>Puede autoinformar puntos para su examen dental preventivo y vacuna contra la gripe iniciando sesi\u00f3n en&nbsp;<em>Mi Bienestar<\/em>&nbsp;portal (accesible desde&nbsp;<a href=\"https:\/\/myhealthplan.samhealth.org\/\" target=\"_blank\" rel=\"noreferrer noopener\">MyHealthPlan<\/a>).<\/p>\n\n<\/div>\n\t<\/section>\n<\/div>\n\n\n\n<div id=\"block_0f736a46c97e5b3767557f55217157b3\" class=\"shs-block accordion\">\n\t<h3 class=\"accordion-title\">\n\t\t<button\n\t\t\ttype=\"button\"\n\t\t\tid=\"accordion_title_69ef68e6f39d92.67503470\"\n\t\t\tclass=\"accordion-control\" aria-expanded=\"false\"\n\t\t\taria-controls=\"accordion_panel_69ef68e6f39da0.13791368\">\u00bfCu\u00e1ndo se distribuir\u00e1 mi incentivo de h\u00e1bitos saludables 2025? <span class=\"iconfont-chevron-right\"><\/span><\/button>\n\t<\/h3>\n\t<section\n\t\tid=\"accordion_panel_69ef68e6f39da0.13791368\"\n\t\tclass=\"accordion-panel\"\n\t\taria-labelledby=\"accordion_title_69ef68e6f39d92.67503470\" style=\"height:0\">\n\t\t<div class=\"entry-content\">\n\n<p>Su Incentivo de H\u00e1bitos Saludables de 2025 estar\u00e1 sujeto a impuestos y se distribuir\u00e1 dentro de los primeros dos trimestres de 2026. Debe tener al menos 20 puntos en total y ser un empleado activo al momento de la distribuci\u00f3n en 2026 para calificar para el Incentivo de H\u00e1bitos Saludables $150.<\/p>\n\n<\/div>\n\t<\/section>\n<\/div>\n\n<\/div>\n\t<\/section>\n\n\n\n<section id=\"block_f071c8e97c4d9d5e19c41320bb86d956\" class=\"shs-block block-section grid-container has-white-background-color\" >\n\t\t<div class=\"entry-content\">\n\n<h2 class=\"wp-block-heading\">\u00bfPreguntas?<\/h2>\n\n\n\n<p>Si tiene preguntas sobre el Incentivo de H\u00e1bitos Saludables $150 para suscriptores del plan m\u00e9dico Samaritan Choice, comun\u00edquese con Servicio al Cliente al&nbsp;<strong><a href=\"tel:541-768-4550\">541-768-4550<\/a><\/strong>De lunes a viernes, de 8 a m a 18 p m.<\/p>\n\n\n\n<p>Para asistencia t\u00e9cnica o preguntas sobre el&nbsp;<em>Mi Bienestar&nbsp;<\/em>portal, comun\u00edquese con Asset Health al&nbsp;<a href=\"mailto:support@assethealth.com\" target=\"_blank\" rel=\"noreferrer noopener\">support@assethealth.com<\/a> o <strong>855-444-1255<\/strong>, De lunes a viernes de 5 a m a 5 p m&nbsp;<\/p>\n\n<\/div>\n\t<\/section>","protected":false},"excerpt":{"rendered":"<p>Detalles del incentivo de h\u00e1bitos saludables para miembros del Plan de Bienestar Samaritan Choice.<\/p>","protected":false},"author":11,"featured_media":0,"parent":1826,"menu_order":2,"comment_status":"closed","ping_status":"closed","template":"","meta":{"_acf_changed":false,"_searchwp_excluded":"","_shs_workflow_notes":"","_shs_exclude_from_navigation":true,"_shs_promote_article_on_blogs":"","footnotes":""},"class_list":["post-1999","page","type-page","status-publish","hentry"],"acf":[],"_links":{"self":[{"href":"https:\/\/samhealthplans.org\/es\/wp-json\/wp\/v2\/pages\/1999","targetHints":{"allow":["GET"]}}],"collection":[{"href":"https:\/\/samhealthplans.org\/es\/wp-json\/wp\/v2\/pages"}],"about":[{"href":"https:\/\/samhealthplans.org\/es\/wp-json\/wp\/v2\/types\/page"}],"author":[{"embeddable":true,"href":"https:\/\/samhealthplans.org\/es\/wp-json\/wp\/v2\/users\/11"}],"replies":[{"embeddable":true,"href":"https:\/\/samhealthplans.org\/es\/wp-json\/wp\/v2\/comments?post=1999"}],"version-history":[{"count":0,"href":"https:\/\/samhealthplans.org\/es\/wp-json\/wp\/v2\/pages\/1999\/revisions"}],"up":[{"embeddable":true,"href":"https:\/\/samhealthplans.org\/es\/wp-json\/wp\/v2\/pages\/1826"}],"wp:attachment":[{"href":"https:\/\/samhealthplans.org\/es\/wp-json\/wp\/v2\/media?parent=1999"}],"curies":[{"name":"Gracias","href":"https:\/\/api.w.org\/{rel}","templated":true}]}}