{"id":2,"date":"2023-10-01T00:01:00","date_gmt":"2023-10-01T07:01:00","guid":{"rendered":"https:\/\/samhealth.org\/samhealthplans\/?page_id=2"},"modified":"2026-04-14T14:28:30","modified_gmt":"2026-04-14T21:28:30","slug":"hogar","status":"publish","type":"page","link":"https:\/\/samhealthplans.org\/es\/","title":{"rendered":"Samaritan Health Plans"},"content":{"rendered":"<aside role=\"region\" aria-roledescription=\"carousel\" class=\"shs-block slideshow glide\" aria-labelledby=\"carousel_heading\">\n\t<h2 id=\"carousel_heading\" class=\"sr-only\">Anuncios de Samaritan Health Plans<\/h2>\n\t<div class=\"glide__track\" data-glide-el=\"track\">\n\t\t<ul class=\"glide__slides\" role=\"presentation\">\n\t\t\t\t\t\t\t\t\t\t\t<li id=\"carousel-item-0\" class=\"slide glide__slide grid-container has-blue-light-background-color has-content-right\" role=\"group\" aria-roledescription=\"Slide\" aria-labelledby=\"carousel-item-0__heading\" style=\"background-image: url(https:\/\/samhealthplans.org\/wp-content\/uploads\/sites\/3\/SHS-Brand-Illustration-Final-LORES.jpg); background-position:50% 50%;\">\n\t\t\t\t\t<article class=\"slide-content has-contrast-box\">\n\n\t\t\t\t\t\t\n\t\t\t\t\t\t<h3 id=\"carousel-item-0__heading\" class=\"slide-title\">\n\t\t\t\t\t\t<span class=\"slide-title--part is-m\">Samaritan Health Services, Samaritan Health Plans e InterCommunity Health Network CCO se afiliar\u00e1n a MultiCare<\/span>\n\t\t\t\t\t\t\t\t\t\t\t\t<\/h3>\n\n\t\t\t\t\t\t<p><\/p>\n\t\t\t\t\t\t\t\t\t\t\t\t\t<a href=\"https:\/\/samhealth.org\/about-samaritan\/our-organization\/samaritan-multicare-affiliation\/\" target=\"_blank\" class=\"shs-button\" rel=\"noopener\">M\u00e1s informaci\u00f3n<\/a>\n\t\t\t\t\t\t\t\t\t\t\t\t<\/article>\n\t\t\t\t<\/li>\n\t\t\t\t\t\t\t\t\t\t\t\t\t\t\t\t<li id=\"carousel-item-1\" class=\"slide glide__slide grid-container has-gray-warm-background-color has-content-left\" role=\"group\" aria-roledescription=\"Slide\" aria-labelledby=\"carousel-item-1__heading\" style=\"background-image: url(https:\/\/samhealthplans.org\/wp-content\/uploads\/sites\/3\/2023\/05\/Sick-infant-son-mom-with-doctor-307-SS.jpg); background-position:50% 50%;\">\n\t\t\t\t\t<article class=\"slide-content has-contrast-box\">\n\n\t\t\t\t\t\t\n\t\t\t\t\t\t<h3 id=\"carousel-item-1__heading\" class=\"slide-title\">\n\t\t\t\t\t\t<span class=\"slide-title--part is-xs\">Reciba atenci\u00f3n m\u00e9dica cuando y donde la necesite<\/span>\n\t\t\t\t\t\t\t\t\t\t\t\t\t<span  class=\"slide-title--part is-m\">Atenci\u00f3n m\u00e9dica virtual disponible las 24 horas, los 7 d\u00edas de la semana<\/span>\n\t\t\t\t\t\t\t\t\t\t\t\t<\/h3>\n\n\t\t\t\t\t\t<p>Ya sea que est\u00e9 lejos de casa o prefiera la comodidad de una visita virtual, Teladoc puede ayudarlo, \u00a1sin copagos ni costos de bolsillo para los miembros de nuestro plan!<\/p>\n\t\t\t\t\t\t\t\t\t\t\t\t\t<a href=\"https:\/\/samhealthplans.org\/es\/miembros-del-plan\/telesalud\/\" target=\"_self\" class=\"shs-button\">Obtenga m\u00e1s informaci\u00f3n sobre el uso de Teladoc<\/a>\n\t\t\t\t\t\t\t\t\t\t\t\t<\/article>\n\t\t\t\t<\/li>\n\t\t\t\t\t\t\t\t\t\t\t\t\t\t\t\t<li id=\"carousel-item-2\" class=\"slide glide__slide grid-container has-blue-light-background-color has-content-left\" role=\"group\" aria-roledescription=\"Slide\" aria-labelledby=\"carousel-item-2__heading\" style=\"background-image: url(https:\/\/samhealthplans.org\/wp-content\/uploads\/sites\/3\/woman-checking-provider-directory-SS.jpg); background-position:50% 50%;\">\n\t\t\t\t\t<article class=\"slide-content has-contrast-box\">\n\n\t\t\t\t\t\t\n\t\t\t\t\t\t<h3 id=\"carousel-item-2__heading\" class=\"slide-title\">\n\t\t\t\t\t\t<span class=\"slide-title--part is-m\">\u00bfBuscas un proveedor?<\/span>\n\t\t\t\t\t\t\t\t\t\t\t\t<\/h3>\n\n\t\t\t\t\t\t<p>El Directorio de proveedores Samaritan Health Plans puede ayudarlo a encontrar proveedores dentro de la red cubiertos por su plan.<\/p>\n\t\t\t\t\t\t\t\t\t\t\t\t\t<a href=\"https:\/\/samhealthplans.org\/es\/encontrar-un-proveedor\/directorio-de-proveedores-de-consejos-de-navegacion\/\" target=\"_self\" class=\"shs-button\">Obtenga m\u00e1s informaci\u00f3n y consejos de navegaci\u00f3n<\/a>\n\t\t\t\t\t\t\t\t\t\t\t\t<\/article>\n\t\t\t\t<\/li>\n\t\t\t\t\t\t\t\t\t\t\t\t\t\t\t\t<li id=\"carousel-item-3\" class=\"slide glide__slide grid-container has-white-background-color has-content-right\" role=\"group\" aria-roledescription=\"Slide\" aria-labelledby=\"carousel-item-3__heading\" style=\"background-image: url(https:\/\/samhealthplans.org\/wp-content\/uploads\/sites\/3\/family-parents-children-embracing-in-park-SS.jpg); background-position:50% 21%;\">\n\t\t\t\t\t<article class=\"slide-content has-contrast-box\">\n\n\t\t\t\t\t\t\n\t\t\t\t\t\t<h3 id=\"carousel-item-3__heading\" class=\"slide-title\">\n\t\t\t\t\t\t<span class=\"slide-title--part is-m\">\u00bfNecesita seguro de salud?<\/span>\n\t\t\t\t\t\t\t\t\t\t\t\t<\/h3>\n\n\t\t\t\t\t\t<p>Si su empleo ha cambiado, puede ser elegible para el Oregon Health Plan, incluso si le han negado en el pasado.<\/p>\n\t\t\t\t\t\t\t\t\t\t\t\t\t<a href=\"https:\/\/one.oregon.gov\/\" target=\"_blank\" class=\"shs-button\" rel=\"noopener\">Vea si usted es elegible<\/a>\n\t\t\t\t\t\t\t\t\t\t\t\t<\/article>\n\t\t\t\t<\/li>\n\t\t\t\t\t\t\t\t\t\t<\/ul>\n\t<\/div>\n\t<div class=\"glide__arrows\" data-glide-el=\"controls\" role=\"group\" aria-label=\"Controles deslizantes\">\n\t\t<button class=\"glide__arrow glide__arrow--left\" data-glide-dir=\"&lt;\" aria-label=\"Diapositiva anterior\"><span class=\"sr-only\">Anterior<\/span><\/button>\n\t\t<button class=\"glide__arrow glide__arrow--right\" data-glide-dir=\"&gt;\" aria-label=\"Diapositiva siguiente\"><span class=\"sr-only\">Pr\u00f3ximo<\/div><\/button>\n\t<\/div>\n\t<div class=\"glide__bullets\" data-glide-el=\"controls&#91;nav&#93;\">\n\t\t\t\t\t<button class=\"glide__bullet\" data-glide-dir=\"=0\"><span class=\"sr-only\">Diapositiva 0<\/span><\/button>\n\t\t\t\t\t\t<button class=\"glide__bullet\" data-glide-dir=\"=1\"><span class=\"sr-only\">Diapositiva 1<\/span><\/button>\n\t\t\t\t\t\t<button class=\"glide__bullet\" data-glide-dir=\"=2\"><span class=\"sr-only\">Diapositiva 2<\/span><\/button>\n\t\t\t\t\t\t<button class=\"glide__bullet\" data-glide-dir=\"=3\"><span class=\"sr-only\">Diapositiva 3<\/span><\/button>\n\t\t\t\t<\/div>\n<\/aside>\n\n\n\n<nav id=\"block_7061435fc676b7817582c1bd3585b147\" class=\"shs-block quicklinks\">\n\t\t<ul class=\"quicklink-list\">\n\t\t\t\t\t\t<li class=\"quicklink has-gold-color\">\n\t\t\t\t\t<a href=\"https:\/\/samhp.healthtrioconnect.com\/\" target=\"_blank\" rel=\"noopener\">\n\t\t\t\t\t\t<svg class=\"quicklink-icon\" aria-labelledby=\"icon_title_0\" focusable=\"false\">\n\t\t\t\t\t\t\t<!-- Define title here so that it can be more specific to the individual use case -->\n\t\t\t\t\t\t\t<title id=\"icon_title_0\">Acceda a MyHealthPlan<\/title>\n\t\t\t\t\t\t\t<use xlink:href=\"#icon-health-plan\"><\/use>\n\t\t\t\t\t\t<\/svg>\n\t\t\t\t\t\t<span class=\"quicklink-title\">Acceda a MyHealthPlan<\/span>\n\t\t\t\t\t<\/a>\n\t\t\t\t<\/li>\n\t\t\t\t\t\t\t<li class=\"quicklink has-green-feijoa-color\">\n\t\t\t\t\t<a href=\"https:\/\/samhealthplans.org\/es\/planes-de-la-tienda-samaritana\/planes-grupales-de-empleadores\/\" target=\"_self\">\n\t\t\t\t\t\t<svg class=\"quicklink-icon\" aria-labelledby=\"icon_title_1\" focusable=\"false\">\n\t\t\t\t\t\t\t<!-- Define title here so that it can be more specific to the individual use case -->\n\t\t\t\t\t\t\t<title id=\"icon_title_1\">Comparar planes de empleadores<\/title>\n\t\t\t\t\t\t\t<use xlink:href=\"#icon-document-pen\"><\/use>\n\t\t\t\t\t\t<\/svg>\n\t\t\t\t\t\t<span class=\"quicklink-title\">Comparar planes de empleadores<\/span>\n\t\t\t\t\t<\/a>\n\t\t\t\t<\/li>\n\t\t\t\t\t\t\t<li class=\"quicklink has-blue-primary-color\">\n\t\t\t\t\t<a href=\"https:\/\/samhealthplans.org\/es\/miembros-del-plan\/busqueda-de-documentos\/\" target=\"_self\">\n\t\t\t\t\t\t<svg class=\"quicklink-icon\" aria-labelledby=\"icon_title_2\" focusable=\"false\">\n\t\t\t\t\t\t\t<!-- Define title here so that it can be more specific to the individual use case -->\n\t\t\t\t\t\t\t<title id=\"icon_title_2\">Formularios de documentos<\/title>\n\t\t\t\t\t\t\t<use xlink:href=\"#icon-document-search\"><\/use>\n\t\t\t\t\t\t<\/svg>\n\t\t\t\t\t\t<span class=\"quicklink-title\">Documentos y formularios<\/span>\n\t\t\t\t\t<\/a>\n\t\t\t\t<\/li>\n\t\t\t\t\t\t\t<li class=\"quicklink has-cyan-color\">\n\t\t\t\t\t<a href=\"https:\/\/samhealthplans.org\/es\/proveedores\/\" target=\"_self\">\n\t\t\t\t\t\t<svg class=\"quicklink-icon\" aria-labelledby=\"icon_title_3\" focusable=\"false\">\n\t\t\t\t\t\t\t<!-- Define title here so that it can be more specific to the individual use case -->\n\t\t\t\t\t\t\t<title id=\"icon_title_3\">Para proveedores<\/title>\n\t\t\t\t\t\t\t<use xlink:href=\"#icon-doctor\"><\/use>\n\t\t\t\t\t\t<\/svg>\n\t\t\t\t\t\t<span class=\"quicklink-title\">Para proveedores<\/span>\n\t\t\t\t\t<\/a>\n\t\t\t\t<\/li>\n\t\t\t\t<\/ul>\n\t\t\t<!-- SVG Legend\/Sprite -->\n\t<div class=\"svg-sprite-wrapper sr-only\">\n\t\t<svg xmlns=\"http:\/\/www.w3.org\/2000\/svg\">\n\t\t\t<symbol id=\"icon-health-plan\" viewbox=\"0 0 100 100\"><path d=\"M75.21,100H9.58c-3.24,0-5.88-2.64-5.88-5.88V5.88C3.7,2.64,6.33,0,9.58,0h65.63c3.24,0,5.88,2.64,5.88,5.88v88.24c0,3.24-2.64,5.88-5.88,5.88ZM9.58,3.94c-1.07,0-1.94.87-1.94,1.94v88.24c0,1.07.87,1.94,1.94,1.94h65.63c1.07,0,1.94-.87,1.94-1.94V5.88c0-1.07-.87-1.94-1.94-1.94H9.58Z\"\/><path d=\"M90.42,34.37h-10c-1.09,0-1.97-.88-1.97-1.97s.88-1.97,1.97-1.97h10c1.07,0,1.94-.87,1.94-1.94V11.97c0-1.07-.87-1.94-1.94-1.94h-10c-1.09,0-1.97-.88-1.97-1.97s.88-1.97,1.97-1.97h10c3.24,0,5.88,2.64,5.88,5.88v16.52c0,3.24-2.64,5.88-5.88,5.88Z\"\/><path d=\"M90.42,64.79h-10c-1.09,0-1.97-.88-1.97-1.97s.88-1.97,1.97-1.97h10c1.07,0,1.94-.87,1.94-1.94v-16.52c0-1.07-.87-1.94-1.94-1.94h-10c-1.09,0-1.97-.88-1.97-1.97s.88-1.97,1.97-1.97h10c3.24,0,5.88,2.64,5.88,5.88v16.52c0,3.24-2.64,5.88-5.88,5.88Z\"\/><path d=\"M90.42,95.22h-10c-1.09,0-1.97-.88-1.97-1.97s.88-1.97,1.97-1.97h10c1.07,0,1.94-.87,1.94-1.94v-16.51c0-1.07-.87-1.94-1.94-1.94h-10c-1.09,0-1.97-.88-1.97-1.97s.88-1.97,1.97-1.97h10c3.24,0,5.88,2.64,5.88,5.88v16.51c0,3.24-2.64,5.88-5.88,5.88Z\"\/><path d=\"M61.74,26.98H22.62c-1.09,0-1.97-.88-1.97-1.97s.88-1.97,1.97-1.97h39.12c1.09,0,1.97.88,1.97,1.97s-.88,1.97-1.97,1.97Z\"\/><path d=\"M61.74,38.28H22.62c-1.09,0-1.97-.88-1.97-1.97s.88-1.97,1.97-1.97h39.12c1.09,0,1.97.88,1.97,1.97s-.88,1.97-1.97,1.97Z\"\/><path d=\"M47.12,81.12h-7.23c-2.58,0-4.68-1.97-4.68-4.38v-3.06h-3.69c-2.58,0-4.68-1.97-4.68-4.39v-6.43c0-2.42,2.1-4.39,4.68-4.39h3.69v-3.06c0-2.42,2.1-4.38,4.68-4.38h7.23c2.58,0,4.68,1.97,4.68,4.38v3.06h3.69c2.58,0,4.68,1.97,4.68,4.39v6.43c0,2.42-2.1,4.39-4.68,4.39h-3.69v3.06c0,2.41-2.1,4.38-4.68,4.38h0ZM31.51,62.41c-.45,0-.74.27-.74.45v6.43c0,.18.3.45.74.45h5.66c1.09,0,1.97.88,1.97,1.97v5.03c0,.18.29.44.74.44h7.23c.45,0,.74-.26.74-.44v-5.03c0-1.09.88-1.97,1.97-1.97h5.66c.45,0,.74-.27.74-.45v-6.43c0-.18-.29-.45-.74-.45h-5.66c-1.09,0-1.97-.88-1.97-1.97v-5.03c0-.18-.29-.45-.74-.45h-7.23c-.45,0-.74.26-.74.45v5.03c0,1.09-.88,1.97-1.97,1.97h-5.66Z\"\/><\/symbol>\n<symbol id=\"icon-document-pen\" viewbox=\"0 0 100 100\"><path d=\"M71.92,75.29c-1.18,0-2.14.96-2.14,2.14v10.46c0,1.65-1.55,3-3.45,3H7.72c-1.9,0-3.45-1.35-3.45-3V30.32h13.48c4.26,0,7.72-3.26,7.72-7.27v-13.92h40.87c1.9,0,3.45,1.35,3.45,3v12.23c0,1.18.96,2.14,2.14,2.14s2.14-.96,2.14-2.14v-12.23c0-4.01-3.46-7.27-7.72-7.27H23.33c-.13,0-.26.02-.38.04-.01,0-.03,0-.04,0-.18.04-.35.1-.52.18-.04.02-.08.04-.12.07-.16.09-.32.2-.45.33L.62,26.67s0,0,0,0c-.13.13-.24.28-.33.44-.02.04-.04.08-.06.12-.08.16-.15.34-.19.52,0,0,0,.02,0,.02-.02.13-.04.26-.04.4v59.7c0,4.01,3.46,7.27,7.72,7.27h58.62c4.26,0,7.72-3.26,7.72-7.27v-10.46c0-1.18-.96-2.14-2.14-2.14h0ZM21.2,12.14v10.9c0,1.65-1.55,3-3.45,3H7.29l13.9-13.9h0Z\"\/><path d=\"M52.61,42.77c0-1.18-.96-2.14-2.14-2.14H18.44c-1.18,0-2.14.96-2.14,2.14s.96,2.14,2.14,2.14h32.04c1.18,0,2.14-.96,2.14-2.14h0Z\"\/><path d=\"M42.5,53.23c0-1.18-.96-2.14-2.14-2.14h-21.93c-1.18,0-2.14.96-2.14,2.14s.96,2.14,2.14,2.14h21.93c1.18,0,2.14-.96,2.14-2.14Z\"\/><path d=\"M18.44,61.55c-1.18,0-2.14.96-2.14,2.14s.96,2.14,2.14,2.14h16.87c1.18,0,2.14-.96,2.14-2.14s-.96-2.14-2.14-2.14h-16.87Z\"\/><path d=\"M97.53,34.84l-8.85-9.11c-1.63-1.67-3.81-2.62-6.14-2.65-2.33-.03-4.54.84-6.21,2.47l-30.5,29.63c-.12.11-.22.24-.3.37-.42.26-.76.66-.92,1.17l-8.18,26.01c-.24.75-.04,1.57.5,2.13.41.42.96.65,1.53.65.19,0,.39-.03.58-.08l26.24-7.43c.51-.15.92-.47,1.2-.89.13-.08.27-.18.38-.29l30.5-29.63c1.67-1.63,2.62-3.81,2.65-6.14.03-2.33-.84-4.54-2.47-6.21h0ZM48,60.14l13.95,14.36-20.28,5.74,6.33-20.1h0ZM94.37,44.13l-28.79,27.97-15.07-15.52,28.79-27.97c.85-.83,1.99-1.28,3.17-1.26,1.19.02,2.31.5,3.14,1.35l8.85,9.12c.83.85,1.28,1.98,1.26,3.17-.02,1.19-.5,2.3-1.35,3.14h0Z\"\/><\/symbol>\n<symbol id=\"icon-document-search\" viewbox=\"0 0 100 100\"><path d=\"M43.04,80.78c7.24,0,14.04-2.82,19.16-7.94,10.57-10.57,10.57-27.77,0-38.34-5.12-5.12-11.93-7.94-19.17-7.94s-14.05,2.82-19.17,7.94c-7.83,7.83-10.08,19.63-5.79,29.75L1.85,80.48c-1.19,1.19-1.85,2.78-1.85,4.46s.66,3.27,1.85,4.46l5.45,5.45c1.19,1.19,2.78,1.85,4.46,1.85s3.27-.66,4.46-1.85l16.22-16.22c3.33,1.41,6.96,2.15,10.59,2.15h0ZM30.69,75.02l-17.15,17.15c-.95.95-2.6.95-3.54,0l-5.45-5.45c-.47-.48-.73-1.1-.73-1.77s.26-1.3.73-1.77l17.15-17.15c.57-.57.72-1.45.37-2.18-4.33-8.92-2.52-19.63,4.49-26.64,4.4-4.4,10.25-6.83,16.48-6.83s12.08,2.42,16.48,6.83c9.09,9.09,9.09,23.87,0,32.96-4.4,4.4-10.25,6.82-16.47,6.82-3.51,0-7.03-.81-10.17-2.33-.73-.35-1.6-.21-2.18.37h0Z\"\/><path d=\"M62.13,53.75c0-5.12-1.99-9.93-5.61-13.55-3.62-3.62-8.43-5.61-13.55-5.61s-9.93,1.99-13.55,5.61c-3.62,3.62-5.61,8.43-5.61,13.55s1.99,9.93,5.61,13.55c3.62,3.62,8.43,5.61,13.55,5.61s9.93-1.99,13.55-5.61c3.62-3.62,5.62-8.43,5.62-13.55h0ZM42.96,69.11c-4.1,0-7.96-1.6-10.86-4.5-2.9-2.9-4.5-6.76-4.5-10.86s1.6-7.96,4.5-10.86c2.9-2.9,6.76-4.5,10.86-4.5s7.96,1.6,10.86,4.5c2.9,2.9,4.5,6.76,4.5,10.86s-1.6,7.96-4.5,10.86c-2.9,2.9-6.76,4.5-10.86,4.5Z\"\/><path d=\"M99.96,24.71s0,0,0-.01c-.03-.16-.09-.31-.16-.45-.02-.04-.04-.08-.06-.12-.08-.14-.17-.27-.28-.38,0,0,0-.01-.01-.02L79.56,3.85c-.12-.12-.26-.22-.41-.3-.03-.02-.07-.04-.1-.06-.26-.13-.54-.2-.84-.2h-40.33c-3.94,0-7.14,3.02-7.14,6.72v14.43c0,1.05.85,1.9,1.9,1.9s1.9-.85,1.9-1.9v-14.43c0-1.61,1.5-2.92,3.33-2.92h38.43v12.74c0,3.94,3.02,7.14,6.72,7.14h13.16v54.09c0,1.61-1.5,2.92-3.33,2.92h-54.97c-1.05,0-1.9.85-1.9,1.9s.85,1.9,1.9,1.9h54.97c3.94,0,7.14-3.02,7.14-6.72V25.07c0-.12-.01-.24-.04-.36h0ZM80.12,19.84v-10.05l13.38,13.38h-10.47c-1.61,0-2.92-1.49-2.92-3.33h0Z\"\/><\/symbol>\n<symbol id=\"icon-doctor\" viewbox=\"0 0 100 100\"><path d=\"M24.81,29.39c-1.12,0-2.02-.9-2.02-2.02s.9-2.02,2.02-2.02c7.9,0,10.17-5.33,10.19-5.39.2-.5.6-.9,1.1-1.11s1.06-.2,1.56,0c9.73,4.11,20.63-5.68,20.74-5.78.83-.75,2.1-.69,2.86.13s.7,2.1-.13,2.85c-.5.46-11.78,10.63-23.35,7.13-1.6,2.33-5.4,6.19-12.96,6.19h0Z\"\/><path d=\"M85.91,100H14.09c-1.09,0-1.98-.86-2.02-1.94-1.12-29.25,8.59-34.3,15.66-37.99.94-.49,1.82-.95,2.59-1.43,5.38-3.37,4.2-12.92,4.19-13.01-.14-1.11.63-2.12,1.74-2.27s2.12.63,2.27,1.73c.07.5,1.55,12.22-6.05,16.97-.9.57-1.86,1.06-2.87,1.59-6.3,3.28-14.11,7.35-13.55,32.31h67.9c.56-24.96-7.25-29.03-13.56-32.31-1.01-.52-1.96-1.02-2.87-1.59-7.6-4.75-6.12-16.48-6.05-16.97.15-1.11,1.16-1.88,2.27-1.73,1.11.15,1.88,1.16,1.73,2.27h0c-.01.1-1.2,9.65,4.19,13.01.77.48,1.65.94,2.59,1.43,7.08,3.69,16.78,8.73,15.67,37.99-.04,1.09-.93,1.94-2.02,1.94h0Z\"\/><path d=\"M49.45,53.33c-11.03,0-16.9-11.15-18.47-14.64-2.1-.63-6.32-2.59-7.87-8.34-.74-2.76-.51-5.04.7-6.79.85-1.22,1.98-1.88,2.9-2.24C28.98,8.13,37.96,0,50.41,0s20.61,7.75,22.88,21.33c.92.36,2.05,1.02,2.89,2.24,1.21,1.74,1.44,4.03.7,6.79-1.55,5.75-5.78,7.71-7.87,8.34-1.59,3.54-7.63,15-19.01,14.63-.18,0-.37,0-.55,0h0ZM49.09,49.22c.07,0,.13,0,.2,0,.24.02.47.04.71.05.23,0,.47-.03.71-.05.2-.02.4,0,.59.03,9.52-.68,14.32-12.88,14.37-13.01.27-.69.89-1.18,1.62-1.28.16-.02,4.36-.71,5.69-5.66.29-1.06.5-2.51-.1-3.41-.54-.81-1.6-.95-1.62-.95-.91-.12-1.66-.83-1.78-1.74-1.66-12.36-8.44-19.17-19.08-19.17s-18.29,7.16-19.9,19.17c-.13.93-.87,1.65-1.81,1.74h0s-1.05.15-1.58.95c-.6.9-.39,2.35-.11,3.41,1.33,4.95,5.54,5.63,5.71,5.66.72.11,1.35.6,1.61,1.28.05.13,4.86,12.33,14.37,13.01.13-.03.26-.04.39-.04h0Z\"\/><path d=\"M29.82,91.02c-.86,0-1.67-.52-2-1.37-.11-.29-.22-.58-.32-.88-.4-1.21-.68-2.47-.85-3.76-.62-4.85.52-9.51,3.13-12.8,1.89-2.38,4.47-3.84,7.26-4.11,6.77-.66,13.18,5.78,14.28,14.36.2,1.58.22,3.18.03,4.75-.13,1.17-1.2,2.02-2.38,1.88s-2.02-1.2-1.88-2.38c.14-1.23.13-2.48-.02-3.71-.8-6.2-5.2-11.08-9.61-10.64-2.08.2-3.5,1.48-4.32,2.51-1.87,2.35-2.7,5.92-2.23,9.57.13,1.02.36,2.01.67,2.96.08.22.16.45.25.67.43,1.11-.12,2.35-1.22,2.78-.26.1-.52.14-.78.14Z\"\/><path d=\"M64.89,68.27c-.2,0-.4-.03-.61-.09-1.13-.34-1.79-1.53-1.45-2.66.58-1.96.87-4.03.87-6.14,0-1.38-.13-2.77-.38-4.11-.22-1.16.55-2.29,1.71-2.51s2.29.55,2.51,1.71c.3,1.6.46,3.25.46,4.9,0,2.52-.35,4.99-1.04,7.35-.28.93-1.13,1.54-2.06,1.54h0Z\"\/><path d=\"M36.09,70.47c-.92,0-1.77-.6-2.05-1.52-.68-2.22-1.2-4.54-1.54-6.89-.45-3.09-.6-6.17-.43-9.14.07-1.18,1.09-2.09,2.26-2.02,1.18.07,2.09,1.08,2.02,2.26-.15,2.69-.02,5.47.39,8.28.31,2.14.79,4.25,1.4,6.26.35,1.13-.29,2.33-1.42,2.68-.21.07-.42.1-.63.1Z\"\/><path d=\"M64.35,81.91c-4.45,0-8.07-3.62-8.07-8.07s3.62-8.07,8.07-8.07,8.07,3.62,8.07,8.07-3.62,8.07-8.07,8.07ZM64.35,70.07c-2.09,0-3.78,1.7-3.78,3.78s1.7,3.78,3.78,3.78,3.78-1.7,3.78-3.78-1.69-3.78-3.78-3.78Z\"\/><\/symbol>\n\t\t<\/svg>\n\t<\/div>\n<\/nav>\n\n\n\n<section id=\"block_ff10c38a217c6b84719ed773a375f1f0\" class=\"shs-block block-slim-section grid-container has-white-background-color\">\n\n\t<div class=\"entry-content\">\n\n<h2 class=\"wp-block-heading alignwide\" id=\"h-need-help-finding-a-provider-or-a-medication\">\u00bfNecesita ayuda para encontrar un proveedor o un medicamento? <\/h2>\n\n\n\n<div class=\"wp-block-buttons is-layout-flex wp-block-buttons-is-layout-flex\">\n<div class=\"wp-block-button\"><a class=\"wp-block-button__link wp-element-button\" href=\"https:\/\/samhealthplans.org\/es\/encontrar-un-proveedor\/\">Encuentre un proveedor <\/a><\/div>\n\n\n\n<div class=\"wp-block-button\"><a class=\"wp-block-button__link wp-element-button\" href=\"https:\/\/samhealthplans.org\/es\/encontrar-una-droga\/\">Encuentra un medicamento<\/a><\/div>\n<\/div>\n\n<\/div>\n\n\t<\/section>\n\n\n\n<section id=\"block_5132993862ebd674f5cd518ccfe07532\" class=\"shs-block block-section grid-container has-blue-light-background-color\" >\n\t\t<div class=\"entry-content\">\n\n<h2 class=\"wp-block-heading\">Recursos para miembros <\/h2>\n\n\n\n<p>Acceda a recursos y consejos \u00fatiles para mantener su salud, conocer sus derechos y mucho m\u00e1s.<\/p>\n\n\n\n<div class=\"wp-block-buttons is-layout-flex wp-block-buttons-is-layout-flex\">\n<div class=\"wp-block-button\"><a class=\"wp-block-button__link wp-element-button\" href=\"https:\/\/samhealthplans.org\/es\/miembros-del-plan\/recursos-de-salud\/\">Recursos de salud<\/a><\/div>\n\n\n\n<div class=\"wp-block-button\"><a class=\"wp-block-button__link wp-element-button\" href=\"https:\/\/samhealthplans.org\/es\/miembros-del-plan\/telesalud\/\">Telesalud<\/a><\/div>\n\n\n\n<div class=\"wp-block-button\"><a class=\"wp-block-button__link wp-element-button\" href=\"https:\/\/samhealthplans.org\/es\/miembros-del-plan\/acto-sin-sorpresas\/\">Ley de No Sorpresas<\/a><\/div>\n<\/div>\n\n<\/div>\n\t<\/section>\n\n\n\n<section id=\"block_c089efd715b6203e09f56022713a41e2\" class=\"shs-block block-section grid-container has-white-background-color\" >\n\t\t<div class=\"entry-content\">\n\n<h2 class=\"wp-block-heading\" id=\"h-find-your-balance-in-the-eight-aspects-of-wellness\">Encuentra tu equilibrio en los ocho aspectos del bienestar<\/h2>\n\n\n\n<p>Cuando piensas en el bienestar, \u00bfpiensas solo en tu cuerpo? Hay muchas cosas que afectan el bienestar. Hay ocho aspectos que influyen en el bienestar. Son:&nbsp;<strong>cuerpo, mente, trabajo, esp\u00edritu, finanzas, comunidad, emociones y medio ambiente.<\/strong>&nbsp;Cada uno puede afectar tu calidad de vida.<\/p>\n\n\n\n<p>Las dificultades en un aspecto pueden afectar a otros. Por ejemplo, tus finanzas pueden afectar tu capacidad para tener \u00e9xito socialmente. O tu trabajo puede verse afectado si no se estimula tu mente. \u00a1T\u00f3mate el tiempo para concentrarte en cada \u00e1rea de tu bienestar y esfu\u00e9rzate por lograr un equilibrio que sea adecuado para ti!<\/p>\n\n\n<nav id=\"block_6927c700e8a26c2de07e391d7b688c23\" class=\"shs-block image-links\">\n\t<ul class=\"image-links-list\">\n\t\t\t<li>\n\t\t\t<a class=\"image-link\" href=\"https:\/\/samhealthplans.org\/es\/por-que-8-aspectos-del-bienestar\/#body\" target=\"_self\">\n\t\t\t<figure class=\"image\">\n\t\t\t\t\t<img decoding=\"async\" src=\"https:\/\/samhealthplans.org\/wp-content\/uploads\/sites\/3\/2023\/06\/8-aspects-body.png\" alt=\"Aspecto corporal del bienestar\" width=\"100\" height=\"100\" loading=\"lazy\">\n\t\t\t<\/figure>\n\t\t\t<span>Cuerpo<\/span>\n\t\t<\/a>\n\t\t<\/li>\n\t\t\t\t<li>\n\t\t\t<a class=\"image-link\" href=\"https:\/\/samhealthplans.org\/es\/por-que-8-aspectos-del-bienestar\/#mind\" target=\"_self\">\n\t\t\t<figure class=\"image\">\n\t\t\t\t\t<img decoding=\"async\" src=\"https:\/\/samhealthplans.org\/wp-content\/uploads\/sites\/3\/2023\/06\/8-aspects-mind.png\" alt=\"Aspecto mental del bienestar\" width=\"100\" height=\"100\" loading=\"lazy\">\n\t\t\t<\/figure>\n\t\t\t<span>Mente<\/span>\n\t\t<\/a>\n\t\t<\/li>\n\t\t\t\t<li>\n\t\t\t<a class=\"image-link\" href=\"https:\/\/samhealthplans.org\/es\/por-que-8-aspectos-del-bienestar\/#work\" target=\"_self\">\n\t\t\t<figure class=\"image\">\n\t\t\t\t\t<img decoding=\"async\" src=\"https:\/\/samhealthplans.org\/wp-content\/uploads\/sites\/3\/2023\/06\/8-aspects-work.png\" alt=\"Aspecto laboral del bienestar\" width=\"100\" height=\"100\" loading=\"lazy\">\n\t\t\t<\/figure>\n\t\t\t<span>Trabajar<\/span>\n\t\t<\/a>\n\t\t<\/li>\n\t\t\t\t<li>\n\t\t\t<a class=\"image-link\" href=\"https:\/\/samhealthplans.org\/es\/por-que-8-aspectos-del-bienestar\/#spirit\" target=\"_self\">\n\t\t\t<figure class=\"image\">\n\t\t\t\t\t<img decoding=\"async\" src=\"https:\/\/samhealthplans.org\/wp-content\/uploads\/sites\/3\/2023\/06\/8-aspects-spirit.png\" alt=\"Aspecto espiritual del bienestar\" width=\"100\" height=\"100\" loading=\"lazy\">\n\t\t\t<\/figure>\n\t\t\t<span>Esp\u00edritu<\/span>\n\t\t<\/a>\n\t\t<\/li>\n\t\t\t\t<li>\n\t\t\t<a class=\"image-link\" href=\"https:\/\/samhealthplans.org\/es\/por-que-8-aspectos-del-bienestar\/#finances\" target=\"_self\">\n\t\t\t<figure class=\"image\">\n\t\t\t\t\t<img decoding=\"async\" src=\"https:\/\/samhealthplans.org\/wp-content\/uploads\/sites\/3\/2023\/06\/8-aspects-finances.png\" alt=\"Aspecto financiero del bienestar\" width=\"100\" height=\"100\" loading=\"lazy\">\n\t\t\t<\/figure>\n\t\t\t<span>Finanzas<\/span>\n\t\t<\/a>\n\t\t<\/li>\n\t\t\t\t<li>\n\t\t\t<a class=\"image-link\" href=\"https:\/\/samhealthplans.org\/es\/por-que-8-aspectos-del-bienestar\/#community\" target=\"_self\">\n\t\t\t<figure class=\"image\">\n\t\t\t\t\t<img decoding=\"async\" src=\"https:\/\/samhealthplans.org\/wp-content\/uploads\/sites\/3\/2023\/06\/8-aspects-community.png\" alt=\"Aspecto comunitario del bienestar\" width=\"100\" height=\"100\" loading=\"lazy\">\n\t\t\t<\/figure>\n\t\t\t<span>Comunidad<\/span>\n\t\t<\/a>\n\t\t<\/li>\n\t\t\t\t<li>\n\t\t\t<a class=\"image-link\" href=\"https:\/\/samhealthplans.org\/es\/por-que-8-aspectos-del-bienestar\/#emotions\" target=\"_self\">\n\t\t\t<figure class=\"image\">\n\t\t\t\t\t<img decoding=\"async\" src=\"https:\/\/samhealthplans.org\/wp-content\/uploads\/sites\/3\/2023\/06\/8-aspects-emotions.png\" alt=\"Aspecto emocional del bienestar\" width=\"100\" height=\"100\" loading=\"lazy\">\n\t\t\t<\/figure>\n\t\t\t<span>Emociones<\/span>\n\t\t<\/a>\n\t\t<\/li>\n\t\t\t\t<li>\n\t\t\t<a class=\"image-link\" href=\"https:\/\/samhealthplans.org\/es\/por-que-8-aspectos-del-bienestar\/#environment\" target=\"_self\">\n\t\t\t<figure class=\"image\">\n\t\t\t\t\t<img decoding=\"async\" src=\"https:\/\/samhealthplans.org\/wp-content\/uploads\/sites\/3\/2023\/06\/8-aspects-environment.png\" alt=\"Aspecto ambiental del bienestar\" width=\"100\" height=\"100\" loading=\"lazy\">\n\t\t\t<\/figure>\n\t\t\t<span>Ambiente<\/span>\n\t\t<\/a>\n\t\t<\/li>\n\t\t\t<\/ul>\n<\/nav>\n\t\n<\/div>\n\t<\/section>\n\n\n\n<section id=\"block_1b7fac3af0ad681f5f159bbe82f7e20b\" class=\"shs-block block-section grid-container has-blue-primary-background-color\" style=\"background-image: url(https:\/\/samhealthplans.org\/wp-content\/uploads\/sites\/3\/2023\/06\/Coast-Lighthouse-Art-SS.jpg); background-position:50% 25%;\">\n\t\t<div class=\"entry-content\">\n\n<h2 class=\"wp-block-heading\" id=\"h-contact-us\">Cont\u00e1ctenos<\/h2>\n\n\n\n<p>Oficina:&nbsp;<a href=\"tel:541-768-4550\">541-768-4550<\/a><br>Llamada gratuita:&nbsp;<a href=\"tel:866-768-7250\">866-768-7250<\/a><br>Tel\u00e9fono de texto:&nbsp;<a href=\"tel:800-735-2900\">800-735-2900<\/a> o <a href=\"tel:711\">711<\/a><\/p>\n\n\n\n<p>Los agentes de ventas est\u00e1n disponibles de 8:30 a m a 5 p m, de lunes a viernes.<br>El servicio de atenci\u00f3n al cliente est\u00e1 disponible de 8 a m a 8 p m, de lunes a viernes.<\/p>\n\n\n\n<p>Solo para miembros de planes Samaritan Advantage:<br>Del 1 de octubre al 31 de marzo, el servicio de atenci\u00f3n al cliente est\u00e1 disponible todos los d\u00edas de 8 a m a 8 p m.<\/p>\n\n\n\n<div class=\"wp-block-buttons is-layout-flex wp-block-buttons-is-layout-flex\">\n<div class=\"wp-block-button\"><a class=\"wp-block-button__link has-text-align-center wp-element-button\" href=\"https:\/\/samhealthplans.org\/es\/comuniquese-con-los-planes-de-salud-de-samaritan\/\" target=\"_blank\" rel=\"noreferrer noopener\">M\u00e1s informaci\u00f3n<\/a><\/div>\n<\/div>\n\n<\/div>\n\t<div class=\"has-overlay\"><\/div><\/section>","protected":false},"excerpt":{"rendered":"<p>Samaritan Health Plans ofrece planes de seguro en Oregon basados en una extensa red de hospitales, m\u00e9dicos, cl\u00ednicas, especialistas y profesionales atentos.<\/p>","protected":false},"author":16,"featured_media":0,"parent":0,"menu_order":0,"comment_status":"closed","ping_status":"closed","template":"","meta":{"_acf_changed":true,"_searchwp_excluded":"","_shs_workflow_notes":"Samaritan Health Plans offers insurance plans in Oregon built on an extensive network of hospitals, doctors, clinics, specialists and caring professionals.","_shs_exclude_from_navigation":false,"_shs_promote_article_on_blogs":"","footnotes":""},"class_list":["post-2","page","type-page","status-publish","hentry"],"acf":[],"_links":{"self":[{"href":"https:\/\/samhealthplans.org\/es\/wp-json\/wp\/v2\/pages\/2","targetHints":{"allow":["GET"]}}],"collection":[{"href":"https:\/\/samhealthplans.org\/es\/wp-json\/wp\/v2\/pages"}],"about":[{"href":"https:\/\/samhealthplans.org\/es\/wp-json\/wp\/v2\/types\/page"}],"author":[{"embeddable":true,"href":"https:\/\/samhealthplans.org\/es\/wp-json\/wp\/v2\/users\/16"}],"replies":[{"embeddable":true,"href":"https:\/\/samhealthplans.org\/es\/wp-json\/wp\/v2\/comments?post=2"}],"version-history":[{"count":2,"href":"https:\/\/samhealthplans.org\/es\/wp-json\/wp\/v2\/pages\/2\/revisions"}],"predecessor-version":[{"id":13578,"href":"https:\/\/samhealthplans.org\/es\/wp-json\/wp\/v2\/pages\/2\/revisions\/13578"}],"wp:attachment":[{"href":"https:\/\/samhealthplans.org\/es\/wp-json\/wp\/v2\/media?parent=2"}],"curies":[{"name":"Gracias","href":"https:\/\/api.w.org\/{rel}","templated":true}]}}