{"id":2007,"date":"2023-06-21T03:24:09","date_gmt":"2023-06-21T10:24:09","guid":{"rendered":"https:\/\/samhealth.org\/samhealthplans\/?page_id=2007"},"modified":"2023-09-27T08:17:08","modified_gmt":"2023-09-27T15:17:08","slug":"instrucciones-de-inicio-de-sesion-alternativas","status":"publish","type":"page","link":"https:\/\/samhealthplans.org\/es\/plan-members\/samaritan-employees\/mywellness-incentives\/alternate-log-in-instructions\/","title":{"rendered":"Instrucciones de inicio de sesi\u00f3n alternativas"},"content":{"rendered":"<section id=\"block_a400a533c90e9e790fe5babed5041b88\" class=\"shs-block block-section grid-container has-white-background-color\" >\n\t\t<div class=\"entry-content\">\n\n<h1 class=\"wp-block-heading\" id=\"h-alternate-log-in-instructions\">Instrucciones de inicio de sesi\u00f3n alternativas<\/h1>\n\n<\/div>\n\t<\/section>\n\n\n\n<section id=\"block_a400a533c90e9e790fe5babed5041b88\" class=\"shs-block block-section grid-container has-white-background-color\" >\n\t\t<div class=\"entry-content\">\n\n<h2 class=\"wp-block-heading\">Instrucciones de inicio de sesi\u00f3n alternativas para acceder al portal MyWellness<\/h2>\n\n\n\n<p>Si tiene problemas para iniciar sesi\u00f3n en&nbsp;<em>Mi Bienestar<\/em>&nbsp;portal o no es miembro actual, utilice estas instrucciones de inicio de sesi\u00f3n alternativas.<\/p>\n\n\n\n<p>Ir a&nbsp;<a href=\"http:\/\/assethealth.com\/samaritanhealthplan\" target=\"_blank\" rel=\"noreferrer noopener\">http:\/\/assethealth.com\/samaritanhealthplan<\/a>&nbsp;y siga las instrucciones a continuaci\u00f3n para configurar su cuenta y crear un nombre de usuario y contrase\u00f1a.<\/p>\n\n\n\n<ol class=\"wp-block-list\">\n<li>Ingrese el ID del empleado (este ser\u00e1 su nombre de usuario):\n<ol class=\"wp-block-list\">\n<li>Empleados: Utilice su n\u00famero de identificaci\u00f3n de empleado de 5 d\u00edgitos.<\/li>\n\n\n\n<li>C\u00f3nyuges\/parejas de hecho: utilice el n\u00famero de identificaci\u00f3n de 5 d\u00edgitos del empleado con una \u201cS\u201d agregada al final m\u00e1s el sufijo de 2 d\u00edgitos (por ejemplo, 12345)<strong>S<\/strong>02).<\/li>\n<\/ol>\n<\/li>\n\n\n\n<li>Ingresa tu fecha de nacimiento en formato MMDDAAAA (esta ser\u00e1 tu contrase\u00f1a inicial).<\/li>\n\n\n\n<li>Haga clic en el bot\u00f3n \u201cIniciar sesi\u00f3n\u201d.<\/li>\n\n\n\n<li>Lea y acepte los \u201cT\u00e9rminos y Condiciones\u201d.<\/li>\n\n\n\n<li>Opcional: Puedes cambiar tu nombre de usuario o simplemente volver a escribir el asignado.<\/li>\n\n\n\n<li>Cree una contrase\u00f1a de ocho caracteres (la contrase\u00f1a debe incluir al menos dos n\u00fameros y una letra).<\/li>\n\n\n\n<li>Haga clic en el bot\u00f3n \u201cEnviar\u201d.<\/li>\n\n\n\n<li>Aseg\u00farate de recordar tu nombre de usuario y contrase\u00f1a. Los necesitar\u00e1s para iniciar sesi\u00f3n en el&nbsp;<em>Mi bienestar<\/em>&nbsp;portal y realizar su evaluaci\u00f3n de salud en l\u00ednea.<\/li>\n\n\n\n<li>Opcional: Ingrese su n\u00famero de tel\u00e9fono m\u00f3vil o elija desmarcar la opci\u00f3n para recibir recordatorios por mensaje de texto.<\/li>\n\n\n\n<li>Haga clic en \u201cContinuar al siguiente paso\u201d.<\/li>\n\n\n\n<li>Establezca sus \u201cPreguntas y respuestas de seguridad\u201d.<\/li>\n\n\n\n<li>Haga clic en \u201cFinalizar\u201d.<\/li>\n<\/ol>\n\n<\/div>\n\t<\/section>","protected":false},"excerpt":{"rendered":"<p>Instrucciones de inicio de sesi\u00f3n alternativas para acceder al portal My Wellness y conocer sus riesgos de salud.<\/p>","protected":false},"author":20,"featured_media":0,"parent":1826,"menu_order":3,"comment_status":"closed","ping_status":"closed","template":"","meta":{"_acf_changed":false,"_searchwp_excluded":"","_shs_workflow_notes":"","_shs_exclude_from_navigation":true,"_shs_promote_article_on_blogs":"","footnotes":""},"class_list":["post-2007","page","type-page","status-publish","hentry"],"acf":[],"_links":{"self":[{"href":"https:\/\/samhealthplans.org\/es\/wp-json\/wp\/v2\/pages\/2007","targetHints":{"allow":["GET"]}}],"collection":[{"href":"https:\/\/samhealthplans.org\/es\/wp-json\/wp\/v2\/pages"}],"about":[{"href":"https:\/\/samhealthplans.org\/es\/wp-json\/wp\/v2\/types\/page"}],"author":[{"embeddable":true,"href":"https:\/\/samhealthplans.org\/es\/wp-json\/wp\/v2\/users\/20"}],"replies":[{"embeddable":true,"href":"https:\/\/samhealthplans.org\/es\/wp-json\/wp\/v2\/comments?post=2007"}],"version-history":[{"count":0,"href":"https:\/\/samhealthplans.org\/es\/wp-json\/wp\/v2\/pages\/2007\/revisions"}],"up":[{"embeddable":true,"href":"https:\/\/samhealthplans.org\/es\/wp-json\/wp\/v2\/pages\/1826"}],"wp:attachment":[{"href":"https:\/\/samhealthplans.org\/es\/wp-json\/wp\/v2\/media?parent=2007"}],"curies":[{"name":"Gracias","href":"https:\/\/api.w.org\/{rel}","templated":true}]}}