{"id":2052,"date":"2023-06-21T16:41:26","date_gmt":"2023-06-21T23:41:26","guid":{"rendered":"https:\/\/samhealth.org\/samhealthplans\/?page_id=2052"},"modified":"2025-02-13T11:53:20","modified_gmt":"2025-02-13T19:53:20","slug":"acerca-de-los-planes-de-salud-de-samaritan","status":"publish","type":"page","link":"https:\/\/samhealthplans.org\/es\/about-samaritan-health-plans\/","title":{"rendered":"Acerca de Samaritan Health Plans"},"content":{"rendered":"<section id=\"block_702c4c64f5dcd498664b6593227ac23b\" class=\"shs-block block-section grid-container has-gray-cool-background-color\" style=\"background-image: url(https:\/\/samhealthplans.org\/wp-content\/uploads\/sites\/3\/2023\/06\/Walnut-Building2-SS.jpg); background-position:50% 40%;\">\n\t\t<div class=\"entry-content\">\n\n<h2 class=\"wp-block-heading\" id=\"h-about-samaritan-health-plans\">Acerca de Samaritan Health Plans<\/h2>\n\n<\/div>\n\t<div class=\"has-overlay\"><\/div><\/section>\n\n\n\n<nav id=\"block_14ceaf1a9551219e95cc16709fd4cbc3\" class=\"shs-block quicklinks\">\n\t\t<ul class=\"quicklink-list\">\n\t\t\t\t\t\t<li class=\"quicklink has-magenta-color\">\n\t\t\t\t\t<a href=\"https:\/\/www.samhealth.org\/careers-education\/find-a-job\" target=\"_self\" rel=\"noopener\">\n\t\t\t\t\t\t<svg class=\"quicklink-icon\" aria-labelledby=\"icon_title_0\" focusable=\"false\">\n\t\t\t\t\t\t\t<!-- Define title here so that it can be more specific to the individual use case -->\n\t\t\t\t\t\t\t<title id=\"icon_title_0\"><\/title>\n\t\t\t\t\t\t\t<use xlink:href=\"#icon-professionals\"><\/use>\n\t\t\t\t\t\t<\/svg>\n\t\t\t\t\t\t<span class=\"quicklink-title\">Encontrar el trabajo<\/span>\n\t\t\t\t\t<\/a>\n\t\t\t\t<\/li>\n\t\t\t\t\t\t\t<li class=\"quicklink has-gold-color\">\n\t\t\t\t\t<a href=\"https:\/\/samhealthplans.org\/es\/acerca-de-los-planes-de-salud-de-samaritan\/nuestro-liderazgo\/\" target=\"_self\">\n\t\t\t\t\t\t<svg class=\"quicklink-icon\" aria-labelledby=\"icon_title_1\" focusable=\"false\">\n\t\t\t\t\t\t\t<!-- Define title here so that it can be more specific to the individual use case -->\n\t\t\t\t\t\t\t<title id=\"icon_title_1\"><\/title>\n\t\t\t\t\t\t\t<use xlink:href=\"#icon-doctor\"><\/use>\n\t\t\t\t\t\t<\/svg>\n\t\t\t\t\t\t<span class=\"quicklink-title\">Nuestro liderazgo<\/span>\n\t\t\t\t\t<\/a>\n\t\t\t\t<\/li>\n\t\t\t\t\t\t\t<li class=\"quicklink has-green-feijoa-color\">\n\t\t\t\t\t<a href=\"https:\/\/samhealthplans.org\/es\/noticias\/\" target=\"_self\">\n\t\t\t\t\t\t<svg class=\"quicklink-icon\" aria-labelledby=\"icon_title_2\" focusable=\"false\">\n\t\t\t\t\t\t\t<!-- Define title here so that it can be more specific to the individual use case -->\n\t\t\t\t\t\t\t<title id=\"icon_title_2\"><\/title>\n\t\t\t\t\t\t\t<use xlink:href=\"#icon-document\"><\/use>\n\t\t\t\t\t\t<\/svg>\n\t\t\t\t\t\t<span class=\"quicklink-title\">Noticias y art\u00edculos<\/span>\n\t\t\t\t\t<\/a>\n\t\t\t\t<\/li>\n\t\t\t\t<\/ul>\n\t\t\t<!-- SVG Legend\/Sprite -->\n\t<div class=\"svg-sprite-wrapper sr-only\">\n\t\t<svg xmlns=\"http:\/\/www.w3.org\/2000\/svg\">\n\t\t\t<symbol id=\"icon-professionals\" viewbox=\"0 0 100 100\"><path d=\"M63.56,58.73c-.63-.32-1.22-.64-1.73-.95-.47-.29-.86-.66-1.19-1.06-.05-.58-.13-1.16-.24-1.72-.11-.58-.55-1.01-1.09-1.13-.28-1.17-.36-2.34-.36-3.24s.08-1.53.08-1.55c.03-.2,0-.38-.04-.55,1.22-1.64,2.01-3.22,2.4-4.09,1.4-.42,4.23-1.73,5.27-5.57.5-1.84.34-3.37-.47-4.54-.57-.81-1.32-1.26-1.93-1.49-1.51-9.08-7.05-14.26-15.29-14.26s-14.33,5.44-15.85,14.26c-.62.24-1.37.68-1.94,1.49-.8,1.17-.97,2.7-.47,4.54,1.04,3.85,3.87,5.15,5.27,5.57.39.87,1.18,2.45,2.4,4.09-.05.18-.07.36-.04.55,0,.03.21,1.64-.05,3.52-.02,0-.05,0-.08,0-.78-.04-1.47.56-1.51,1.35-.05.93-.06,1.87-.02,2.83-.32.39-.7.74-1.15,1.01-.51.32-1.11.63-1.73.95-4.74,2.46-11.22,5.84-10.48,25.4.03.73.63,1.29,1.35,1.29h48.03c.73,0,1.32-.58,1.35-1.29.72-19.57-5.77-22.94-10.51-25.41ZM58.27,65.41c1.39,0,2.53,1.14,2.53,2.53s-1.14,2.53-2.53,2.53-2.53-1.14-2.53-2.53,1.14-2.53,2.53-2.53ZM38.19,42.8c-.18-.46-.59-.78-1.08-.85-.12-.02-2.93-.47-3.82-3.79t0-.02c4.09-.44,6.24-2.67,7.2-4.06,7.73,2.34,15.28-4.46,15.62-4.77.55-.5.59-1.35.08-1.9-.5-.55-1.35-.59-1.9-.09-.07.07-7.36,6.61-13.87,3.87-.33-.14-.71-.14-1.04,0s-.6.4-.74.74c0,.03-.85,2.02-3.48,3.03.26-.22.43-.51.48-.86,1.09-8.03,6.06-12.83,13.31-12.83s11.64,4.55,12.75,12.82c.08.61.59,1.09,1.19,1.16,0,0,.72.1,1.08.64.4.6.26,1.57.07,2.28-.89,3.32-3.7,3.77-3.81,3.79-.49.07-.91.39-1.09.85-.03.09-3.25,8.25-9.61,8.7-.13-.03-.26-.03-.39-.02-.16.02-.31.03-.47.03-.16,0-.31-.02-.47-.03-.05,0-.09,0-.14,0-.09,0-.18,0-.26.03-6.35-.45-9.55-8.61-9.59-8.69ZM71.38,82.73H25.97c-.37-16.7,4.85-19.41,9.06-21.6.68-.35,1.31-.69,1.91-1.06,0,0,.02,0,.02-.02h0c.23,1.57.57,3.1,1.02,4.58-1.07.47-2.05,1.23-2.84,2.23-1.75,2.2-2.51,5.32-2.1,8.55.11.86.3,1.71.57,2.51.07.2.14.39.22.59.22.57.77.91,1.33.91h0c.18,0,.34-.03.52-.1.74-.28,1.11-1.12.81-1.85-.06-.15-.12-.3-.17-.45-.21-.64-.36-1.29-.45-1.98-.31-2.44.25-4.84,1.49-6.4.55-.7,1.5-1.55,2.89-1.69,2.95-.29,5.9,2.97,6.43,7.11.11.82.12,1.66.02,2.48-.09.78.47,1.5,1.26,1.59s1.5-.47,1.59-1.27c.12-1.05.12-2.12-.02-3.18-.7-5.41-4.53-9.54-8.76-9.63,0-.08-.03-.17-.05-.25-.41-1.34-.73-2.76-.93-4.19-.12-.78-.2-1.56-.25-2.33,1.1-1.91,1.44-4.14,1.52-5.85,1.88,1.58,4.28,2.77,7.23,2.77.12,0,.25,0,.36,0,3.12.1,5.63-1.13,7.59-2.77.08,1.73.43,3.97,1.54,5.9.02.3.03.61.03.92,0,1.41-.2,2.8-.58,4.1-.03.09-.05.19-.05.27-2.46.5-4.33,2.68-4.33,5.29,0,2.97,2.42,5.4,5.4,5.4s5.4-2.42,5.4-5.4c0-2.33-1.49-4.33-3.57-5.08.24-.87.4-1.77.5-2.67.54.32,1.11.62,1.71.93,4.24,2.23,9.46,4.94,9.08,21.63Z\"\/><path d=\"M37.73,20.2c-.78.61-1.44,1.23-1.99,1.83-1.08-1.15-2.33-2.08-3.75-2.75-.05-.02-.71-.33-.78-.39-3.34-1.6-6.85-1.57-10.73.11-.98.42-1.9,1.08-2.74,1.94l-1.94,2.04c-2.23,3.09-3.48,7.12-3.72,11.39-.05.89-.07,2.68-.07,2.68v1.97s-.07,18.91-.07,18.91c0,2.6-2.08,4.72-4.67,4.79,0,0-.1.42.75,1.12.84.7,2.39,1.75,4.54,1.55,4.66-.42,6.54-5.37,5.92-15.56-.46-7.48-3.38-15.58-3.41-15.66-.15-.4-.1-.84.14-1.2.23-.35.61-.58,1.04-.62,7.91-.57,11.26-6.54,11.3-6.6.02-.04.05-.07.08-.11.14-.42.49-.77.96-.89.75-.19,1.49.25,1.69.96.02.05.49,1.68,1.68,3.1-.84.57-1.53,1.16-2.1,1.78-.49-.58-.89-1.19-1.21-1.75-1.67,2.01-5.02,5.09-10.48,5.99.91,2.83,2.67,8.9,3.02,14.81v.03c.06.02.11.04.17.07,1.25.71,2.1.87,3.54.99,1.44.11,2.26,0,3.63-.31,1.88-.51,3.27-1.7,4.18-3.56.71.7,1.38,1.46,1.88,2.26-.36.57-.77,1.09-1.23,1.55,0,.1,0,.21,0,.31-.12.74-.16,2.08.54,3.72-.61.78-1.29,1.51-1.96,2.12-.88-1.61-1.23-3.09-1.32-4.27-1.25.54-2.66.83-4.25.86-.22,0-1.04.02-1.24.02-1.31.02-2.59-.22-3.82-.71.06,3.33-.23,7.82-2.06,11.09.71.44,1.8,1.22,2.95,2.39-.44.89-.81,1.83-1.14,2.79-1.39-1.69-2.84-2.66-3.46-3.02-1.2,1.13-2.75,1.88-4.79,2.07-.31.03-.62.04-.91.04-1.43,0-2.68-.33-3.75-.86-2.32,2.58-3.97,5.46-4.96,8.71h16.13v2.7H0l.25-2.25H.25c1.02-4.03,2.9-7.59,5.7-10.74-1.31-1.29-2.19-2.88-2.71-4.3-.17-.47-.86-1.58-.89-3.45-.02-.75.61-1.35,1.35-1.35s1.35.61,1.35,1.35c0,1.16.94,2.1,2.1,2.1s2.1-.94,2.1-2.1l.08-22.96c0-.14.03-.27.07-.4.23-4.94,1.67-9.65,4.28-13.23.03-.05.07-.09.11-.14l2.01-2.12c1.1-1.14,2.32-1.99,3.62-2.56,4.79-2.06,9.33-1.98,13.5.22,1.82.85,3.44,2.03,4.82,3.49Z\"\/><path d=\"M100,78.68h-22.56v-2.7h19.1c-1.75-5.31-5.41-9.65-11.15-13.34-1.81-1.17-3.2-2.33-4.25-3.48l-5.87,5.98c-.33-.93-.71-1.83-1.12-2.72l5.34-5.45c-1.03-1.7-1.4-3.27-1.48-4.54-1.54.84-3.32,1.39-5.34,1.39-.13,0-.26,0-.38,0-.13,0-.26,0-.37,0-1.99,0-3.75-.53-5.27-1.35-.02.5-.08,1.03-.21,1.61-.8-.38-1.67-.71-2.58-.93.27-1.62-.2-2.69-.25-2.78-.03-.07-.06-.14-.08-.22-.37-.36-.72-.74-1.05-1.12.46-.74,1.04-1.54,1.7-2.22,1.67,2.07,4.08,4.08,7.22,4.29.12-.02.25-.04.38-.02.17.02.33.02.5.03.17,0,.32,0,.5-.03.13,0,.26,0,.38.02,6.68-.45,10.04-9,10.06-9.08.18-.46.6-.79,1.09-.85.12-.02,3.06-.49,4-3.97.21-.76.35-1.79-.09-2.43-.39-.56-1.12-.67-1.13-.67-.63-.06-1.13-.54-1.21-1.17-.09-.66-.2-1.29-.33-1.9-4.64,2.39-9.84,1.74-13.94,1.22-1.25-.16-2.42-.3-3.49-.36-.32-.71-.77-1.63-1.29-2.68.41-.04.84-.05,1.29-.03,1.21.06,2.47.23,3.82.39,5.1.65,10.82,1.36,15.25-3.07l-1.76-.66c-.16-.02-.3-.07-.44-.15-1.03-.55-.72-1.65-.51-2.37.09-.31.21-.71.36-1.17-.99.21-2.14.23-3.3-.21-.25-.09-.45-.25-.61-.45-.34-.46-.57-1.26.04-3.44-1.81.47-4.16.8-5.86.06-1.67-.73-8.46,1.15-12.01,4.48-.52-.8-1.06-1.55-1.58-2.2,4.04-3.56,11.57-6.11,14.68-4.76,1.46.64,4.7-.26,6.4-.96.5-.21,1.08-.1,1.46.27s.51.95.31,1.45c-.62,1.62-.89,2.61-1,3.19,1.49.06,2.88-.93,2.9-.94.48-.36,1.13-.36,1.61,0,.48.35.68.98.47,1.54-.62,1.75-.96,2.81-1.16,3.45l2.74,1.03c.4.15.71.48.82.89s.04.85-.23,1.2c-.82,1.08-1.71,1.97-2.62,2.72.19.72.35,1.45.48,2.22.64.25,1.42.7,2.01,1.55.83,1.2.99,2.77.48,4.68-1.08,4-4.02,5.34-5.46,5.77-.58,1.29-2.04,4.17-4.47,6.53,0,.05-.02.09-.04.14-.07.17-1.03,2.61,1.22,5.82,0,0,0,0,0,0,.1.1.18.22.25.33.93,1.23,2.32,2.54,4.41,3.87,7.47,4.76,11.81,10.79,13.16,18.3Z\"\/><\/symbol>\n<symbol id=\"icon-doctor\" viewbox=\"0 0 100 100\"><path d=\"M24.81,29.39c-1.12,0-2.02-.9-2.02-2.02s.9-2.02,2.02-2.02c7.9,0,10.17-5.33,10.19-5.39.2-.5.6-.9,1.1-1.11s1.06-.2,1.56,0c9.73,4.11,20.63-5.68,20.74-5.78.83-.75,2.1-.69,2.86.13s.7,2.1-.13,2.85c-.5.46-11.78,10.63-23.35,7.13-1.6,2.33-5.4,6.19-12.96,6.19h0Z\"\/><path d=\"M85.91,100H14.09c-1.09,0-1.98-.86-2.02-1.94-1.12-29.25,8.59-34.3,15.66-37.99.94-.49,1.82-.95,2.59-1.43,5.38-3.37,4.2-12.92,4.19-13.01-.14-1.11.63-2.12,1.74-2.27s2.12.63,2.27,1.73c.07.5,1.55,12.22-6.05,16.97-.9.57-1.86,1.06-2.87,1.59-6.3,3.28-14.11,7.35-13.55,32.31h67.9c.56-24.96-7.25-29.03-13.56-32.31-1.01-.52-1.96-1.02-2.87-1.59-7.6-4.75-6.12-16.48-6.05-16.97.15-1.11,1.16-1.88,2.27-1.73,1.11.15,1.88,1.16,1.73,2.27h0c-.01.1-1.2,9.65,4.19,13.01.77.48,1.65.94,2.59,1.43,7.08,3.69,16.78,8.73,15.67,37.99-.04,1.09-.93,1.94-2.02,1.94h0Z\"\/><path d=\"M49.45,53.33c-11.03,0-16.9-11.15-18.47-14.64-2.1-.63-6.32-2.59-7.87-8.34-.74-2.76-.51-5.04.7-6.79.85-1.22,1.98-1.88,2.9-2.24C28.98,8.13,37.96,0,50.41,0s20.61,7.75,22.88,21.33c.92.36,2.05,1.02,2.89,2.24,1.21,1.74,1.44,4.03.7,6.79-1.55,5.75-5.78,7.71-7.87,8.34-1.59,3.54-7.63,15-19.01,14.63-.18,0-.37,0-.55,0h0ZM49.09,49.22c.07,0,.13,0,.2,0,.24.02.47.04.71.05.23,0,.47-.03.71-.05.2-.02.4,0,.59.03,9.52-.68,14.32-12.88,14.37-13.01.27-.69.89-1.18,1.62-1.28.16-.02,4.36-.71,5.69-5.66.29-1.06.5-2.51-.1-3.41-.54-.81-1.6-.95-1.62-.95-.91-.12-1.66-.83-1.78-1.74-1.66-12.36-8.44-19.17-19.08-19.17s-18.29,7.16-19.9,19.17c-.13.93-.87,1.65-1.81,1.74h0s-1.05.15-1.58.95c-.6.9-.39,2.35-.11,3.41,1.33,4.95,5.54,5.63,5.71,5.66.72.11,1.35.6,1.61,1.28.05.13,4.86,12.33,14.37,13.01.13-.03.26-.04.39-.04h0Z\"\/><path d=\"M29.82,91.02c-.86,0-1.67-.52-2-1.37-.11-.29-.22-.58-.32-.88-.4-1.21-.68-2.47-.85-3.76-.62-4.85.52-9.51,3.13-12.8,1.89-2.38,4.47-3.84,7.26-4.11,6.77-.66,13.18,5.78,14.28,14.36.2,1.58.22,3.18.03,4.75-.13,1.17-1.2,2.02-2.38,1.88s-2.02-1.2-1.88-2.38c.14-1.23.13-2.48-.02-3.71-.8-6.2-5.2-11.08-9.61-10.64-2.08.2-3.5,1.48-4.32,2.51-1.87,2.35-2.7,5.92-2.23,9.57.13,1.02.36,2.01.67,2.96.08.22.16.45.25.67.43,1.11-.12,2.35-1.22,2.78-.26.1-.52.14-.78.14Z\"\/><path d=\"M64.89,68.27c-.2,0-.4-.03-.61-.09-1.13-.34-1.79-1.53-1.45-2.66.58-1.96.87-4.03.87-6.14,0-1.38-.13-2.77-.38-4.11-.22-1.16.55-2.29,1.71-2.51s2.29.55,2.51,1.71c.3,1.6.46,3.25.46,4.9,0,2.52-.35,4.99-1.04,7.35-.28.93-1.13,1.54-2.06,1.54h0Z\"\/><path d=\"M36.09,70.47c-.92,0-1.77-.6-2.05-1.52-.68-2.22-1.2-4.54-1.54-6.89-.45-3.09-.6-6.17-.43-9.14.07-1.18,1.09-2.09,2.26-2.02,1.18.07,2.09,1.08,2.02,2.26-.15,2.69-.02,5.47.39,8.28.31,2.14.79,4.25,1.4,6.26.35,1.13-.29,2.33-1.42,2.68-.21.07-.42.1-.63.1Z\"\/><path d=\"M64.35,81.91c-4.45,0-8.07-3.62-8.07-8.07s3.62-8.07,8.07-8.07,8.07,3.62,8.07,8.07-3.62,8.07-8.07,8.07ZM64.35,70.07c-2.09,0-3.78,1.7-3.78,3.78s1.7,3.78,3.78,3.78,3.78-1.7,3.78-3.78-1.69-3.78-3.78-3.78Z\"\/><\/symbol>\n<symbol id=\"icon-document\" viewbox=\"0 0 100 100\"><path d=\"M82.46,0h-47.63s-.03,0-.05,0c-.14,0-.28.02-.42.04-.02,0-.04.01-.05.02-.12.03-.23.06-.34.11-.04.02-.08.04-.12.05-.09.04-.17.09-.26.14-.04.02-.07.04-.11.07-.11.08-.21.16-.31.25,0,0,0,0,0,0L9.69,24.16s0,0,0,0c-.1.1-.18.2-.25.31-.02.03-.05.07-.07.11-.05.08-.1.17-.14.25-.02.04-.04.08-.05.13-.04.11-.08.23-.11.34,0,.02-.01.03-.02.05-.03.14-.04.28-.04.42,0,.02,0,.03,0,.05v66.12c0,4.44,3.83,8.05,8.54,8.05h64.92c4.71,0,8.54-3.61,8.54-8.05V8.05C91,3.61,87.17,0,82.46,0h0ZM32.99,6.44v13.85c0,2.1-1.97,3.82-4.38,3.82h-13.29L32.99,6.44h0ZM87.15,92.96c0,1.88-1.76,3.41-3.92,3.41H16.76c-2.16,0-3.92-1.53-3.92-3.41V27.67h15.29c4.82,0,8.74-3.7,8.74-8.24V3.63h46.35c2.16,0,3.92,1.53,3.92,3.41v85.91h0ZM73.01,39.64H29.41c-1.3,0-2.36,1.05-2.36,2.36s1.05,2.36,2.36,2.36h43.6c1.3,0,2.36-1.05,2.36-2.36s-1.05-2.36-2.36-2.36ZM73.01,51.22H29.41c-1.3,0-2.36,1.06-2.36,2.36s1.05,2.36,2.36,2.36h43.6c1.3,0,2.36-1.05,2.36-2.36s-1.05-2.36-2.36-2.36ZM73.01,62.8H29.41c-1.3,0-2.36,1.06-2.36,2.36s1.05,2.36,2.36,2.36h43.6c1.3,0,2.36-1.06,2.36-2.36s-1.05-2.36-2.36-2.36Z\"\/><\/symbol>\n\t\t<\/svg>\n\t<\/div>\n<\/nav>\n\n\n\n<section id=\"block_4e4b0e4bff8e970ba48bfa2cb2c6c417\" class=\"shs-block block-section grid-container has-white-background-color\" >\n\t\t<div class=\"entry-content\">\n\n<h2 class=\"wp-block-heading\">Juntos somos m\u00e1s saludables<\/h2>\n\n\n\n<p>Samaritan Health Plans es parte de una extensa red de hospitales, m\u00e9dicos, cl\u00ednicas, especialistas y profesionales que trabajan en conjunto para brindarles a las organizaciones y a las personas la mejor atenci\u00f3n y el mejor servicio posibles. Con sede en el hermoso valle de Willamette, somos uno de los empleadores m\u00e1s saludables de Oregon seg\u00fan el Portland Business Journal y uno de los 100 lugares m\u00e1s saludables para trabajar en los EE. UU. De hecho, durante los \u00faltimos nueve a\u00f1os, Samaritan ha estado entre los tres empleadores m\u00e1s saludables de Oregon, recibiendo el premio m\u00e1s alto en siete de esos nueve a\u00f1os.<\/p>\n\n\n\n<p>Como organizaci\u00f3n dedicada al bienestar, creemos en dar a los miembros un papel m\u00e1s importante en su salud y a los empleadores m\u00e1s opciones para su gente. Creemos en nuestro propio asesoramiento, utilizando nuestro plan autofinanciado para nuestros propios empleados como campo de pruebas para nuevos enfoques para fomentar el bienestar en el lugar de trabajo y el bienestar individual. Y creemos en brindar una cobertura local y regional que comprenda que estar bien abarca a la persona en su totalidad: cuerpo, mente, esp\u00edritu, entorno, trabajo, emociones, finanzas y comunidad, que son los ocho aspectos del bienestar.<br><br>Hoy en d\u00eda, la atenci\u00f3n m\u00e9dica se enfrenta a muchos desaf\u00edos. Estamos a la altura de esos desaf\u00edos, pero no estamos solos. Estamos orgullosos del trabajo que estamos haciendo con nuestros socios m\u00e9dicos para lograr el cu\u00e1druple objetivo de la atenci\u00f3n m\u00e9dica: menores costos, mejores resultados, mejor experiencia cl\u00ednica, mejor experiencia del paciente. Y estamos agradecidos por las miles de personas y empresas que han depositado su confianza en nosotros, al darse cuenta de que dependemos unos de otros para obtener mejores resultados. Cada uno triunfa cuando el otro lo hace. Trabajamos juntos hacia los mismos objetivos, hacia nuevas metas.<\/p>\n\n\n\n<figure class=\"wp-block-image alignleft size-full is-resized\"><img loading=\"lazy\" decoding=\"async\" width=\"300\" height=\"300\" src=\"https:\/\/samhealthplans.org\/wp-content\/uploads\/sites\/3\/2023\/06\/2021-Healthiest-100-Employers.jpg\" alt=\"\" class=\"wp-image-1546\" style=\"width:129px;height:134px\" srcset=\"https:\/\/samhealthplans.org\/wp-content\/uploads\/sites\/3\/2023\/06\/2021-Healthiest-100-Employers.jpg 300w, https:\/\/samhealthplans.org\/wp-content\/uploads\/sites\/3\/2023\/06\/2021-Healthiest-100-Employers-150x150.jpg 150w, https:\/\/samhealthplans.org\/wp-content\/uploads\/sites\/3\/2023\/06\/2021-Healthiest-100-Employers-100x100.jpg 100w\" sizes=\"auto, (max-width: 300px) 100vw, 300px\" \/><\/figure>\n\n\n\n<figure class=\"wp-block-image size-full is-resized\"><img loading=\"lazy\" decoding=\"async\" width=\"300\" height=\"379\" src=\"https:\/\/samhealthplans.org\/wp-content\/uploads\/sites\/3\/2023\/06\/2021-Healthiest-Employer-Oregon.jpg\" alt=\"\" class=\"wp-image-1545\" style=\"width:106px;height:144px\" srcset=\"https:\/\/samhealthplans.org\/wp-content\/uploads\/sites\/3\/2023\/06\/2021-Healthiest-Employer-Oregon.jpg 300w, https:\/\/samhealthplans.org\/wp-content\/uploads\/sites\/3\/2023\/06\/2021-Healthiest-Employer-Oregon-237x300.jpg 237w, https:\/\/samhealthplans.org\/wp-content\/uploads\/sites\/3\/2023\/06\/2021-Healthiest-Employer-Oregon-79x100.jpg 79w\" sizes=\"auto, (max-width: 300px) 100vw, 300px\" \/><\/figure>\n\n<\/div>\n\t<\/section>","protected":false},"excerpt":{"rendered":"<p>Samaritan Health Plans es una compa\u00f1\u00eda de seguros de salud impulsada por una misi\u00f3n que presta servicios a empleadores de Oregon y residentes de Medicare de los condados Benton, Lincoln y Linn.<\/p>","protected":false},"author":16,"featured_media":0,"parent":0,"menu_order":1,"comment_status":"closed","ping_status":"closed","template":"","meta":{"_acf_changed":false,"_searchwp_excluded":"","_shs_workflow_notes":"","_shs_exclude_from_navigation":false,"_shs_promote_article_on_blogs":"","footnotes":""},"class_list":["post-2052","page","type-page","status-publish","hentry"],"acf":[],"_links":{"self":[{"href":"https:\/\/samhealthplans.org\/es\/wp-json\/wp\/v2\/pages\/2052","targetHints":{"allow":["GET"]}}],"collection":[{"href":"https:\/\/samhealthplans.org\/es\/wp-json\/wp\/v2\/pages"}],"about":[{"href":"https:\/\/samhealthplans.org\/es\/wp-json\/wp\/v2\/types\/page"}],"author":[{"embeddable":true,"href":"https:\/\/samhealthplans.org\/es\/wp-json\/wp\/v2\/users\/16"}],"replies":[{"embeddable":true,"href":"https:\/\/samhealthplans.org\/es\/wp-json\/wp\/v2\/comments?post=2052"}],"version-history":[{"count":0,"href":"https:\/\/samhealthplans.org\/es\/wp-json\/wp\/v2\/pages\/2052\/revisions"}],"wp:attachment":[{"href":"https:\/\/samhealthplans.org\/es\/wp-json\/wp\/v2\/media?parent=2052"}],"curies":[{"name":"Gracias","href":"https:\/\/api.w.org\/{rel}","templated":true}]}}