{"id":2055,"date":"2023-06-21T16:46:19","date_gmt":"2023-06-21T23:46:19","guid":{"rendered":"https:\/\/samhealth.org\/samhealthplans\/?page_id=2055"},"modified":"2026-01-07T14:51:45","modified_gmt":"2026-01-07T22:51:45","slug":"nuestro-liderazgo","status":"publish","type":"page","link":"https:\/\/samhealthplans.org\/es\/about-samaritan-health-plans\/our-leadership\/","title":{"rendered":"Nuestro liderazgo"},"content":{"rendered":"<section id=\"block_8855541414b47fdf9f18f0e9ce02d1e4\" class=\"shs-block block-section grid-container has-white-background-color\" >\n\t\t<div class=\"entry-content\">\n\n<h1 class=\"wp-block-heading\" id=\"h-our-leadership\">Nuestro liderazgo<\/h1>\n\n<\/div>\n\t<\/section>\n\n\n\n<section id=\"block_1ff07bbcf5b18c4dbeffa72f5b11cebc\" class=\"shs-block block-section grid-container has-blue-light-background-color\" >\n\t\t<div class=\"entry-content\">\n\n<h2 class=\"wp-block-heading\">Direcci\u00f3n ejecutiva<\/h2>\n\n\n\n<p>Samaritan Health Plans est\u00e1 dirigido por un equipo de visionarios que creen que el seguro de salud es una parte esencial de la prestaci\u00f3n de atenci\u00f3n m\u00e9dica integrada.<\/p>\n\n\n\n<p><strong>Marty Cahill, MBA<\/strong><br>Presidente y director ejecutivo de Samaritan Health Services<br>Presidente de la Junta Directiva, Samaritan Health Plans, Inc.<\/p>\n\n\n\n<p><strong>Bruce Butler<\/strong><br>Vicepresidente y director ejecutivo, Samaritan Health Plans, Inc.<\/p>\n\n\n\n<p><strong>Annette Fowler<\/strong><br>Vicepresidente y Director de Operaciones, Samaritan Health Plans, Inc.<\/p>\n\n\n\n<p><strong>Dra. Kelley Burnett<\/strong><br>Director m\u00e9dico, Samaritan Health Plans, Inc.<\/p>\n\n\n\n<p><strong>Trent Began, Director<\/strong><br>Finanzas, Samaritan Health Plans, Inc.<\/p>\n\n<\/div>\n\t<\/section>","protected":false},"excerpt":{"rendered":"<p>Equipo ejecutivo de Samaritan Health Plans<\/p>","protected":false},"author":18,"featured_media":0,"parent":2052,"menu_order":1,"comment_status":"closed","ping_status":"closed","template":"","meta":{"_acf_changed":false,"_searchwp_excluded":"","_shs_workflow_notes":"","_shs_exclude_from_navigation":true,"_shs_promote_article_on_blogs":"","footnotes":""},"class_list":["post-2055","page","type-page","status-publish","hentry"],"acf":[],"_links":{"self":[{"href":"https:\/\/samhealthplans.org\/es\/wp-json\/wp\/v2\/pages\/2055","targetHints":{"allow":["GET"]}}],"collection":[{"href":"https:\/\/samhealthplans.org\/es\/wp-json\/wp\/v2\/pages"}],"about":[{"href":"https:\/\/samhealthplans.org\/es\/wp-json\/wp\/v2\/types\/page"}],"author":[{"embeddable":true,"href":"https:\/\/samhealthplans.org\/es\/wp-json\/wp\/v2\/users\/18"}],"replies":[{"embeddable":true,"href":"https:\/\/samhealthplans.org\/es\/wp-json\/wp\/v2\/comments?post=2055"}],"version-history":[{"count":0,"href":"https:\/\/samhealthplans.org\/es\/wp-json\/wp\/v2\/pages\/2055\/revisions"}],"up":[{"embeddable":true,"href":"https:\/\/samhealthplans.org\/es\/wp-json\/wp\/v2\/pages\/2052"}],"wp:attachment":[{"href":"https:\/\/samhealthplans.org\/es\/wp-json\/wp\/v2\/media?parent=2055"}],"curies":[{"name":"Gracias","href":"https:\/\/api.w.org\/{rel}","templated":true}]}}