{"id":207,"date":"2023-06-05T22:31:12","date_gmt":"2023-06-06T05:31:12","guid":{"rendered":"https:\/\/samhealth.org\/samhealthplans\/?page_id=207"},"modified":"2026-02-25T21:55:20","modified_gmt":"2026-02-26T05:55:20","slug":"beneficios-de-la-tarjeta-mastercard","status":"publish","type":"page","link":"https:\/\/samhealthplans.org\/es\/plan-members\/medicare-advantage-members\/benefits-mastercard\/","title":{"rendered":"Beneficios de la tarjeta Mastercard"},"content":{"rendered":"<section id=\"block_6a764a1d1caa5959cac25ecdf2d64dfe\" class=\"shs-block block-section grid-container has-white-background-color\" >\n\t\t<div class=\"entry-content\">\n\n<h1 class=\"wp-block-heading\" id=\"h-your-benefits-mastercard\">Tus Beneficios Mastercard<\/h1>\n\n<\/div>\n\t<\/section>\n\n\n\n<section id=\"block_38f02944036d287281f80725027f9aad\" class=\"shs-block block-section grid-container has-white-background-color has-full-bleed-image\" >\n\t\t\t<figure class=\"image\"\n\t\t\tstyle=\"background-image: url(https:\/\/samhealthplans.org\/wp-content\/uploads\/sites\/3\/2023\/10\/advantage-benefits-card-960-transparent-RECT.png)\" \t\t\t>\n\t\t\t<img loading=\"lazy\" decoding=\"async\" width=\"960\" height=\"600\" src=\"https:\/\/samhealthplans.org\/wp-content\/uploads\/sites\/3\/2023\/10\/advantage-benefits-card-960-transparent-RECT.png\" class=\"attachment-full size-full\" alt=\"Una imagen de la tarjeta Mastercard Beneficios Samaritan Health Plans con un s\u00edmbolo azul desde la parte superior hasta la parte inferior de la tarjeta.\" srcset=\"https:\/\/samhealthplans.org\/wp-content\/uploads\/sites\/3\/2023\/10\/advantage-benefits-card-960-transparent-RECT.png 960w, https:\/\/samhealthplans.org\/wp-content\/uploads\/sites\/3\/2023\/10\/advantage-benefits-card-960-transparent-RECT-300x188.png 300w, https:\/\/samhealthplans.org\/wp-content\/uploads\/sites\/3\/2023\/10\/advantage-benefits-card-960-transparent-RECT-768x480.png 768w, https:\/\/samhealthplans.org\/wp-content\/uploads\/sites\/3\/2023\/10\/advantage-benefits-card-960-transparent-RECT-18x12.png 18w, https:\/\/samhealthplans.org\/wp-content\/uploads\/sites\/3\/2023\/10\/advantage-benefits-card-960-transparent-RECT-160x100.png 160w\" sizes=\"auto, (max-width: 960px) 100vw, 960px\" \/>\t\t<\/figure>\n\t\t<div class=\"entry-content\">\n\n<h2 class=\"wp-block-heading\" id=\"h-learn-about-your-new-advantage-benefits-mastercard\">Conozca los beneficios de su tarjeta Advantage MasterCard<strong>\u00ae<\/strong><\/h2>\n\n\n\n<p>Tiene una tarjeta de d\u00e9bito prepaga que puede usar para pagar ciertos art\u00edculos dentales, de la vista y de la audici\u00f3n.<\/p>\n\n\n\n<p>Obtenga detalles sobre lo que cubre su tarjeta y c\u00f3mo funciona.<\/p>\n\n\n\n<div class=\"wp-block-buttons is-layout-flex wp-block-buttons-is-layout-flex\">\n<div class=\"wp-block-button\"><a class=\"wp-block-button__link wp-element-button\" href=\"https:\/\/samhealthplans.org\/es\/insercion-de-la-tarjeta-de-beneficios-de-doble-ventaja-2026\/?type=pdf\" target=\"_blank\" rel=\"noreferrer noopener\">Conozca m\u00e1s sobre mi tarjeta 2026<\/a><\/div>\n<\/div>\n\n<\/div>\n\t<\/section>\n\n\n\n<section id=\"block_008e51f339bc6bfa99717098dc647a35\" class=\"shs-block block-section grid-container has-gray-warm-background-color\" >\n\t\t<div class=\"entry-content\">\n\n<h2 class=\"wp-block-heading\" id=\"h-resources\">Recursos<\/h2>\n\n\n\n<ul class=\"wp-block-list\">\n<li><\/li>\n<\/ul>\n\n\n\n<p>Si recibi\u00f3 un servicio antes de recibir su tarjeta de beneficios, su tarjeta no funcion\u00f3 o un servicio no estuvo cubierto cuando usted cree que deber\u00eda haberlo estado, puede solicitar un reembolso completando este formulario:&nbsp;<\/p>\n\n\n\n<ul class=\"wp-block-list\">\n<li><a href=\"https:\/\/samhealthplans.org\/es\/formulario-de-reembolso-de-tarjeta-de-beneficios\/?type=pdf\" target=\"_blank\" rel=\"noreferrer noopener\">Formulario de solicitud de reembolso (English)<\/a><\/li>\n<\/ul>\n\n\n\n<p><strong>\u00bfNecesita reemplazar una tarjeta de beneficios que perdi\u00f3, fue robada o no recibi\u00f3?<\/strong><\/p>\n\n\n\n<ul class=\"wp-block-list\">\n<li>Ir a&nbsp;<strong><a href=\"https:\/\/MyHealthPlan.samhealth.org\" target=\"_blank\" rel=\"noreferrer noopener\">MiPlanDeSalud.samhealth.org<\/a><\/strong>, inicie sesi\u00f3n y luego haga clic en el bot\u00f3n que dice \u201cIniciar sesi\u00f3n en la tarjeta de beneficios\u201d. <br>Una vez en el portal, puede denunciar la tarjeta enviada como perdida o robada y se le enviar\u00e1 una nueva por correo. Tambi\u00e9n puede comunicarse con el Servicio de atenci\u00f3n al cliente y solicitar que se le env\u00ede una nueva tarjeta por correo.<\/li>\n<\/ul>\n\n<\/div>\n\t<\/section>\n\n\n\n<section id=\"block_6a764a1d1caa5959cac25ecdf2d64dfe\" class=\"shs-block block-section grid-container has-white-background-color\" >\n\t\t<div class=\"entry-content\">\n\n<h2 class=\"wp-block-heading\" id=\"h-frequently-asked-questions\">Preguntas frecuentes<\/h2>\n\n\n\n<div id=\"block_0cbc4570efcf10e41b152a89f9261030\" class=\"shs-block accordion\">\n\t<h3 class=\"accordion-title\">\n\t\t<button\n\t\t\ttype=\"button\"\n\t\t\tid=\"accordion_title_69ebc1144b8a06.63981183\"\n\t\t\tclass=\"accordion-control\" aria-expanded=\"false\"\n\t\t\taria-controls=\"accordion_panel_69ebc1144b8a63.19849689\">\u00bfCu\u00e1ndo recibir\u00e9 mi Tarjeta Beneficios Mastercard\u00ae? <span class=\"iconfont-chevron-right\"><\/span><\/button>\n\t<\/h3>\n\t<section\n\t\tid=\"accordion_panel_69ebc1144b8a63.19849689\"\n\t\tclass=\"accordion-panel\"\n\t\taria-labelledby=\"accordion_title_69ebc1144b8a06.63981183\" style=\"height:0\">\n\t\t<div class=\"entry-content\">\n\n<p>Si es un miembro nuevo, recibir\u00e1 su tarjeta en unas semanas despu\u00e9s de completar su inscripci\u00f3n. Su tarjeta se enviar\u00e1 por correo en un sobre blanco, as\u00ed que vigile su correo para que no lo tiren a la basura por error.<\/p>\n\n<\/div>\n\t<\/section>\n<\/div>\n\n\n\n<div id=\"block_247dff1afc2b5bef47fd32e8c8a878c0\" class=\"shs-block accordion\">\n\t<h3 class=\"accordion-title\">\n\t\t<button\n\t\t\ttype=\"button\"\n\t\t\tid=\"accordion_title_69ebc1144bad36.93084667\"\n\t\t\tclass=\"accordion-control\" aria-expanded=\"false\"\n\t\t\taria-controls=\"accordion_panel_69ebc1144bad50.67496767\">\u00bfD\u00f3nde puedo consultar el saldo de mis beneficios?\u00a0 <span class=\"iconfont-chevron-right\"><\/span><\/button>\n\t<\/h3>\n\t<section\n\t\tid=\"accordion_panel_69ebc1144bad50.67496767\"\n\t\tclass=\"accordion-panel\"\n\t\taria-labelledby=\"accordion_title_69ebc1144bad36.93084667\" style=\"height:0\">\n\t\t<div class=\"entry-content\">\n\n<p>Iniciar sesi\u00f3n en <a href=\"https:\/\/myhealthplan.samhealth.org\/portal\/Login.aspx?ReturnUrl=%2fportal%2f\" target=\"_blank\" rel=\"noreferrer noopener\">miplandesalud.samhealth.org<\/a> y haga clic en Iniciar sesi\u00f3n en la tarjeta de beneficios para ver su saldo. Tambi\u00e9n puede consultar su saldo las 24 horas del d\u00eda, los 7 d\u00edas de la semana llamando <strong><a href=\"tel:888-831-4668\">888-831-4668<\/a><\/strong>.<\/p>\n\n<\/div>\n\t<\/section>\n<\/div>\n\n\n\n<div id=\"block_76505198f3265b71712987c357e0e5c3\" class=\"shs-block accordion\">\n\t<h3 class=\"accordion-title\">\n\t\t<button\n\t\t\ttype=\"button\"\n\t\t\tid=\"accordion_title_69ebc1144bc9a8.95549802\"\n\t\t\tclass=\"accordion-control\" aria-expanded=\"false\"\n\t\t\taria-controls=\"accordion_panel_69ebc1144bc9c1.90894589\">\u00bfQu\u00e9 pasa si pierdo o me roban mi tarjeta? <span class=\"iconfont-chevron-right\"><\/span><\/button>\n\t<\/h3>\n\t<section\n\t\tid=\"accordion_panel_69ebc1144bc9c1.90894589\"\n\t\tclass=\"accordion-panel\"\n\t\taria-labelledby=\"accordion_title_69ebc1144bc9a8.95549802\" style=\"height:0\">\n\t\t<div class=\"entry-content\">\n\n<p>Si pierde o le roban su tarjeta, llame al Servicio de atenci\u00f3n al cliente al&nbsp;<a href=\"tel:541-768-7866\">541-768-7866<\/a> o llame gratis al <a href=\"tel:866-768-7250\">866-768-7250<\/a> (TTY&nbsp;<strong><a href=\"tel:800-735-2900\">800-735-2900<\/a><\/strong> o <a href=\"tel:711\">711<\/a>) para obtener ayuda para solicitar una nueva tarjeta. La tarjeta anterior se desactivar\u00e1 una vez que se solicite una nueva.<\/p>\n\n<\/div>\n\t<\/section>\n<\/div>\n\n\n\n<div id=\"block_c357d9b567f1d343f653f165b3976899\" class=\"shs-block accordion\">\n\t<h3 class=\"accordion-title\">\n\t\t<button\n\t\t\ttype=\"button\"\n\t\t\tid=\"accordion_title_69ebc1144be500.79398712\"\n\t\t\tclass=\"accordion-control\" aria-expanded=\"false\"\n\t\t\taria-controls=\"accordion_panel_69ebc1144be526.81802044\">\u00bfQu\u00e9 pasa si tengo preguntas sobre mis beneficios Mastercard\u00ae? <span class=\"iconfont-chevron-right\"><\/span><\/button>\n\t<\/h3>\n\t<section\n\t\tid=\"accordion_panel_69ebc1144be526.81802044\"\n\t\tclass=\"accordion-panel\"\n\t\taria-labelledby=\"accordion_title_69ebc1144be500.79398712\" style=\"height:0\">\n\t\t<div class=\"entry-content\">\n\n<p>Si tiene preguntas o necesita ayuda con su tarjeta, comun\u00edquese con Atenci\u00f3n al cliente al&nbsp;<strong><a href=\"tel:541-768-4550\">541-768-4550<\/a><\/strong>&nbsp;o llame gratis al&nbsp;<strong><a href=\"tel:800-832-4580\">800-832-4580<\/a><\/strong>&nbsp;(TTY&nbsp;<strong><a href=\"tel:800-735-2900\">800-735-2900<\/a><\/strong>) El horario es 8 a m a 8 p m diariamente, del 1 de octubre al 31 de marzo y 8 a m a 8 p m , de lunes a viernes, del 1 de abril al 30 de septiembre.<\/p>\n\n<\/div>\n\t<\/section>\n<\/div>\n\n<\/div>\n\t<\/section>\n\n\n\n<section id=\"block_1d68e72efb5a0bede6e504bd9424c15a\" class=\"shs-block block-alert grid-container has-white-background-color\">\n\n\t<div class=\"acf-innerblocks-container\">\n\n<p class=\"has-text-align-center\">P\u00e1gina actualizada el 2\/1\/2026<\/p>\n\n<\/div>\n\n<\/section>","protected":false},"excerpt":{"rendered":"<p>Con una tarjeta de d\u00e9bito prepaga, puede pagar ciertos art\u00edculos dentales, de la vista, de audici\u00f3n y de venta libre.<\/p>","protected":false},"author":18,"featured_media":0,"parent":152,"menu_order":2,"comment_status":"closed","ping_status":"closed","template":"","meta":{"_acf_changed":false,"_searchwp_excluded":"","_shs_workflow_notes":"","_shs_exclude_from_navigation":true,"_shs_promote_article_on_blogs":"","footnotes":""},"class_list":["post-207","page","type-page","status-publish","hentry"],"acf":[],"_links":{"self":[{"href":"https:\/\/samhealthplans.org\/es\/wp-json\/wp\/v2\/pages\/207","targetHints":{"allow":["GET"]}}],"collection":[{"href":"https:\/\/samhealthplans.org\/es\/wp-json\/wp\/v2\/pages"}],"about":[{"href":"https:\/\/samhealthplans.org\/es\/wp-json\/wp\/v2\/types\/page"}],"author":[{"embeddable":true,"href":"https:\/\/samhealthplans.org\/es\/wp-json\/wp\/v2\/users\/18"}],"replies":[{"embeddable":true,"href":"https:\/\/samhealthplans.org\/es\/wp-json\/wp\/v2\/comments?post=207"}],"version-history":[{"count":1,"href":"https:\/\/samhealthplans.org\/es\/wp-json\/wp\/v2\/pages\/207\/revisions"}],"predecessor-version":[{"id":13447,"href":"https:\/\/samhealthplans.org\/es\/wp-json\/wp\/v2\/pages\/207\/revisions\/13447"}],"up":[{"embeddable":true,"href":"https:\/\/samhealthplans.org\/es\/wp-json\/wp\/v2\/pages\/152"}],"wp:attachment":[{"href":"https:\/\/samhealthplans.org\/es\/wp-json\/wp\/v2\/media?parent=207"}],"curies":[{"name":"Gracias","href":"https:\/\/api.w.org\/{rel}","templated":true}]}}