{"id":2104,"date":"2023-10-01T00:01:00","date_gmt":"2023-10-01T07:01:00","guid":{"rendered":"https:\/\/samhealth.org\/samhealthplans\/?page_id=2104"},"modified":"2026-01-19T16:07:04","modified_gmt":"2026-01-20T00:07:04","slug":"compara-nuestros-planes","status":"publish","type":"page","link":"https:\/\/samhealthplans.org\/es\/shop-samaritan-plans\/medicare-advantage\/compare-our-plans\/","title":{"rendered":"Beneficios del plan"},"content":{"rendered":"<section id=\"block_17fc651112d4811cd40c57f22a5ea5b7\" class=\"shs-block block-section grid-container has-blue-light-background-color\" style=\"background-image: url(https:\/\/samhealthplans.org\/wp-content\/uploads\/sites\/3\/2023\/06\/Willamette-illustration-BA.png); background-position:50% 50%;\">\n\t\t<div class=\"entry-content\">\n\n<h1 class=\"wp-block-heading\" id=\"h-compare-our-plans\">Beneficios del plan<\/h1>\n\n<\/div>\n\t<div class=\"has-overlay\"><\/div><\/section>\n\n\n\n<nav id=\"block_e09ff1c26d976837dc851c54e8554d3e\" class=\"shs-block quicklinks\">\n\t\t<ul class=\"quicklink-list\">\n\t\t\t\t\t\t<li class=\"quicklink has-magenta-color\">\n\t\t\t\t\t<a href=\"https:\/\/samhealthplans.org\/es\/encontrar-un-proveedor\/\" target=\"_self\">\n\t\t\t\t\t\t<svg class=\"quicklink-icon\" aria-labelledby=\"icon_title_0\" focusable=\"false\">\n\t\t\t\t\t\t\t<!-- Define title here so that it can be more specific to the individual use case -->\n\t\t\t\t\t\t\t<title id=\"icon_title_0\">doctor<\/title>\n\t\t\t\t\t\t\t<use xlink:href=\"#icon-doctor\"><\/use>\n\t\t\t\t\t\t<\/svg>\n\t\t\t\t\t\t<span class=\"quicklink-title\">Encuentre un proveedor<\/span>\n\t\t\t\t\t<\/a>\n\t\t\t\t<\/li>\n\t\t\t\t\t\t\t<li class=\"quicklink has-gold-color\">\n\t\t\t\t\t<a href=\"https:\/\/samhealthplans.org\/es\/encontrar-una-droga\/\" target=\"_self\">\n\t\t\t\t\t\t<svg class=\"quicklink-icon\" aria-labelledby=\"icon_title_1\" focusable=\"false\">\n\t\t\t\t\t\t\t<!-- Define title here so that it can be more specific to the individual use case -->\n\t\t\t\t\t\t\t<title id=\"icon_title_1\">pastillas<\/title>\n\t\t\t\t\t\t\t<use xlink:href=\"#icon-pills\"><\/use>\n\t\t\t\t\t\t<\/svg>\n\t\t\t\t\t\t<span class=\"quicklink-title\">Encuentra un medicamento<\/span>\n\t\t\t\t\t<\/a>\n\t\t\t\t<\/li>\n\t\t\t\t\t\t\t<li class=\"quicklink has-cyan-color\">\n\t\t\t\t\t<a href=\"https:\/\/samhealthplans.org\/es\/planes-de-la-tienda-samaritana\/ventaja-de-medicare\/inscribirse\/\" target=\"_self\">\n\t\t\t\t\t\t<svg class=\"quicklink-icon\" aria-labelledby=\"icon_title_2\" focusable=\"false\">\n\t\t\t\t\t\t\t<!-- Define title here so that it can be more specific to the individual use case -->\n\t\t\t\t\t\t\t<title id=\"icon_title_2\">documento y bol\u00edgrafo<\/title>\n\t\t\t\t\t\t\t<use xlink:href=\"#icon-document-pen\"><\/use>\n\t\t\t\t\t\t<\/svg>\n\t\t\t\t\t\t<span class=\"quicklink-title\">Inscribirse<\/span>\n\t\t\t\t\t<\/a>\n\t\t\t\t<\/li>\n\t\t\t\t<\/ul>\n\t\t\t<!-- SVG Legend\/Sprite -->\n\t<div class=\"svg-sprite-wrapper sr-only\">\n\t\t<svg xmlns=\"http:\/\/www.w3.org\/2000\/svg\">\n\t\t\t<symbol id=\"icon-doctor\" viewbox=\"0 0 100 100\"><path d=\"M24.81,29.39c-1.12,0-2.02-.9-2.02-2.02s.9-2.02,2.02-2.02c7.9,0,10.17-5.33,10.19-5.39.2-.5.6-.9,1.1-1.11s1.06-.2,1.56,0c9.73,4.11,20.63-5.68,20.74-5.78.83-.75,2.1-.69,2.86.13s.7,2.1-.13,2.85c-.5.46-11.78,10.63-23.35,7.13-1.6,2.33-5.4,6.19-12.96,6.19h0Z\"\/><path d=\"M85.91,100H14.09c-1.09,0-1.98-.86-2.02-1.94-1.12-29.25,8.59-34.3,15.66-37.99.94-.49,1.82-.95,2.59-1.43,5.38-3.37,4.2-12.92,4.19-13.01-.14-1.11.63-2.12,1.74-2.27s2.12.63,2.27,1.73c.07.5,1.55,12.22-6.05,16.97-.9.57-1.86,1.06-2.87,1.59-6.3,3.28-14.11,7.35-13.55,32.31h67.9c.56-24.96-7.25-29.03-13.56-32.31-1.01-.52-1.96-1.02-2.87-1.59-7.6-4.75-6.12-16.48-6.05-16.97.15-1.11,1.16-1.88,2.27-1.73,1.11.15,1.88,1.16,1.73,2.27h0c-.01.1-1.2,9.65,4.19,13.01.77.48,1.65.94,2.59,1.43,7.08,3.69,16.78,8.73,15.67,37.99-.04,1.09-.93,1.94-2.02,1.94h0Z\"\/><path d=\"M49.45,53.33c-11.03,0-16.9-11.15-18.47-14.64-2.1-.63-6.32-2.59-7.87-8.34-.74-2.76-.51-5.04.7-6.79.85-1.22,1.98-1.88,2.9-2.24C28.98,8.13,37.96,0,50.41,0s20.61,7.75,22.88,21.33c.92.36,2.05,1.02,2.89,2.24,1.21,1.74,1.44,4.03.7,6.79-1.55,5.75-5.78,7.71-7.87,8.34-1.59,3.54-7.63,15-19.01,14.63-.18,0-.37,0-.55,0h0ZM49.09,49.22c.07,0,.13,0,.2,0,.24.02.47.04.71.05.23,0,.47-.03.71-.05.2-.02.4,0,.59.03,9.52-.68,14.32-12.88,14.37-13.01.27-.69.89-1.18,1.62-1.28.16-.02,4.36-.71,5.69-5.66.29-1.06.5-2.51-.1-3.41-.54-.81-1.6-.95-1.62-.95-.91-.12-1.66-.83-1.78-1.74-1.66-12.36-8.44-19.17-19.08-19.17s-18.29,7.16-19.9,19.17c-.13.93-.87,1.65-1.81,1.74h0s-1.05.15-1.58.95c-.6.9-.39,2.35-.11,3.41,1.33,4.95,5.54,5.63,5.71,5.66.72.11,1.35.6,1.61,1.28.05.13,4.86,12.33,14.37,13.01.13-.03.26-.04.39-.04h0Z\"\/><path d=\"M29.82,91.02c-.86,0-1.67-.52-2-1.37-.11-.29-.22-.58-.32-.88-.4-1.21-.68-2.47-.85-3.76-.62-4.85.52-9.51,3.13-12.8,1.89-2.38,4.47-3.84,7.26-4.11,6.77-.66,13.18,5.78,14.28,14.36.2,1.58.22,3.18.03,4.75-.13,1.17-1.2,2.02-2.38,1.88s-2.02-1.2-1.88-2.38c.14-1.23.13-2.48-.02-3.71-.8-6.2-5.2-11.08-9.61-10.64-2.08.2-3.5,1.48-4.32,2.51-1.87,2.35-2.7,5.92-2.23,9.57.13,1.02.36,2.01.67,2.96.08.22.16.45.25.67.43,1.11-.12,2.35-1.22,2.78-.26.1-.52.14-.78.14Z\"\/><path d=\"M64.89,68.27c-.2,0-.4-.03-.61-.09-1.13-.34-1.79-1.53-1.45-2.66.58-1.96.87-4.03.87-6.14,0-1.38-.13-2.77-.38-4.11-.22-1.16.55-2.29,1.71-2.51s2.29.55,2.51,1.71c.3,1.6.46,3.25.46,4.9,0,2.52-.35,4.99-1.04,7.35-.28.93-1.13,1.54-2.06,1.54h0Z\"\/><path d=\"M36.09,70.47c-.92,0-1.77-.6-2.05-1.52-.68-2.22-1.2-4.54-1.54-6.89-.45-3.09-.6-6.17-.43-9.14.07-1.18,1.09-2.09,2.26-2.02,1.18.07,2.09,1.08,2.02,2.26-.15,2.69-.02,5.47.39,8.28.31,2.14.79,4.25,1.4,6.26.35,1.13-.29,2.33-1.42,2.68-.21.07-.42.1-.63.1Z\"\/><path d=\"M64.35,81.91c-4.45,0-8.07-3.62-8.07-8.07s3.62-8.07,8.07-8.07,8.07,3.62,8.07,8.07-3.62,8.07-8.07,8.07ZM64.35,70.07c-2.09,0-3.78,1.7-3.78,3.78s1.7,3.78,3.78,3.78,3.78-1.7,3.78-3.78-1.69-3.78-3.78-3.78Z\"\/><\/symbol>\n<symbol id=\"icon-pills\" viewbox=\"0 0 100 100\"><path d=\"M80.94,48.32h-6.02c-1.34-2.68-3.34-4.68-6.02-6.35L30.44,15.88c-9.03-6.02-21.07-3.68-27.09,5.35s-3.68,21.07,5.02,27.09l10.7,7.36c-6.69,8.36-5.69,20.73,2.68,27.42,3.34,3.01,8.03,4.35,12.37,4.35h46.49c10.7,0,19.4-8.7,19.4-19.4s-8.36-19.73-19.06-19.73ZM70.24,48.32h-31.1l10.37-15.05,17.72,12.04c1,1,2.01,2.01,3.01,3.01ZM6.7,23.24c5.02-7.02,14.38-8.7,21.74-4.01l17.72,12.04-11.7,17.39c-4.35,0-8.7,1.67-12.04,4.35l-11.37-7.69c-7.36-5.35-9.36-15.05-4.35-22.07ZM18.73,68.05c0-8.7,7.02-15.72,15.72-15.72h21.4v31.1h-21.4c-8.7,0-15.72-7.02-15.72-15.38ZM80.94,83.44h-21.4v-31.1h21.4c9.03,0,16.39,6.69,16.39,15.72s-7.36,16.05-16.39,15.38ZM92.64,67.72s-.67,13.04-15.72,13.04c-1,0-2.01-1-2.01-2.01s1-2.01,2.01-2.01c11.37,0,12.04-8.7,12.04-9.03.33-1,1.34-1.67,2.34-1.34.67,0,1.34.67,1.34,1.34h0Z\"\/><\/symbol>\n<symbol id=\"icon-document-pen\" viewbox=\"0 0 100 100\"><path d=\"M71.92,75.29c-1.18,0-2.14.96-2.14,2.14v10.46c0,1.65-1.55,3-3.45,3H7.72c-1.9,0-3.45-1.35-3.45-3V30.32h13.48c4.26,0,7.72-3.26,7.72-7.27v-13.92h40.87c1.9,0,3.45,1.35,3.45,3v12.23c0,1.18.96,2.14,2.14,2.14s2.14-.96,2.14-2.14v-12.23c0-4.01-3.46-7.27-7.72-7.27H23.33c-.13,0-.26.02-.38.04-.01,0-.03,0-.04,0-.18.04-.35.1-.52.18-.04.02-.08.04-.12.07-.16.09-.32.2-.45.33L.62,26.67s0,0,0,0c-.13.13-.24.28-.33.44-.02.04-.04.08-.06.12-.08.16-.15.34-.19.52,0,0,0,.02,0,.02-.02.13-.04.26-.04.4v59.7c0,4.01,3.46,7.27,7.72,7.27h58.62c4.26,0,7.72-3.26,7.72-7.27v-10.46c0-1.18-.96-2.14-2.14-2.14h0ZM21.2,12.14v10.9c0,1.65-1.55,3-3.45,3H7.29l13.9-13.9h0Z\"\/><path d=\"M52.61,42.77c0-1.18-.96-2.14-2.14-2.14H18.44c-1.18,0-2.14.96-2.14,2.14s.96,2.14,2.14,2.14h32.04c1.18,0,2.14-.96,2.14-2.14h0Z\"\/><path d=\"M42.5,53.23c0-1.18-.96-2.14-2.14-2.14h-21.93c-1.18,0-2.14.96-2.14,2.14s.96,2.14,2.14,2.14h21.93c1.18,0,2.14-.96,2.14-2.14Z\"\/><path d=\"M18.44,61.55c-1.18,0-2.14.96-2.14,2.14s.96,2.14,2.14,2.14h16.87c1.18,0,2.14-.96,2.14-2.14s-.96-2.14-2.14-2.14h-16.87Z\"\/><path d=\"M97.53,34.84l-8.85-9.11c-1.63-1.67-3.81-2.62-6.14-2.65-2.33-.03-4.54.84-6.21,2.47l-30.5,29.63c-.12.11-.22.24-.3.37-.42.26-.76.66-.92,1.17l-8.18,26.01c-.24.75-.04,1.57.5,2.13.41.42.96.65,1.53.65.19,0,.39-.03.58-.08l26.24-7.43c.51-.15.92-.47,1.2-.89.13-.08.27-.18.38-.29l30.5-29.63c1.67-1.63,2.62-3.81,2.65-6.14.03-2.33-.84-4.54-2.47-6.21h0ZM48,60.14l13.95,14.36-20.28,5.74,6.33-20.1h0ZM94.37,44.13l-28.79,27.97-15.07-15.52,28.79-27.97c.85-.83,1.99-1.28,3.17-1.26,1.19.02,2.31.5,3.14,1.35l8.85,9.12c.83.85,1.28,1.98,1.26,3.17-.02,1.19-.5,2.3-1.35,3.14h0Z\"\/><\/symbol>\n\t\t<\/svg>\n\t<\/div>\n<\/nav>\n\n\n\n<section id=\"block_c1e089a2fa402015e513f7a9e0991866\" class=\"shs-block block-section grid-container has-white-background-color\" >\n\t\t<div class=\"entry-content\">\n\n<h2 class=\"wp-block-heading\">Descripci\u00f3n general de los beneficios del plan<\/h2>\n\n\n\n<p>A partir de 2026, Samaritan Advantage Health Plans ofrecer\u00e1 un plan de Medicare:&nbsp;<strong>Samaritano Dual Advantage <\/strong>(HMO D-SNP). Este plan est\u00e1 dise\u00f1ado para personas con cobertura de Medicare y Medicaid (Plan de Salud Oregon).<\/p>\n\n\n\n<h3 class=\"wp-block-heading\" id=\"h-your-2024-plan-benefits\"><strong>Informaci\u00f3n sobre los beneficios del plan 2026: Plan Dual Advantage<\/strong><\/h3>\n\n\n\n<p>A continuaci\u00f3n encontrar\u00e1 informaci\u00f3n sobre la cobertura de este plan. Estos materiales son documentos importantes que describen detalladamente sus beneficios de seguro m\u00e9dico.<\/p>\n\n\n\n<p>Para conocer todos los detalles y la documentaci\u00f3n sobre la cobertura del plan Samaritan Dual Advantage 2026, descargue la Evidencia de Cobertura. Este documento legal explica sus beneficios y derechos:<\/p>\n\n\n\n<ul class=\"wp-block-list\">\n<li><a href=\"https:\/\/samhealthplans.org\/wp-content\/uploads\/sites\/3\/2026-Evidence-of-Coverage-Dual-Advantage-Plan.pdf\" target=\"_blank\" rel=\"noreferrer noopener\">Evidencia de Cobertura 2026 \u2013 Dual Advantage (English)<\/a> (10\/01\/2025).<\/li>\n<\/ul>\n\n\n\n<p>Para revisar un resumen de los beneficios m\u00e9dicos, dentales y de medicamentos recetados, copagos, coseguro y m\u00e1s del plan, descargue el <strong>Resumen de beneficios:<\/strong><\/p>\n\n\n\n<ul class=\"wp-block-list\">\n<li><a href=\"https:\/\/samhealthplans.org\/wp-content\/uploads\/sites\/3\/2026-Summary-of-Benefits-Dual-Advantage.pdf\" target=\"_blank\" rel=\"noreferrer noopener\">Resumen de beneficios 2026 \u2013 Dual Advantage (English)<\/a> (10\/01\/2025).<\/li>\n<\/ul>\n\n\n\n<p>Para conocer c\u00f3mo han cambiado los beneficios del plan de un a\u00f1o a otro, consulte la&nbsp;<strong>Aviso anual de cambios<\/strong>:<\/p>\n\n\n\n<ul class=\"wp-block-list\">\n<li><a href=\"https:\/\/samhealthplans.org\/wp-content\/uploads\/sites\/3\/2026-Annual-Notice-of-Change-Dual-Advantage.pdf\" target=\"_blank\" rel=\"noreferrer noopener\">Aviso anual de cambios de 2026 \u2013 Dual Advantage (English)<\/a> (10\/01\/2025).<\/li>\n<\/ul>\n\n\n\n<p>Para saber qu\u00e9 servicios, procedimientos, suministros y equipos m\u00e9dicos requieren nuestra autorizaci\u00f3n por escrito antes de ser realizados o suministrados, revise la <strong>Lista de autorizaciones previas:<\/strong><\/p>\n\n\n\n<ul class=\"wp-block-list\">\n<li><a href=\"https:\/\/samhealthplans.org\/wp-content\/uploads\/sites\/3\/2026-Prior-Authorization-List-Advantage.pdf\" target=\"_blank\" rel=\"noreferrer noopener\">Lista de Autorizaciones Previas 2026 (English)<\/a> (01\/01\/2026).<\/li>\n<\/ul>\n\n\n\n<h4 class=\"wp-block-heading\">Otra informaci\u00f3n importante del plan<\/h4>\n\n\n\n<ul class=\"wp-block-list\">\n<li><a href=\"https:\/\/samhealthplans.org\/wp-content\/uploads\/sites\/3\/2026-Enrollment-Guide-Dual-Advantage.pdf\" target=\"_blank\" rel=\"noreferrer noopener\">Gu\u00eda de inscripci\u00f3n 2026 \u2013 Dual Advantage (English)<\/a>.<\/li>\n\n\n\n<li><a href=\"https:\/\/samhealthplans.org\/wp-content\/uploads\/sites\/3\/2026-Pharmacy-Directory-Samaritan-Advantage-Plans.pdf\">Directorio de farmacias 2026 (English)<\/a>&nbsp;(Vigente a partir del 01\/01\/2026).<\/li>\n\n\n\n<li><a href=\"https:\/\/samhealthplans.org\/wp-content\/uploads\/sites\/3\/2026-Formulary-List-of-Covered-Drugs-Dual-Advantage.pdf\" target=\"_blank\" rel=\"noreferrer noopener\">Formulario 2026 \u2013 Plan Dual Advantage (English)<\/a>&nbsp;(Vigente a partir del 01\/01\/2026).<\/li>\n\n\n\n<li><a href=\"https:\/\/samhealthplans.org\/wp-content\/uploads\/sites\/3\/2026-Low-Income-Subsidy-Summary-Dual-Advantage-Plan.pdf\">Resumen del Subsidio para Personas de Bajos Ingresos 2026 \u2013 Plan Dual Advantage (English)<\/a> (Vigente a partir del 01\/01\/2026).<\/li>\n\n\n\n<li><a href=\"https:\/\/samhealthplans.org\/wp-content\/uploads\/sites\/3\/2026-Medicare-Star-Ratings-Samaritan-Advantage-Plans.pdf\" target=\"_blank\" rel=\"noreferrer noopener\">Calificaciones de estrellas de Medicare 2026 (English)<\/a>.<\/li>\n<\/ul>\n\n\n\n<p>&nbsp;<\/p>\n\n<\/div>\n\t<\/section>\n\n\n\n<section id=\"block_22ad8fb0e7b75dfcfa11b1bc921a0d9b\" class=\"shs-block block-section grid-container has-blue-primary-background-color\" >\n\t\t<div class=\"entry-content\">\n\n<h2 class=\"wp-block-heading\">Inscr\u00edbete en el Plan Dual Advantage <\/h2>\n\n\n\n<p>Si est\u00e1 listo para dar el siguiente paso y comenzar a inscribirse, obtenga m\u00e1s informaci\u00f3n sobre el proceso y descargue el formulario de inscripci\u00f3n. <\/p>\n\n\n\n<div class=\"wp-block-buttons is-layout-flex wp-block-buttons-is-layout-flex\">\n<div class=\"wp-block-button\"><a class=\"wp-block-button__link wp-element-button\" href=\"https:\/\/samhealthplans.org\/es\/planes-de-la-tienda-samaritana\/ventaja-de-medicare\/inscribirse\/\">Empezar<\/a><\/div>\n<\/div>\n\n<\/div>\n\t<\/section>\n\n\n\n<section id=\"block_b40e17856a5b06e05e5f907d31c1b7de\" class=\"shs-block block-section grid-container has-gray-warm-background-color\" >\n\t\t<div class=\"entry-content\">\n\n<h3 class=\"wp-block-heading\"><strong>Informaci\u00f3n sobre los beneficios del plan 2025<\/strong><\/h3>\n\n\n\n<p><a href=\"https:\/\/samhealthplans.org\/wp-content\/uploads\/sites\/3\/2025-Enrollment-Guide-Advantage-Plans.pdf\" target=\"_blank\" rel=\"noreferrer noopener\">Gu\u00eda de inscripci\u00f3n 2025: Valor, Plan Premier y Plan Premier Plus (English)<\/a><br><a href=\"https:\/\/samhealthplans.org\/wp-content\/uploads\/sites\/3\/2025-Summary-of-Benefits-Advantage-Plans.pdf\" target=\"_blank\" rel=\"noreferrer noopener\">Resumen de beneficios 2025: Valor, Plan Premier y Plan Premier Plus (English)<\/a><br><a href=\"https:\/\/samhealthplans.org\/wp-content\/uploads\/sites\/3\/2025-Low-Income-Subsidy-Advantage-Premier-Premier-Plus-Plans.pdf\" target=\"_blank\" rel=\"noreferrer noopener\">Resumen de la prima del subsidio para personas de bajos ingresos de 2025: plan Premier y plan Premier Plus (English)<\/a><br><a href=\"https:\/\/samhealthplans.org\/wp-content\/uploads\/sites\/3\/2025-Enrollment-Guide-Dual-Advantage.pdf\" target=\"_blank\" rel=\"noreferrer noopener\">Gu\u00eda de inscripci\u00f3n 2025 \u2013 Dual Advantage (English)<\/a><br><a href=\"https:\/\/samhealthplans.org\/wp-content\/uploads\/sites\/3\/2025-Summary-of-Benefits-Dual-Advantage.pdf\" target=\"_blank\" rel=\"noreferrer noopener\">Resumen de beneficios 2025 \u2013 Dual Advantage (English)<\/a><\/p>\n\n\n\n<h4 class=\"wp-block-heading\">Otra informaci\u00f3n importante del plan 2025<\/h4>\n\n\n\n<p>Para obtener informaci\u00f3n m\u00e1s detallada sobre el plan, incluido c\u00f3mo utilizar la cobertura del plan para obtener servicios m\u00e9dicos, sus derechos y responsabilidades como miembro, n\u00fameros de tel\u00e9fono importantes y otros recursos, consulte la&nbsp;<strong>Evidencia de Cobertura<\/strong>&nbsp;para el plan que le interesa.<\/p>\n\n\n\n<p><a href=\"https:\/\/samhealthplans.org\/wp-content\/uploads\/sites\/3\/2025-Evidence-of-Coverage-Valor.pdf\" target=\"_blank\" rel=\"noreferrer noopener\">Evidencia de cobertura 2025 \u2013 Valor (English)<\/a><br><a href=\"https:\/\/samhealthplans.org\/wp-content\/uploads\/sites\/3\/2025-Evidence-of-Coverage-Premier.pdf\" target=\"_blank\" rel=\"noreferrer noopener\">Evidencia de cobertura 2025 \u2013 Plan Premier (English)<\/a><br><a href=\"https:\/\/samhealthplans.org\/wp-content\/uploads\/sites\/3\/2025-Evidence-of-Coverage-Premier-Plan-Plus.pdf\" target=\"_blank\" rel=\"noreferrer noopener\">Evidencia de cobertura 2025: plan Premier Plus (English)<\/a><br><a href=\"https:\/\/samhealthplans.org\/wp-content\/uploads\/sites\/3\/2025-Evidence-of-Coverage-Dual-Advantage.pdf\" target=\"_blank\" rel=\"noreferrer noopener\">Evidencia de cobertura 2025 \u2013 Dual Advantage (English)<\/a><br><a href=\"https:\/\/samhealthplans.org\/wp-content\/uploads\/sites\/3\/2025-Prior-Authorization-List-Advantage-Plans.pdf\" target=\"_blank\" rel=\"noreferrer noopener\">Lista de autorizaciones previas 2025 (English)<\/a><br><a href=\"https:\/\/samhealthplans.org\/wp-content\/uploads\/sites\/3\/2025-Medicare-Star-Ratings-Advantage.pdf\" target=\"_blank\" rel=\"noreferrer noopener\">Calificaciones de estrellas de Medicare 2025 (English)<\/a><\/p>\n\n\n\n<p><a href=\"https:\/\/samhealthplans.org\/es\/planes-de-la-tienda-samaritana\/ventaja-de-medicare\/inscribirse\/inscribase-en-samaritan-advantage\/\">Obtenga m\u00e1s informaci\u00f3n sobre la inscripci\u00f3n.<\/a><\/p>\n\n\n\n<h4 class=\"wp-block-heading\">Oferta de planes Samaritan Advantage 2025<\/h4>\n\n\n\n<ul class=\"wp-block-list\">\n<li>Viajes ilimitados desde y hacia supermercados, visitas al m\u00e9dico, farmacias, gimnasios, terapias y m\u00e1s.<\/li>\n\n\n\n<li>Deducible m\u00e9dico $0.<\/li>\n\n\n\n<li>La cobertura de medicamentos recetados de la Parte D est\u00e1 disponible con el Plan Premier y el Plan Premier Plus.<\/li>\n\n\n\n<li><a href=\"https:\/\/samhealthplans.org\/es\/planes-de-la-tienda-samaritana\/ventaja-de-medicare\/compara-nuestros-planes\/beneficios-de-la-aptitud-fisica\/\">Beneficios del fitness.<\/a><\/li>\n\n\n\n<li>Atenci\u00f3n de urgencia a nivel nacional y atenci\u00f3n de emergencia a nivel mundial.<\/li>\n\n\n\n<li>Acceso a nuestro&nbsp;<a href=\"https:\/\/samhealthplans.org\/es\/encontrar-un-proveedor\/\">Red extensa<\/a>&nbsp;de Oregon proveedores de atenci\u00f3n m\u00e9dica, tanto dentro como fuera del sistema Samaritan, incluida The Corvallis Clinic, una parte de Optum; OHSU; Providence; PeaceHealth y m\u00e1s.<\/li>\n\n\n\n<li>Sistema de respuesta a emergencias personales sin coste.<\/li>\n\n\n\n<li>L\u00ednea de asesoramiento de enfermer\u00eda 24 horas al d\u00eda, 7 d\u00edas a la semana.<\/li>\n\n\n\n<li>Cobertura para atenci\u00f3n dental preventiva e integral, art\u00edculos de venta libre (OTC), acupuntura, quiropr\u00e1ctica, servicios de centros de enfermer\u00eda especializada, ex\u00e1menes de la vista y anteojos, ex\u00e1menes y aparatos auditivos, beneficios de acondicionamiento f\u00edsico y m\u00e1s.<\/li>\n<\/ul>\n\n<\/div>\n\t<\/section>\n\n\n\n<section id=\"block_0d4228efefcf2d11641af86631c10689\" class=\"shs-block block-alert grid-container has-white-background-color\">\n\n\t<div class=\"acf-innerblocks-container\">\n\n<p class=\"has-text-align-center\">P\u00e1gina actualizada el 14\/10\/2025<\/p>\n\n<\/div>\n\n<\/section>","protected":false},"excerpt":{"rendered":"<p>Consulte los beneficios del plan para 2026, que incluye el plan Samaritan Dual Advantage. Encuentre informaci\u00f3n sobre los planes Samaritan Advantage para 2025.<\/p>","protected":false},"author":21,"featured_media":0,"parent":184,"menu_order":1,"comment_status":"closed","ping_status":"closed","template":"","meta":{"_acf_changed":false,"_searchwp_excluded":"","_shs_workflow_notes":"For October 1, lets add a different colored section to separate the two different plan years.","_shs_exclude_from_navigation":true,"_shs_promote_article_on_blogs":"","footnotes":""},"class_list":["post-2104","page","type-page","status-publish","hentry"],"acf":[],"_links":{"self":[{"href":"https:\/\/samhealthplans.org\/es\/wp-json\/wp\/v2\/pages\/2104","targetHints":{"allow":["GET"]}}],"collection":[{"href":"https:\/\/samhealthplans.org\/es\/wp-json\/wp\/v2\/pages"}],"about":[{"href":"https:\/\/samhealthplans.org\/es\/wp-json\/wp\/v2\/types\/page"}],"author":[{"embeddable":true,"href":"https:\/\/samhealthplans.org\/es\/wp-json\/wp\/v2\/users\/21"}],"replies":[{"embeddable":true,"href":"https:\/\/samhealthplans.org\/es\/wp-json\/wp\/v2\/comments?post=2104"}],"version-history":[{"count":0,"href":"https:\/\/samhealthplans.org\/es\/wp-json\/wp\/v2\/pages\/2104\/revisions"}],"up":[{"embeddable":true,"href":"https:\/\/samhealthplans.org\/es\/wp-json\/wp\/v2\/pages\/184"}],"wp:attachment":[{"href":"https:\/\/samhealthplans.org\/es\/wp-json\/wp\/v2\/media?parent=2104"}],"curies":[{"name":"Gracias","href":"https:\/\/api.w.org\/{rel}","templated":true}]}}