{"id":2116,"date":"2023-06-22T17:30:47","date_gmt":"2023-06-23T00:30:47","guid":{"rendered":"https:\/\/samhealth.org\/samhealthplans\/?page_id=2116"},"modified":"2026-01-05T13:17:50","modified_gmt":"2026-01-05T21:17:50","slug":"manuales","status":"publish","type":"page","link":"https:\/\/samhealthplans.org\/es\/providers\/provider-resources-physical-health\/manuals\/","title":{"rendered":"Manuales de proveedores"},"content":{"rendered":"<section id=\"block_d6f66ac5c16e8a2ef9e0319d63a235d0\" class=\"shs-block block-section grid-container has-white-background-color\" >\n\t\t<div class=\"entry-content\">\n\n<h1 class=\"wp-block-heading\" id=\"h-provider-manuals\">Manuales de proveedores<\/h1>\n\n<\/div>\n\t<\/section>\n\n\n\n<section id=\"block_d6f66ac5c16e8a2ef9e0319d63a235d0\" class=\"shs-block block-section grid-container has-white-background-color\" >\n\t\t<div class=\"entry-content\">\n\n<h2 class=\"wp-block-heading\">Manual del proveedor<\/h2>\n\n\n\n<p>El Manual del proveedor fue desarrollado para que los proveedores contratados por Samaritan Health Plan Operations lo utilicen como herramienta en la prestaci\u00f3n de atenci\u00f3n m\u00e9dica a nuestros miembros. Este documento debe usarse junto con su contrato con cualquiera de los siguientes: Samaritan Health Plans, InterCommunity Health Plans o Samaritan Health Services (SHS).\u00a0<\/p>\n\n\n\n<p><a href=\"https:\/\/samhealthplans.org\/wp-content\/uploads\/sites\/3\/2026-Provider-Manual-Samaritan-Health-Plans.pdf\">Manual del proveedor 2026 (English)<\/a><br><a href=\"https:\/\/samhealthplans.org\/wp-content\/uploads\/sites\/3\/2023\/06\/Provider-Manual-Samaritan-Health-Plans.pdf\" target=\"_blank\" rel=\"noreferrer noopener\">Manual del proveedor 2025 (English)<\/a> <\/p>\n\n\n\n<h2 class=\"wp-block-heading\">Primeros pasos con Provider Connect, su portal para proveedores<\/h2>\n\n\n\n<p>Para aquellos socios proveedores que a\u00fan no est\u00e1n familiarizados con nuestro portal de proveedores, Provider Connect, hemos elaborado un tutorial para ayudarlo a registrarse y navegar.<\/p>\n\n\n\n<p><a href=\"https:\/\/samhealthplans.org\/es\/tutorial-de-conexion-de-proveedores\/?type=pdf\" target=\"_blank\" rel=\"noreferrer noopener\">Tutorial de conexi\u00f3n con proveedores (English)<\/a><\/p>\n\n\n\n<h2 class=\"wp-block-heading\">Manual de gesti\u00f3n de utilizaci\u00f3n y autorizaci\u00f3n de servicios de IHN-CCO<\/h2>\n\n\n\n<p>La gesti\u00f3n de utilizaci\u00f3n (UM) est\u00e1 integrada en el programa de gesti\u00f3n de atenci\u00f3n de Medical Management. Este manual est\u00e1 dise\u00f1ado para ayudar a comprender el proceso de revisi\u00f3n de autorizaci\u00f3n previa: tipos de revisiones realizadas, criterios espec\u00edficos aplicados, proceso de notificaci\u00f3n, etc. Acceda a este manual para obtener m\u00e1s informaci\u00f3n e instrucciones paso a paso para enviar solicitudes de autorizaci\u00f3n previa en l\u00ednea.<br><a href=\"https:\/\/samhealthplans.org\/es\/manual-de-gestion-de-utilizacion-y-autorizacion-de-servicios\/?type=pdf\" target=\"_blank\" rel=\"noreferrer noopener\">Manual de gesti\u00f3n de utilizaci\u00f3n y autorizaci\u00f3n de servicios (English)<\/a><\/p>\n\n\n\n<h2 class=\"wp-block-heading\">Obtenga m\u00e1s informaci\u00f3n sobre las autorizaciones de medicamentos oncol\u00f3gicos y especializados administrados por proveedores ambulatorios<\/h2>\n\n\n\n<p>Samaritan Health Plans y Specialty Fusion administran las solicitudes de autorizaci\u00f3n para todos los medicamentos oncol\u00f3gicos y especializados administrados por proveedores ambulatorios en nombre de los miembros. Visite el portal Specialty Fusion para enviar y hacer un seguimiento de sus solicitudes en l\u00ednea. Para obtener instrucciones sobre c\u00f3mo navegar por el portal de autorizaci\u00f3n previa de Specialty Fusion, lea la<br> <a href=\"https:\/\/samhealthplans.org\/wp-content\/uploads\/sites\/3\/2023\/08\/specialty-fusion-user-guide-1.pdf\" target=\"_blank\" rel=\"noreferrer noopener\">Gu\u00eda del usuario de Specialty Fusion (English)<\/a>.<\/p>\n\n<\/div>\n\t<\/section>","protected":false},"excerpt":{"rendered":"<p>Encuentre manuales de proveedores, incluido el Manual del proveedor Samaritan Health Plans, as\u00ed como el Manual de gesti\u00f3n de utilizaci\u00f3n y la Gu\u00eda del usuario de Specialty Fusion.<\/p>","protected":false},"author":18,"featured_media":0,"parent":2109,"menu_order":1,"comment_status":"closed","ping_status":"closed","template":"","meta":{"_acf_changed":false,"_searchwp_excluded":"","_shs_workflow_notes":"","_shs_exclude_from_navigation":true,"_shs_promote_article_on_blogs":"","footnotes":""},"class_list":["post-2116","page","type-page","status-publish","hentry"],"acf":[],"_links":{"self":[{"href":"https:\/\/samhealthplans.org\/es\/wp-json\/wp\/v2\/pages\/2116","targetHints":{"allow":["GET"]}}],"collection":[{"href":"https:\/\/samhealthplans.org\/es\/wp-json\/wp\/v2\/pages"}],"about":[{"href":"https:\/\/samhealthplans.org\/es\/wp-json\/wp\/v2\/types\/page"}],"author":[{"embeddable":true,"href":"https:\/\/samhealthplans.org\/es\/wp-json\/wp\/v2\/users\/18"}],"replies":[{"embeddable":true,"href":"https:\/\/samhealthplans.org\/es\/wp-json\/wp\/v2\/comments?post=2116"}],"version-history":[{"count":0,"href":"https:\/\/samhealthplans.org\/es\/wp-json\/wp\/v2\/pages\/2116\/revisions"}],"up":[{"embeddable":true,"href":"https:\/\/samhealthplans.org\/es\/wp-json\/wp\/v2\/pages\/2109"}],"wp:attachment":[{"href":"https:\/\/samhealthplans.org\/es\/wp-json\/wp\/v2\/media?parent=2116"}],"curies":[{"name":"Gracias","href":"https:\/\/api.w.org\/{rel}","templated":true}]}}