{"id":2119,"date":"2023-06-22T23:24:18","date_gmt":"2023-06-23T06:24:18","guid":{"rendered":"https:\/\/samhealth.org\/samhealthplans\/?page_id=2119"},"modified":"2026-02-19T14:39:07","modified_gmt":"2026-02-19T22:39:07","slug":"portal-de-proveedores","status":"publish","type":"page","link":"https:\/\/samhealthplans.org\/es\/providers\/provider-resources-physical-health\/provider-portal\/","title":{"rendered":"Portal de proveedores"},"content":{"rendered":"<section id=\"block_bc73c18e29ea20e386934f6e07ee3bef\" class=\"shs-block block-section grid-container has-white-background-color\" >\n\t\t<div class=\"entry-content\">\n\n<h1 class=\"wp-block-heading\" id=\"h-provider-portal\">Portal de proveedores<\/h1>\n\n<\/div>\n\t<\/section>\n\n\n\n<section id=\"block_f4a5b6cd1dfb1ffb41785546304d962b\" class=\"shs-block block-slim-section grid-container has-gold-background-color\">\n\n\t<div class=\"entry-content\">\n\n<h2 class=\"wp-block-heading\"><strong>Actualizaci\u00f3n importante del portal de proveedores<\/strong><\/h2>\n\n\n\n<p>Hemos identificado problemas con el nuevo portal de proveedores y volveremos al portal anterior ma\u00f1ana, viernes 20 de febrero, a las 8 a. m. Puede continuar utilizando los enlaces existentes de OneHealthPort para acceder al portal.<br><br>\u00bfNecesitas ayuda para iniciar sesi\u00f3n o restablecer tu contrase\u00f1a? Cont\u00e1ctanos. <strong>OneHealthPort<\/strong> t\u00e9cnico <br>apoyo en <a href=\"tel:800-973-4797\">800-973-4797<\/a>.<\/p>\n\n\n\n<div class=\"wp-block-buttons is-layout-flex wp-block-buttons-is-layout-flex\">\n<div class=\"wp-block-button\"><a class=\"wp-block-button__link wp-element-button\" href=\"https:\/\/www.onehealthport.com\/sso\" target=\"_blank\" rel=\"noreferrer noopener\">Visita el portal<\/a><\/div>\n<\/div>\n\n<\/div>\n\n\t<\/section>\n\n\n\n<section id=\"block_9c1e86520e07c6e4cc175d503b1a3b9b\" class=\"shs-block block-section grid-container has-gray-warm-background-color has-circle-image col-reverse\" >\n\t\t\t<figure class=\"image\"\n\t\t\t\t\t\t>\n\t\t\t<img loading=\"lazy\" decoding=\"async\" width=\"684\" height=\"684\" src=\"https:\/\/samhealthplans.org\/wp-content\/uploads\/sites\/3\/2023\/06\/Typing-fingers.jpg\" class=\"attachment-square-lg size-square-lg\" alt=\"\" srcset=\"https:\/\/samhealthplans.org\/wp-content\/uploads\/sites\/3\/2023\/06\/Typing-fingers.jpg 684w, https:\/\/samhealthplans.org\/wp-content\/uploads\/sites\/3\/2023\/06\/Typing-fingers-300x300.jpg 300w, https:\/\/samhealthplans.org\/wp-content\/uploads\/sites\/3\/2023\/06\/Typing-fingers-150x150.jpg 150w, https:\/\/samhealthplans.org\/wp-content\/uploads\/sites\/3\/2023\/06\/Typing-fingers-425x425.jpg 425w, https:\/\/samhealthplans.org\/wp-content\/uploads\/sites\/3\/2023\/06\/Typing-fingers-100x100.jpg 100w\" sizes=\"auto, (max-width: 684px) 100vw, 684px\" \/>\t\t<\/figure>\n\t\t<div class=\"entry-content\">\n\n<h2 class=\"wp-block-heading\">Aproveche Provider Connect&nbsp;<\/h2>\n\n\n\n<p>Cuente con Provider Connect para hacer su vida m\u00e1s f\u00e1cil:<\/p>\n\n\n\n<ul class=\"wp-block-list\">\n<li>Asigne miembros de IHN-CCO y Samaritan Advantage a otros proveedores de atenci\u00f3n primaria, acceda a informes diarios en tiempo real y realice un seguimiento de todas las actividades de asignaci\u00f3n.<\/li>\n\n\n\n<li>Vea los detalles de pago de todos sus reclamos, incluido el n\u00famero de cheque o transacci\u00f3n.<\/li>\n\n\n\n<li>Busque informaci\u00f3n de reclamaciones por proveedor, miembro o fecha de servicio.<\/li>\n\n\n\n<li>Env\u00ede sus solicitudes de autorizaci\u00f3n previa en l\u00ednea y verifique su estado.<\/li>\n\n\n\n<li>Acceder a la <a href=\"https:\/\/mbm.linkplatform.com\/home\" target=\"_blank\" rel=\"noreferrer noopener\">Specialty Fusion platform<\/a> para solicitudes de autorizaci\u00f3n previa de medicamentos oncol\u00f3gicos y especializados administrados por proveedores.<\/li>\n\n\n\n<li>Obtenga los detalles que necesita para la coordinaci\u00f3n de beneficios (COB) para sus pacientes, incluida la fecha de vigencia de otra cobertura.<\/li>\n<\/ul>\n\n\n\n<p>Y, como se accede a Provider Connect a trav\u00e9s de OneHealthPort de Oregon, puede acceder a los portales de otros pagadores con solo iniciar sesi\u00f3n.&nbsp;<\/p>\n\n\n\n<div class=\"wp-block-buttons is-layout-flex wp-block-buttons-is-layout-flex\">\n<div class=\"wp-block-button\"><a class=\"wp-block-button__link wp-element-button\" href=\"https:\/\/www.onehealthport.com\/sso\" target=\"_blank\" rel=\"noreferrer noopener\">Iniciar sesi\u00f3n en el portal<\/a><\/div>\n\n\n\n<div class=\"wp-block-button\"><a class=\"wp-block-button__link wp-element-button\" href=\"https:\/\/samhealthplans.org\/wp-content\/uploads\/sites\/3\/2023\/06\/provider-connect-tutorial.pdf\" target=\"_blank\" rel=\"noreferrer noopener\">Capacitaci\u00f3n del portal: \u00a1pr\u00f3ximamente!<\/a><\/div>\n<\/div>\n\n<\/div>\n\t<\/section>\n\n\n\n<section id=\"block_f069087798f968f816b2a24a3fe3b85e\" class=\"shs-block block-section grid-container has-blue-light-background-color\" >\n\t\t<div class=\"entry-content\">\n\n<h2 class=\"wp-block-heading\">Autorizaciones previas para procedimientos m\u00e9dicos <\/h2>\n\n\n\n<p>Los proveedores contratados con Samaritan Health Plans deben enviar todas las solicitudes de autorizaci\u00f3n previa para procedimientos m\u00e9dicos a trav\u00e9s de nuestro portal automatizado de proveedores.<\/p>\n\n\n\n<p>Todo&nbsp;<strong>proveedores contratados<\/strong>&nbsp;deben enviar todas las solicitudes de autorizaci\u00f3n previa para procedimientos m\u00e9dicos a trav\u00e9s de nuestro portal automatizado para proveedores \u2014&nbsp;<a href=\"https:\/\/www.onehealthport.com\/sso\" target=\"_blank\" rel=\"noreferrer noopener\">Conexi\u00f3n de proveedores<\/a>.<\/p>\n\n\n\n<p><strong>No contratado<\/strong> <strong>proveedores<\/strong> podr\u00e1n seguir enviando por fax sus presentaciones para solicitudes de autorizaci\u00f3n de procedimientos m\u00e9dicos. <\/p>\n\n\n\n<p>Si no se ha registrado para obtener una cuenta de Provider Connect, visite&nbsp;<a href=\"http:\/\/onehealthport.com\/\" target=\"_blank\" rel=\"noreferrer noopener\">OneHealthPort<\/a>&nbsp;y siga los pasos para registrar su pr\u00e1ctica.<\/p>\n\n\n\n<p>Si ya est\u00e1 registrado y necesita ayuda con la capacitaci\u00f3n de usuarios, env\u00ede un correo electr\u00f3nico a&nbsp;<a href=\"mailto:shpprovider@samhealth.org?subject=Provider%20Connect%20Help\">shpprovider@samhealth.org<\/a>.<\/p>\n\n<\/div>\n\t<\/section>\n\n\n\n<section id=\"block_bc73c18e29ea20e386934f6e07ee3bef\" class=\"shs-block block-section grid-container has-white-background-color\" >\n\t\t<div class=\"entry-content\">\n\n<h2 class=\"wp-block-heading\" id=\"h-prior-authorizations-for-pharmacy\">Autorizaciones previas para farmacias<\/h2>\n\n\n\n<p>Todo <strong>proveedores contratados y no contratados<\/strong> deben presentar solicitudes de autorizaci\u00f3n previa para medicamentos oncol\u00f3gicos y especializados administrados por el proveedor a trav\u00e9s de&nbsp;<a href=\"https:\/\/mbm.linkplatform.com\/home\" target=\"_blank\" rel=\"noreferrer noopener\">Specialty Fusion platform<\/a>. Los proveedores contratados pueden acceder a esta plataforma a trav\u00e9s de Provider Connect.<\/p>\n\n\n\n<p>Cualquier solicitud de autorizaci\u00f3n previa enviada por fax ser\u00e1 devuelta al proveedor para que la vuelva a enviar a trav\u00e9s de Provider Connect.<\/p>\n\n\n\n<p>Las solicitudes de farmacias minoristas se pueden enviar mediante&nbsp;<a href=\"https:\/\/samhealthplans.org\/es\/formulario-de-excepcion-de-medicacion-con-autorizacion-previa\/?type=pdf\" target=\"_blank\" rel=\"noreferrer noopener\"><strong>Formulario de autorizaci\u00f3n previa\/excepci\u00f3n de medicaci\u00f3n<\/strong> (English)<\/a>.<\/p>\n\n\n\n<p>Si no se ha registrado para obtener una cuenta de Provider Connect, visite&nbsp;<a href=\"https:\/\/www.onehealthport.com\/\" target=\"_blank\" rel=\"noreferrer noopener\"><strong>OneHealthPort<\/strong><\/a>&nbsp;y siga los pasos para registrar su pr\u00e1ctica.<\/p>\n\n\n\n<p>Si ya est\u00e1 registrado y necesita ayuda con la capacitaci\u00f3n de usuarios, env\u00ede un correo electr\u00f3nico a&nbsp;<a href=\"mailto:shpprovider@samhealth.org?subject=Provider%20Connect%20Help\"><strong>shpprovider@samhealth.org<\/strong><\/a>.<\/p>\n\n<\/div>\n\t<\/section>","protected":false},"excerpt":{"rendered":"<p>Se accede a Provider Connect a trav\u00e9s de OneHealthPort de Oregon y puede acceder a los portales de otros pagadores con solo un inicio de sesi\u00f3n.\u00a0<\/p>","protected":false},"author":20,"featured_media":0,"parent":2109,"menu_order":2,"comment_status":"closed","ping_status":"closed","template":"","meta":{"_acf_changed":false,"_searchwp_excluded":"","_shs_workflow_notes":"","_shs_exclude_from_navigation":true,"_shs_promote_article_on_blogs":"","footnotes":""},"class_list":["post-2119","page","type-page","status-publish","hentry"],"acf":[],"_links":{"self":[{"href":"https:\/\/samhealthplans.org\/es\/wp-json\/wp\/v2\/pages\/2119","targetHints":{"allow":["GET"]}}],"collection":[{"href":"https:\/\/samhealthplans.org\/es\/wp-json\/wp\/v2\/pages"}],"about":[{"href":"https:\/\/samhealthplans.org\/es\/wp-json\/wp\/v2\/types\/page"}],"author":[{"embeddable":true,"href":"https:\/\/samhealthplans.org\/es\/wp-json\/wp\/v2\/users\/20"}],"replies":[{"embeddable":true,"href":"https:\/\/samhealthplans.org\/es\/wp-json\/wp\/v2\/comments?post=2119"}],"version-history":[{"count":0,"href":"https:\/\/samhealthplans.org\/es\/wp-json\/wp\/v2\/pages\/2119\/revisions"}],"up":[{"embeddable":true,"href":"https:\/\/samhealthplans.org\/es\/wp-json\/wp\/v2\/pages\/2109"}],"wp:attachment":[{"href":"https:\/\/samhealthplans.org\/es\/wp-json\/wp\/v2\/media?parent=2119"}],"curies":[{"name":"Gracias","href":"https:\/\/api.w.org\/{rel}","templated":true}]}}