{"id":2127,"date":"2023-06-23T15:17:14","date_gmt":"2023-06-23T22:17:14","guid":{"rendered":"https:\/\/samhealth.org\/samhealthplans\/?page_id=2127"},"modified":"2025-02-13T12:42:50","modified_gmt":"2025-02-13T20:42:50","slug":"recursos-para-trabajadores-de-la-salud-tradicionales","status":"publish","type":"page","link":"https:\/\/samhealthplans.org\/es\/providers\/traditional-health-care-worker-resources\/","title":{"rendered":"Trabajadores de salud tradicionales\u00a0"},"content":{"rendered":"<section id=\"block_3422fb2481ba2930618a1a193428bcb9\" class=\"shs-block block-section grid-container has-gray-warm-background-color\" style=\"background-image: url(https:\/\/samhealthplans.org\/wp-content\/uploads\/sites\/3\/2023\/06\/Traditional-Health-Care-Worker-Resources-BA.jpg); background-position:50% 0%;\">\n\t\t<div class=\"entry-content\">\n\n<h1 class=\"wp-block-heading\" id=\"h-traditional-health-workers-nbsp\">Trabajadores de salud tradicionales&nbsp;<\/h1>\n\n\n\n<p>Apreciamos que usted sea un socio en la construcci\u00f3n de comunidades m\u00e1s saludables.<br>Esperamos que estos recursos sean \u00fatiles.<\/p>\n\n<\/div>\n\t<div class=\"has-overlay\"><\/div><\/section>\n\n\n\n<nav id=\"block_9172f08e0b9a0136ed9e1a10b0ea4fe6\" class=\"shs-block quicklinks\">\n\t\t<ul class=\"quicklink-list\">\n\t\t\t\t\t\t<li class=\"quicklink has-magenta-color\">\n\t\t\t\t\t<a href=\"https:\/\/samhealthplans.org\/es\/proveedores\/recursos-del-proveedor-salud-fisica\/manuales\/\" target=\"_self\">\n\t\t\t\t\t\t<svg class=\"quicklink-icon\" aria-labelledby=\"icon_title_0\" focusable=\"false\">\n\t\t\t\t\t\t\t<!-- Define title here so that it can be more specific to the individual use case -->\n\t\t\t\t\t\t\t<title id=\"icon_title_0\">Manuales de acceso<\/title>\n\t\t\t\t\t\t\t<use xlink:href=\"#icon-document\"><\/use>\n\t\t\t\t\t\t<\/svg>\n\t\t\t\t\t\t<span class=\"quicklink-title\">Manuales de acceso<\/span>\n\t\t\t\t\t<\/a>\n\t\t\t\t<\/li>\n\t\t\t\t\t\t\t<li class=\"quicklink has-blue-primary-color\">\n\t\t\t\t\t<a href=\"https:\/\/samhealthplans.org\/es\/proveedores\/metricas-de-cco\/\" target=\"_self\">\n\t\t\t\t\t\t<svg class=\"quicklink-icon\" aria-labelledby=\"icon_title_1\" focusable=\"false\">\n\t\t\t\t\t\t\t<!-- Define title here so that it can be more specific to the individual use case -->\n\t\t\t\t\t\t\t<title id=\"icon_title_1\">M\u00e9tricas del CCO<\/title>\n\t\t\t\t\t\t\t<use xlink:href=\"#icon-gears\"><\/use>\n\t\t\t\t\t\t<\/svg>\n\t\t\t\t\t\t<span class=\"quicklink-title\">Ver m\u00e9tricas de CCO<\/span>\n\t\t\t\t\t<\/a>\n\t\t\t\t<\/li>\n\t\t\t\t\t\t\t<li class=\"quicklink has-gold-color\">\n\t\t\t\t\t<a href=\"https:\/\/samhealthplans.org\/es\/proveedores\/educacion-del-proveedor\/\" target=\"_self\">\n\t\t\t\t\t\t<svg class=\"quicklink-icon\" aria-labelledby=\"icon_title_2\" focusable=\"false\">\n\t\t\t\t\t\t\t<!-- Define title here so that it can be more specific to the individual use case -->\n\t\t\t\t\t\t\t<title id=\"icon_title_2\">Educaci\u00f3n del proveedor<\/title>\n\t\t\t\t\t\t\t<use xlink:href=\"#icon-health-plan\"><\/use>\n\t\t\t\t\t\t<\/svg>\n\t\t\t\t\t\t<span class=\"quicklink-title\">Educaci\u00f3n del proveedor<\/span>\n\t\t\t\t\t<\/a>\n\t\t\t\t<\/li>\n\t\t\t\t\t\t\t<li class=\"quicklink has-green-feijoa-color\">\n\t\t\t\t\t<a href=\"https:\/\/samhealthplans.org\/es\/proveedores\/noticias-y-seminarios-web-de-proveedores\/\" target=\"_self\">\n\t\t\t\t\t\t<svg class=\"quicklink-icon\" aria-labelledby=\"icon_title_3\" focusable=\"false\">\n\t\t\t\t\t\t\t<!-- Define title here so that it can be more specific to the individual use case -->\n\t\t\t\t\t\t\t<title id=\"icon_title_3\">Noticias y seminarios web para proveedores<\/title>\n\t\t\t\t\t\t\t<use xlink:href=\"#icon-van\"><\/use>\n\t\t\t\t\t\t<\/svg>\n\t\t\t\t\t\t<span class=\"quicklink-title\">Noticias y seminarios web para proveedores<\/span>\n\t\t\t\t\t<\/a>\n\t\t\t\t<\/li>\n\t\t\t\t<\/ul>\n\t\t\t<!-- SVG Legend\/Sprite -->\n\t<div class=\"svg-sprite-wrapper sr-only\">\n\t\t<svg xmlns=\"http:\/\/www.w3.org\/2000\/svg\">\n\t\t\t<symbol id=\"icon-document\" viewbox=\"0 0 100 100\"><path d=\"M82.46,0h-47.63s-.03,0-.05,0c-.14,0-.28.02-.42.04-.02,0-.04.01-.05.02-.12.03-.23.06-.34.11-.04.02-.08.04-.12.05-.09.04-.17.09-.26.14-.04.02-.07.04-.11.07-.11.08-.21.16-.31.25,0,0,0,0,0,0L9.69,24.16s0,0,0,0c-.1.1-.18.2-.25.31-.02.03-.05.07-.07.11-.05.08-.1.17-.14.25-.02.04-.04.08-.05.13-.04.11-.08.23-.11.34,0,.02-.01.03-.02.05-.03.14-.04.28-.04.42,0,.02,0,.03,0,.05v66.12c0,4.44,3.83,8.05,8.54,8.05h64.92c4.71,0,8.54-3.61,8.54-8.05V8.05C91,3.61,87.17,0,82.46,0h0ZM32.99,6.44v13.85c0,2.1-1.97,3.82-4.38,3.82h-13.29L32.99,6.44h0ZM87.15,92.96c0,1.88-1.76,3.41-3.92,3.41H16.76c-2.16,0-3.92-1.53-3.92-3.41V27.67h15.29c4.82,0,8.74-3.7,8.74-8.24V3.63h46.35c2.16,0,3.92,1.53,3.92,3.41v85.91h0ZM73.01,39.64H29.41c-1.3,0-2.36,1.05-2.36,2.36s1.05,2.36,2.36,2.36h43.6c1.3,0,2.36-1.05,2.36-2.36s-1.05-2.36-2.36-2.36ZM73.01,51.22H29.41c-1.3,0-2.36,1.06-2.36,2.36s1.05,2.36,2.36,2.36h43.6c1.3,0,2.36-1.05,2.36-2.36s-1.05-2.36-2.36-2.36ZM73.01,62.8H29.41c-1.3,0-2.36,1.06-2.36,2.36s1.05,2.36,2.36,2.36h43.6c1.3,0,2.36-1.06,2.36-2.36s-1.05-2.36-2.36-2.36Z\"\/><\/symbol>\n<symbol id=\"icon-gears\" viewbox=\"0 0 100 100\"><path d=\"M67.66,98.06c-3.49,0-6.32-2.84-6.32-6.32v-3.79c-1.71-.48-3.36-1.17-4.92-2.05l-2.69,2.69c-1.19,1.19-2.78,1.85-4.46,1.85s-3.27-.65-4.47-1.85c-1.2-1.19-1.85-2.78-1.85-4.47s.66-3.27,1.85-4.47l2.68-2.68c-.87-1.56-1.56-3.21-2.05-4.93h-3.79c-3.48,0-6.32-2.84-6.32-6.32s2.83-6.32,6.32-6.32h3.79c.49-1.72,1.18-3.37,2.05-4.93l-2.68-2.68c-1.19-1.19-1.85-2.78-1.85-4.47s.66-3.28,1.85-4.48c1.19-1.19,2.78-1.85,4.47-1.85s3.27.66,4.46,1.85l2.69,2.69c1.56-.87,3.21-1.56,4.92-2.05v-3.79c0-3.48,2.84-6.31,6.32-6.31s6.32,2.83,6.32,6.31v3.79c1.72.49,3.37,1.17,4.93,2.04l2.68-2.68c1.19-1.19,2.78-1.85,4.47-1.85s3.27.65,4.47,1.85c1.2,1.2,1.85,2.79,1.85,4.47s-.66,3.28-1.85,4.47l-2.68,2.68c.87,1.56,1.55,3.21,2.04,4.93h3.8c3.48,0,6.32,2.83,6.32,6.32s-2.84,6.32-6.32,6.32h-3.79c-.49,1.72-1.17,3.37-2.04,4.93l2.68,2.68c1.19,1.19,1.85,2.78,1.85,4.47,0,1.69-.66,3.28-1.85,4.48-1.2,1.19-2.78,1.85-4.47,1.85s-3.27-.65-4.47-1.85l-2.68-2.69c-1.57.88-3.22,1.56-4.93,2.05v3.79c0,3.48-2.83,6.32-6.32,6.32h0ZM56.13,81.73c.35,0,.69.1,1,.3,1.99,1.29,4.16,2.19,6.43,2.67.85.18,1.46.93,1.46,1.8v5.23c0,1.45,1.18,2.63,2.63,2.63s2.63-1.18,2.63-2.63v-5.23c0-.87.61-1.62,1.46-1.8,2.28-.48,4.45-1.38,6.44-2.67.73-.47,1.69-.37,2.3.25l3.7,3.71c.49.49,1.16.77,1.86.77s1.37-.27,1.86-.77c.5-.5.77-1.16.77-1.86s-.27-1.36-.77-1.86l-3.7-3.7c-.62-.61-.72-1.58-.25-2.31,1.28-1.98,2.18-4.15,2.67-6.44.18-.85.93-1.46,1.8-1.46h5.23c1.45,0,2.63-1.18,2.63-2.64s-1.18-2.63-2.63-2.63h-5.23c-.87,0-1.62-.61-1.8-1.46-.49-2.3-1.39-4.47-2.67-6.44-.47-.73-.37-1.69.24-2.31l3.7-3.7c.5-.5.77-1.16.77-1.86s-.27-1.37-.77-1.87c-.49-.49-1.15-.77-1.86-.77s-1.37.27-1.86.77l-3.7,3.7c-.62.61-1.57.72-2.3.25-1.98-1.28-4.15-2.18-6.45-2.67-.85-.18-1.45-.93-1.45-1.8v-5.23c0-1.45-1.18-2.63-2.63-2.63s-2.63,1.18-2.63,2.63v5.23c0,.87-.6,1.62-1.45,1.8-2.29.5-4.46,1.4-6.44,2.67-.73.47-1.69.37-2.3-.24l-3.71-3.7c-.5-.5-1.15-.77-1.86-.77s-1.37.27-1.86.77c-.5.5-.77,1.16-.77,1.87,0,.7.28,1.36.77,1.86l3.7,3.7c.62.61.72,1.58.24,2.31-1.28,1.97-2.18,4.14-2.68,6.45-.18.85-.93,1.45-1.8,1.45h-5.23c-1.45,0-2.63,1.18-2.63,2.63s1.18,2.64,2.63,2.64h5.23c.87,0,1.62.6,1.8,1.45.5,2.3,1.4,4.47,2.68,6.44.47.73.37,1.69-.24,2.31l-3.7,3.7c-.5.5-.77,1.16-.77,1.86s.27,1.37.77,1.86c.5.49,1.16.77,1.86.77s1.36-.27,1.86-.77l3.71-3.71c.36-.35.83-.54,1.3-.54h0ZM67.66,77.63c-6.57,0-11.91-5.35-11.91-11.92s5.35-11.92,11.91-11.92,11.91,5.35,11.91,11.92-5.34,11.92-11.91,11.92ZM67.66,57.48c-4.54,0-8.23,3.69-8.23,8.23s3.69,8.23,8.23,8.23,8.23-3.69,8.23-8.23-3.69-8.23-8.23-8.23h0Z\"\/><path d=\"M18.14,50.7c-.56,0-1.11-.09-1.65-.26-2.77-.91-4.29-3.91-3.39-6.68l.81-2.48c-.98-.69-1.89-1.47-2.71-2.33l-2.33,1.18c-.74.38-1.57.57-2.39.57h0c-2,0-3.82-1.11-4.73-2.89-.65-1.27-.75-2.71-.31-4.06.44-1.34,1.38-2.43,2.64-3.07l2.33-1.18c-.21-1.18-.3-2.37-.28-3.57l-2.48-.81c-2.77-.91-4.29-3.91-3.39-6.68.72-2.19,2.74-3.65,5.04-3.65.56,0,1.11.09,1.64.26l2.49.82c.69-.98,1.47-1.89,2.33-2.72l-1.18-2.33c-1.32-2.61-.28-5.8,2.33-7.12.74-.38,1.57-.57,2.39-.57,2.01,0,3.82,1.11,4.73,2.9l1.18,2.33c1.18-.21,2.38-.3,3.57-.28l.81-2.48c.71-2.18,2.73-3.65,5.03-3.65.56,0,1.11.09,1.65.26,1.34.44,2.43,1.37,3.07,2.64.64,1.26.75,2.7.31,4.04l-.81,2.48c.98.69,1.89,1.47,2.71,2.33l2.33-1.18c.75-.38,1.57-.57,2.39-.57,2.01,0,3.82,1.11,4.73,2.9.64,1.27.75,2.7.31,4.05-.44,1.35-1.38,2.44-2.64,3.07l-2.32,1.18c.21,1.18.3,2.38.28,3.57l2.48.81c2.77.91,4.3,3.9,3.39,6.68-.71,2.18-2.73,3.65-5.03,3.65-.56,0-1.11-.09-1.65-.26l-2.48-.81c-.68.98-1.46,1.89-2.33,2.72l1.18,2.33c1.32,2.6.27,5.8-2.33,7.12-.74.37-1.57.57-2.39.57-2.01,0-3.82-1.11-4.73-2.9l-1.18-2.34c-1.18.21-2.37.31-3.57.28l-.81,2.48c-.72,2.18-2.74,3.65-5.04,3.65h0ZM11.64,34.81c.54,0,1.07.24,1.43.68,1.11,1.37,2.45,2.52,3.97,3.41.75.44,1.09,1.34.82,2.17l-1.25,3.84c-.27.84.19,1.76,1.03,2.03.83.27,1.76-.2,2.03-1.03l1.25-3.84c.27-.83,1.08-1.36,1.95-1.26,1.73.18,3.51.04,5.21-.41.84-.22,1.72.17,2.12.95l1.82,3.6c.39.76,1.39,1.1,2.17.71.79-.4,1.11-1.38.71-2.17l-1.83-3.6c-.39-.78-.19-1.72.48-2.27,1.37-1.11,2.52-2.45,3.4-3.97.44-.75,1.34-1.09,2.17-.82l3.84,1.25c.84.27,1.76-.2,2.03-1.03.28-.84-.19-1.76-1.03-2.03l-3.84-1.25c-.83-.27-1.35-1.08-1.26-1.95.19-1.74.05-3.5-.4-5.22-.22-.84.17-1.72.95-2.11l3.6-1.83c.39-.2.67-.52.8-.93.13-.41.1-.85-.1-1.23-.39-.77-1.39-1.1-2.17-.71l-3.6,1.83c-.78.4-1.72.19-2.27-.48-1.11-1.37-2.44-2.52-3.96-3.41-.75-.44-1.09-1.34-.82-2.17l1.25-3.83c.13-.41.1-.85-.1-1.23-.19-.38-.52-.67-.93-.8-.86-.28-1.76.2-2.03,1.03l-1.25,3.83c-.27.83-1.08,1.36-1.94,1.26-1.73-.18-3.51-.04-5.22.41-.84.22-1.72-.18-2.11-.95l-1.83-3.61c-.39-.77-1.38-1.1-2.17-.7-.79.4-1.11,1.37-.7,2.17l1.83,3.6c.39.78.19,1.72-.49,2.27-1.36,1.1-2.51,2.44-3.4,3.97-.44.75-1.34,1.1-2.17.82l-3.84-1.26c-.15-.05-.32-.08-.49-.08-.7,0-1.32.45-1.53,1.11-.27.84.19,1.76,1.03,2.03l3.84,1.25c.83.27,1.35,1.08,1.26,1.95-.18,1.75-.05,3.5.4,5.21.22.84-.17,1.72-.95,2.12l-3.6,1.83c-.38.19-.67.52-.8.93-.13.41-.1.85.09,1.23.28.54.83.88,1.45.88h0c.25,0,.5-.06.72-.17l3.6-1.83c.27-.13.55-.2.84-.2h0ZM24.38,35.94c-1.01,0-2.02-.16-2.99-.48-5.04-1.65-7.8-7.09-6.15-12.13,1.3-3.96,4.97-6.63,9.14-6.63,1.01,0,2.02.16,2.98.48,5.04,1.65,7.8,7.09,6.15,12.13-1.3,3.97-4.97,6.63-9.14,6.63h0ZM24.38,20.39c-2.57,0-4.84,1.64-5.64,4.09-1.02,3.11.68,6.46,3.79,7.48.6.2,1.22.3,1.84.3,2.57,0,4.83-1.64,5.63-4.09,1.02-3.1-.68-6.46-3.79-7.48-.6-.19-1.22-.29-1.84-.29h0Z\"\/><\/symbol>\n<symbol id=\"icon-health-plan\" viewbox=\"0 0 100 100\"><path d=\"M75.21,100H9.58c-3.24,0-5.88-2.64-5.88-5.88V5.88C3.7,2.64,6.33,0,9.58,0h65.63c3.24,0,5.88,2.64,5.88,5.88v88.24c0,3.24-2.64,5.88-5.88,5.88ZM9.58,3.94c-1.07,0-1.94.87-1.94,1.94v88.24c0,1.07.87,1.94,1.94,1.94h65.63c1.07,0,1.94-.87,1.94-1.94V5.88c0-1.07-.87-1.94-1.94-1.94H9.58Z\"\/><path d=\"M90.42,34.37h-10c-1.09,0-1.97-.88-1.97-1.97s.88-1.97,1.97-1.97h10c1.07,0,1.94-.87,1.94-1.94V11.97c0-1.07-.87-1.94-1.94-1.94h-10c-1.09,0-1.97-.88-1.97-1.97s.88-1.97,1.97-1.97h10c3.24,0,5.88,2.64,5.88,5.88v16.52c0,3.24-2.64,5.88-5.88,5.88Z\"\/><path d=\"M90.42,64.79h-10c-1.09,0-1.97-.88-1.97-1.97s.88-1.97,1.97-1.97h10c1.07,0,1.94-.87,1.94-1.94v-16.52c0-1.07-.87-1.94-1.94-1.94h-10c-1.09,0-1.97-.88-1.97-1.97s.88-1.97,1.97-1.97h10c3.24,0,5.88,2.64,5.88,5.88v16.52c0,3.24-2.64,5.88-5.88,5.88Z\"\/><path d=\"M90.42,95.22h-10c-1.09,0-1.97-.88-1.97-1.97s.88-1.97,1.97-1.97h10c1.07,0,1.94-.87,1.94-1.94v-16.51c0-1.07-.87-1.94-1.94-1.94h-10c-1.09,0-1.97-.88-1.97-1.97s.88-1.97,1.97-1.97h10c3.24,0,5.88,2.64,5.88,5.88v16.51c0,3.24-2.64,5.88-5.88,5.88Z\"\/><path d=\"M61.74,26.98H22.62c-1.09,0-1.97-.88-1.97-1.97s.88-1.97,1.97-1.97h39.12c1.09,0,1.97.88,1.97,1.97s-.88,1.97-1.97,1.97Z\"\/><path d=\"M61.74,38.28H22.62c-1.09,0-1.97-.88-1.97-1.97s.88-1.97,1.97-1.97h39.12c1.09,0,1.97.88,1.97,1.97s-.88,1.97-1.97,1.97Z\"\/><path d=\"M47.12,81.12h-7.23c-2.58,0-4.68-1.97-4.68-4.38v-3.06h-3.69c-2.58,0-4.68-1.97-4.68-4.39v-6.43c0-2.42,2.1-4.39,4.68-4.39h3.69v-3.06c0-2.42,2.1-4.38,4.68-4.38h7.23c2.58,0,4.68,1.97,4.68,4.38v3.06h3.69c2.58,0,4.68,1.97,4.68,4.39v6.43c0,2.42-2.1,4.39-4.68,4.39h-3.69v3.06c0,2.41-2.1,4.38-4.68,4.38h0ZM31.51,62.41c-.45,0-.74.27-.74.45v6.43c0,.18.3.45.74.45h5.66c1.09,0,1.97.88,1.97,1.97v5.03c0,.18.29.44.74.44h7.23c.45,0,.74-.26.74-.44v-5.03c0-1.09.88-1.97,1.97-1.97h5.66c.45,0,.74-.27.74-.45v-6.43c0-.18-.29-.45-.74-.45h-5.66c-1.09,0-1.97-.88-1.97-1.97v-5.03c0-.18-.29-.45-.74-.45h-7.23c-.45,0-.74.26-.74.45v5.03c0,1.09-.88,1.97-1.97,1.97h-5.66Z\"\/><\/symbol>\n<symbol id=\"icon-van\" viewbox=\"0 0 100 100\"><path d=\"M92.82,15.33c-1.7,0-41.8-.1-45.52,0-4.33.11-6.2,1.63-9.32,4.14l-.1.08c-2.7,2.18-32.35,27.78-34.66,30.39-2.19,2.48-3.21,5.33-3.21,8.96v5.96c0,4.48,3.23,8.13,7.19,8.13h4.52c.92,6.6,6.55,11.72,13.4,11.72s12.47-5.12,13.4-11.72h25.09c.93,6.6,6.55,11.72,13.4,11.72s12.48-5.12,13.4-11.72h2.42c3.96,0,7.18-3.65,7.18-8.13V23.46c0-4.48-3.22-8.13-7.18-8.13h0ZM25.11,80.96c-5.43,0-9.84-4.41-9.84-9.84s4.41-9.84,9.84-9.84,9.84,4.42,9.84,9.84c0,5.42-4.41,9.84-9.84,9.84ZM77,80.96c-5.43,0-9.84-4.41-9.84-9.84s4.41-9.84,9.84-9.84,9.84,4.42,9.84,9.84-4.41,9.84-9.84,9.84ZM96.25,64.87c0,2.42-1.54,4.38-3.43,4.38h-2.42c-.93-6.6-6.55-11.71-13.4-11.71s-12.48,5.11-13.4,11.71h-25.09c-.92-6.6-6.55-11.71-13.4-11.71s-12.48,5.11-13.4,11.71h-4.53c-1.89,0-3.44-1.96-3.44-4.38v-5.96c0-2.71.7-4.71,2.27-6.48,1.9-2.15,30.33-26.84,34.21-29.96l.11-.08c2.92-2.36,4.01-3.23,7.06-3.31,3.66-.1,45,0,45.42,0,1.89,0,3.43,1.96,3.43,4.38v41.41h0Z\"\/><path d=\"M25.11,67.52c-1.99,0-3.61,1.62-3.61,3.61s1.62,3.6,3.61,3.6,3.6-1.61,3.6-3.6-1.61-3.61-3.6-3.61Z\"\/><path d=\"M80.61,71.13c0,1.99-1.61,3.6-3.6,3.6s-3.6-1.61-3.6-3.6,1.61-3.6,3.6-3.6,3.6,1.61,3.6,3.6h0Z\"\/><path d=\"M44.75,24.32c-1.73.47-2.87,1.38-4.49,2.7-1.9,1.53-21.98,18.85-23.62,20.71-.08.09-.14.18-.22.26l-.05.07c-.46.56-.55,1.33-.24,1.99.31.65.97,1.07,1.69,1.07h25.83c1.91,0,3.46-1.55,3.46-3.46v-21.53c0-.58-.27-1.13-.73-1.49-.46-.35-1.06-.47-1.63-.32h0ZM43.36,47.38h-20.83c5.88-5.25,18.12-15.86,20.12-17.47.26-.21.5-.4.71-.57v18.04h0Z\"\/><\/symbol>\n\t\t<\/svg>\n\t<\/div>\n<\/nav>\n\n\n\n<section id=\"block_0b8210e366f2162b96a6cef1607c606c\" class=\"shs-block block-section grid-container has-white-background-color\" >\n\t\t<div class=\"entry-content\">\n\n<p>\u00a1Bienvenido a la p\u00e1gina de recursos de los trabajadores de la salud tradicionales! Los trabajadores de la salud tradicionales ayudan a los miembros en sus comunidades y les brindan servicios de salud f\u00edsica y conductual. Gracias por colaborar con nosotros para garantizar la salud de nuestros miembros.<\/p>\n\n<\/div>\n\t<\/section>\n\n\n\n<section id=\"block_ea6f8a8a9191522b4fa429f4fe7acd5a\" class=\"shs-block block-section grid-container has-gray-warm-background-color\" >\n\t\t<div class=\"entry-content\">\n\n<h2 class=\"wp-block-heading\">Tipos de trabajadores de la salud tradicionales<\/h2>\n\n\n\n<ul class=\"wp-block-list\">\n<li><strong>Doulas de parto&nbsp;<\/strong>Brindar apoyo a las familias durante el embarazo, el parto y despu\u00e9s del parto.<\/li>\n\n\n\n<li><strong>Trabajadores de salud comunitarios<\/strong>&nbsp;Trabajar con personas y comunidades para acceder a la atenci\u00f3n y alcanzar objetivos de salud.<\/li>\n\n\n\n<li><strong>Navegadores personales de salud&nbsp;<\/strong>Proporcionar informaci\u00f3n, asistencia, herramientas y apoyo a personas con necesidades m\u00e9dicas y sociales complejas. &nbsp;<\/li>\n\n\n\n<li><strong>Especialistas en apoyo entre pares&nbsp;<\/strong>Utilizar su experiencia vivida para apoyar la recuperaci\u00f3n de la adicci\u00f3n y las condiciones de salud mental.<\/li>\n\n\n\n<li><strong>Especialistas en bienestar entre pares<\/strong>&nbsp;Utilizar su experiencia para ayudar y defender a las personas que viven con una condici\u00f3n de salud mental.<\/li>\n<\/ul>\n\n<\/div>\n\t<\/section>\n\n\n\n<section id=\"block_0b8210e366f2162b96a6cef1607c606c\" class=\"shs-block block-section grid-container has-white-background-color\" >\n\t\t<div class=\"entry-content\">\n\n<h2 class=\"wp-block-heading\">Recursos<\/h2>\n\n\n\n<div id=\"block_32b483fb695360cc9c8ae56d0d63d932\" class=\"shs-block accordion\">\n\t<h3 class=\"accordion-title\">\n\t\t<button\n\t\t\ttype=\"button\"\n\t\t\tid=\"accordion_title_69e718de144ea2.36850683\"\n\t\t\tclass=\"accordion-control\" aria-expanded=\"false\"\n\t\t\taria-controls=\"accordion_panel_69e718de144f15.53244245\">Acceda al kit de herramientas para trabajadores de salud tradicionales de IHN-CCO <span class=\"iconfont-chevron-right\"><\/span><\/button>\n\t<\/h3>\n\t<section\n\t\tid=\"accordion_panel_69e718de144f15.53244245\"\n\t\tclass=\"accordion-panel\"\n\t\taria-labelledby=\"accordion_title_69e718de144ea2.36850683\" style=\"height:0\">\n\t\t<div class=\"entry-content\">\n\n<p><a href=\"https:\/\/samhealthplans.org\/wp-content\/uploads\/sites\/3\/2023\/06\/ihn-cco-traditional-health-worker-toolkit.pdf\" target=\"_blank\" rel=\"noreferrer noopener\">Kit de herramientas para trabajadores de salud tradicionales de la IHN-CCO (English)<\/a>.<\/p>\n\n<\/div>\n\t<\/section>\n<\/div>\n\n\n\n<div id=\"block_b944b7e87679d7fd1ba0f2b37fb2d824\" class=\"shs-block accordion\">\n\t<h3 class=\"accordion-title\">\n\t\t<button\n\t\t\ttype=\"button\"\n\t\t\tid=\"accordion_title_69e718de1477a0.94483438\"\n\t\t\tclass=\"accordion-control\" aria-expanded=\"false\"\n\t\t\taria-controls=\"accordion_panel_69e718de1477d3.02023820\">Acceda a los kits de herramientas para trabajadores de la salud tradicionales de OHA <span class=\"iconfont-chevron-right\"><\/span><\/button>\n\t<\/h3>\n\t<section\n\t\tid=\"accordion_panel_69e718de1477d3.02023820\"\n\t\tclass=\"accordion-panel\"\n\t\taria-labelledby=\"accordion_title_69e718de1477a0.94483438\" style=\"height:0\">\n\t\t<div class=\"entry-content\">\n\n<p>El&nbsp;<a href=\"https:\/\/www.oregon.gov\/oha\/EI\/Pages\/Info-Health-Systems-Providers-THWs.aspx\" target=\"_blank\" rel=\"noreferrer noopener\">Kit de herramientas para trabajadores de la salud tradicionales<\/a>&nbsp;Incluye los siguientes temas:<\/p>\n\n\n\n<ul class=\"wp-block-list\">\n<li>Descripci\u00f3n general de THW y 101.<\/li>\n\n\n\n<li>\u00c1mbitos de pr\u00e1ctica del THW.<\/li>\n\n\n\n<li>Beneficios de integrar THW.<\/li>\n\n\n\n<li>Integraci\u00f3n y retenci\u00f3n de los THW.<\/li>\n\n\n\n<li>Contrataci\u00f3n de sistemas de prestaci\u00f3n de servicios de salud con organizaciones comunitarias.&nbsp;<\/li>\n\n\n\n<li>Recomendaciones para apoyar y supervisar a los trabajadores sanitarios.&nbsp;<\/li>\n\n\n\n<li>Recursos sobre mejores y m\u00e1s prometedoras pr\u00e1cticas.<\/li>\n<\/ul>\n\n<\/div>\n\t<\/section>\n<\/div>\n\n\n\n<div id=\"block_2610cf78b3755bfa91db0ccf8f3d4ee8\" class=\"shs-block accordion\">\n\t<h3 class=\"accordion-title\">\n\t\t<button\n\t\t\ttype=\"button\"\n\t\t\tid=\"accordion_title_69e718de148e44.72442616\"\n\t\t\tclass=\"accordion-control\" aria-expanded=\"false\"\n\t\t\taria-controls=\"accordion_panel_69e718de148e55.25418765\">Contacto Samaritan Health Plans&#039; Enlace de trabajadores de salud tradicionales <span class=\"iconfont-chevron-right\"><\/span><\/button>\n\t<\/h3>\n\t<section\n\t\tid=\"accordion_panel_69e718de148e55.25418765\"\n\t\tclass=\"accordion-panel\"\n\t\taria-labelledby=\"accordion_title_69e718de148e44.72442616\" style=\"height:0\">\n\t\t<div class=\"entry-content\">\n\n<p>Comun\u00edquese con nuestro enlace de trabajadores de salud tradicionales al&nbsp;<a href=\"mailto:transformation@samhealth.org?subject=Question%20for%20THW%20Liaison\">transformation@samhealth.org<\/a>&nbsp;para m\u00e1s informaci\u00f3n.<\/p>\n\n<\/div>\n\t<\/section>\n<\/div>\n\n<\/div>\n\t<\/section>","protected":false},"excerpt":{"rendered":"<p>Encuentre herramientas y recursos para los trabajadores de la salud tradicionales. Acceda a manuales, enlace a Provider Connect, encuentre los formularios y recursos que necesita.<\/p>","protected":false},"author":20,"featured_media":0,"parent":13,"menu_order":3,"comment_status":"closed","ping_status":"closed","template":"","meta":{"_acf_changed":false,"_searchwp_excluded":"","_shs_workflow_notes":"","_shs_exclude_from_navigation":true,"_shs_promote_article_on_blogs":"","footnotes":""},"class_list":["post-2127","page","type-page","status-publish","hentry"],"acf":[],"_links":{"self":[{"href":"https:\/\/samhealthplans.org\/es\/wp-json\/wp\/v2\/pages\/2127","targetHints":{"allow":["GET"]}}],"collection":[{"href":"https:\/\/samhealthplans.org\/es\/wp-json\/wp\/v2\/pages"}],"about":[{"href":"https:\/\/samhealthplans.org\/es\/wp-json\/wp\/v2\/types\/page"}],"author":[{"embeddable":true,"href":"https:\/\/samhealthplans.org\/es\/wp-json\/wp\/v2\/users\/20"}],"replies":[{"embeddable":true,"href":"https:\/\/samhealthplans.org\/es\/wp-json\/wp\/v2\/comments?post=2127"}],"version-history":[{"count":0,"href":"https:\/\/samhealthplans.org\/es\/wp-json\/wp\/v2\/pages\/2127\/revisions"}],"up":[{"embeddable":true,"href":"https:\/\/samhealthplans.org\/es\/wp-json\/wp\/v2\/pages\/13"}],"wp:attachment":[{"href":"https:\/\/samhealthplans.org\/es\/wp-json\/wp\/v2\/media?parent=2127"}],"curies":[{"name":"Gracias","href":"https:\/\/api.w.org\/{rel}","templated":true}]}}