{"id":2155,"date":"2023-06-23T18:56:45","date_gmt":"2023-06-24T01:56:45","guid":{"rendered":"https:\/\/samhealth.org\/samhealthplans\/?page_id=2155"},"modified":"2024-07-23T12:35:42","modified_gmt":"2024-07-23T19:35:42","slug":"noticias-y-seminarios-web-de-proveedores","status":"publish","type":"page","link":"https:\/\/samhealthplans.org\/es\/providers\/provider-news-and-webinars\/","title":{"rendered":"Noticias y seminarios web para proveedores"},"content":{"rendered":"<section id=\"block_af02765c0fe045d2b04ab5e06e7d79e5\" class=\"shs-block block-section grid-container has-white-background-color\" >\n\t\t<div class=\"entry-content\">\n\n<h1 class=\"wp-block-heading\" id=\"h-stay-up-to-date-with-provider-news-amp-webinars\">Mant\u00e9ngase actualizado con las novedades y seminarios web de los proveedores<\/h1>\n\n<\/div>\n\t<\/section>\n\n\n<section id=\"block_92c9d4e9f3fdcd835733f9c49807cadb\" class=\"shs-block callouts is-arches grid-container has-white-background-color\" >\n\n\n\t<ul class=\"callouts-list\">\n\t\n\t\t<li class=\"callout is-arches\">\n\n\t\t\t\t\t\t\t<a href=\"https:\/\/samhealthplans.org\/es\/acerca-de-los-planes-de-salud-de-samaritan\/noticias\/?_type=provider&amp;_topic=newsletter\" class=\"callout-link\" target=\"_blank\">\n\t\t\t\n\t\t\t\t\t\t\t<figure class=\"image\">\n\t\t\t\t\t<img decoding=\"async\" src=\"https:\/\/samhealthplans.org\/wp-content\/uploads\/sites\/3\/2023\/06\/senior-woman-exercise-rehab-CO.jpg\" alt=\"Un entrenador personal ayuda a una mujer sonriente a utilizar una m\u00e1quina de ejercicios.\" width=\"360\" height=\"300\" loading=\"lazy\">\n\t\t\t\t<\/figure>\n\t\t\t\t<div class=\"callout-arch-overlay\">\n\t\t\t\t\t\t\t\t\t\t\t<h3 class=\"callout-title\">Boletines informativos para proveedores<\/h3>\n\t\t\t\t\t\t\t\t\t\t<p class=\"callout-link-text\">Ver boletines informativos<\/p>\n\t\t\t\t<\/div>\n\t\t\t\n\t\t\t\n\t\t\t\n\t\t\t\n\t\t\t\n\n\t\t\t\t\t\t<\/a>\n\t\t\t\n\t\t<\/li>\n\t\t\n\t\t<li class=\"callout is-arches\">\n\n\t\t\t\t\t\t\t<a href=\"https:\/\/samhealthplans.org\/es\/acerca-de-los-planes-de-salud-de-samaritan\/noticias\/?_type=provider&amp;_topic=webinar\" class=\"callout-link\" target=\"_blank\">\n\t\t\t\n\t\t\t\t\t\t\t<figure class=\"image\">\n\t\t\t\t\t<img decoding=\"async\" src=\"https:\/\/samhealthplans.org\/wp-content\/uploads\/sites\/3\/2023\/06\/smiling-provider-sitting-at-his-desk-CO.jpg\" alt=\"Proveedor masculino sonriente con camisa azul sentado en su escritorio.\" width=\"360\" height=\"300\" loading=\"lazy\">\n\t\t\t\t<\/figure>\n\t\t\t\t<div class=\"callout-arch-overlay\">\n\t\t\t\t\t\t\t\t\t\t\t<h3 class=\"callout-title\">Seminarios web para proveedores<\/h3>\n\t\t\t\t\t\t\t\t\t\t<p class=\"callout-link-text\">Ver seminarios web<\/p>\n\t\t\t\t<\/div>\n\t\t\t\n\t\t\t\n\t\t\t\n\t\t\t\n\t\t\t\n\n\t\t\t\t\t\t<\/a>\n\t\t\t\n\t\t<\/li>\n\t\t\n\t\t<li class=\"callout is-arches\">\n\n\t\t\t\t\t\t\t<a href=\"https:\/\/samhealthplans.org\/es\/acerca-de-los-planes-de-salud-de-samaritan\/noticias\/?_type=provider\" class=\"callout-link\" target=\"_blank\">\n\t\t\t\n\t\t\t\t\t\t\t<figure class=\"image\">\n\t\t\t\t\t<img decoding=\"async\" src=\"https:\/\/samhealthplans.org\/wp-content\/uploads\/sites\/3\/2023\/06\/Health-insurance-stethoscope.jpg\" alt=\"Papel de seguro m\u00e9dico con estetoscopio y bol\u00edgrafo encima\" width=\"360\" height=\"300\" loading=\"lazy\">\n\t\t\t\t<\/figure>\n\t\t\t\t<div class=\"callout-arch-overlay\">\n\t\t\t\t\t\t\t\t\t\t\t<h3 class=\"callout-title\">M\u00e1s noticias<\/h3>\n\t\t\t\t\t\t\t\t\t\t<p class=\"callout-link-text\">Ver todas las noticias<\/p>\n\t\t\t\t<\/div>\n\t\t\t\n\t\t\t\n\t\t\t\n\t\t\t\n\t\t\t\n\n\t\t\t\t\t\t<\/a>\n\t\t\t\n\t\t<\/li>\n\t\t\t<\/ul>\n\t\n<\/section>\n\n\n\n<section id=\"block_7516e371ee8b52e4e76accb7ae96c61c\" class=\"shs-block block-slim-section grid-container has-blue-primary-background-color\">\n\n\t<div class=\"entry-content\">\n\n<h2 class=\"wp-block-heading\">Suscribir<\/h2>\n\n\n\n<p>Reciba noticias de proveedores y avisos sobre capacitaciones y seminarios web directamente en su bandeja de entrada.<\/p>\n\n\n\n<div class=\"wp-block-buttons is-layout-flex wp-block-buttons-is-layout-flex\">\n<div class=\"wp-block-button\"><a class=\"wp-block-button__link wp-element-button\" href=\"https:\/\/samhealthplans.org\/es\/proveedores\/noticias-y-seminarios-web-de-proveedores\/suscribete-a-las-novedades-del-proveedor\/\">Reg\u00edstrese para recibir noticias para proveedores<\/a><\/div>\n<\/div>\n\n<\/div>\n\n\t<\/section>","protected":false},"excerpt":{"rendered":"<p>Encuentre los \u00faltimos boletines informativos y seminarios web para proveedores. Suscr\u00edbase al bolet\u00edn trimestral para recibir las \u00faltimas actualizaciones de Samaritan Health Plans.<\/p>","protected":false},"author":20,"featured_media":0,"parent":13,"menu_order":12,"comment_status":"closed","ping_status":"closed","template":"","meta":{"_acf_changed":false,"_searchwp_excluded":"","_shs_workflow_notes":"","_shs_exclude_from_navigation":true,"_shs_promote_article_on_blogs":"","footnotes":""},"class_list":["post-2155","page","type-page","status-publish","hentry"],"acf":[],"_links":{"self":[{"href":"https:\/\/samhealthplans.org\/es\/wp-json\/wp\/v2\/pages\/2155","targetHints":{"allow":["GET"]}}],"collection":[{"href":"https:\/\/samhealthplans.org\/es\/wp-json\/wp\/v2\/pages"}],"about":[{"href":"https:\/\/samhealthplans.org\/es\/wp-json\/wp\/v2\/types\/page"}],"author":[{"embeddable":true,"href":"https:\/\/samhealthplans.org\/es\/wp-json\/wp\/v2\/users\/20"}],"replies":[{"embeddable":true,"href":"https:\/\/samhealthplans.org\/es\/wp-json\/wp\/v2\/comments?post=2155"}],"version-history":[{"count":0,"href":"https:\/\/samhealthplans.org\/es\/wp-json\/wp\/v2\/pages\/2155\/revisions"}],"up":[{"embeddable":true,"href":"https:\/\/samhealthplans.org\/es\/wp-json\/wp\/v2\/pages\/13"}],"wp:attachment":[{"href":"https:\/\/samhealthplans.org\/es\/wp-json\/wp\/v2\/media?parent=2155"}],"curies":[{"name":"Gracias","href":"https:\/\/api.w.org\/{rel}","templated":true}]}}