{"id":2178,"date":"2023-06-23T21:31:35","date_gmt":"2023-06-24T04:31:35","guid":{"rendered":"https:\/\/samhealth.org\/samhealthplans\/?page_id=2178"},"modified":"2024-11-01T15:22:42","modified_gmt":"2024-11-01T22:22:42","slug":"diferencia-local","status":"publish","type":"page","link":"https:\/\/samhealthplans.org\/es\/shop-samaritan-plans\/medicare-advantage\/compare-our-plans\/local-difference\/","title":{"rendered":"La diferencia local"},"content":{"rendered":"<section id=\"block_8894ed5c1447f644ea36a4dbfbdd2032\" class=\"shs-block block-section grid-container has-blue-light-background-color\" style=\"background-image: url(https:\/\/samhealthplans.org\/wp-content\/uploads\/sites\/3\/2023\/06\/Willamette-illustration-BA.png); background-position:50% 50%;\">\n\t\t<div class=\"entry-content\">\n\n<h1 class=\"wp-block-heading\" id=\"h-the-local-difference\">La diferencia local<\/h1>\n\n<\/div>\n\t<div class=\"has-overlay\"><\/div><\/section>\n\n\n\n<section id=\"block_b75eebc6213a92daec951ce2e815036e\" class=\"shs-block block-section grid-container has-white-background-color has-circle-image col-reverse\" >\n\t\t\t<figure class=\"image\"\n\t\t\t\t\t\t>\n\t\t\t<img loading=\"lazy\" decoding=\"async\" width=\"684\" height=\"684\" src=\"https:\/\/samhealthplans.org\/wp-content\/uploads\/sites\/3\/2023\/06\/Jo-Reilly-grandkids-BGC.jpg\" class=\"attachment-square-lg size-square-lg\" alt=\"Mujer con dos nietas\" srcset=\"https:\/\/samhealthplans.org\/wp-content\/uploads\/sites\/3\/2023\/06\/Jo-Reilly-grandkids-BGC.jpg 684w, https:\/\/samhealthplans.org\/wp-content\/uploads\/sites\/3\/2023\/06\/Jo-Reilly-grandkids-BGC-300x300.jpg 300w, https:\/\/samhealthplans.org\/wp-content\/uploads\/sites\/3\/2023\/06\/Jo-Reilly-grandkids-BGC-150x150.jpg 150w, https:\/\/samhealthplans.org\/wp-content\/uploads\/sites\/3\/2023\/06\/Jo-Reilly-grandkids-BGC-425x425.jpg 425w, https:\/\/samhealthplans.org\/wp-content\/uploads\/sites\/3\/2023\/06\/Jo-Reilly-grandkids-BGC-100x100.jpg 100w\" sizes=\"auto, (max-width: 684px) 100vw, 684px\" \/>\t\t<\/figure>\n\t\t<div class=\"entry-content\">\n\n<h2 class=\"wp-block-heading\">Experimente la ventaja de ser local<\/h2>\n\n\n\n<p>Samaritan ha invertido en la salud de las comunidades a las que servimos durante generaciones.<\/p>\n\n\n\n<p>Desde 2005, ofrecemos planes Medicare Advantage administrados localmente a los residentes de los condados Benton, Lincoln y Linn. Estamos aqu\u00ed hoy y estaremos aqu\u00ed ma\u00f1ana con la cobertura que desea y el servicio personalizado que merece.<\/p>\n\n\n\n<p>Nuestros miembros son nuestros vecinos. Cuando llame con una pregunta, hablar\u00e1 con uno de los miembros de nuestro equipo de atenci\u00f3n al cliente, que es amable y conocedor, y no con un centro de llamadas externo. Si desea hablar con alguien cara a cara, estamos cerca de donde se encuentre y listos para ayudarlo. Lo mejor de todo es que nuestros miembros tienen acceso a una amplia red de los mejores proveedores de atenci\u00f3n m\u00e9dica, hospitales e instalaciones, dentro y fuera del sistema Samaritan, para que pueda seguir consultando a los proveedores que conoce y en los que conf\u00eda.<\/p>\n\n<\/div>\n\t<\/section>\n\n\n\n<section id=\"block_f7954d897fa95f0d6e4b7d071c5c46f7\" class=\"shs-block block-section grid-container has-gray-warm-background-color\" >\n\t\t<div class=\"entry-content\">\n\n<h2 class=\"wp-block-heading\">Los miembros satisfechos hablan por s\u00ed mismos<\/h2>\n\n\n\n<p>Es probable que conozcas a un miembro de Samaritan Advantage y que est\u00e9 muy contento con nosotros. Tenemos una calificaci\u00f3n de lealtad de miembros de 97%, una de las m\u00e1s altas de la industria. Tal vez por eso, cada a\u00f1o, m\u00e1s de tus amigos y vecinos se cambian a Samaritan Advantage.&nbsp;<\/p>\n\n\n\n<p><em><strong>\u201cSe trata de una llamada r\u00e1pida o un viaje en auto hasta la oficina, donde un miembro del personal amable te ayuda. Lo s\u00e9 porque he hecho ambas cosas. Diez a\u00f1os de membres\u00eda me han dado la confianza para decir que elegir Samaritan Advantage fue la mejor decisi\u00f3n que tom\u00e9 para mis necesidades de atenci\u00f3n m\u00e9dica. Es el \u00fanico plan de Medicare para m\u00ed\u201d.<\/strong><\/em><\/p>\n\n\n\n<p><strong>Doris M.<br><\/strong>Miembro desde 2008<em><br><\/em>Lewisburgo<\/p>\n\n\n\n<p><em><strong>\u201cAdem\u00e1s de los maravillosos beneficios m\u00e9dicos, Samaritan ofrece un servicio de atenci\u00f3n al cliente local. Cuando llamo o visito el centro, me reciben representantes amables y con conocimientos\u201d.<\/strong><\/em><\/p>\n\n\n\n<p><strong>Yo R.<\/strong><br>Corvallis<\/p>\n\n<\/div>\n\t<\/section>\n\n\n\n<section id=\"block_8a6aa8e26db050933fab64ed66403cb5\" class=\"shs-block block-alert grid-container has-white-background-color\">\n\n\t<div class=\"acf-innerblocks-container\">\n\n<p class=\"has-text-align-center\">Actualizaci\u00f3n de p\u00e1gina 27-9-2024<\/p>\n\n<\/div>\n\n<\/section>","protected":false},"excerpt":{"rendered":"<p>Samaritan Medicare Advantage es el \u00fanico plan local de Medicare en los condados Benton, Lincoln y Linn. Conozca por qu\u00e9 Samaritan es la mejor opci\u00f3n para su atenci\u00f3n m\u00e9dica.<\/p>","protected":false},"author":21,"featured_media":0,"parent":2104,"menu_order":1,"comment_status":"closed","ping_status":"closed","template":"","meta":{"_acf_changed":false,"_searchwp_excluded":"","_shs_workflow_notes":"","_shs_exclude_from_navigation":true,"_shs_promote_article_on_blogs":"","footnotes":""},"class_list":["post-2178","page","type-page","status-publish","hentry"],"acf":[],"_links":{"self":[{"href":"https:\/\/samhealthplans.org\/es\/wp-json\/wp\/v2\/pages\/2178","targetHints":{"allow":["GET"]}}],"collection":[{"href":"https:\/\/samhealthplans.org\/es\/wp-json\/wp\/v2\/pages"}],"about":[{"href":"https:\/\/samhealthplans.org\/es\/wp-json\/wp\/v2\/types\/page"}],"author":[{"embeddable":true,"href":"https:\/\/samhealthplans.org\/es\/wp-json\/wp\/v2\/users\/21"}],"replies":[{"embeddable":true,"href":"https:\/\/samhealthplans.org\/es\/wp-json\/wp\/v2\/comments?post=2178"}],"version-history":[{"count":0,"href":"https:\/\/samhealthplans.org\/es\/wp-json\/wp\/v2\/pages\/2178\/revisions"}],"up":[{"embeddable":true,"href":"https:\/\/samhealthplans.org\/es\/wp-json\/wp\/v2\/pages\/2104"}],"wp:attachment":[{"href":"https:\/\/samhealthplans.org\/es\/wp-json\/wp\/v2\/media?parent=2178"}],"curies":[{"name":"Gracias","href":"https:\/\/api.w.org\/{rel}","templated":true}]}}