{"id":2216,"date":"2023-06-23T23:30:35","date_gmt":"2023-06-24T06:30:35","guid":{"rendered":"https:\/\/samhealth.org\/samhealthplans\/?page_id=2216"},"modified":"2025-10-01T06:41:40","modified_gmt":"2025-10-01T13:41:40","slug":"preparate-para-inscribirte","status":"publish","type":"page","link":"https:\/\/samhealthplans.org\/es\/shop-samaritan-plans\/medicare-advantage\/enroll\/prepare-to-enroll\/","title":{"rendered":"Prep\u00e1rese para inscribirse"},"content":{"rendered":"<section id=\"block_eb0119fa81baea1242228eb12f8b6f57\" class=\"shs-block block-section grid-container has-blue-light-background-color\" style=\"background-image: url(https:\/\/samhealthplans.org\/wp-content\/uploads\/sites\/3\/2023\/06\/Willamette-illustration-BA.png); background-position:50% 50%;\">\n\t\t<div class=\"entry-content\">\n\n<h1 class=\"wp-block-heading\" id=\"h-prepare-to-enroll\">Prep\u00e1rese para inscribirse<\/h1>\n\n<\/div>\n\t<div class=\"has-overlay\"><\/div><\/section>\n\n\n\n<section id=\"block_29772763391070ea0692a98c53cd7c80\" class=\"shs-block block-section grid-container has-white-background-color\" >\n\t\t<div class=\"entry-content\">\n\n<h2 class=\"wp-block-heading\">Vea si usted es elegible para Medicare<\/h2>\n\n\n\n<p>Para ser elegible para elegir un plan ofrecido por Samaritan Advantage Health Plan HMO, debe cumplir con estos&nbsp;<strong>tres requisitos<\/strong>:<\/p>\n\n\n\n<p>1. Tiene 65 a\u00f1os o m\u00e1s o tiene una discapacidad y es elegible para Medicare.<\/p>\n\n\n\n<p>2. Tiene Medicare Parte A y Parte B y contin\u00faa pagando la prima. Para la mayor\u00eda de ustedes, este monto ya se deduce de su Seguro Social antes de que se le deposite o le env\u00eden el cheque.<\/p>\n\n\n\n<p>3. Su residencia permanente se encuentra dentro de nuestra \u00e1rea de servicio: condados Linn, Benton y Lincoln, Oregon.<\/p>\n\n\n\n<h2 class=\"wp-block-heading\">Descubra cu\u00e1ndo puede inscribirse<\/h2>\n\n\n\n<p>Sin un Per\u00edodo de Elecci\u00f3n Especial debido a circunstancias especiales, los beneficiarios de Medicare podr\u00edan tener que esperar para inscribirse hasta el Per\u00edodo de Inscripci\u00f3n Anual de Medicare del 15 de octubre al 7 de diciembre.<\/p>\n\n\n\n<p>Los beneficiarios con necesidades especiales u otras circunstancias especiales pueden ser elegibles para inscribirse en cualquier momento del a\u00f1o.<\/p>\n\n\n\n<p>Los nuevos beneficiarios de Medicare pueden solicitar la cobertura de Samaritan Advantage dentro de los 3 meses posteriores a su cumplea\u00f1os n\u00famero 65, sin importar cu\u00e1ndo se celebre ese cumplea\u00f1os. Adem\u00e1s, algunos beneficiarios, incluidos aquellos que est\u00e1n discapacitados seg\u00fan la definici\u00f3n de Medicare, pueden inscribirse o cambiar de plan en otros momentos. <a href=\"https:\/\/samhealthplans.org\/es\/comuniquese-con-los-planes-de-salud-de-samaritan\/\">Cont\u00e1ctenos<\/a> Para m\u00e1s detalles.<\/p>\n\n<\/div>\n\t<\/section>\n\n\n\n<section id=\"block_50cd9a89bef3cc66bdb5bf1ecac0c16f\" class=\"shs-block block-slim-section grid-container has-gold-background-color\">\n\n\t<div class=\"entry-content\">\n\n<h2 class=\"wp-block-heading\">\u00bfListo para inscribirse?<\/h2>\n\n\n\n<p>Si est\u00e1 listo para dar el siguiente paso y comenzar a inscribirse, descubra lo f\u00e1cil que es.<\/p>\n\n\n\n<div class=\"wp-block-buttons is-layout-flex wp-block-buttons-is-layout-flex\">\n<div class=\"wp-block-button\"><a class=\"wp-block-button__link wp-element-button\" href=\"https:\/\/samhealthplans.org\/es\/planes-de-la-tienda-samaritana\/ventaja-de-medicare\/inscribirse\/inscribase-en-samaritan-advantage\/\">Empezar<\/a><\/div>\n<\/div>\n\n<\/div>\n\n\t<\/section>\n\n\n\n<section id=\"block_ba3767987431ac55dfcccb87779c93f9\" class=\"shs-block block-alert grid-container has-white-background-color\">\n\n\t<div class=\"acf-innerblocks-container\">\n\n<p class=\"has-text-align-center\">Actualizaci\u00f3n de p\u00e1gina 10-1-2025<\/p>\n\n<\/div>\n\n<\/section>","protected":false},"excerpt":{"rendered":"<p>Descubra cu\u00e1ndo es elegible para Samaritan Advantage y en qu\u00e9 momento del a\u00f1o puede inscribirse.<\/p>","protected":false},"author":11,"featured_media":0,"parent":2223,"menu_order":1,"comment_status":"closed","ping_status":"closed","template":"","meta":{"_acf_changed":false,"_searchwp_excluded":"","_shs_workflow_notes":"","_shs_exclude_from_navigation":true,"_shs_promote_article_on_blogs":"","footnotes":""},"class_list":["post-2216","page","type-page","status-publish","hentry"],"acf":[],"_links":{"self":[{"href":"https:\/\/samhealthplans.org\/es\/wp-json\/wp\/v2\/pages\/2216","targetHints":{"allow":["GET"]}}],"collection":[{"href":"https:\/\/samhealthplans.org\/es\/wp-json\/wp\/v2\/pages"}],"about":[{"href":"https:\/\/samhealthplans.org\/es\/wp-json\/wp\/v2\/types\/page"}],"author":[{"embeddable":true,"href":"https:\/\/samhealthplans.org\/es\/wp-json\/wp\/v2\/users\/11"}],"replies":[{"embeddable":true,"href":"https:\/\/samhealthplans.org\/es\/wp-json\/wp\/v2\/comments?post=2216"}],"version-history":[{"count":0,"href":"https:\/\/samhealthplans.org\/es\/wp-json\/wp\/v2\/pages\/2216\/revisions"}],"up":[{"embeddable":true,"href":"https:\/\/samhealthplans.org\/es\/wp-json\/wp\/v2\/pages\/2223"}],"wp:attachment":[{"href":"https:\/\/samhealthplans.org\/es\/wp-json\/wp\/v2\/media?parent=2216"}],"curies":[{"name":"Gracias","href":"https:\/\/api.w.org\/{rel}","templated":true}]}}