{"id":2223,"date":"2023-06-23T23:37:06","date_gmt":"2023-06-24T06:37:06","guid":{"rendered":"https:\/\/samhealth.org\/samhealthplans\/?page_id=2223"},"modified":"2025-10-31T12:38:21","modified_gmt":"2025-10-31T19:38:21","slug":"inscribirse","status":"publish","type":"page","link":"https:\/\/samhealthplans.org\/es\/shop-samaritan-plans\/medicare-advantage\/enroll\/","title":{"rendered":"Inscribirse"},"content":{"rendered":"<section id=\"block_287deea7f8db2ed2335efab48bfe85f8\" class=\"shs-block block-section grid-container has-blue-light-background-color\" style=\"background-image: url(https:\/\/samhealthplans.org\/wp-content\/uploads\/sites\/3\/2023\/06\/Willamette-illustration-BA.png); background-position:50% 50%;\">\n\t\t<div class=\"entry-content\">\n\n<h1 class=\"wp-block-heading\" id=\"h-enroll\">Inscribirse<\/h1>\n\n<\/div>\n\t<div class=\"has-overlay\"><\/div><\/section>\n\n\n\n<nav id=\"block_269dcc94b11d2a62e8bfb2c1f35e0c7d\" class=\"shs-block quicklinks\">\n\t\t<ul class=\"quicklink-list\">\n\t\t\t\t\t\t<li class=\"quicklink has-magenta-color\">\n\t\t\t\t\t<a href=\"https:\/\/samhealthplans.org\/es\/planes-de-la-tienda-samaritana\/ventaja-de-medicare\/inscribirse\/preparate-para-inscribirte\/\" target=\"_self\">\n\t\t\t\t\t\t<svg class=\"quicklink-icon\" aria-labelledby=\"icon_title_0\" focusable=\"false\">\n\t\t\t\t\t\t\t<!-- Define title here so that it can be more specific to the individual use case -->\n\t\t\t\t\t\t\t<title id=\"icon_title_0\">Prep\u00e1rese para inscribirse<\/title>\n\t\t\t\t\t\t\t<use xlink:href=\"#icon-checkmark-clipboard\"><\/use>\n\t\t\t\t\t\t<\/svg>\n\t\t\t\t\t\t<span class=\"quicklink-title\">Prep\u00e1rese para inscribirse<\/span>\n\t\t\t\t\t<\/a>\n\t\t\t\t<\/li>\n\t\t\t\t\t\t\t<li class=\"quicklink has-green-feijoa-color\">\n\t\t\t\t\t<a href=\"https:\/\/samhealthplans.org\/es\/planes-de-la-tienda-samaritana\/ventaja-de-medicare\/inscribirse\/que-esperar-despues-de-inscribirse\/\" target=\"_self\">\n\t\t\t\t\t\t<svg class=\"quicklink-icon\" aria-labelledby=\"icon_title_1\" focusable=\"false\">\n\t\t\t\t\t\t\t<!-- Define title here so that it can be more specific to the individual use case -->\n\t\t\t\t\t\t\t<title id=\"icon_title_1\">Despu\u00e9s de inscribirse<\/title>\n\t\t\t\t\t\t\t<use xlink:href=\"#icon-document\"><\/use>\n\t\t\t\t\t\t<\/svg>\n\t\t\t\t\t\t<span class=\"quicklink-title\">Qu\u00e9 esperar despu\u00e9s de inscribirse<\/span>\n\t\t\t\t\t<\/a>\n\t\t\t\t<\/li>\n\t\t\t\t\t\t\t<li class=\"quicklink has-cyan-color\">\n\t\t\t\t\t<a href=\"https:\/\/samhealthplans.org\/es\/planes-de-la-tienda-samaritana\/ventaja-de-medicare\/inscribirse\/haciendo-un-cambio\/\" target=\"_self\">\n\t\t\t\t\t\t<svg class=\"quicklink-icon\" aria-labelledby=\"icon_title_2\" focusable=\"false\">\n\t\t\t\t\t\t\t<!-- Define title here so that it can be more specific to the individual use case -->\n\t\t\t\t\t\t\t<title id=\"icon_title_2\">Haciendo un cambio<\/title>\n\t\t\t\t\t\t\t<use xlink:href=\"#icon-van\"><\/use>\n\t\t\t\t\t\t<\/svg>\n\t\t\t\t\t\t<span class=\"quicklink-title\">Haciendo un cambio<\/span>\n\t\t\t\t\t<\/a>\n\t\t\t\t<\/li>\n\t\t\t\t<\/ul>\n\t\t\t<!-- SVG Legend\/Sprite -->\n\t<div class=\"svg-sprite-wrapper sr-only\">\n\t\t<svg xmlns=\"http:\/\/www.w3.org\/2000\/svg\">\n\t\t\t<symbol id=\"icon-checkmark-clipboard\" viewbox=\"0 0 100 100\"><path d=\"M41.35,88.88h-21.94c-3.45,0-6.25-2.81-6.25-6.26V23.92c0-3.45,2.81-6.26,6.25-6.26,1.07,0,1.93.86,1.93,1.93s-.86,1.93-1.93,1.93c-1.32,0-2.39,1.07-2.39,2.4v58.7c0,1.32,1.08,2.4,2.39,2.4h21.94c1.07,0,1.93.86,1.93,1.93s-.86,1.93-1.93,1.93h0Z\"\/><path d=\"M68.85,54.28c-1.07,0-1.93-.87-1.93-1.93v-28.42c0-1.32-1.07-2.4-2.4-2.4-1.07,0-1.93-.86-1.93-1.93s.87-1.93,1.93-1.93c3.45,0,6.26,2.81,6.26,6.26v28.42c0,1.07-.87,1.93-1.93,1.93h0Z\"\/><path d=\"M54.54,25.23h-25.15c-3.25,0-5.89-2.39-5.89-5.33v-5.83c0-2.94,2.64-5.33,5.89-5.33h4v-1.1c0-4.21,3.85-7.64,8.57-7.64s8.57,3.43,8.57,7.64v1.11h4c3.25,0,5.89,2.39,5.89,5.33v5.83c0,2.94-2.64,5.33-5.89,5.33h0ZM29.39,12.6c-1.1,0-2.03.67-2.03,1.47v5.83c0,.8.93,1.47,2.03,1.47h25.15c1.1,0,2.03-.67,2.03-1.47v-5.83c0-.8-.93-1.47-2.03-1.47h-5.93c-1.07,0-1.93-.87-1.93-1.93v-3.04c0-2.08-2.11-3.78-4.71-3.78s-4.71,1.69-4.71,3.78v3.04c0,1.07-.87,1.93-1.93,1.93h-5.93Z\"\/><path d=\"M57.11,43.77h-31.82c-1.07,0-1.93-.86-1.93-1.93s.86-1.93,1.93-1.93h31.82c1.07,0,1.93.86,1.93,1.93s-.86,1.93-1.93,1.93Z\"\/><path d=\"M57.11,53.35h-31.82c-1.07,0-1.93-.86-1.93-1.93s.86-1.93,1.93-1.93h31.82c1.07,0,1.93.86,1.93,1.93s-.86,1.93-1.93,1.93Z\"\/><path d=\"M42.89,63.54h-17.61c-1.07,0-1.93-.86-1.93-1.93s.86-1.93,1.93-1.93h17.61c1.07,0,1.93.87,1.93,1.93s-.87,1.93-1.93,1.93Z\"\/><path d=\"M65.6,100c-11.71,0-21.24-9.53-21.24-21.24s9.53-21.24,21.24-21.24,21.24,9.53,21.24,21.24c0,11.71-9.53,21.24-21.24,21.24ZM65.6,61.38c-9.58,0-17.38,7.8-17.38,17.38s7.8,17.38,17.38,17.38,17.38-7.8,17.38-17.38-7.8-17.38-17.38-17.38Z\"\/><path d=\"M64.41,87.64c-.84,0-1.59-.54-1.84-1.35-1.33-4.26-7.05-6.65-7.1-6.67-.99-.4-1.47-1.52-1.08-2.51s1.52-1.47,2.51-1.08c.23.09,4.36,1.78,7.19,5.21,1.71-3.28,5.11-7.66,11.58-9.73,1.02-.33,2.1.24,2.43,1.25.33,1.02-.23,2.1-1.25,2.43-8.64,2.76-10.48,10.6-10.55,10.93-.19.85-.93,1.48-1.8,1.51-.03,0-.05,0-.08,0h0Z\"\/><\/symbol>\n<symbol id=\"icon-document\" viewbox=\"0 0 100 100\"><path d=\"M82.46,0h-47.63s-.03,0-.05,0c-.14,0-.28.02-.42.04-.02,0-.04.01-.05.02-.12.03-.23.06-.34.11-.04.02-.08.04-.12.05-.09.04-.17.09-.26.14-.04.02-.07.04-.11.07-.11.08-.21.16-.31.25,0,0,0,0,0,0L9.69,24.16s0,0,0,0c-.1.1-.18.2-.25.31-.02.03-.05.07-.07.11-.05.08-.1.17-.14.25-.02.04-.04.08-.05.13-.04.11-.08.23-.11.34,0,.02-.01.03-.02.05-.03.14-.04.28-.04.42,0,.02,0,.03,0,.05v66.12c0,4.44,3.83,8.05,8.54,8.05h64.92c4.71,0,8.54-3.61,8.54-8.05V8.05C91,3.61,87.17,0,82.46,0h0ZM32.99,6.44v13.85c0,2.1-1.97,3.82-4.38,3.82h-13.29L32.99,6.44h0ZM87.15,92.96c0,1.88-1.76,3.41-3.92,3.41H16.76c-2.16,0-3.92-1.53-3.92-3.41V27.67h15.29c4.82,0,8.74-3.7,8.74-8.24V3.63h46.35c2.16,0,3.92,1.53,3.92,3.41v85.91h0ZM73.01,39.64H29.41c-1.3,0-2.36,1.05-2.36,2.36s1.05,2.36,2.36,2.36h43.6c1.3,0,2.36-1.05,2.36-2.36s-1.05-2.36-2.36-2.36ZM73.01,51.22H29.41c-1.3,0-2.36,1.06-2.36,2.36s1.05,2.36,2.36,2.36h43.6c1.3,0,2.36-1.05,2.36-2.36s-1.05-2.36-2.36-2.36ZM73.01,62.8H29.41c-1.3,0-2.36,1.06-2.36,2.36s1.05,2.36,2.36,2.36h43.6c1.3,0,2.36-1.06,2.36-2.36s-1.05-2.36-2.36-2.36Z\"\/><\/symbol>\n<symbol id=\"icon-van\" viewbox=\"0 0 100 100\"><path d=\"M92.82,15.33c-1.7,0-41.8-.1-45.52,0-4.33.11-6.2,1.63-9.32,4.14l-.1.08c-2.7,2.18-32.35,27.78-34.66,30.39-2.19,2.48-3.21,5.33-3.21,8.96v5.96c0,4.48,3.23,8.13,7.19,8.13h4.52c.92,6.6,6.55,11.72,13.4,11.72s12.47-5.12,13.4-11.72h25.09c.93,6.6,6.55,11.72,13.4,11.72s12.48-5.12,13.4-11.72h2.42c3.96,0,7.18-3.65,7.18-8.13V23.46c0-4.48-3.22-8.13-7.18-8.13h0ZM25.11,80.96c-5.43,0-9.84-4.41-9.84-9.84s4.41-9.84,9.84-9.84,9.84,4.42,9.84,9.84c0,5.42-4.41,9.84-9.84,9.84ZM77,80.96c-5.43,0-9.84-4.41-9.84-9.84s4.41-9.84,9.84-9.84,9.84,4.42,9.84,9.84-4.41,9.84-9.84,9.84ZM96.25,64.87c0,2.42-1.54,4.38-3.43,4.38h-2.42c-.93-6.6-6.55-11.71-13.4-11.71s-12.48,5.11-13.4,11.71h-25.09c-.92-6.6-6.55-11.71-13.4-11.71s-12.48,5.11-13.4,11.71h-4.53c-1.89,0-3.44-1.96-3.44-4.38v-5.96c0-2.71.7-4.71,2.27-6.48,1.9-2.15,30.33-26.84,34.21-29.96l.11-.08c2.92-2.36,4.01-3.23,7.06-3.31,3.66-.1,45,0,45.42,0,1.89,0,3.43,1.96,3.43,4.38v41.41h0Z\"\/><path d=\"M25.11,67.52c-1.99,0-3.61,1.62-3.61,3.61s1.62,3.6,3.61,3.6,3.6-1.61,3.6-3.6-1.61-3.61-3.6-3.61Z\"\/><path d=\"M80.61,71.13c0,1.99-1.61,3.6-3.6,3.6s-3.6-1.61-3.6-3.6,1.61-3.6,3.6-3.6,3.6,1.61,3.6,3.6h0Z\"\/><path d=\"M44.75,24.32c-1.73.47-2.87,1.38-4.49,2.7-1.9,1.53-21.98,18.85-23.62,20.71-.08.09-.14.18-.22.26l-.05.07c-.46.56-.55,1.33-.24,1.99.31.65.97,1.07,1.69,1.07h25.83c1.91,0,3.46-1.55,3.46-3.46v-21.53c0-.58-.27-1.13-.73-1.49-.46-.35-1.06-.47-1.63-.32h0ZM43.36,47.38h-20.83c5.88-5.25,18.12-15.86,20.12-17.47.26-.21.5-.4.71-.57v18.04h0Z\"\/><\/symbol>\n\t\t<\/svg>\n\t<\/div>\n<\/nav>\n\n\n\n<section id=\"block_925001a8ef86b9151e88ac385c6b959e\" class=\"shs-block block-section grid-container has-white-background-color\" >\n\t\t<div class=\"entry-content\">\n\n<h2 class=\"wp-block-heading\">Empezando<\/h2>\n\n\n\n<p>Estamos aqu\u00ed para ayudarlo a completar este proceso de inscripci\u00f3n en Samaritan Advantage Health Plan HMO. Una vez que haya decidido en qu\u00e9 plan le gustar\u00eda inscribirse, revise nuestra&nbsp;<a href=\"https:\/\/samhealthplans.org\/es\/instrucciones-del-formulario-de-inscripcion-advantage\/?type=pdf\" target=\"_blank\" rel=\"noreferrer noopener\">Instrucciones de inscripci\u00f3n (English)<\/a>. <\/p>\n\n\n\n<p><strong>Para 2026, Samaritan Health Plans ofrecer\u00e1 \u00fanicamente el Plan Dual Advantage.<\/strong> Este plan est\u00e1 disponible para aquellos que cuentan con asistencia m\u00e9dica del Estado de Oregon y Medicare.<\/p>\n\n\n\n<p><a href=\"https:\/\/samhealthplans.org\/wp-content\/uploads\/sites\/3\/2026-Enrollment-Guide-Dual-Advantage.pdf\" target=\"_blank\" rel=\"noreferrer noopener\">Consulte una gu\u00eda detallada<\/a> para ayudarle a tomar decisiones sobre su inscripci\u00f3n en el plan Medicare Dual Advantage de Samaritan.<\/p>\n\n\n\n<p>Vea o descargue el formulario de inscripci\u00f3n, luego complete su inscripci\u00f3n siguiendo cualquiera de las tres opciones a continuaci\u00f3n:<\/p>\n\n\n\n<div class=\"wp-block-buttons is-layout-flex wp-block-buttons-is-layout-flex\">\n<div class=\"wp-block-button\"><a class=\"wp-block-button__link wp-element-button\" href=\"https:\/\/samhealthplans.org\/wp-content\/uploads\/sites\/3\/2026-Enrollment-Form-Dual-Advantage.pdf\" target=\"_blank\" rel=\"noreferrer noopener\">2026 Dual Advantage \u2013 Formulario de inscripci\u00f3n<\/a><\/div>\n\n\n\n<div class=\"wp-block-button\"><a class=\"wp-block-button__link wp-element-button\" href=\"https:\/\/samhealthplans.org\/wp-content\/uploads\/sites\/3\/2025-Enrollment-Form-Advantage-Plans.pdf\" target=\"_blank\" rel=\"noreferrer noopener\">Formulario de inscripci\u00f3n 2025<\/a><\/div>\n<\/div>\n\n\n\n<h2 class=\"wp-block-heading\">Elige c\u00f3mo te gustar\u00eda inscribirte<\/h2>\n\n\n\n<ol class=\"wp-block-list\">\n<li><strong>Inscr\u00edbete por tel\u00e9fono.<\/strong><br>Solo llama&nbsp;<a href=\"tel:866-747-5267\">866-747-5267<\/a>&nbsp;(TTY&nbsp;<a href=\"tel:800-735-2900\">800-735-2900<\/a> o <a href=\"tel:711\">711<\/a>), de lunes a viernes, 8:30 a m a 5 p m. Uno de nuestros expertos en inscripciones lo ayudar\u00e1 a completar su inscripci\u00f3n.<\/li>\n\n\n\n<li><strong>Env\u00ede por correo, fax o correo electr\u00f3nico un formulario de inscripci\u00f3n completo.<\/strong><br>Devuelva su formulario de inscripci\u00f3n completo de la manera que le resulte m\u00e1s conveniente.\n<ul class=\"wp-block-list\">\n<li><strong>Puede enviar su formulario por correo a:<\/strong><br>Samaritan Health Plans HMO, Attn: Enrollment Dept., PO Box M, Corvallis, OR 97339.<\/li>\n\n\n\n<li><strong>Puede enviar su formulario por fax a:&nbsp;<\/strong><a href=\"tel:541-768-9778\"> 541-768-9778<\/a>, Attn: Enrollment Dept.<\/li>\n\n\n\n<li><strong>Puede enviar su formulario por correo electr\u00f3nico a:<\/strong>  <a href=\"mailto:SHPOMemberEnrollment@samhealth.org\" target=\"_blank\" rel=\"noreferrer noopener\">SHPOMemberEnrollment@samhealth.org<\/a>.<\/li>\n<\/ul>\n<\/li>\n\n\n\n<li><strong>Inscr\u00edbete en CMS<\/strong>.<br>Los beneficiarios de Medicare tambi\u00e9n pueden inscribirse en los planes de Samaritan Health a trav\u00e9s del Centro de inscripci\u00f3n en l\u00ednea de Medicare de CMS ubicado en&nbsp;<a href=\"http:\/\/www.medicare.gov\/\" target=\"_blank\" rel=\"noreferrer noopener\">www.medicare.gov<\/a>&nbsp;o llamando al 1-800-MEDICARE (<a href=\"tel:1-800-633-4227\">1-800-633-4227<\/a>). Los usuarios de TTY pueden llamar&nbsp;<a href=\"tel:877-486-2048\">877-486-2048<\/a>, 24 horas al d\u00eda, siete d\u00edas a la semana.<\/li>\n<\/ol>\n\n<\/div>\n\t<\/section>\n\n\n\n<section id=\"block_6a6c293cbee2ff7cb0b9ff1398dc823c\" class=\"shs-block block-section grid-container has-blue-light-background-color\" >\n\t\t<div class=\"entry-content\">\n\n<h2 class=\"wp-block-heading has-text-align-center\">\u00bfNecesita m\u00e1s informaci\u00f3n?<\/h2>\n\n\n\n<div class=\"wp-block-buttons is-content-justification-center is-layout-flex wp-container-core-buttons-is-layout-16018d1d wp-block-buttons-is-layout-flex\">\n<div class=\"wp-block-button\"><a class=\"wp-block-button__link wp-element-button\" href=\"https:\/\/samhealthplans.org\/es\/planes-de-la-tienda-samaritana\/ventaja-de-medicare\/inscribirse\/preparate-para-inscribirte\/\">Prepar\u00e1ndose para inscribirse<\/a><\/div>\n\n\n\n<div class=\"wp-block-button\"><a class=\"wp-block-button__link wp-element-button\" href=\"https:\/\/samhealthplans.org\/es\/planes-de-la-tienda-samaritana\/ventaja-de-medicare\/inscribirse\/que-esperar-despues-de-inscribirse\/\">Qu\u00e9 esperar despu\u00e9s de inscribirse<\/a><\/div>\n\n\n\n<div class=\"wp-block-button\"><a class=\"wp-block-button__link wp-element-button\" href=\"https:\/\/samhealthplans.org\/es\/planes-de-la-tienda-samaritana\/ventaja-de-medicare\/inscribirse\/haciendo-un-cambio\/\">C\u00f3mo realizar cambios m\u00e1s adelante<\/a><\/div>\n<\/div>\n\n<\/div>\n\t<\/section>\n\n\n\n<section id=\"block_b6d6e804d872118e230ccb97db67b93e\" class=\"shs-block block-alert grid-container has-white-background-color\">\n\n\t<div class=\"acf-innerblocks-container\">\n\n<p class=\"has-text-align-center\">P\u00e1gina actualizada el 10-01-2025<\/p>\n\n<\/div>\n\n<\/section>","protected":false},"excerpt":{"rendered":"<p>\u00bfEst\u00e1 listo para convertirse en miembro de Samaritan Advantage Health Plans? Comience aqu\u00ed. Nos enorgullecemos de ofrecer planes Medicare Advantage locales dise\u00f1ados para su estilo de vida.<\/p>","protected":false},"author":21,"featured_media":0,"parent":184,"menu_order":2,"comment_status":"closed","ping_status":"closed","template":"","meta":{"_acf_changed":false,"_searchwp_excluded":"","_shs_workflow_notes":"","_shs_exclude_from_navigation":true,"_shs_promote_article_on_blogs":"","footnotes":""},"class_list":["post-2223","page","type-page","status-publish","hentry"],"acf":[],"_links":{"self":[{"href":"https:\/\/samhealthplans.org\/es\/wp-json\/wp\/v2\/pages\/2223","targetHints":{"allow":["GET"]}}],"collection":[{"href":"https:\/\/samhealthplans.org\/es\/wp-json\/wp\/v2\/pages"}],"about":[{"href":"https:\/\/samhealthplans.org\/es\/wp-json\/wp\/v2\/types\/page"}],"author":[{"embeddable":true,"href":"https:\/\/samhealthplans.org\/es\/wp-json\/wp\/v2\/users\/21"}],"replies":[{"embeddable":true,"href":"https:\/\/samhealthplans.org\/es\/wp-json\/wp\/v2\/comments?post=2223"}],"version-history":[{"count":0,"href":"https:\/\/samhealthplans.org\/es\/wp-json\/wp\/v2\/pages\/2223\/revisions"}],"up":[{"embeddable":true,"href":"https:\/\/samhealthplans.org\/es\/wp-json\/wp\/v2\/pages\/184"}],"wp:attachment":[{"href":"https:\/\/samhealthplans.org\/es\/wp-json\/wp\/v2\/media?parent=2223"}],"curies":[{"name":"Gracias","href":"https:\/\/api.w.org\/{rel}","templated":true}]}}