{"id":2279,"date":"2023-10-01T00:01:00","date_gmt":"2023-10-01T07:01:00","guid":{"rendered":"https:\/\/samhealth.org\/samhealthplans\/?page_id=2279"},"modified":"2025-10-01T06:26:20","modified_gmt":"2025-10-01T13:26:20","slug":"inscribase-en-samaritan-advantage","status":"publish","type":"page","link":"https:\/\/samhealthplans.org\/es\/shop-samaritan-plans\/medicare-advantage\/enroll\/enroll-samaritan-advantage\/","title":{"rendered":"Inscr\u00edbete ahora"},"content":{"rendered":"<section id=\"block_d3c3579f1b27ddd78202171fc4e88391\" class=\"shs-block block-section grid-container has-white-background-color\" >\n\t\t<div class=\"entry-content\">\n\n<h1 class=\"wp-block-heading\" id=\"h-enroll-now\">Inscr\u00edbete ahora<\/h1>\n\n<\/div>\n\t<\/section>\n\n\n\n<section id=\"block_fb71f10308203e75739977626fb703d3\" class=\"shs-block block-section grid-container has-blue-light-background-color\" >\n\t\t<div class=\"entry-content\">\n\n<h2 class=\"wp-block-heading\">Elige c\u00f3mo te gustar\u00eda inscribirte<\/h2>\n\n\n\n<p>Estamos aqu\u00ed para ayudarlo a completar este proceso de inscripci\u00f3n en Samaritan Advantage Health Plan HMO. Una vez que haya decidido en qu\u00e9 plan le gustar\u00eda inscribirse, revise nuestra&nbsp;<a href=\"https:\/\/samhealthplans.org\/es\/instrucciones-del-formulario-de-inscripcion-advantage\/?type=pdf\" target=\"_blank\" rel=\"noreferrer noopener\">Instrucciones de inscripci\u00f3n (English)<\/a>.<\/p>\n\n\n\n<p><strong>Para 2026, Samaritan Health Plans ofrecer\u00e1 \u00fanicamente el Plan Dual Advantage.<\/strong> Este plan est\u00e1 disponible para aquellos que cuentan con asistencia m\u00e9dica del Estado de Oregon y Medicare.<\/p>\n\n\n\n<p>Haga clic en el bot\u00f3n a continuaci\u00f3n para ver o descargar el formulario de inscripci\u00f3n. Luego complete su inscripci\u00f3n siguiendo cualquiera de las cuatro opciones a continuaci\u00f3n:<\/p>\n\n\n\n<div class=\"wp-block-buttons is-layout-flex wp-block-buttons-is-layout-flex\">\n<div class=\"wp-block-button\"><a class=\"wp-block-button__link wp-element-button\" href=\"https:\/\/samhealthplans.org\/wp-content\/uploads\/sites\/3\/2026-Enrollment-Form-Dual-Advantage.pdf\" target=\"_blank\" rel=\"noreferrer noopener\">2026 Dual Advantage \u2013 Formulario de inscripci\u00f3n<\/a><\/div>\n\n\n\n<div class=\"wp-block-button\"><a class=\"wp-block-button__link wp-element-button\" href=\"https:\/\/samhealthplans.org\/wp-content\/uploads\/sites\/3\/2025-Enrollment-Form-Advantage-Plans.pdf\" target=\"_blank\" rel=\"noreferrer noopener\">Formulario de inscripci\u00f3n 2025<\/a><\/div>\n<\/div>\n\n\n\n<ol class=\"wp-block-list\">\n<li><strong>Inscr\u00edbete por tel\u00e9fono.<\/strong><br>Solo llama&nbsp;<a href=\"tel:866-747-5267\">866-747-5267<\/a>&nbsp;(TTY&nbsp;<a href=\"tel:800-735-2900\">800-735-2900<\/a> o <a href=\"tel:711\">711<\/a>), de lunes a viernes, 8:30 a m a 5 p m. Uno de nuestros expertos en inscripciones lo ayudar\u00e1 a completar su inscripci\u00f3n.<\/li>\n\n\n\n<li><strong>Env\u00ede por correo, fax o correo electr\u00f3nico un formulario de inscripci\u00f3n completo.<\/strong><br>Devuelva su formulario de inscripci\u00f3n completo de la manera que le resulte m\u00e1s conveniente.\n<ul class=\"wp-block-list\">\n<li><strong>Puede enviar su formulario por correo a:<\/strong><br>Samaritan Health Plans HMO, Attn: Enrollment Dept., PO Box M, Corvallis, OR 97339.<\/li>\n\n\n\n<li><strong>Puede enviar su formulario por fax a:&nbsp;<\/strong><a href=\"tel:541-768-9778\"> 541-768-9778<\/a>, Attn: Enrollment Dept.<\/li>\n\n\n\n<li><strong>Puede enviar su formulario por correo electr\u00f3nico a:<\/strong>  <a href=\"mailto:SHPOMemberEnrollment@samhealth.org\" target=\"_blank\" rel=\"noreferrer noopener\">SHPOMemberEnrollment@samhealth.org<\/a>.<\/li>\n<\/ul>\n<\/li>\n\n\n\n<li><strong>Inscr\u00edbete en CMS<\/strong>.<br>Los beneficiarios de Medicare tambi\u00e9n pueden inscribirse en los planes de Samaritan Health a trav\u00e9s del Centro de inscripci\u00f3n en l\u00ednea de Medicare de CMS ubicado en&nbsp;<a href=\"http:\/\/www.medicare.gov\/\" target=\"_blank\" rel=\"noreferrer noopener\">www.medicare.gov<\/a>&nbsp;o llamando al 1-800-MEDICARE (<a href=\"tel:1-800-633-4227\">1-800-633-4227<\/a>). Los usuarios de TTY pueden llamar&nbsp;<a href=\"tel:877-486-2048\">877-486-2048<\/a>, 24 horas al d\u00eda, siete d\u00edas a la semana.<\/li>\n\n\n\n<li><strong>Inscr\u00edbete con un agente de seguros.<\/strong><br>Samaritan se asocia con agentes de seguros autorizados y expertos que pueden ayudarlo a seleccionar el plan adecuado para usted.<\/li>\n<\/ol>\n\n<\/div>\n\t<\/section>\n\n\n\n<section id=\"block_6c38010a43b57c6fc0359714a3dd60c1\" class=\"shs-block block-alert grid-container has-white-background-color\">\n\n\t<div class=\"acf-innerblocks-container\">\n\n<p class=\"has-text-align-center\">P\u00e1gina actualizada el 10-01-2025<\/p>\n\n<\/div>\n\n<\/section>","protected":false},"excerpt":{"rendered":"<p>Inscr\u00edbase en el plan Medicare Advantage de Samaritan.<\/p>","protected":false},"author":11,"featured_media":0,"parent":2223,"menu_order":2,"comment_status":"closed","ping_status":"closed","template":"","meta":{"_acf_changed":false,"_searchwp_excluded":"","_shs_workflow_notes":"","_shs_exclude_from_navigation":false,"_shs_promote_article_on_blogs":"","footnotes":""},"class_list":["post-2279","page","type-page","status-publish","hentry"],"acf":[],"_links":{"self":[{"href":"https:\/\/samhealthplans.org\/es\/wp-json\/wp\/v2\/pages\/2279","targetHints":{"allow":["GET"]}}],"collection":[{"href":"https:\/\/samhealthplans.org\/es\/wp-json\/wp\/v2\/pages"}],"about":[{"href":"https:\/\/samhealthplans.org\/es\/wp-json\/wp\/v2\/types\/page"}],"author":[{"embeddable":true,"href":"https:\/\/samhealthplans.org\/es\/wp-json\/wp\/v2\/users\/11"}],"replies":[{"embeddable":true,"href":"https:\/\/samhealthplans.org\/es\/wp-json\/wp\/v2\/comments?post=2279"}],"version-history":[{"count":0,"href":"https:\/\/samhealthplans.org\/es\/wp-json\/wp\/v2\/pages\/2279\/revisions"}],"up":[{"embeddable":true,"href":"https:\/\/samhealthplans.org\/es\/wp-json\/wp\/v2\/pages\/2223"}],"wp:attachment":[{"href":"https:\/\/samhealthplans.org\/es\/wp-json\/wp\/v2\/media?parent=2279"}],"curies":[{"name":"Gracias","href":"https:\/\/api.w.org\/{rel}","templated":true}]}}