{"id":2281,"date":"2023-06-26T18:35:40","date_gmt":"2023-06-27T01:35:40","guid":{"rendered":"https:\/\/samhealth.org\/samhealthplans\/?page_id=2281"},"modified":"2025-10-01T06:43:07","modified_gmt":"2025-10-01T13:43:07","slug":"que-esperar-despues-de-inscribirse","status":"publish","type":"page","link":"https:\/\/samhealthplans.org\/es\/shop-samaritan-plans\/medicare-advantage\/enroll\/what-to-expect-after-you-enroll\/","title":{"rendered":"Qu\u00e9 esperar despu\u00e9s de inscribirse"},"content":{"rendered":"<section id=\"block_e54fe063f86cf6458bd0f01483ea659d\" class=\"shs-block block-section grid-container has-blue-light-background-color\" style=\"background-image: url(https:\/\/samhealthplans.org\/wp-content\/uploads\/sites\/3\/2023\/06\/Willamette-illustration-BA.png); background-position:50% 50%;\">\n\t\t<div class=\"entry-content\">\n\n<h1 class=\"wp-block-heading\" id=\"h-what-to-expect-after-you-enroll\">Qu\u00e9 esperar despu\u00e9s de inscribirse<\/h1>\n\n<\/div>\n\t<div class=\"has-overlay\"><\/div><\/section>\n\n\n\n<section id=\"block_35fd6c622221b7139f802b18cf8595ee\" class=\"shs-block block-section grid-container has-white-background-color\" >\n\t\t<div class=\"entry-content\">\n\n<h2 class=\"wp-block-heading\">Esto es lo que suceder\u00e1 a continuaci\u00f3n<\/h2>\n\n\n\n<p>Despu\u00e9s de habernos enviado el formulario de inscripci\u00f3n o de haberse inscrito por tel\u00e9fono, hay algunos pasos que debe seguir para completar su inscripci\u00f3n. Esto es lo que puede esperar:<\/p>\n\n\n\n<h3 class=\"wp-block-heading\">Paso 1: Verificaci\u00f3n de inscripci\u00f3n<\/h3>\n\n\n\n<p>Una vez que hayamos recibido su formulario de inscripci\u00f3n, nuestro equipo de inscripci\u00f3n le notificar\u00e1 por escrito que hemos recibido su formulario de inscripci\u00f3n y le confirmar\u00e1 si se ha completado en su totalidad.<\/p>\n\n\n\n<h3 class=\"wp-block-heading\">Paso 2: Confirmaci\u00f3n de Medicare<\/h3>\n\n\n\n<p>Como parte del proceso de inscripci\u00f3n en Samaritan Advantage Health Plans HMO, debemos confirmar su elegibilidad para Medicare. Una vez que hayamos recibido esta confirmaci\u00f3n, le enviaremos una carta confirmando su fecha de entrada en vigencia en nuestro plan.<\/p>\n\n\n\n<h3 class=\"wp-block-heading\">Paso 3: Documento de identidad e informaci\u00f3n del nuevo miembro<\/h3>\n\n\n\n<p>Recibir\u00e1 su tarjeta de identificaci\u00f3n de Samaritan Advantage y el paquete para nuevos miembros en un env\u00edo postal por separado. Si necesita recibir atenci\u00f3n m\u00e9dica antes de que llegue su tarjeta de identificaci\u00f3n, comun\u00edquese con nosotros.<\/p>\n\n<\/div>\n\t<\/section>\n\n\n\n<section id=\"block_a54d7c12f4c504264d4b1580047d9dd4\" class=\"shs-block block-slim-section grid-container has-gold-background-color\">\n\n\t<div class=\"entry-content\">\n\n<h2 class=\"wp-block-heading\">\u00bfListo para inscribirse?<\/h2>\n\n\n\n<p>Si est\u00e1 listo para dar el siguiente paso y comenzar a inscribirse, descubra lo f\u00e1cil que es.<\/p>\n\n\n\n<div class=\"wp-block-buttons is-layout-flex wp-block-buttons-is-layout-flex\">\n<div class=\"wp-block-button\"><a class=\"wp-block-button__link wp-element-button\" href=\"https:\/\/samhealthplans.org\/es\/planes-de-la-tienda-samaritana\/ventaja-de-medicare\/inscribirse\/inscribase-en-samaritan-advantage\/\">Empezar<\/a><\/div>\n<\/div>\n\n<\/div>\n\n\t<\/section>\n\n\n\n<section id=\"block_6461821beca05fd041ef0e52b358bb55\" class=\"shs-block block-alert grid-container has-white-background-color\">\n\n\t<div class=\"acf-innerblocks-container\">\n\n<p class=\"has-text-align-center\">P\u00e1gina actualizada el 1 de octubre de 2025<\/p>\n\n<\/div>\n\n<\/section>","protected":false},"excerpt":{"rendered":"<p>Una vez que env\u00ede su solicitud, lo guiaremos a trav\u00e9s de cada paso del proceso de inscripci\u00f3n.<\/p>","protected":false},"author":16,"featured_media":0,"parent":2223,"menu_order":3,"comment_status":"closed","ping_status":"closed","template":"","meta":{"_acf_changed":false,"_searchwp_excluded":"","_shs_workflow_notes":"","_shs_exclude_from_navigation":true,"_shs_promote_article_on_blogs":"","footnotes":""},"class_list":["post-2281","page","type-page","status-publish","hentry"],"acf":[],"_links":{"self":[{"href":"https:\/\/samhealthplans.org\/es\/wp-json\/wp\/v2\/pages\/2281","targetHints":{"allow":["GET"]}}],"collection":[{"href":"https:\/\/samhealthplans.org\/es\/wp-json\/wp\/v2\/pages"}],"about":[{"href":"https:\/\/samhealthplans.org\/es\/wp-json\/wp\/v2\/types\/page"}],"author":[{"embeddable":true,"href":"https:\/\/samhealthplans.org\/es\/wp-json\/wp\/v2\/users\/16"}],"replies":[{"embeddable":true,"href":"https:\/\/samhealthplans.org\/es\/wp-json\/wp\/v2\/comments?post=2281"}],"version-history":[{"count":0,"href":"https:\/\/samhealthplans.org\/es\/wp-json\/wp\/v2\/pages\/2281\/revisions"}],"up":[{"embeddable":true,"href":"https:\/\/samhealthplans.org\/es\/wp-json\/wp\/v2\/pages\/2223"}],"wp:attachment":[{"href":"https:\/\/samhealthplans.org\/es\/wp-json\/wp\/v2\/media?parent=2281"}],"curies":[{"name":"Gracias","href":"https:\/\/api.w.org\/{rel}","templated":true}]}}