{"id":2285,"date":"2023-06-26T18:51:22","date_gmt":"2023-06-27T01:51:22","guid":{"rendered":"https:\/\/samhealth.org\/samhealthplans\/?page_id=2285"},"modified":"2025-02-13T12:31:18","modified_gmt":"2025-02-13T20:31:18","slug":"conceptos-basicos-de-medicare","status":"publish","type":"page","link":"https:\/\/samhealthplans.org\/es\/shop-samaritan-plans\/medicare-advantage\/medicare-basics\/","title":{"rendered":"Conceptos b\u00e1sicos de Medicare"},"content":{"rendered":"<section id=\"block_68455b11302c17c6f2c21e17aac4287f\" class=\"shs-block block-section grid-container has-blue-light-background-color\" style=\"background-image: url(https:\/\/samhealthplans.org\/wp-content\/uploads\/sites\/3\/2023\/06\/Portland-Illustration-SS.jpg); background-position:50% 50%;\">\n\t\t<div class=\"entry-content\">\n\n<h1 class=\"wp-block-heading\" id=\"h-medicare-basics\">Conceptos b\u00e1sicos de Medicare<\/h1>\n\n<\/div>\n\t<div class=\"has-overlay\"><\/div><\/section>\n\n\n\n<nav id=\"block_b0f99425421b8b3b6aa5fee6ce41c9a9\" class=\"shs-block quicklinks\">\n\t\t<ul class=\"quicklink-list\">\n\t\t\t\t\t\t<li class=\"quicklink has-magenta-color\">\n\t\t\t\t\t<a href=\"https:\/\/samhealthplans.org\/es\/planes-de-la-tienda-samaritana\/ventaja-de-medicare\/conceptos-basicos-de-medicare\/cuales-son-las-cuatro-partes-de-medicare\/\" target=\"_self\">\n\t\t\t\t\t\t<svg class=\"quicklink-icon\" aria-labelledby=\"icon_title_0\" focusable=\"false\">\n\t\t\t\t\t\t\t<!-- Define title here so that it can be more specific to the individual use case -->\n\t\t\t\t\t\t\t<title id=\"icon_title_0\">\u00bfCu\u00e1les son las cuatro partes de Medicare?<\/title>\n\t\t\t\t\t\t\t<use xlink:href=\"#icon-insurance\"><\/use>\n\t\t\t\t\t\t<\/svg>\n\t\t\t\t\t\t<span class=\"quicklink-title\">\u00bfCu\u00e1les son las cuatro partes de Medicare?<\/span>\n\t\t\t\t\t<\/a>\n\t\t\t\t<\/li>\n\t\t\t\t\t\t\t<li class=\"quicklink has-gold-color\">\n\t\t\t\t\t<a href=\"https:\/\/samhealthplans.org\/es\/planes-de-la-tienda-samaritana\/ventaja-de-medicare\/conceptos-basicos-de-medicare\/cuando-soy-elegible-para-medicare\/\" target=\"_self\">\n\t\t\t\t\t\t<svg class=\"quicklink-icon\" aria-labelledby=\"icon_title_1\" focusable=\"false\">\n\t\t\t\t\t\t\t<!-- Define title here so that it can be more specific to the individual use case -->\n\t\t\t\t\t\t\t<title id=\"icon_title_1\">\u00bfCu\u00e1ndo soy elegible para Medicare?<\/title>\n\t\t\t\t\t\t\t<use xlink:href=\"#icon-woman\"><\/use>\n\t\t\t\t\t\t<\/svg>\n\t\t\t\t\t\t<span class=\"quicklink-title\">\u00bfCu\u00e1ndo soy elegible para Medicare?<\/span>\n\t\t\t\t\t<\/a>\n\t\t\t\t<\/li>\n\t\t\t\t\t\t\t<li class=\"quicklink has-green-feijoa-color\">\n\t\t\t\t\t<a href=\"https:\/\/samhealthplans.org\/es\/planes-de-la-tienda-samaritana\/ventaja-de-medicare\/conceptos-basicos-de-medicare\/como-me-inscribo-en-medicare\/\" target=\"_self\">\n\t\t\t\t\t\t<svg class=\"quicklink-icon\" aria-labelledby=\"icon_title_2\" focusable=\"false\">\n\t\t\t\t\t\t\t<!-- Define title here so that it can be more specific to the individual use case -->\n\t\t\t\t\t\t\t<title id=\"icon_title_2\">\u00bfC\u00f3mo me inscribo en Medicare?<\/title>\n\t\t\t\t\t\t\t<use xlink:href=\"#icon-health-plan\"><\/use>\n\t\t\t\t\t\t<\/svg>\n\t\t\t\t\t\t<span class=\"quicklink-title\">\u00bfC\u00f3mo me inscribo en Medicare?<\/span>\n\t\t\t\t\t<\/a>\n\t\t\t\t<\/li>\n\t\t\t\t\t\t\t<li class=\"quicklink has-blue-light-color\">\n\t\t\t\t\t<a href=\"https:\/\/samhealthplans.org\/es\/planes-de-la-tienda-samaritana\/ventaja-de-medicare\/conceptos-basicos-de-medicare\/por-que-elegir-un-plan-medicare-advantage\/\" target=\"_self\">\n\t\t\t\t\t\t<svg class=\"quicklink-icon\" aria-labelledby=\"icon_title_3\" focusable=\"false\">\n\t\t\t\t\t\t\t<!-- Define title here so that it can be more specific to the individual use case -->\n\t\t\t\t\t\t\t<title id=\"icon_title_3\">\u00bfPor qu\u00e9 un plan Medicare Advantage?<\/title>\n\t\t\t\t\t\t\t<use xlink:href=\"#icon-checkmark\"><\/use>\n\t\t\t\t\t\t<\/svg>\n\t\t\t\t\t\t<span class=\"quicklink-title\">\u00bfPor qu\u00e9 un plan Medicare Advantage?<\/span>\n\t\t\t\t\t<\/a>\n\t\t\t\t<\/li>\n\t\t\t\t<\/ul>\n\t\t\t<!-- SVG Legend\/Sprite -->\n\t<div class=\"svg-sprite-wrapper sr-only\">\n\t\t<svg xmlns=\"http:\/\/www.w3.org\/2000\/svg\">\n\t\t\t<symbol id=\"icon-insurance\" viewbox=\"0 0 100 100\"><path d=\"M70.9,57.05c-1.11,0-2.02.9-2.02,2.02v26.68c0,1.06-.86,1.92-1.92,1.92H5.95c-1.06,0-1.92-.86-1.92-1.92v-34.07c0-1.06.86-1.92,1.92-1.92h33.91c1.11,0,2.02-.9,2.02-2.02s-.9-2.02-2.02-2.02H5.95c-3.28,0-5.95,2.67-5.95,5.95v34.07c0,3.28,2.67,5.95,5.95,5.95h61.03c3.28,0,5.95-2.67,5.95-5.95v-26.68c0-1.11-.9-2.02-2.02-2.02h0Z\"\/><path d=\"M99.98,29.68c-.14-1.73-1.14-3.27-2.95-4.59l-4.69-3.4c-.13-.09-.26-.16-.4-.22.05-3.43-1.5-6.83-4.48-8.98l-2.92-2.12c-1.87-1.35-4.07-2.07-6.37-2.07-3.48,0-6.77,1.68-8.81,4.5l-14.63,20.19c-.58.8-.48,1.87.17,2.56l-14.06,19.42c-.15.21-.27.45-.33.71l-5.22,21.74c-.19.78.11,1.6.75,2.08.36.27.79.41,1.21.41.34,0,.68-.08.99-.26l19.83-11.16c.25-.14.47-.34.64-.57l14.06-19.42c.27.13.56.2.85.2.1,0,.21,0,.32-.03.53-.08,1-.38,1.31-.81l14.63-20.19c.45-.63.83-1.28,1.13-1.96l3.65,2.64c1.24.9,1.29,1.47,1.3,1.65.06.7-.45,2.13-3.23,4.93-.84.85-1.58,1.6-2.23,2.26-2.83,2.88-4.03,4.1-5.76,5.55-.45-.09-.9-.13-1.36-.13-2.3,0-4.48,1.11-5.82,2.97-1.13,1.55-1.58,3.45-1.27,5.35.3,1.9,1.33,3.56,2.88,4.68,1.23.89,2.69,1.37,4.21,1.37,2.3,0,4.47-1.11,5.82-2.97,1.13-1.55,1.58-3.45,1.28-5.35-.23-1.48-.92-2.81-1.94-3.86,1.35-1.21,2.64-2.53,4.85-4.77.65-.66,1.38-1.41,2.22-2.25,3.22-3.25,4.57-5.75,4.38-8.1h0ZM56.54,64.06l-11.35-8.22,12.96-17.89,11.35,8.22-12.95,17.89h0ZM43.68,59.73l9.51,6.89-12.91,7.26,3.39-14.15h0ZM86.63,25.31l-13.44,18.56-14.01-10.15,13.44-18.56c1.28-1.77,3.36-2.83,5.55-2.83,1.45,0,2.83.45,4.01,1.3l2.92,2.12c3.06,2.22,3.74,6.5,1.53,9.56h0ZM85.94,51.65c-.59.82-1.55,1.3-2.56,1.3-.67,0-1.3-.21-1.85-.6-.68-.49-1.13-1.22-1.26-2.05-.13-.83.07-1.67.56-2.35.59-.82,1.55-1.3,2.56-1.3.67,0,1.3.21,1.85.6.68.49,1.13,1.22,1.26,2.05.13.83-.07,1.67-.56,2.35h0Z\"\/><path d=\"M30.9,60.13H13.43c-1.11,0-2.02.9-2.02,2.02s.9,2.02,2.02,2.02h17.46c1.11,0,2.02-.9,2.02-2.02s-.9-2.02-2.02-2.02Z\"\/><path d=\"M30.45,69.75H13.43c-1.11,0-2.02.9-2.02,2.02s.9,2.02,2.02,2.02h17.02c1.11,0,2.02-.9,2.02-2.02,0-1.11-.9-2.02-2.02-2.02Z\"\/><\/symbol>\n<symbol id=\"icon-woman\" viewbox=\"0 0 100 100\"><path d=\"M49.51,55.62c-11.49,0-16.71-14.63-16.94-15.28-.34-.99.18-2.07,1.17-2.41.99-.34,2.07.18,2.41,1.17h0c.05.14,4.91,13.7,14.44,12.68,1.03-.11,1.98.64,2.09,1.68.11,1.04-.64,1.98-1.68,2.09-.51.05-1.01.08-1.49.08h0Z\"\/><path d=\"M50.49,55.62c-.49,0-.98-.03-1.49-.08-1.04-.11-1.8-1.05-1.68-2.09.11-1.04,1.05-1.79,2.09-1.68,9.57,1.03,14.39-12.54,14.44-12.67.34-.99,1.42-1.51,2.41-1.17.99.34,1.51,1.42,1.17,2.41-.22.65-5.45,15.28-16.93,15.28h0Z\"\/><path d=\"M84.82,100H15.18c-1.05,0-1.9-.85-1.9-1.9,0-14.13,5.82-25.02,17.78-33.28,10.39-7.18,7.37-14.03,7.33-14.1-.44-.95-.03-2.08.92-2.52s2.08-.03,2.52.92c.19.4,4.37,9.84-8.62,18.82-10.47,7.23-15.62,16.25-16.1,28.26h65.77c-.48-12.01-5.63-21.03-16.1-28.26-12.95-8.94-9.17-18.36-9-18.76.41-.96,1.52-1.42,2.49-1.01.96.41,1.41,1.51,1.02,2.47-.13.32-2.61,7.09,7.65,14.18,11.96,8.26,17.78,19.15,17.78,33.28,0,1.05-.85,1.9-1.9,1.9h0Z\"\/><path d=\"M33.29,45.4c-.41,0-.81-.13-1.15-.39-.5-.38-12.15-9.51-5.09-28.26C31.01,6.26,38.59,0,47.34,0c3.5,0,6.91,1.06,9.87,3.08l1.4.7c1.02-.31,2.02-.47,3-.47,8.31,0,13.03,11.27,13.26,21.88.24,11.7-7.55,16.22-7.88,16.41-.62.35-1.37.32-1.97-.06-.59-.39-.92-1.07-.85-1.78.88-8.83-5.32-13.44-8.52-15.21-1.37,3.49-4.6,7.77-10.52,7.77-.44,0-.89-.02-1.34-.07-2.53-.26-4.5.4-5.99,2.03-2.09,2.27-2.83,6.05-2.64,8.88.02.12.03.24.03.36,0,1.05-.85,1.9-1.9,1.9,0,0-.01,0-.01,0h0ZM47.34,3.79c-7.11,0-13.37,5.34-16.74,14.3-3.85,10.23-1.32,17.06,1.07,20.72.47-2.5,1.5-5.12,3.33-7.11,2.28-2.48,5.48-3.61,9.17-3.23.32.03.64.05.95.05,6.07,0,7.42-6.7,7.47-6.99.1-.55.44-1.02.92-1.29.48-.28,1.06-.33,1.58-.14.13.05,11.41,4.27,12.8,15.6,1.6-2.04,3.27-5.39,3.16-10.43-.18-8.74-3.85-18.17-9.46-18.17-.77,0-1.59.17-2.44.5-.5.2-1.06.17-1.54-.07l-2.23-1.12c-.08-.04-.16-.09-.23-.14-2.34-1.62-5.05-2.48-7.82-2.48h0Z\"\/><path d=\"M54.9,83.52h-9.81c-6.95,0-12.6-5.65-12.6-12.6v-6.02c0-1.05.85-1.9,1.9-1.9s1.9.85,1.9,1.9v6.02c0,4.86,3.95,8.8,8.8,8.8h9.81c4.85,0,8.8-3.95,8.8-8.8v-6.02c0-1.05.85-1.9,1.9-1.9s1.9.85,1.9,1.9v6.02c0,6.95-5.65,12.6-12.6,12.6h0Z\"\/><\/symbol>\n<symbol id=\"icon-health-plan\" viewbox=\"0 0 100 100\"><path d=\"M75.21,100H9.58c-3.24,0-5.88-2.64-5.88-5.88V5.88C3.7,2.64,6.33,0,9.58,0h65.63c3.24,0,5.88,2.64,5.88,5.88v88.24c0,3.24-2.64,5.88-5.88,5.88ZM9.58,3.94c-1.07,0-1.94.87-1.94,1.94v88.24c0,1.07.87,1.94,1.94,1.94h65.63c1.07,0,1.94-.87,1.94-1.94V5.88c0-1.07-.87-1.94-1.94-1.94H9.58Z\"\/><path d=\"M90.42,34.37h-10c-1.09,0-1.97-.88-1.97-1.97s.88-1.97,1.97-1.97h10c1.07,0,1.94-.87,1.94-1.94V11.97c0-1.07-.87-1.94-1.94-1.94h-10c-1.09,0-1.97-.88-1.97-1.97s.88-1.97,1.97-1.97h10c3.24,0,5.88,2.64,5.88,5.88v16.52c0,3.24-2.64,5.88-5.88,5.88Z\"\/><path d=\"M90.42,64.79h-10c-1.09,0-1.97-.88-1.97-1.97s.88-1.97,1.97-1.97h10c1.07,0,1.94-.87,1.94-1.94v-16.52c0-1.07-.87-1.94-1.94-1.94h-10c-1.09,0-1.97-.88-1.97-1.97s.88-1.97,1.97-1.97h10c3.24,0,5.88,2.64,5.88,5.88v16.52c0,3.24-2.64,5.88-5.88,5.88Z\"\/><path d=\"M90.42,95.22h-10c-1.09,0-1.97-.88-1.97-1.97s.88-1.97,1.97-1.97h10c1.07,0,1.94-.87,1.94-1.94v-16.51c0-1.07-.87-1.94-1.94-1.94h-10c-1.09,0-1.97-.88-1.97-1.97s.88-1.97,1.97-1.97h10c3.24,0,5.88,2.64,5.88,5.88v16.51c0,3.24-2.64,5.88-5.88,5.88Z\"\/><path d=\"M61.74,26.98H22.62c-1.09,0-1.97-.88-1.97-1.97s.88-1.97,1.97-1.97h39.12c1.09,0,1.97.88,1.97,1.97s-.88,1.97-1.97,1.97Z\"\/><path d=\"M61.74,38.28H22.62c-1.09,0-1.97-.88-1.97-1.97s.88-1.97,1.97-1.97h39.12c1.09,0,1.97.88,1.97,1.97s-.88,1.97-1.97,1.97Z\"\/><path d=\"M47.12,81.12h-7.23c-2.58,0-4.68-1.97-4.68-4.38v-3.06h-3.69c-2.58,0-4.68-1.97-4.68-4.39v-6.43c0-2.42,2.1-4.39,4.68-4.39h3.69v-3.06c0-2.42,2.1-4.38,4.68-4.38h7.23c2.58,0,4.68,1.97,4.68,4.38v3.06h3.69c2.58,0,4.68,1.97,4.68,4.39v6.43c0,2.42-2.1,4.39-4.68,4.39h-3.69v3.06c0,2.41-2.1,4.38-4.68,4.38h0ZM31.51,62.41c-.45,0-.74.27-.74.45v6.43c0,.18.3.45.74.45h5.66c1.09,0,1.97.88,1.97,1.97v5.03c0,.18.29.44.74.44h7.23c.45,0,.74-.26.74-.44v-5.03c0-1.09.88-1.97,1.97-1.97h5.66c.45,0,.74-.27.74-.45v-6.43c0-.18-.29-.45-.74-.45h-5.66c-1.09,0-1.97-.88-1.97-1.97v-5.03c0-.18-.29-.45-.74-.45h-7.23c-.45,0-.74.26-.74.45v5.03c0,1.09-.88,1.97-1.97,1.97h-5.66Z\"\/><\/symbol>\n<symbol id=\"icon-checkmark\" viewbox=\"0 0 100 100\"><path d=\"M80.88,31.99l-9.76-8.31c-.9-.76-2.04-1.18-3.21-1.18-1.46,0-2.83.64-3.78,1.74l-21.72,25.51-10.21-8.57c-.89-.75-2.02-1.16-3.18-1.16-1.47,0-2.85.65-3.8,1.77l-6.69,7.97c-.85,1.01-1.26,2.3-1.14,3.62.12,1.32.74,2.51,1.75,3.37l23.33,19.58c.98.82,2.25,1.23,3.52,1.15.12,0,.24.01.35.01,1.46,0,2.83-.64,3.78-1.74l31.3-36.77c.86-1.01,1.27-2.29,1.17-3.61-.11-1.32-.72-2.52-1.73-3.38h0ZM78.98,36.89l-31.31,36.77c-.37.43-.93.66-1.5.6-.06,0-.11,0-.17,0s-.11,0-.16,0c-.06,0-.12,0-.18,0-.29,0-.71-.07-1.11-.4l-23.33-19.58c-.35-.3-.57-.71-.61-1.17-.04-.46.1-.91.4-1.26l6.69-7.97c.33-.39.81-.62,1.33-.62.29,0,.71.07,1.11.4l11.43,9.6c.68.57,1.69.48,2.27-.19l22.76-26.73c.33-.39.81-.61,1.32-.61.29,0,.72.07,1.12.41l9.76,8.31c.35.3.57.72.6,1.18.04.46-.11.91-.41,1.26h0Z\"\/><path d=\"M50,0C22.43,0,0,22.43,0,50s22.43,50,50,50,50-22.43,50-50S77.57,0,50,0ZM50,96.77c-25.79,0-46.77-20.98-46.77-46.77S24.21,3.23,50,3.23s46.77,20.98,46.77,46.77-20.98,46.77-46.77,46.77Z\"\/><\/symbol>\n\t\t<\/svg>\n\t<\/div>\n<\/nav>\n\n\n\n<section id=\"block_86a3ff1a427deaaed9dd4d1b8b575505\" class=\"shs-block block-section grid-container has-white-background-color\" >\n\t\t<div class=\"entry-content\">\n\n<h2 class=\"wp-block-heading\">Comprenda los conceptos b\u00e1sicos de Medicare<\/h2>\n\n\n\n<p>Inscribirse en Medicare y luego decidir qu\u00e9 plan de salud necesita puede ser un poco abrumador. Nos gustar\u00eda ayudarlo a comprender todo esto. La siguiente informaci\u00f3n responder\u00e1 algunas de sus preguntas importantes como nuevo beneficiario de Medicare.<\/p>\n\n\n\n<div class=\"wp-block-buttons is-layout-flex wp-block-buttons-is-layout-flex\">\n<div class=\"wp-block-button\"><a class=\"wp-block-button__link wp-element-button\" href=\"https:\/\/samhealthplans.org\/es\/planes-de-la-tienda-samaritana\/ventaja-de-medicare\/conceptos-basicos-de-medicare\/cuales-son-las-cuatro-partes-de-medicare\/\">\u00bfCu\u00e1les son las cuatro partes?<\/a><\/div>\n\n\n\n<div class=\"wp-block-button\"><a class=\"wp-block-button__link wp-element-button\" href=\"https:\/\/samhealthplans.org\/es\/planes-de-la-tienda-samaritana\/ventaja-de-medicare\/conceptos-basicos-de-medicare\/cuando-soy-elegible-para-medicare\/\">\u00bfCu\u00e1ndo soy elegible?<\/a><\/div>\n\n\n\n<div class=\"wp-block-button\"><a class=\"wp-block-button__link wp-element-button\" href=\"https:\/\/samhealthplans.org\/es\/planes-de-la-tienda-samaritana\/ventaja-de-medicare\/conceptos-basicos-de-medicare\/como-me-inscribo-en-medicare\/\">\u00bfC\u00f3mo me inscribo?<\/a><\/div>\n<\/div>\n\n<\/div>\n\t<\/section>\n\n\n\n<section id=\"block_3fad6d91ac73bd7dc48e15777c3cb2f9\" class=\"shs-block block-section grid-container has-blue-light-background-color has-circle-image col-reverse\" >\n\t\t\t<figure class=\"image\"\n\t\t\t\t\t\t>\n\t\t\t<img loading=\"lazy\" decoding=\"async\" width=\"684\" height=\"684\" src=\"https:\/\/samhealthplans.org\/wp-content\/uploads\/sites\/3\/2023\/06\/Senior-Swings-BGC.jpg\" class=\"attachment-square-lg size-square-lg\" alt=\"Mujer mayor siendo empujada por un hombre mayor en un columpio\" srcset=\"https:\/\/samhealthplans.org\/wp-content\/uploads\/sites\/3\/2023\/06\/Senior-Swings-BGC.jpg 684w, https:\/\/samhealthplans.org\/wp-content\/uploads\/sites\/3\/2023\/06\/Senior-Swings-BGC-300x300.jpg 300w, https:\/\/samhealthplans.org\/wp-content\/uploads\/sites\/3\/2023\/06\/Senior-Swings-BGC-150x150.jpg 150w, https:\/\/samhealthplans.org\/wp-content\/uploads\/sites\/3\/2023\/06\/Senior-Swings-BGC-425x425.jpg 425w, https:\/\/samhealthplans.org\/wp-content\/uploads\/sites\/3\/2023\/06\/Senior-Swings-BGC-100x100.jpg 100w\" sizes=\"auto, (max-width: 684px) 100vw, 684px\" \/>\t\t<\/figure>\n\t\t<div class=\"entry-content\">\n\n<h2 class=\"wp-block-heading\">\u00bfPor qu\u00e9 elegir un plan Medicare Advantage?<\/h2>\n\n\n\n<p>Descubra por qu\u00e9 tiene sentido elegir un plan Medicare Advantage y c\u00f3mo se comparan sus opciones de cobertura con las de Medicare solo.<\/p>\n\n\n\n<div class=\"wp-block-buttons is-layout-flex wp-block-buttons-is-layout-flex\">\n<div class=\"wp-block-button\"><a class=\"wp-block-button__link wp-element-button\" href=\"https:\/\/samhealthplans.org\/es\/planes-de-la-tienda-samaritana\/ventaja-de-medicare\/conceptos-basicos-de-medicare\/por-que-elegir-un-plan-medicare-advantage\/\">Buenas razones para un plan Advantage<\/a><\/div>\n<\/div>\n\n<\/div>\n\t<\/section>\n\n\n\n<section id=\"block_f2bd6fd64a022f3763d8edd8c641233e\" class=\"shs-block block-alert grid-container has-white-background-color\">\n\n\t<div class=\"acf-innerblocks-container\">\n\n<p class=\"has-text-align-center\">P\u00e1gina actualizada el 17-10-2024<\/p>\n\n<\/div>\n\n<\/section>","protected":false},"excerpt":{"rendered":"<p>Comprenda las Partes A, B, C y D de Medicare y las razones para elegir un plan Medicare Advantage adem\u00e1s de Medicare Original.<\/p>","protected":false},"author":21,"featured_media":0,"parent":184,"menu_order":3,"comment_status":"closed","ping_status":"closed","template":"","meta":{"_acf_changed":false,"_searchwp_excluded":"","_shs_workflow_notes":"","_shs_exclude_from_navigation":true,"_shs_promote_article_on_blogs":"","footnotes":""},"class_list":["post-2285","page","type-page","status-publish","hentry"],"acf":[],"_links":{"self":[{"href":"https:\/\/samhealthplans.org\/es\/wp-json\/wp\/v2\/pages\/2285","targetHints":{"allow":["GET"]}}],"collection":[{"href":"https:\/\/samhealthplans.org\/es\/wp-json\/wp\/v2\/pages"}],"about":[{"href":"https:\/\/samhealthplans.org\/es\/wp-json\/wp\/v2\/types\/page"}],"author":[{"embeddable":true,"href":"https:\/\/samhealthplans.org\/es\/wp-json\/wp\/v2\/users\/21"}],"replies":[{"embeddable":true,"href":"https:\/\/samhealthplans.org\/es\/wp-json\/wp\/v2\/comments?post=2285"}],"version-history":[{"count":0,"href":"https:\/\/samhealthplans.org\/es\/wp-json\/wp\/v2\/pages\/2285\/revisions"}],"up":[{"embeddable":true,"href":"https:\/\/samhealthplans.org\/es\/wp-json\/wp\/v2\/pages\/184"}],"wp:attachment":[{"href":"https:\/\/samhealthplans.org\/es\/wp-json\/wp\/v2\/media?parent=2285"}],"curies":[{"name":"Gracias","href":"https:\/\/api.w.org\/{rel}","templated":true}]}}