{"id":2287,"date":"2023-06-26T18:53:34","date_gmt":"2023-06-27T01:53:34","guid":{"rendered":"https:\/\/samhealth.org\/samhealthplans\/?page_id=2287"},"modified":"2024-10-01T08:29:50","modified_gmt":"2024-10-01T15:29:50","slug":"cuando-soy-elegible-para-medicare","status":"publish","type":"page","link":"https:\/\/samhealthplans.org\/es\/shop-samaritan-plans\/medicare-advantage\/medicare-basics\/when-am-i-eligible-for-medicare\/","title":{"rendered":"\u00bfCu\u00e1ndo soy elegible para Medicare?"},"content":{"rendered":"<section id=\"block_b3fa9c41dbd2fc74555d692de646e5b9\" class=\"shs-block block-section grid-container has-blue-light-background-color\" style=\"background-image: url(https:\/\/samhealthplans.org\/wp-content\/uploads\/sites\/3\/2023\/06\/Portland-Illustration-SS.jpg); background-position:50% 50%;\">\n\t\t<div class=\"entry-content\">\n\n<h1 class=\"wp-block-heading\" id=\"h-when-am-i-eligible-for-medicare\">\u00bfCu\u00e1ndo soy elegible para Medicare?<\/h1>\n\n<\/div>\n\t<div class=\"has-overlay\"><\/div><\/section>\n\n\n\n<section id=\"block_2a70c724f84dde5e0becb73f887ee9ee\" class=\"shs-block block-section grid-container has-white-background-color\" >\n\t\t<div class=\"entry-content\">\n\n<h2 class=\"wp-block-heading\">Requisitos de elegibilidad para Medicare<\/h2>\n\n\n\n<p>En general, usted es elegible para Medicare si usted o su c\u00f3nyuge trabajaron al menos 10 a\u00f1os en un empleo cubierto por Medicare y tiene 65 a\u00f1os o m\u00e1s y es ciudadano o residente permanente de los Estados Unidos. Si a\u00fan no tiene 65 a\u00f1os, puede calificar para la cobertura si tiene una discapacidad o enfermedad renal terminal (insuficiencia renal permanente que requiere di\u00e1lisis o trasplante).<\/p>\n\n\n\n<p>Puede obtener la Parte A a los 65 a\u00f1os sin tener que pagar primas si:<\/p>\n\n\n\n<ul class=\"wp-block-list\">\n<li>Usted ya recibe beneficios de jubilaci\u00f3n del Seguro Social o de la Junta de Jubilaci\u00f3n Ferroviaria.<\/li>\n\n\n\n<li>Usted es elegible para recibir beneficios del Seguro Social o del Ferrocarril, pero a\u00fan no los ha solicitado.<\/li>\n\n\n\n<li>Usted o su c\u00f3nyuge ten\u00edan un empleo gubernamental cubierto por Medicare.<\/li>\n<\/ul>\n\n\n\n<p>Si tiene menos de 65 a\u00f1os, puede obtener la Parte A sin tener que pagar primas si:<\/p>\n\n\n\n<ul class=\"wp-block-list\">\n<li>Ha recibido beneficios por discapacidad del Seguro Social o de la Junta de Jubilaci\u00f3n Ferroviaria durante 24 meses.<\/li>\n\n\n\n<li>Tiene enfermedad renal terminal y cumple ciertos requisitos.<\/li>\n<\/ul>\n\n<\/div>\n\t<\/section>\n\n\n\n<section id=\"block_9cff58695d4bf073645004ebb2e07bbd\" class=\"shs-block block-alert grid-container has-white-background-color\">\n\n\t<div class=\"acf-innerblocks-container\">\n\n<p class=\"has-text-align-center\">P\u00e1gina actualizada el 1 de octubre de 2024<\/p>\n\n<\/div>\n\n<\/section>","protected":false},"excerpt":{"rendered":"<p>Descubra los requisitos de elegibilidad para Medicare, incluido lo que podr\u00eda calificarlo antes de cumplir 65 a\u00f1os.<\/p>","protected":false},"author":21,"featured_media":0,"parent":2285,"menu_order":1,"comment_status":"closed","ping_status":"closed","template":"","meta":{"_acf_changed":false,"_searchwp_excluded":"","_shs_workflow_notes":"","_shs_exclude_from_navigation":true,"_shs_promote_article_on_blogs":"","footnotes":""},"class_list":["post-2287","page","type-page","status-publish","hentry"],"acf":[],"_links":{"self":[{"href":"https:\/\/samhealthplans.org\/es\/wp-json\/wp\/v2\/pages\/2287","targetHints":{"allow":["GET"]}}],"collection":[{"href":"https:\/\/samhealthplans.org\/es\/wp-json\/wp\/v2\/pages"}],"about":[{"href":"https:\/\/samhealthplans.org\/es\/wp-json\/wp\/v2\/types\/page"}],"author":[{"embeddable":true,"href":"https:\/\/samhealthplans.org\/es\/wp-json\/wp\/v2\/users\/21"}],"replies":[{"embeddable":true,"href":"https:\/\/samhealthplans.org\/es\/wp-json\/wp\/v2\/comments?post=2287"}],"version-history":[{"count":0,"href":"https:\/\/samhealthplans.org\/es\/wp-json\/wp\/v2\/pages\/2287\/revisions"}],"up":[{"embeddable":true,"href":"https:\/\/samhealthplans.org\/es\/wp-json\/wp\/v2\/pages\/2285"}],"wp:attachment":[{"href":"https:\/\/samhealthplans.org\/es\/wp-json\/wp\/v2\/media?parent=2287"}],"curies":[{"name":"Gracias","href":"https:\/\/api.w.org\/{rel}","templated":true}]}}