{"id":2291,"date":"2023-06-26T18:55:20","date_gmt":"2023-06-27T01:55:20","guid":{"rendered":"https:\/\/samhealth.org\/samhealthplans\/?page_id=2291"},"modified":"2025-06-05T13:51:05","modified_gmt":"2025-06-05T20:51:05","slug":"como-me-inscribo-en-medicare","status":"publish","type":"page","link":"https:\/\/samhealthplans.org\/es\/shop-samaritan-plans\/medicare-advantage\/medicare-basics\/how-do-i-enroll-in-medicare\/","title":{"rendered":"\u00bfC\u00f3mo me inscribo en Medicare?"},"content":{"rendered":"<section id=\"\" class=\"shs-block block-section grid-container has-blue-light-background-color\" style=\"background-image: url(https:\/\/samhealthplans.org\/wp-content\/uploads\/sites\/3\/2023\/06\/Mt-Hood-Illustration-BA.png); background-position:50% 50%;\">\n\t\t<div class=\"entry-content\">\n\n<h1 class=\"wp-block-heading\" id=\"h-how-do-i-enroll-in-medicare\">\u00bfC\u00f3mo me inscribo en Medicare?<\/h1>\n\n<\/div>\n\t<div class=\"has-overlay\"><\/div><\/section>\n\n\n\n<section id=\"\" class=\"shs-block block-section grid-container has-white-background-color\" >\n\t\t<div class=\"entry-content\">\n\n<h2 class=\"wp-block-heading\">Preparaci\u00f3n e inscripci\u00f3n para Medicare<\/h2>\n\n\n\n<p>Su inscripci\u00f3n en Medicare es autom\u00e1tica si ya recibe beneficios de jubilaci\u00f3n del Seguro Social. Si est\u00e1 retrasando su jubilaci\u00f3n, es elegible para Medicare, pero debe inscribirse.<\/p>\n\n\n\n<h2 class=\"wp-block-heading\">Cronograma de preparaci\u00f3n para Medicare<\/h2>\n\n\n\n<h3 class=\"wp-block-heading\">9 meses antes de cumplir 65 a\u00f1os<\/h3>\n\n\n\n<p>Inf\u00f3rmese sobre Medicare, los planes de salud de Medicare y las empresas que los respaldan. Comience a pensar en los beneficios y las caracter\u00edsticas de la cobertura que ser\u00e1n importantes para usted.<\/p>\n\n\n\n<h3 class=\"wp-block-heading\">6 meses antes de cumplir 65 a\u00f1os<\/h3>\n\n\n\n<p>T\u00f3mese el tiempo para programar reuniones con los planes de salud de Medicare para conocer c\u00f3mo pueden ayudarlo a llenar los vac\u00edos en su cobertura de Medicare.<\/p>\n\n\n\n<h3 class=\"wp-block-heading\">3 meses antes de cumplir 65 a\u00f1os<\/h3>\n\n\n\n<p>Llame o visite su oficina local del Seguro Social para inscribirse en Medicare.<strong><br><\/strong><br>Puede inscribirse en la Parte A y la Parte B de Medicare en su oficina local del Seguro Social, a trav\u00e9s de&nbsp;<a href=\"https:\/\/www.ssa.gov\/\" target=\"_blank\" rel=\"noreferrer noopener\">www.ssa.gov<\/a>&nbsp;o llamando&nbsp;<a href=\"tel:800-772-1213\">800-772-1213<\/a>Los usuarios de TTY llaman&nbsp;<a href=\"tel:800-325-0778\">800-325-0778<\/a>Las personas tambi\u00e9n pueden inscribirse llamando al 1-800-Medicare&nbsp;<a href=\"tel:800-633-4227\">(800-633-4227<\/a>), los usuarios de TTY llaman&nbsp;<a href=\"tel:877-486-2048\">877-486-2048<\/a>.<\/p>\n\n\n\n<h3 class=\"wp-block-heading\">1 mes antes de cumplir 65 a\u00f1os<\/h3>\n\n\n\n<p>Inscr\u00edbase en un plan de salud de Medicare para que los beneficios est\u00e9n listos y esper\u00e1ndolo cuando cumpla 65 a\u00f1os.<\/p>\n\n\n\n<p>Si tiene m\u00e1s preguntas sobre su elegibilidad para Medicare, ll\u00e1menos al <a href=\"tel:541-768-7866\">541-768-7866<\/a> o <a href=\"tel:866-768-7250\">866-768-7250<\/a> <br>(TTY <a href=\"tel:800-735-2900\">800-735-2900<\/a> o 711). Del 1 de octubre al 31 de marzo, estamos disponibles todos los d\u00edas de 8 a m a 8 p m.<\/p>\n\n<\/div>\n\t<\/section>\n\n\n\n<section id=\"\" class=\"shs-block block-alert grid-container has-white-background-color\">\n\n\t<div class=\"acf-innerblocks-container\">\n\n<p class=\"has-text-align-center\">P\u00e1gina actualizada el 7 de noviembre de 2024<\/p>\n\n<\/div>\n\n<\/section>","protected":false},"excerpt":{"rendered":"<p>Inscr\u00edbase en la Parte A y la Parte B a trav\u00e9s de su oficina local del Seguro Social, luego comience a pensar en la cobertura y los beneficios que ser\u00e1n importantes para usted.<\/p>","protected":false},"author":21,"featured_media":0,"parent":2285,"menu_order":3,"comment_status":"closed","ping_status":"closed","template":"","meta":{"_acf_changed":false,"_searchwp_excluded":"","_shs_workflow_notes":"","_shs_exclude_from_navigation":true,"_shs_promote_article_on_blogs":"","footnotes":""},"class_list":["post-2291","page","type-page","status-publish","hentry"],"acf":[],"_links":{"self":[{"href":"https:\/\/samhealthplans.org\/es\/wp-json\/wp\/v2\/pages\/2291","targetHints":{"allow":["GET"]}}],"collection":[{"href":"https:\/\/samhealthplans.org\/es\/wp-json\/wp\/v2\/pages"}],"about":[{"href":"https:\/\/samhealthplans.org\/es\/wp-json\/wp\/v2\/types\/page"}],"author":[{"embeddable":true,"href":"https:\/\/samhealthplans.org\/es\/wp-json\/wp\/v2\/users\/21"}],"replies":[{"embeddable":true,"href":"https:\/\/samhealthplans.org\/es\/wp-json\/wp\/v2\/comments?post=2291"}],"version-history":[{"count":0,"href":"https:\/\/samhealthplans.org\/es\/wp-json\/wp\/v2\/pages\/2291\/revisions"}],"up":[{"embeddable":true,"href":"https:\/\/samhealthplans.org\/es\/wp-json\/wp\/v2\/pages\/2285"}],"wp:attachment":[{"href":"https:\/\/samhealthplans.org\/es\/wp-json\/wp\/v2\/media?parent=2291"}],"curies":[{"name":"Gracias","href":"https:\/\/api.w.org\/{rel}","templated":true}]}}