{"id":2293,"date":"2023-06-26T18:56:16","date_gmt":"2023-06-27T01:56:16","guid":{"rendered":"https:\/\/samhealth.org\/samhealthplans\/?page_id=2293"},"modified":"2024-10-01T08:29:26","modified_gmt":"2024-10-01T15:29:26","slug":"por-que-elegir-un-plan-medicare-advantage","status":"publish","type":"page","link":"https:\/\/samhealthplans.org\/es\/shop-samaritan-plans\/medicare-advantage\/medicare-basics\/why-choose-a-medicare-advantage-plan\/","title":{"rendered":"\u00bfPor qu\u00e9 un plan Medicare Advantage?"},"content":{"rendered":"<section id=\"block_8f9882d2adc9119e5b868eeeda21f939\" class=\"shs-block block-section grid-container has-blue-light-background-color\" style=\"background-image: url(https:\/\/samhealthplans.org\/wp-content\/uploads\/sites\/3\/2023\/06\/Mt-Hood-Illustration-BA.png); background-position:50% 50%;\">\n\t\t<div class=\"entry-content\">\n\n<h1 class=\"wp-block-heading\" id=\"h-why-a-medicare-advantage-plan\">\u00bfPor qu\u00e9 un plan Medicare Advantage?<\/h1>\n\n<\/div>\n\t<div class=\"has-overlay\"><\/div><\/section>\n\n\n\n<section id=\"block_752c9ceaa8cb06ea62c12c1f0dc5d990\" class=\"shs-block block-section grid-container has-white-background-color\" >\n\t\t<div class=\"entry-content\">\n\n<h2 class=\"wp-block-heading\">Cuatro grandes razones para considerar un plan Medicare Advantage<\/h2>\n\n\n\n<p>Quiz\u00e1s se est\u00e9 preguntando si un plan Medicare Advantage es adecuado para usted. O tal vez le interese ver c\u00f3mo se compara con Medicare Original solo. Aqu\u00ed le mostramos&nbsp;<strong>Cuatro grandes razones<\/strong>&nbsp;Para considerar Medicare Advantage para sus necesidades de cobertura:<\/p>\n\n\n\n<ol class=\"wp-block-list\">\n<li><strong>Costos de bolsillo m\u00e1s bajos:<\/strong>&nbsp;Los planes Medicare Advantage est\u00e1n dise\u00f1ados para protegerlo de los miles de d\u00f3lares en gastos que Medicare no cubre. Obtendr\u00e1 copagos bajos y fijos para atenci\u00f3n de rutina, especializada y de emergencia. Es posible que no tenga que preocuparse por un deducible. Tendr\u00e1 la tranquilidad de que no gastar\u00e1 m\u00e1s en gastos m\u00e9dicos de lo que le permite su m\u00e1ximo de desembolso personal.<\/li>\n\n\n\n<li><strong>M\u00e1s beneficios:<\/strong>&nbsp;Obtenga cobertura para beneficios que simplemente no est\u00e1n cubiertos por Medicare Original. Con los planes Medicare Advantage, usted disfruta de beneficios de visi\u00f3n, quiropr\u00e1ctica y acupuntura. Existe cobertura opcional para medicamentos recetados (Parte D), as\u00ed como servicios dentales y de aud\u00edfonos.<\/li>\n\n\n\n<li><strong>Mejor acceso a los m\u00e9dicos:<\/strong>&nbsp;Los planes Medicare Advantage le brindan la flexibilidad de elegir m\u00e9dicos que quiz\u00e1s no acepten pacientes que solo tengan Medicare Original. Disfrute de la flexibilidad de tener acceso a todos los m\u00e9dicos, especialistas y hospitales de la red de su plan.<\/li>\n\n\n\n<li><strong>Menos molestias cuando necesitas servicios:<\/strong>&nbsp;Los planes Medicare Advantage se hacen cargo de la facturaci\u00f3n de Medicare. El beneficio es que todas sus facturas se pagar\u00e1n a trav\u00e9s de su plan Medicare Advantage en lugar de a trav\u00e9s de Medicare. Ah\u00f3rrese la molestia de trabajar con m\u00e1s de una compa\u00f1\u00eda de seguros. Puede conservar su tarjeta de Medicare en su casa y solo necesitar\u00e1 presentar su tarjeta de identificaci\u00f3n de Medicare Advantage cuando necesite servicios.<\/li>\n<\/ol>\n\n<\/div>\n\t<\/section>\n\n\n\n<section id=\"block_f2226691297aa32b44645221c75ba0a4\" class=\"shs-block block-alert grid-container has-white-background-color\">\n\n\t<div class=\"acf-innerblocks-container\">\n\n<p class=\"has-text-align-center\">P\u00e1gina actualizada el 1 de octubre de 2024<\/p>\n\n<\/div>\n\n<\/section>","protected":false},"excerpt":{"rendered":"<p>Cuatro grandes razones por las que tiene sentido elegir un plan Medicare Advantage para cubrir sus necesidades de seguro mientras est\u00e1 en Medicare.<\/p>","protected":false},"author":21,"featured_media":0,"parent":2285,"menu_order":4,"comment_status":"closed","ping_status":"closed","template":"","meta":{"_acf_changed":false,"_searchwp_excluded":"","_shs_workflow_notes":"","_shs_exclude_from_navigation":true,"_shs_promote_article_on_blogs":"","footnotes":""},"class_list":["post-2293","page","type-page","status-publish","hentry"],"acf":[],"_links":{"self":[{"href":"https:\/\/samhealthplans.org\/es\/wp-json\/wp\/v2\/pages\/2293","targetHints":{"allow":["GET"]}}],"collection":[{"href":"https:\/\/samhealthplans.org\/es\/wp-json\/wp\/v2\/pages"}],"about":[{"href":"https:\/\/samhealthplans.org\/es\/wp-json\/wp\/v2\/types\/page"}],"author":[{"embeddable":true,"href":"https:\/\/samhealthplans.org\/es\/wp-json\/wp\/v2\/users\/21"}],"replies":[{"embeddable":true,"href":"https:\/\/samhealthplans.org\/es\/wp-json\/wp\/v2\/comments?post=2293"}],"version-history":[{"count":0,"href":"https:\/\/samhealthplans.org\/es\/wp-json\/wp\/v2\/pages\/2293\/revisions"}],"up":[{"embeddable":true,"href":"https:\/\/samhealthplans.org\/es\/wp-json\/wp\/v2\/pages\/2285"}],"wp:attachment":[{"href":"https:\/\/samhealthplans.org\/es\/wp-json\/wp\/v2\/media?parent=2293"}],"curies":[{"name":"Gracias","href":"https:\/\/api.w.org\/{rel}","templated":true}]}}