{"id":2324,"date":"2023-06-26T21:29:01","date_gmt":"2023-06-26T21:29:01","guid":{"rendered":"https:\/\/samhealth.org\/samhealthplans\/?page_id=2324"},"modified":"2023-08-11T18:19:28","modified_gmt":"2023-08-11T18:19:28","slug":"condiciones-de-uso-politica-de-privacidad","status":"publish","type":"page","link":"https:\/\/samhealthplans.org\/es\/terms-of-use-privacy-policy\/","title":{"rendered":"Condiciones de uso Pol\u00edtica de privacidad"},"content":{"rendered":"<section id=\"\" class=\"shs-block block-section grid-container has-white-background-color\" >\n\t\t<div class=\"entry-content\">\n\n<h1 class=\"wp-block-heading\" id=\"h-terms-of-use-privacy-policy\">Condiciones de uso y pol\u00edtica de privacidad<\/h1>\n\n\n\n<p>Este Acuerdo de T\u00e9rminos y Condiciones de Uso (\u201cAcuerdo\u201d) es un acuerdo legal entre usted y Samaritan Health Plans, Inc. que rige su uso de este sitio web (el \u201csitio\u201d). SU USO DE ESTE SITIO EST\u00c1 SUJETO A LOS T\u00c9RMINOS Y CONDICIONES DE ESTE ACUERDO. AL ACCEDER, USAR Y\/O VER NUESTRO SITIO, USTED ACEPTA ESTAR OBLIGADO POR LOS T\u00c9RMINOS DE ESTE ACUERDO. SI NO ACEPTA ESTOS T\u00c9RMINOS Y CONDICIONES, DEBE SALIR DE ESTE SITIO.<\/p>\n\n\n\n<h2 class=\"wp-block-heading\" id=\"h-license-and-website-access\">Licencia y acceso al sitio web<\/h2>\n\n\n\n<p>Por la presente, le otorgamos una licencia personal, no exclusiva, intransferible y revocable para acceder a nuestro sitio y a la informaci\u00f3n contenida en \u00e9l. No puede ceder ni sublicenciar esta licencia. El sitio y la informaci\u00f3n contenida en \u00e9l no pueden distribuirse, modificarse, reproducirse, transmitirse ni usarse comercialmente en su totalidad o en parte sin nuestro permiso por escrito, excepto que puede hacer una cantidad limitada de copias para su uso personal y no comercial. Nuestro sitio contiene herramientas de software y bases de datos que le permiten buscar y recuperar informaci\u00f3n. No puede (1) vender, distribuir ni explotar comercialmente dichas herramientas de software, bases de datos o los resultados de cualquier b\u00fasqueda de base de datos realizada en este sitio, (2) utilizar miner\u00eda de datos, robots o herramientas de recolecci\u00f3n y extracci\u00f3n similares, ni (3) vender, alquilar, arrendar, prestar ni transferir ning\u00fan servicio proporcionado en este sitio.<\/p>\n\n\n\n<p>Usted puede utilizar nuestros servicios \u00fanicamente con fines l\u00edcitos. No puede realizar ninguna actividad en este sitio web que pueda interferir con su funcionamiento. No puede utilizar nuestros servicios para publicar, transmitir o distribuir de otro modo material ilegal. Algunos ejemplos de material ilegal incluyen, entre otros, amenazas de da\u00f1o f\u00edsico, declaraciones difamatorias, material pornogr\u00e1fico y material protegido por derechos de autor, marca registrada y otro material patentado utilizado sin la debida autorizaci\u00f3n. No puede intentar utilizar o distribuir herramientas dise\u00f1adas para comprometer la seguridad o tomar medidas para comprometer la seguridad de este sitio. Algunos ejemplos de estas herramientas incluyen, entre otros, programas de adivinaci\u00f3n de contrase\u00f1as, herramientas de descifrado de contrase\u00f1as o herramientas de sondeo de red. No puede &quot;inundar&quot; o interrumpir nuestro sitio a trav\u00e9s de ning\u00fan medio o proceso. Usted es responsable de todo uso de nuestros servicios y nuestro sitio, con o sin su consentimiento, por usted mismo y por otros, que ocurra por, a trav\u00e9s de o en relaci\u00f3n con el acceso a nuestro sitio a trav\u00e9s de su computadora. No puede hacerse pasar por otra persona o entidad.<\/p>\n\n\n\n<h2 class=\"wp-block-heading\" id=\"h-future-changes\">Cambios futuros<\/h2>\n\n\n\n<p>A su exclusivo y absoluto criterio, Samaritan Health Plans puede, en cualquier momento y sin previo aviso, agregar, revisar o cambiar de otro modo (a) la informaci\u00f3n contenida en el sitio web de Samaritan Health Plans, (b) los productos y servicios descritos en el sitio web de Samaritan Health Plans o (c) los T\u00e9rminos. Cualquier cambio en los T\u00e9rminos o en la informaci\u00f3n contenida en el sitio web de Samaritan Health Plans entrar\u00e1 en vigencia inmediatamente despu\u00e9s de su publicaci\u00f3n en el sitio web de Samaritan Health Plans. Por lo tanto, debe revisar con frecuencia los T\u00e9rminos y las pol\u00edticas aplicables de vez en cuando para comprender c\u00f3mo se aplican a su uso de este sitio web. Su acceso o uso continuo de este sitio web despu\u00e9s de que se publiquen dichos cambios constituye su aceptaci\u00f3n y compromiso de cumplir con dichos cambios.<\/p>\n\n\n\n<h2 class=\"wp-block-heading\" id=\"h-information-collection\">Recopilaci\u00f3n de informaci\u00f3n<\/h2>\n\n\n\n<p>Samaritan Health Plans recopila autom\u00e1ticamente cierta informaci\u00f3n para personalizar nuestro sitio web para usted. Esto puede incluir datos como informaci\u00f3n geogr\u00e1fica sobre IP, tipo de navegador, sistema operativo y cookies.<\/p>\n\n\n\n<p>Recopilamos informaci\u00f3n personal de identificaci\u00f3n, como nombres y direcciones de correo electr\u00f3nico, en nuestro formulario de contacto. Podemos solicitar informaci\u00f3n adicional en nuestros otros formularios, como nuestros formularios de registro de eventos y de suscripci\u00f3n por correo electr\u00f3nico. Hacemos un seguimiento de las respuestas para ayudarnos a evaluar el inter\u00e9s. Utilizamos terceros para ayudarnos. No solicitamos informaci\u00f3n m\u00e9dica personal a trav\u00e9s de estos formularios m\u00e1s all\u00e1 de pedir a los visitantes que identifiquen el tema general en el que est\u00e1n interesados.<\/p>\n\n\n\n<p>Nuestro portal de miembros, Mi Plan de Salud, puede solicitar m\u00e1s informaci\u00f3n a nuestros miembros.<\/p>\n\n\n\n<p>Las solicitudes y consultas enviadas por correo electr\u00f3nico se transmiten al personal correspondiente de Samaritan Health Plans, quien puede conservar registros en el curso normal de los negocios.<\/p>\n\n\n\n<p>Nos comprometemos a proteger la privacidad de todos, incluida la privacidad de los ni\u00f1os, y no recopilamos intencionalmente informaci\u00f3n de ni\u00f1os menores de 13 a\u00f1os. Si tienes menos de 13 a\u00f1os, p\u00eddele ayuda a un padre o tutor para acceder y usar el Sitio.<\/p>\n\n\n\n<p>Utilizamos los informes de intereses y datos demogr\u00e1ficos de Google Universal Analytics para comprender mejor a los visitantes de nuestro sitio. Para obtener m\u00e1s informaci\u00f3n, visite&nbsp;<a href=\"https:\/\/support.google.com\/analytics\/answer\/2790010?hl=en\" target=\"_blank\" rel=\"noreferrer noopener\">An\u00e1lisis universal de Google<\/a>Tambi\u00e9n puedes&nbsp;<a href=\"https:\/\/support.google.com\/analytics\/answer\/181881\" target=\"_blank\" rel=\"noreferrer noopener\">darse de baja de Google Universal Analytics<\/a>.<\/p>\n\n\n\n<p>Utilizamos Google Analytics para recopilar y procesar datos.&nbsp;<a href=\"https:\/\/www.google.com\/policies\/privacy\/partners\/\" target=\"_blank\" rel=\"noreferrer noopener\">C\u00f3mo utiliza Google los datos cuando utilizas los sitios o aplicaciones de nuestros socios<\/a>.<\/p>\n\n\n\n<h2 class=\"wp-block-heading\" id=\"h-use-of-cookies\">Uso de Cookies<\/h2>\n\n\n\n<p>Las entidades que se dedican al comercio electr\u00f3nico, entre ellas Samaritan Health Plans, utilizan habitualmente \u201ccookies\u201d. Una cookie es un fragmento de datos que se almacena en el disco duro del usuario a trav\u00e9s del programa de navegaci\u00f3n web y que contiene informaci\u00f3n sobre el usuario que nos permite rastrear y personalizar el Sitio para mejorar su experiencia en l\u00ednea. Puede evitar las cookies configurando su navegador para que las rechace o, al menos, le notifique cuando se coloca una cookie en su disco duro. Samaritan Health Plans utiliza un tercero para recopilar y analizar esta informaci\u00f3n. Sin embargo, no vendemos ni alquilamos la informaci\u00f3n a ning\u00fan tercero.<\/p>\n\n\n\n<h2 class=\"wp-block-heading\" id=\"h-log-files\">Archivos de registro<\/h2>\n\n\n\n<p>Al igual que la mayor\u00eda de las dem\u00e1s entidades en l\u00ednea, Samaritan Health Plans recopila informaci\u00f3n t\u00e9cnica de la computadora de un usuario cuando este solicita una p\u00e1gina web mientras visita el Sitio. La informaci\u00f3n le indica a Samaritan Health Plans la direcci\u00f3n de protocolo de Internet del usuario, el tipo de navegador, la direcci\u00f3n de cualquier sitio web vinculado y otra informaci\u00f3n t\u00e9cnica. Samaritan Health Plans utiliza un tercero para recopilar y analizar esta informaci\u00f3n. Sin embargo, no vendemos ni alquilamos la informaci\u00f3n a ning\u00fan tercero.<\/p>\n\n\n\n<h2 class=\"wp-block-heading\" id=\"h-copyright-trademarks-trade-dress\">Derechos de autor, marcas comerciales y presentaci\u00f3n comercial<\/h2>\n\n\n\n<p>Todo el contenido incluido en el sitio, la compilaci\u00f3n de todo el contenido del sitio y todo el software utilizado en el sitio son propiedad de Samaritan Health Services y Samaritan Health Plans, sus afiliados o sus proveedores de contenido, y est\u00e1n protegidos por las leyes de derechos de autor de los EE. UU. e internacionales. Adem\u00e1s, Samaritan Health Services, Samaritan Health Plans, as\u00ed como otras marcas indicadas en el sitio y otros gr\u00e1ficos, logotipos, im\u00e1genes, encabezados y t\u00edtulos de p\u00e1gina, \u00edconos de botones, scripts y nombres comerciales y de servicios, son marcas comerciales y\/o imagen comercial de Samaritan Health Services o Samaritan Health Plans en los EE. UU. y otros pa\u00edses.<\/p>\n\n\n\n<p>Salvo lo dispuesto en la secci\u00f3n \u201cLicencia y acceso al sitio web\u201d anterior, a menos que reciba el consentimiento previo por escrito de Samaritan Health Plans, no puede: (1) copiar, reproducir, publicar, distribuir, crear trabajos derivados de, vender, transferir, exhibir, transmitir, compilar o recopilar en una base de datos, o de cualquier manera explotar comercialmente, cualquier elemento protegido por derechos de autor del sitio, incluido el contenido y\/o software del sitio; (2) hacer cualquier uso de las marcas comerciales y\/o imagen comercial de Samaritan Health Plans; (3) enmarcar o utilizar t\u00e9cnicas de enmarcado para encerrar cualquier marca comercial, logotipo u otra informaci\u00f3n de propiedad (incluidas, entre otras, im\u00e1genes, texto, dise\u00f1o de p\u00e1gina y\/o forma) de Samaritan Health Plans; o (4) usar cualquier metaetiqueta o cualquier otro \u201ctexto oculto\u201d que utilice el nombre o las marcas comerciales de Samaritan Health Plans. Las solicitudes de permiso se pueden enviar a Samaritan Health Plans, 2300 NW Walnut Blvd., Corvallis, Oregon 97330. Las supuestas violaciones de derechos de autor, marca registrada y imagen comercial deben informarse a Samaritan Health Plans.<\/p>\n\n\n\n<p>Samaritan Health Plans no realiza declaraciones respecto a, y no asume ninguna responsabilidad por, la naturaleza infractora o no infractora de cualquier marca comercial que aparezca en el sitio pero que no sea propiedad de Samaritan Health Services y Samaritan Health Plans.<\/p>\n\n\n\n<h2 class=\"wp-block-heading\" id=\"h-disclaimer\">Descargo de responsabilidad<\/h2>\n\n\n\n<p>ESTE SITIO WEB Y SU CONTENIDO Y TODOS LOS SERVICIOS RELACIONADOS CON EL SITIO SE OFRECEN \u201cTAL CUAL\u201d, CON TODOS LOS DEFECTOS, SIN REPRESENTACIONES O GARANT\u00cdAS DE NING\u00daN TIPO, YA SEAN EXPRESAS O IMPL\u00cdCITAS, INCLUYENDO, PERO SIN LIMITARSE A, LAS GARANT\u00cdAS IMPL\u00cdCITAS DE COMERCIABILIDAD, IDONEIDAD PARA UN PROP\u00d3SITO PARTICULAR O NO INFRACCI\u00d3N. USTED ASUME TODA LA RESPONSABILIDAD Y EL RIESGO POR SU USO DE ESTE SITIO, TODOS LOS SERVICIOS RELACIONADOS CON EL SITIO Y LOS SITIOS WEB HIPERVINCULADOS. NINGUNA INFORMACI\u00d3N O CONSEJO ORAL O ESCRITO PROPORCIONADO POR SAMARITAN HEALTH PLANS O SUS REPRESENTANTES AUTORIZADOS CREAR\u00c1 UNA GARANT\u00cdA DE NING\u00daN TIPO. CUALQUIER REFERENCIA A PRODUCTOS O SERVICIOS ESPEC\u00cdFICOS EN ESTE SITIO WEB NO CONSTITUYE NI IMPLICA UNA RECOMENDACI\u00d3N O APROBACI\u00d3N POR PARTE DE SAMARITAN HEALTH PLANS O SAMARITAN HEALTH SERVICES A MENOS QUE SE INDIQUE ESPEC\u00cdFICAMENTE LO CONTRARIO.<\/p>\n\n\n\n<p>LA INFORMACI\u00d3N PRESENTADA EN ESTE SITIO WEB NO PRETENDE SER Y NO DEBE CONSIDERARSE UN SUSTITUTO DEL ASESORAMIENTO O LA ATENCI\u00d3N M\u00c9DICA PROFESIONAL. SIEMPRE BUSQUE EL ASESORAMIENTO DE UN PROFESIONAL M\u00c9DICO CALIFICADO CUANDO TENGA ALGUNA PREGUNTA SOBRE UNA ENFERMEDAD Y ANTES DE COMENZAR CUALQUIER TRATAMIENTO NUEVO. LOS MATERIALES DE ESTE SITIO WEB SON SOLO PARA FINES INFORMATIVOS Y NO SE PROPORCIONAN PARA ASESORAMIENTO M\u00c9DICO O LEGAL.<\/p>\n\n\n\n<p>LIMITACI\u00d3N DE RESPONSABILIDAD; ELECCI\u00d3N DE LEY APLICABLE. SAMARITAN HEALTH PLANS, SAMARITAN HEALTH SERVICES Y SUS AFILIADOS, PROVEEDORES Y OTROS TERCEROS MENCIONADOS EN ESTE SITIO WEB NO SON RESPONSABLES NI OBLIGADOS POR NING\u00daN DA\u00d1O DIRECTO, INDIRECTO, INCIDENTAL, CONSECUENTE, ESPECIAL, EJEMPLAR, PUNITIVO U OTROS DA\u00d1OS (INCLUIDOS, SIN LIMITACI\u00d3N, LOS RESULTANTES DE LA P\u00c9RDIDA DE BENEFICIOS, P\u00c9RDIDA DE DATOS O INTERRUPCI\u00d3N DEL NEGOCIO) QUE SURJAN O SE RELACIONEN DE ALGUNA MANERA CON EL SITIO WEB, LOS SERVICIOS Y PRODUCTOS RELACIONADOS CON EL SITIO, EL CONTENIDO O LA INFORMACI\u00d3N CONTENIDA EN EL SITIO WEB Y\/O CUALQUIER SITIO WEB HIPERVINCULADO, YA SEA CON BASE EN LA GARANT\u00cdA, EL CONTRATO, AGRAVIO O CUALQUIER OTRA TEOR\u00cdA LEGAL Y YA SEA QUE SE HAYA ADVERTIDO O NO DE LA POSIBILIDAD DE DICHOS DA\u00d1OS. SU \u00daNICO RECURSO EN CASO DE INSATISFACCI\u00d3N CON EL SITIO WEB, LOS SERVICIOS RELACIONADOS CON EL SITIO Y\/O LOS SITIOS WEB A LOS QUE SE HICIERON V\u00cdNCULOS ES DEJAR DE USAR EL SITIO WEB Y\/O ESOS SERVICIOS. LA LEY APLICABLE PUEDE NO PERMITIR LA EXCLUSI\u00d3N O LIMITACI\u00d3N DE DA\u00d1OS INCIDENTALES O CONSECUENTES, POR LO QUE LA LIMITACI\u00d3N O EXCLUSI\u00d3N ANTERIOR PUEDE NO APLICARSE EN SU CASO. ESTOS T\u00c9RMINOS Y CONDICIONES SE RIGEN POR LA LEY DE OREGON SIN TENER EN CUENTA SUS PRINCIPIOS DE CONFLICTOS DE LEYES.<\/p>\n\n<\/div>\n\t<\/section>","protected":false},"excerpt":{"rendered":"<p>Lea los T\u00e9rminos de uso y la declaraci\u00f3n de Pol\u00edtica de privacidad completos para utilizar e interactuar con el sitio web de Samaritan Health Plans.<\/p>","protected":false},"author":14,"featured_media":0,"parent":0,"menu_order":0,"comment_status":"closed","ping_status":"closed","template":"","meta":{"_acf_changed":false,"_searchwp_excluded":"","_shs_workflow_notes":"","_shs_exclude_from_navigation":false,"_shs_promote_article_on_blogs":"","footnotes":""},"class_list":["post-2324","page","type-page","status-publish","hentry"],"acf":[],"_links":{"self":[{"href":"https:\/\/samhealthplans.org\/es\/wp-json\/wp\/v2\/pages\/2324","targetHints":{"allow":["GET"]}}],"collection":[{"href":"https:\/\/samhealthplans.org\/es\/wp-json\/wp\/v2\/pages"}],"about":[{"href":"https:\/\/samhealthplans.org\/es\/wp-json\/wp\/v2\/types\/page"}],"author":[{"embeddable":true,"href":"https:\/\/samhealthplans.org\/es\/wp-json\/wp\/v2\/users\/14"}],"replies":[{"embeddable":true,"href":"https:\/\/samhealthplans.org\/es\/wp-json\/wp\/v2\/comments?post=2324"}],"version-history":[{"count":0,"href":"https:\/\/samhealthplans.org\/es\/wp-json\/wp\/v2\/pages\/2324\/revisions"}],"wp:attachment":[{"href":"https:\/\/samhealthplans.org\/es\/wp-json\/wp\/v2\/media?parent=2324"}],"curies":[{"name":"Gracias","href":"https:\/\/api.w.org\/{rel}","templated":true}]}}