{"id":2328,"date":"2023-06-26T21:04:05","date_gmt":"2023-06-27T04:04:05","guid":{"rendered":"https:\/\/samhealth.org\/samhealthplans\/?page_id=2328"},"modified":"2026-03-10T12:48:51","modified_gmt":"2026-03-10T19:48:51","slug":"unete-a-nuestra-red","status":"publish","type":"page","link":"https:\/\/samhealthplans.org\/es\/providers\/join-our-network\/","title":{"rendered":"\u00danase a nuestra red"},"content":{"rendered":"<section id=\"block_1c31dc72a57b707455b12b7d796a2c3f\" class=\"shs-block block-section grid-container has-white-background-color\" >\n\t\t<div class=\"entry-content\">\n\n<h1 class=\"wp-block-heading\" id=\"h-join-our-network\">\u00danase a nuestra red<\/h1>\n\n<\/div>\n\t<\/section>\n\n\n\n<section id=\"block_1c31dc72a57b707455b12b7d796a2c3f\" class=\"shs-block block-section grid-container has-white-background-color\" >\n\t\t<div class=\"entry-content\">\n\n<p>Buscamos continuamente ampliar nuestra red de proveedores para satisfacer las necesidades de nuestra creciente membres\u00eda. Estamos estableciendo el est\u00e1ndar para la atenci\u00f3n comunitaria progresiva: hol\u00edstica, altruista y, lo m\u00e1s importante, personal.<\/p>\n\n\n\n<p>Lo invitamos a conocer los beneficios de ser parte de la red Samaritan Health Plans. Gracias por su inter\u00e9s en convertirse en un proveedor participante.<\/p>\n\n\n\n<p>Inicia el proceso para ser considerado para participar en nuestras redes.<\/p>\n\n\n\n<div class=\"wp-block-buttons is-layout-flex wp-block-buttons-is-layout-flex\">\n<div class=\"wp-block-button\"><a class=\"wp-block-button__link wp-element-button\" href=\"https:\/\/forms.office.com\/Pages\/ResponsePage.aspx?id=pl78j-zcVEeV2DN5WOyy_L79pu52S2FGhaxf1jNj3sBURDBBR0pCU1BDMkQxUlI1RTlPV0o2OVRYUiQlQCN0PWcu\" target=\"_blank\" rel=\"noopener\">Presentar formulario (English)<\/a><\/div>\n<\/div>\n\n<\/div>\n\t<\/section>\n\n\n\n<section id=\"block_4f02a36144279688f4b2618dd931536d\" class=\"shs-block block-section grid-container has-gray-warm-background-color\" >\n\t\t<div class=\"entry-content\">\n\n<h2 class=\"wp-block-heading\">Mantenga su informaci\u00f3n actualizada<\/h2>\n\n\n\n<p>Aseg\u00farese de mantener actualizada la informaci\u00f3n de su consultorio para garantizar el pago oportuno y la inclusi\u00f3n precisa en nuestro directorio de proveedores. Puede agregar o eliminar un proveedor de su grupo y actualizar la disponibilidad del panel y la informaci\u00f3n del proveedor.<\/p>\n\n\n\n<div class=\"wp-block-buttons is-layout-flex wp-block-buttons-is-layout-flex\">\n<div class=\"wp-block-button\"><a class=\"wp-block-button__link wp-element-button\" href=\"https:\/\/samhealthplans.org\/es\/proveedores\/unete-a-nuestra-red\/actualiza-tu-informacion\/\">Actualice su informaci\u00f3n<\/a><\/div>\n<\/div>\n\n<\/div>\n\t<\/section>\n\n\n\n<section id=\"block_3d13fb2655efeae47c1707be473c13f7\" class=\"shs-block block-section grid-container has-blue-light-background-color\" >\n\t\t<div class=\"entry-content\">\n\n<h2 class=\"wp-block-heading\">Redes adicionales<\/h2>\n\n\n\n<p><strong>Proveedores de servicios hol\u00edsticos y alternativos<\/strong><\/p>\n\n\n\n<p>Utilizamos Heraya Health para nuestros servicios alternativos y hol\u00edsticos para los miembros de los Planes Grupales de Samaritan Employer. Para obtener m\u00e1s informaci\u00f3n sobre c\u00f3mo contratar un proveedor de atenci\u00f3n m\u00e9dica alternativa, por favor... <a href=\"https:\/\/www.herayahealth.com\/contact\/\" target=\"_blank\" rel=\"noreferrer noopener\">Contacte con Heraya Health<\/a> directamente.<\/p>\n\n<\/div>\n\t<\/section>\n\n\n\n<section id=\"block_1c31dc72a57b707455b12b7d796a2c3f\" class=\"shs-block block-section grid-container has-white-background-color\" >\n\t\t<div class=\"entry-content\">\n\n<h2 class=\"wp-block-heading\">Requisitos de acreditaci\u00f3n para unirse a nuestra red<\/h2>\n\n\n\n<p>Todos los profesionales y centros de atenci\u00f3n m\u00e9dica interesados deben estar acreditados para formar parte de la red Samaritan Health Plans. Enviar toda la documentaci\u00f3n requerida con su solicitud puede ayudar a garantizar que su acreditaci\u00f3n no se demore. La acreditaci\u00f3n puede demorar hasta 90 d\u00edas desde la recepci\u00f3n de una solicitud.&nbsp;<strong>completo<\/strong>&nbsp;archivo de credenciales.<\/p>\n\n\n\n<div id=\"block_70412ea21b9fa18a5c82ecd6773c3c45\" class=\"shs-block accordion\">\n\t<h3 class=\"accordion-title\">\n\t\t<button\n\t\t\ttype=\"button\"\n\t\t\tid=\"accordion_title_69e72b368844b1.79049439\"\n\t\t\tclass=\"accordion-control\" aria-expanded=\"false\"\n\t\t\taria-controls=\"accordion_panel_69e72b36884502.82592168\">Preguntas frecuentes sobre acreditaciones <span class=\"iconfont-chevron-right\"><\/span><\/button>\n\t<\/h3>\n\t<section\n\t\tid=\"accordion_panel_69e72b36884502.82592168\"\n\t\tclass=\"accordion-panel\"\n\t\taria-labelledby=\"accordion_title_69e72b368844b1.79049439\" style=\"height:0\">\n\t\t<div class=\"entry-content\">\n\n<p><strong>\u00bfQu\u00e9 es la acreditaci\u00f3n?<\/strong><br>El proceso de acreditaci\u00f3n incluye la verificaci\u00f3n de la educaci\u00f3n, la experiencia, la competencia y la licencia de los proveedores de atenci\u00f3n m\u00e9dica.<br><strong><br>\u00bfQu\u00e9 proveedores necesitan estar acreditados?<\/strong><br>La mayor\u00eda de los proveedores con licencia deber\u00e1n completar la Solicitud de acreditaci\u00f3n de profesionales Oregon (OPCA).<br><br><strong>\u00bfQu\u00e9 proveedores necesitan ser validados?<\/strong><br>El formulario de validaci\u00f3n est\u00e1 destinado a proveedores de salud conductual sin licencia y trabajadores de salud tradicionales. Si no est\u00e1 seguro de qu\u00e9 formulario utilizar, comun\u00edquese con el equipo de Relaciones con proveedores al&nbsp;<a href=\"mailto:shpprovider@samhealth.org?subject=Question%20About%20Validation%20Form\" target=\"_blank\" rel=\"noreferrer noopener\">shpprovider@samhealth.org<\/a>.&nbsp;<br><br><strong>\u00bfExisten proveedores que no necesitan estar acreditados o validados?<\/strong><br>S\u00ed. La mayor\u00eda de los profesionales que ejercen exclusivamente en el hospital o en entornos de pacientes internados no necesitan estar acreditados seg\u00fan Samaritan Health Plans.&nbsp;<br><br><strong>\u00bfCu\u00e1nto tiempo lleva la acreditaci\u00f3n y validaci\u00f3n?<\/strong><br>La acreditaci\u00f3n y las verificaciones pueden demorar hasta 90 d\u00edas a partir de la fecha en que SHP recibe una solicitud completa.<br><br><strong>\u00bfEn qu\u00e9 consiste una solicitud de acreditaci\u00f3n completa?<\/strong><br>Al completar la solicitud de acreditaci\u00f3n, se requieren los siguientes elementos:<\/p>\n\n\n\n<ul class=\"wp-block-list\">\n<li>Complete todas las secciones del formulario o marque N\/A.<\/li>\n\n\n\n<li>Incluya todas las ubicaciones de pr\u00e1ctica anteriores y actuales.<\/li>\n\n\n\n<li>Incluir n\u00fameros de identificaci\u00f3n.<\/li>\n\n\n\n<li>Responda todas las preguntas y proporcione explicaciones, si es necesario.<\/li>\n\n\n\n<li>Proporcionar copias de:<br>* Curriculum vitae, incluyendo historial laboral.<br>*Licencia profesional o certificado DEA.<br>* Copia de la car\u00e1tula del seguro de mala praxis.<br>* Resumen de cualquier caso de mala praxis pendiente o resuelto.&nbsp;<\/li>\n<\/ul>\n\n\n\n<p><strong>Present\u00e9 mi solicitud de acreditaci\u00f3n. \u00bfQu\u00e9 sucede despu\u00e9s?<br><\/strong><strong><\/strong>El personal de acreditaci\u00f3n comenzar\u00e1 a procesar su solicitud y se comunicar\u00e1 con usted si tiene alguna pregunta o si se necesita documentaci\u00f3n adicional. Aseg\u00farese de que su informaci\u00f3n de contacto est\u00e9 actualizada para evitar demoras innecesarias.<\/p>\n\n\n\n<p><strong>\u00bfC\u00f3mo s\u00e9 cuando mi acreditaci\u00f3n est\u00e1 completa?<\/strong><br>El personal de acreditaci\u00f3n le notificar\u00e1 que el proceso de acreditaci\u00f3n se ha completado.<br><br><strong>\u00bfD\u00f3nde puedo encontrar la solicitud de Credencializaci\u00f3n o Validaci\u00f3n?&nbsp;<\/strong><br>Los formularios de acreditaci\u00f3n y validaci\u00f3n se pueden encontrar en el sitio web del proveedor Samaritan Health Plans en&nbsp;<a href=\"https:\/\/samhealthplans.org\/es\/proveedores\/unete-a-nuestra-red\/\">\u00danase a nuestra red<\/a>&nbsp;secci\u00f3n.<br><br><strong>\u00bfHay algo que pueda hacer para acelerar el proceso de acreditaci\u00f3n?<\/strong><br>Se pueden evitar demoras innecesarias si se completa la solicitud de acreditaci\u00f3n de forma precisa e incluye todos los documentos requeridos. Su solicitud no se procesar\u00e1 hasta que se env\u00ede toda la informaci\u00f3n requerida. Revise su solicitud en detalle antes de enviarla. Los problemas m\u00e1s comunes son la falta de firmas o iniciales, no completar una secci\u00f3n o faltar documentos.<br><br><strong>\u00bfCon qu\u00e9 frecuencia necesito acreditarme?<\/strong><br>Una vez que tenga la acreditaci\u00f3n, deber\u00e1 renovarla cada dos o tres a\u00f1os. El personal del Departamento de Acreditaci\u00f3n de SHP se comunicar\u00e1 con usted cuando llegue el momento de enviar su solicitud.<br><br><strong>\u00bfD\u00f3nde presento mi solicitud de acreditaci\u00f3n?<\/strong><br>Las solicitudes completas y los archivos adjuntos se pueden enviar por correo electr\u00f3nico a:&nbsp;<a href=\"mailto:shscredentialinghealthplansoperation@samhealth.org?subject=Credentialing%20Question\" target=\"_blank\" rel=\"noreferrer noopener\">shscredentialinghealthplansoperation@samhealth.org<\/a>.<br><br><strong>\u00bfTiene alg\u00fan consejo para facilitar el proceso de acreditaci\u00f3n en el futuro?<\/strong><br>El proceso de acreditaci\u00f3n puede llevar mucho tiempo, pero seguir estos consejos le ayudar\u00e1 con la organizaci\u00f3n de su solicitud y sus documentos.<\/p>\n\n\n\n<ul class=\"wp-block-list\">\n<li>Comience el proceso de acreditaci\u00f3n con anticipaci\u00f3n. Recuerde que puede llevar 90 d\u00edas desde el comienzo hasta el final.<\/li>\n\n\n\n<li>Antes de enviar su documentaci\u00f3n de credenciales, aseg\u00farese de revisarla en su totalidad para asegurarse de que se respondan todas las preguntas y que cada p\u00e1gina est\u00e9 firmada y fechada.<\/li>\n\n\n\n<li>Establezca referencias de pares. Su solicitud debe incluir referencias de pares, por lo que tenerlas en orden puede ahorrarle estr\u00e9s de \u00faltimo momento.<\/li>\n\n\n\n<li>Mantenga una lista de fechas de vencimiento de licencias y credenciales para que pueda estar preparado con anticipaci\u00f3n para cuando necesite presentar solicitudes de renovaci\u00f3n.<\/li>\n\n\n\n<li>Mantenga un archivo digital de su solicitud de acreditaci\u00f3n y los documentos de respaldo. Mantener los documentos en formato electr\u00f3nico y en un solo lugar facilitar\u00e1 el tiempo de preparaci\u00f3n cuando sea necesario renovar la acreditaci\u00f3n.<\/li>\n\n\n\n<li>Sea receptivo. Es com\u00fan que el personal de acreditaci\u00f3n se comunique con usted si tiene preguntas o si necesita documentos adicionales. Aseg\u00farese de estar disponible y de responder de manera oportuna para evitar demoras.<\/li>\n<\/ul>\n\n<\/div>\n\t<\/section>\n<\/div>\n\n\n\n<div id=\"block_87c2e727bd037a315e2cb61b05c978a4\" class=\"shs-block accordion\">\n\t<h3 class=\"accordion-title\">\n\t\t<button\n\t\t\ttype=\"button\"\n\t\t\tid=\"accordion_title_69e72b368866a2.93495789\"\n\t\t\tclass=\"accordion-control\" aria-expanded=\"false\"\n\t\t\taria-controls=\"accordion_panel_69e72b368866c1.57775540\">Formularios de acreditaci\u00f3n <span class=\"iconfont-chevron-right\"><\/span><\/button>\n\t<\/h3>\n\t<section\n\t\tid=\"accordion_panel_69e72b368866c1.57775540\"\n\t\tclass=\"accordion-panel\"\n\t\taria-labelledby=\"accordion_title_69e72b368866a2.93495789\" style=\"height:0\">\n\t\t<div class=\"entry-content\">\n\n<p>Revise y complete los siguientes formularios de acreditaci\u00f3n:<\/p>\n\n\n\n<p><a href=\"https:\/\/www.oregon.gov\/oha\/HPA\/OHIT-ACPCI\/Documents\/2025-opca-credential-app.pdf\" target=\"_blank\" rel=\"noreferrer noopener\">Solicitud de acreditaci\u00f3n de profesionales Oregon (English).<\/a><\/p>\n\n\n\n<p><a href=\"https:\/\/samhealthplans.org\/wp-content\/uploads\/sites\/3\/Credentialing-Application-Addendum.pdf\" target=\"_blank\" rel=\"noreferrer noopener\">Anexo (English) de Solicitud de Credencializaci\u00f3n.<\/a><\/p>\n\n\n\n<p><a href=\"https:\/\/www.oregon.gov\/oha\/HPA\/OHIT-ACPCI\/Documents\/2025-opra-recredential-app.pdf\" target=\"_blank\" rel=\"noreferrer noopener\">Solicitud de reacreditaci\u00f3n de practicante Oregon (English).<\/a><\/p>\n\n\n\n<p><a href=\"https:\/\/samhealthplans.org\/wp-content\/uploads\/sites\/3\/2023\/06\/Organizational-Provider-Credentialing-Application.pdf\" target=\"_blank\" rel=\"noreferrer noopener\">Solicitud de acreditaci\u00f3n de instalaciones (English)<\/a>.<\/p>\n\n\n\n<p><a href=\"https:\/\/samhealthplans.org\/wp-content\/uploads\/sites\/3\/2023\/07\/Medicaid-Provider-Validation-Application.pdf\" target=\"_blank\" rel=\"noreferrer noopener\">Solicitud de validaci\u00f3n de proveedores de Medicaid (English)<\/a>.<\/p>\n\n\n\n<p><a href=\"https:\/\/samhealthplans.org\/wp-content\/uploads\/sites\/3\/Health-Related-Social-Needs-Provider-Application-Form.pdf\" target=\"_blank\" rel=\"noreferrer noopener\">Servicio de Necesidades Sociales Relacionadas con la Salud \u2013 Formulario de Solicitud de Proveedor (English)<\/a>.<\/p>\n\n\n\n<p class=\"has-text-align-center\">&nbsp;Para obtener m\u00e1s informaci\u00f3n, visite el sitio&nbsp;<a href=\"https:\/\/www.oregon.gov\/oha\/HPA\/OHIT-ACPCI\/Pages\/State-App.aspx\" target=\"_blank\" rel=\"noreferrer noopener\">P\u00e1gina de solicitud estatal de OHA<\/a>.<\/p>\n\n\n\n<p>&nbsp;<\/p>\n\n<\/div>\n\t<\/section>\n<\/div>\n\n\n\n<div id=\"block_765ddcccd7409db8c9cfe592e3f55156\" class=\"shs-block accordion\">\n\t<h3 class=\"accordion-title\">\n\t\t<button\n\t\t\ttype=\"button\"\n\t\t\tid=\"accordion_title_69e72b36889a78.22135773\"\n\t\t\tclass=\"accordion-control\" aria-expanded=\"false\"\n\t\t\taria-controls=\"accordion_panel_69e72b36889a93.32436403\">\u00bfQu\u00e9 se necesita para acreditar a los profesionales y otros profesionales de la salud? <span class=\"iconfont-chevron-right\"><\/span><\/button>\n\t<\/h3>\n\t<section\n\t\tid=\"accordion_panel_69e72b36889a93.32436403\"\n\t\tclass=\"accordion-panel\"\n\t\taria-labelledby=\"accordion_title_69e72b36889a78.22135773\" style=\"height:0\">\n\t\t<div class=\"entry-content\">\n\n<p>La contrataci\u00f3n depende de la aprobaci\u00f3n de la acreditaci\u00f3n. Samaritan Health Plans cumple con los requisitos de CMS y NCQA para acreditar a los proveedores. A continuaci\u00f3n, se incluye una lista de la informaci\u00f3n que Samaritan Health Plans necesita para acreditar a los profesionales y otros profesionales de la salud:<\/p>\n\n\n\n<ul class=\"wp-block-list\">\n<li><a href=\"http:\/\/www.oregon.gov\/oha\/OHPR\/ACPCI\/pages\/state_app.aspx\" target=\"_blank\" rel=\"noreferrer noopener\">Oregon Solicitud de acreditaci\u00f3n de profesionales<\/a>&nbsp;- Requerido.\n<ul class=\"wp-block-list\">\n<li>Certificaci\u00f3n y liberaci\u00f3n completadas y firmadas (obligatorias).<\/li>\n\n\n\n<li>Anexo A completado y firmado \u2013 Obligatorio (marque N\/A si no corresponde, firme y feche).<\/li>\n<\/ul>\n<\/li>\n\n\n\n<li>Copia de la licencia y\/o registro estatal Oregon actual (obligatorio).<\/li>\n\n\n\n<li>Certificado(s) DEA actual(es): obligatorio(s), si corresponde.<\/li>\n\n\n\n<li>Copia de su Certificado de Responsabilidad vigente \u2013 Obligatorio.<\/li>\n\n\n\n<li>Lista de todas las compa\u00f1\u00edas de seguros de mala praxis m\u00e9dica de los \u00faltimos 5 a\u00f1os, incluido el nombre de la compa\u00f1\u00eda, la direcci\u00f3n, el n\u00famero de p\u00f3liza, los l\u00edmites y cualquier informaci\u00f3n del historial de reclamaciones (obligatorio).<\/li>\n\n\n\n<li>Copia del\/de los certificado(s) de la junta: preferible.<\/li>\n\n\n\n<li>Copia de la descripci\u00f3n de la pr\u00e1ctica de PA y carta de aprobaci\u00f3n del m\u00e9dico supervisor de la OMB (obligatoria, si corresponde).<\/li>\n\n\n\n<li>Copias del diploma de la escuela de medicina y\/o certificados de finalizaci\u00f3n de la formaci\u00f3n m\u00e9dica \u2013 Preferiblemente.<\/li>\n\n\n\n<li>Copias de certificados de finalizaci\u00f3n de pasant\u00edas y residencias \u2013 Preferiblemente.<\/li>\n<\/ul>\n\n\n\n<p>Nota: Su solicitud de acreditaci\u00f3n no se procesar\u00e1 hasta que se reciban todos los documentos requeridos y su solicitud se considere completa.<\/p>\n\n\n\n<p>Excepciones: Los proveedores que practican exclusivamente en un entorno de pacientes internados y que brindan atenci\u00f3n a los miembros de Samaritan Health Plan como resultado de que el miembro sea derivado al hospital u otro entorno de pacientes internados no est\u00e1n obligados a estar acreditados seg\u00fan Samaritan Health Plans.<\/p>\n\n\n\n<p>Para obtener m\u00e1s informaci\u00f3n, comun\u00edquese con el Servicio de proveedores de Samaritan Health Plans al&nbsp;<a href=\"tel:888-435-2396\">888-435-2396<\/a>&nbsp;o&nbsp;<a href=\"tel:541-768-5207\">541-768-5207<\/a>, de lunes a viernes de 8: 30 a m a 5 p m (hora del Pac\u00edfico).<\/p>\n\n<\/div>\n\t<\/section>\n<\/div>\n\n\n\n<div id=\"block_c34ed9c4b88721668b58e617aff48644\" class=\"shs-block accordion\">\n\t<h3 class=\"accordion-title\">\n\t\t<button\n\t\t\ttype=\"button\"\n\t\t\tid=\"accordion_title_69e72b3688bef8.57973851\"\n\t\t\tclass=\"accordion-control\" aria-expanded=\"false\"\n\t\t\taria-controls=\"accordion_panel_69e72b3688bf12.33062544\">\u00bfQu\u00e9 informaci\u00f3n se necesita para acreditar las instalaciones? <span class=\"iconfont-chevron-right\"><\/span><\/button>\n\t<\/h3>\n\t<section\n\t\tid=\"accordion_panel_69e72b3688bf12.33062544\"\n\t\tclass=\"accordion-panel\"\n\t\taria-labelledby=\"accordion_title_69e72b3688bef8.57973851\" style=\"height:0\">\n\t\t<div class=\"entry-content\">\n\n<p>A continuaci\u00f3n se muestra una lista de la informaci\u00f3n que Samaritan Health Plans necesita para acreditar las instalaciones:<\/p>\n\n\n\n<ul class=\"wp-block-list\">\n<li><a href=\"https:\/\/samhealthplans.org\/wp-content\/uploads\/sites\/3\/2023\/06\/Organizational-Provider-Credentialing-Application.pdf\" target=\"_blank\" rel=\"noreferrer noopener\">Solicitud de acreditaci\u00f3n de instalaciones (English)<\/a>- Requerido.<\/li>\n\n\n\n<li>Certificaci\u00f3n y liberaci\u00f3n completadas y firmadas (obligatorias).<\/li>\n\n\n\n<li>Formulario W9.<\/li>\n\n\n\n<li>DEA \u2013 si corresponde.<\/li>\n\n\n\n<li>Copia de certificaci\u00f3n de Medicare y\/o Medicaid, si corresponde.<\/li>\n\n\n\n<li>Copia de la licencia estatal actual (obligatoria).<\/li>\n\n\n\n<li>Copia de su Certificado de Responsabilidad vigente \u2013 Obligatorio.<\/li>\n\n\n\n<li>Copia de Certificaci\u00f3n de una agencia acreditada \u2013 Obligatoria.<\/li>\n<\/ul>\n\n\n\n<p>Para obtener m\u00e1s informaci\u00f3n, comun\u00edquese con el Servicio de proveedores de Samaritan Health Plans al&nbsp;<a href=\"tel:888-435-2396\">888-435-2396<\/a>&nbsp;o&nbsp;<a href=\"tel:541-768-5207\">541-768-5207<\/a> De lunes a viernes de 8:30 a m a 5 p m (hora del Pac\u00edfico).<\/p>\n\n<\/div>\n\t<\/section>\n<\/div>\n\n\n\n<div id=\"block_ad03f77991c9610842e1ea1d414ceea0\" class=\"shs-block accordion\">\n\t<h3 class=\"accordion-title\">\n\t\t<button\n\t\t\ttype=\"button\"\n\t\t\tid=\"accordion_title_69e72b3688fdf3.00870376\"\n\t\t\tclass=\"accordion-control\" aria-expanded=\"false\"\n\t\t\taria-controls=\"accordion_panel_69e72b3688fe12.11972503\">\u00bfQu\u00e9 tipos de proveedores son elegibles? <span class=\"iconfont-chevron-right\"><\/span><\/button>\n\t<\/h3>\n\t<section\n\t\tid=\"accordion_panel_69e72b3688fe12.11972503\"\n\t\tclass=\"accordion-panel\"\n\t\taria-labelledby=\"accordion_title_69e72b3688fdf3.00870376\" style=\"height:0\">\n\t\t<div class=\"entry-content\">\n\n<ul class=\"wp-block-list\">\n<li>Acupunturistas<\/li>\n\n\n\n<li>Centro de Cirug\u00eda Ambulatoria<\/li>\n\n\n\n<li>Audi\u00f3logo<\/li>\n\n\n\n<li>Enfermera partera certificada<\/li>\n\n\n\n<li>Enfermera anestesista certificada y registrada<\/li>\n\n\n\n<li>Quiropr\u00e1ctico<\/li>\n\n\n\n<li>Laboratorios cl\u00ednicos<\/li>\n\n\n\n<li>Centro de di\u00e1lisis<\/li>\n\n\n\n<li>Doctor en Osteopat\u00eda<\/li>\n\n\n\n<li>Equipo m\u00e9dico duradero<\/li>\n\n\n\n<li>Salud en el hogar<\/li>\n\n\n\n<li>Terapia de infusi\u00f3n domiciliaria<\/li>\n\n\n\n<li>Hospicio<\/li>\n\n\n\n<li>Hospital<\/li>\n\n\n\n<li>Trabajador social cl\u00ednico autorizado<\/li>\n\n\n\n<li>Terapeuta matrimonial y familiar con licencia<\/li>\n\n\n\n<li>Consejero profesional autorizado<\/li>\n\n\n\n<li>Doctor en medicina<\/li>\n\n\n\n<li>Enfermera practicante<\/li>\n\n\n\n<li>Terapeuta ocupacional<\/li>\n\n\n\n<li>Optometrista<\/li>\n\n\n\n<li>Cirujano Oral<\/li>\n\n\n\n<li>Fisioterapeuta<\/li>\n\n\n\n<li>Asistente m\u00e9dico<\/li>\n\n\n\n<li>Pod\u00f3logo<\/li>\n\n\n\n<li>Enfermeras practicantes psiqui\u00e1tricas<\/li>\n\n\n\n<li>Psic\u00f3logo<\/li>\n\n\n\n<li>Dietista registrada<\/li>\n\n\n\n<li>Centro de enfermer\u00eda especializada<\/li>\n\n\n\n<li>Logopeda<\/li>\n<\/ul>\n\n<\/div>\n\t<\/section>\n<\/div>\n\n\n\n<div id=\"block_3df9fccaf26315f45970e437a518442e\" class=\"shs-block accordion\">\n\t<h3 class=\"accordion-title\">\n\t\t<button\n\t\t\ttype=\"button\"\n\t\t\tid=\"accordion_title_69e72b36891378.75805551\"\n\t\t\tclass=\"accordion-control\" aria-expanded=\"false\"\n\t\t\taria-controls=\"accordion_panel_69e72b36891380.44351281\">Reembolso retroactivo <span class=\"iconfont-chevron-right\"><\/span><\/button>\n\t<\/h3>\n\t<section\n\t\tid=\"accordion_panel_69e72b36891380.44351281\"\n\t\tclass=\"accordion-panel\"\n\t\taria-labelledby=\"accordion_title_69e72b36891378.75805551\" style=\"height:0\">\n\t\t<div class=\"entry-content\">\n\n<p>A partir del 1 de enero de 2023, Samaritan Health Plans\/InterCommunity Health Network Coordinated Care Organization paga los servicios cubiertos que se brindan a nuestros miembros durante el per\u00edodo de acreditaci\u00f3n en el beneficio dentro de la red y seg\u00fan los t\u00e9rminos del contrato. Para que esto se aplique, la solicitud de acreditaci\u00f3n debe ser aprobada por la compa\u00f1\u00eda aseguradora.&nbsp;<strong>No facture estos servicios hasta DESPU\u00c9S de que se apruebe su acreditaci\u00f3n.&nbsp;<\/strong>Las reclamaciones presentadas sin credenciales aprobadas ser\u00e1n rechazadas y ser\u00e1 necesario volver a enviarlas despu\u00e9s de la aprobaci\u00f3n para recibir el pago.<\/p>\n\n\n\n<p>El reembolso comenzar\u00e1 en la fecha en que el Departamento de Credencializaci\u00f3n reciba la solicitud de acreditaci\u00f3n completa o en la fecha de vigencia del contrato entre el proveedor y SHP\/IHN-CCO; lo que ocurra m\u00e1s tarde.<\/p>\n\n\n\n<p>Si se rechaza la solicitud de acreditaci\u00f3n o no hay un contrato vigente entre el proveedor y SHP\/IHN-CCO en la fecha del servicio, los servicios se considerar\u00e1n fuera de la red y se procesar\u00e1n de acuerdo con ese beneficio.<\/p>\n\n<\/div>\n\t<\/section>\n<\/div>\n\n<\/div>\n\t<\/section>","protected":false},"excerpt":{"rendered":"<p>Descubra los requisitos para ser un proveedor participante de Samaritan Health Plans, aprenda sobre credenciales y env\u00ede su informaci\u00f3n para unirse a nuestra red.<\/p>","protected":false},"author":18,"featured_media":0,"parent":13,"menu_order":10,"comment_status":"closed","ping_status":"closed","template":"","meta":{"_acf_changed":false,"_searchwp_excluded":"","_shs_workflow_notes":"","_shs_exclude_from_navigation":true,"_shs_promote_article_on_blogs":"","footnotes":""},"class_list":["post-2328","page","type-page","status-publish","hentry"],"acf":[],"_links":{"self":[{"href":"https:\/\/samhealthplans.org\/es\/wp-json\/wp\/v2\/pages\/2328","targetHints":{"allow":["GET"]}}],"collection":[{"href":"https:\/\/samhealthplans.org\/es\/wp-json\/wp\/v2\/pages"}],"about":[{"href":"https:\/\/samhealthplans.org\/es\/wp-json\/wp\/v2\/types\/page"}],"author":[{"embeddable":true,"href":"https:\/\/samhealthplans.org\/es\/wp-json\/wp\/v2\/users\/18"}],"replies":[{"embeddable":true,"href":"https:\/\/samhealthplans.org\/es\/wp-json\/wp\/v2\/comments?post=2328"}],"version-history":[{"count":2,"href":"https:\/\/samhealthplans.org\/es\/wp-json\/wp\/v2\/pages\/2328\/revisions"}],"predecessor-version":[{"id":13462,"href":"https:\/\/samhealthplans.org\/es\/wp-json\/wp\/v2\/pages\/2328\/revisions\/13462"}],"up":[{"embeddable":true,"href":"https:\/\/samhealthplans.org\/es\/wp-json\/wp\/v2\/pages\/13"}],"wp:attachment":[{"href":"https:\/\/samhealthplans.org\/es\/wp-json\/wp\/v2\/media?parent=2328"}],"curies":[{"name":"Gracias","href":"https:\/\/api.w.org\/{rel}","templated":true}]}}