{"id":2365,"date":"2023-06-26T22:21:52","date_gmt":"2023-06-27T05:21:52","guid":{"rendered":"https:\/\/samhealth.org\/samhealthplans\/?page_id=2365"},"modified":"2026-01-23T14:04:00","modified_gmt":"2026-01-23T22:04:00","slug":"aviso-de-practicas-de-privacidad","status":"publish","type":"page","link":"https:\/\/samhealthplans.org\/es\/notice-of-privacy-practices\/","title":{"rendered":"Aviso de pr\u00e1cticas de privacidad"},"content":{"rendered":"<section id=\"block_d4ed6db2a525959152347feeb86122f2\" class=\"shs-block block-section grid-container has-white-background-color\" >\n\t\t<div class=\"entry-content\">\n\n<h1 class=\"wp-block-heading\">Aviso de pr\u00e1cticas de privacidad<\/h1>\n\n\n\n<p>El Aviso de pr\u00e1cticas de privacidad describe sus derechos de privacidad y nuestras responsabilidades para salvaguardar su informaci\u00f3n m\u00e9dica.<\/p>\n\n\n\n<h2 class=\"wp-block-heading\" id=\"h-samaritan-choice-plans-amp-employer-group-health-plans\"><strong>Planes de salud grupales de Samaritan Employer<\/strong><\/h2>\n\n\n\n<ul class=\"wp-block-list\">\n<li><a href=\"https:\/\/samhealthplans.org\/es\/aviso-de-practicas-de-privacidad-para-la-eleccion-del-empleador\/?type=pdf\" target=\"_blank\" rel=\"noreferrer noopener\">Aviso de pr\u00e1cticas de privacidad (English)<\/a>.<\/li>\n\n\n\n<li><a href=\"https:\/\/samhealthplans.org\/wp-content\/uploads\/sites\/3\/2023\/06\/privacy-practices-notice-choice-employer-spanish.pdf\" target=\"_blank\" rel=\"noreferrer noopener\">Aviso de pr\u00e1cticas de privacidad (Espa\u00f1ol)<\/a>.<\/li>\n<\/ul>\n\n\n\n<h2 class=\"wp-block-heading\" id=\"h-samaritan-advantage-health-plans\"><strong>Samaritan Advantage Health Plans<\/strong><\/h2>\n\n\n\n<ul class=\"wp-block-list\">\n<li><a href=\"https:\/\/samhealthplans.org\/es\/ventaja-del-aviso-de-practicas-de-privacidad\/?type=pdf\" target=\"_blank\" rel=\"noreferrer noopener\">Aviso de pr\u00e1cticas de privacidad (English)<\/a>.<\/li>\n\n\n\n<li><a href=\"https:\/\/samhealthplans.org\/wp-content\/uploads\/sites\/3\/2023\/06\/privacy-practices-notice-advantage-spanish.pdf\" target=\"_blank\" rel=\"noreferrer noopener\">Aviso de pr\u00e1cticas de privacidad (Espa\u00f1ol)<\/a>.<\/li>\n<\/ul>\n\n\n\n<h2 class=\"wp-block-heading\" id=\"h-intercommunity-health-network-coordinated-care-organization\"><strong>Organizaci\u00f3n de atenci\u00f3n coordinada de la red de salud intercomunitaria<\/strong><\/h2>\n\n\n\n<ul class=\"wp-block-list\">\n<li><a href=\"https:\/\/samhealthplans.org\/es\/aviso-de-practicas-de-privacidad-de-ihn-cco\/?type=pdf\" target=\"_blank\" rel=\"noreferrer noopener\">Aviso de pr\u00e1cticas de privacidad (English)<\/a>.<\/li>\n\n\n\n<li><a href=\"https:\/\/samhealthplans.org\/es\/aviso-de-practicas-de-privacidad-ihn-cco-en-espanol\/?type=pdf\">Aviso de pr\u00e1cticas de privacidad (Espa\u00f1ol)<\/a>.<\/li>\n<\/ul>\n\n<\/div>\n\t<\/section>\n\n\n\n<section id=\"block_4af9145429e7474f5d064cc253a47ac6\" class=\"shs-block block-alert grid-container has-white-background-color\">\n\n\t<div class=\"acf-innerblocks-container\">\n\n<p class=\"has-text-align-center\">P\u00e1gina actualizada el 23\/01\/2026<\/p>\n\n<\/div>\n\n<\/section>","protected":false},"excerpt":{"rendered":"<p>El Aviso de pr\u00e1cticas de privacidad describe sus derechos de privacidad y nuestras responsabilidades para salvaguardar su informaci\u00f3n m\u00e9dica.<\/p>","protected":false},"author":16,"featured_media":0,"parent":0,"menu_order":0,"comment_status":"closed","ping_status":"closed","template":"","meta":{"_acf_changed":false,"_searchwp_excluded":"","_shs_workflow_notes":"","_shs_exclude_from_navigation":false,"_shs_promote_article_on_blogs":"","footnotes":""},"class_list":["post-2365","page","type-page","status-publish","hentry"],"acf":[],"_links":{"self":[{"href":"https:\/\/samhealthplans.org\/es\/wp-json\/wp\/v2\/pages\/2365","targetHints":{"allow":["GET"]}}],"collection":[{"href":"https:\/\/samhealthplans.org\/es\/wp-json\/wp\/v2\/pages"}],"about":[{"href":"https:\/\/samhealthplans.org\/es\/wp-json\/wp\/v2\/types\/page"}],"author":[{"embeddable":true,"href":"https:\/\/samhealthplans.org\/es\/wp-json\/wp\/v2\/users\/16"}],"replies":[{"embeddable":true,"href":"https:\/\/samhealthplans.org\/es\/wp-json\/wp\/v2\/comments?post=2365"}],"version-history":[{"count":0,"href":"https:\/\/samhealthplans.org\/es\/wp-json\/wp\/v2\/pages\/2365\/revisions"}],"wp:attachment":[{"href":"https:\/\/samhealthplans.org\/es\/wp-json\/wp\/v2\/media?parent=2365"}],"curies":[{"name":"Gracias","href":"https:\/\/api.w.org\/{rel}","templated":true}]}}