{"id":2374,"date":"2023-06-26T21:56:24","date_gmt":"2023-06-27T04:56:24","guid":{"rendered":"https:\/\/samhealth.org\/samhealthplans\/?page_id=2374"},"modified":"2024-03-28T11:37:51","modified_gmt":"2024-03-28T18:37:51","slug":"gracias-3","status":"publish","type":"page","link":"https:\/\/samhealthplans.org\/es\/shop-samaritan-plans\/medicare-advantage\/attend-a-meeting\/thank-you-2\/","title":{"rendered":"Gracias"},"content":{"rendered":"<section id=\"block_4245f4abdb6c78e5f41b7513cc91205c\" class=\"shs-block block-section grid-container has-blue-light-background-color\" style=\"background-image: url(https:\/\/samhealthplans.org\/wp-content\/uploads\/sites\/3\/2023\/06\/Willamette-illustration-BA.png); background-position:50% 50%;\">\n\t\t<div class=\"entry-content\">\n\n<h2 class=\"wp-block-heading\" id=\"h-thank-you-for-registering\">Gracias por registrarse<\/h2>\n\n<\/div>\n\t<div class=\"has-overlay\"><\/div><\/section>\n\n\n\n<section id=\"block_113dbf2eeb8df68984e24afc7cc0face\" class=\"shs-block block-section grid-container has-white-background-color\" >\n\t\t<div class=\"entry-content\">\n\n<h2 class=\"wp-block-heading\">Hemos reservado su lugar para el jueves 27 de octubre en Waldport<\/h2>\n\n\n\n<p>Si proporcion\u00f3 su informaci\u00f3n de contacto, nos comunicaremos con usted para confirmar su reserva dentro de un d\u00eda h\u00e1bil.<\/p>\n\n\n\n<p>Su reuni\u00f3n comenzar\u00e1 a las 9:30 am en el Waldport Senior Center, 265 NW Hemlock Street.<\/p>\n\n<\/div>\n\t<\/section>","protected":false},"excerpt":{"rendered":"","protected":false},"author":10,"featured_media":0,"parent":2366,"menu_order":2,"comment_status":"closed","ping_status":"closed","template":"","meta":{"_acf_changed":false,"_searchwp_excluded":"1","_shs_workflow_notes":"","_shs_exclude_from_navigation":true,"_shs_promote_article_on_blogs":"","footnotes":""},"class_list":["post-2374","page","type-page","status-publish","hentry"],"acf":[],"_links":{"self":[{"href":"https:\/\/samhealthplans.org\/es\/wp-json\/wp\/v2\/pages\/2374","targetHints":{"allow":["GET"]}}],"collection":[{"href":"https:\/\/samhealthplans.org\/es\/wp-json\/wp\/v2\/pages"}],"about":[{"href":"https:\/\/samhealthplans.org\/es\/wp-json\/wp\/v2\/types\/page"}],"author":[{"embeddable":true,"href":"https:\/\/samhealthplans.org\/es\/wp-json\/wp\/v2\/users\/10"}],"replies":[{"embeddable":true,"href":"https:\/\/samhealthplans.org\/es\/wp-json\/wp\/v2\/comments?post=2374"}],"version-history":[{"count":0,"href":"https:\/\/samhealthplans.org\/es\/wp-json\/wp\/v2\/pages\/2374\/revisions"}],"up":[{"embeddable":true,"href":"https:\/\/samhealthplans.org\/es\/wp-json\/wp\/v2\/pages\/2366"}],"wp:attachment":[{"href":"https:\/\/samhealthplans.org\/es\/wp-json\/wp\/v2\/media?parent=2374"}],"curies":[{"name":"Gracias","href":"https:\/\/api.w.org\/{rel}","templated":true}]}}