{"id":2379,"date":"2023-06-26T21:59:43","date_gmt":"2023-06-27T04:59:43","guid":{"rendered":"https:\/\/samhealth.org\/samhealthplans\/?page_id=2379"},"modified":"2025-11-19T14:03:30","modified_gmt":"2025-11-19T22:03:30","slug":"actualiza-tu-informacion","status":"publish","type":"page","link":"https:\/\/samhealthplans.org\/es\/providers\/join-our-network\/update-your-information\/","title":{"rendered":"Actualice su informaci\u00f3n"},"content":{"rendered":"<section id=\"block_e6367bc8fb03b0968a9ebf4436ae0b33\" class=\"shs-block block-section grid-container has-white-background-color\" >\n\t\t<div class=\"entry-content\">\n\n<h1 class=\"wp-block-heading\" id=\"h-update-your-information\">Actualice su informaci\u00f3n<\/h1>\n\n<\/div>\n\t<\/section>\n\n\n\n<section id=\"block_369fd5ec90bea75470f3fd1748ebb8e9\" class=\"shs-block block-section grid-container has-blue-light-background-color\" >\n\t\t<div class=\"entry-content\">\n\n<h2 class=\"wp-block-heading\">Gracias por mantener su informaci\u00f3n actualizada<\/h2>\n\n\n\n<p>Si mantiene actualizada la informaci\u00f3n de su consultorio, garantizar\u00e1 el pago puntual y una inclusi\u00f3n precisa en nuestro directorio de proveedores. Para todos los tipos de planes, seleccione la actualizaci\u00f3n que desea realizar.<\/p>\n\n\n\n<div class=\"wp-block-buttons is-layout-flex wp-block-buttons-is-layout-flex\">\n<div class=\"wp-block-button\"><a class=\"wp-block-button__link wp-element-button\" href=\"https:\/\/samhealthplans.org\/es\/proveedores\/unete-a-nuestra-red\/actualiza-tu-informacion\/actualice-la-informacion-de-su-proveedor\/\">Actualizar informaci\u00f3n del proveedor<\/a><\/div>\n\n\n\n<div class=\"wp-block-button\"><a class=\"wp-block-button__link wp-element-button\" href=\"https:\/\/samhealthplans.org\/es\/proveedores\/unete-a-nuestra-red\/actualiza-tu-informacion\/disponibilidad-del-panel\/\">Actualizar disponibilidad del panel<\/a><\/div>\n\n\n\n<div class=\"wp-block-button\"><a class=\"wp-block-button__link wp-element-button\" href=\"https:\/\/samhealthplans.org\/es\/proveedores\/unete-a-nuestra-red\/actualiza-tu-informacion\/anade-un-proveedor-a-tu-grupo\/\">Agregar proveedor al grupo<\/a><\/div>\n\n\n\n<div class=\"wp-block-button\"><a class=\"wp-block-button__link wp-element-button\" href=\"https:\/\/samhealthplans.org\/es\/proveedores\/unete-a-nuestra-red\/actualiza-tu-informacion\/eliminar-un-proveedor-de-tu-grupo\/\">Eliminar proveedor del grupo<\/a><\/div>\n<\/div>\n\n<\/div>\n\t<\/section>\n\n\n\n<section id=\"block_e6367bc8fb03b0968a9ebf4436ae0b33\" class=\"shs-block block-section grid-container has-white-background-color\" >\n\t\t<div class=\"entry-content\">\n\n<h2 class=\"wp-block-heading\">Verificaci\u00f3n del directorio de proveedores<\/h2>\n\n\n\n<p>Samaritan Health Plan se complace en compartir la posibilidad de que los proveedores proporcionen autom\u00e1ticamente actualizaciones en tiempo real de sus datos demogr\u00e1ficos publicados en el directorio de proveedores de Samaritan Health Plan. Esta funcionalidad permite a Samaritan Health Plans cumplir con los requisitos de los CMS de contactar trimestralmente a los proveedores de nuestra red para verificar que publicamos la informaci\u00f3n m\u00e1s actualizada del directorio. Esto se realiza en colaboraci\u00f3n con ProviderLenz.<\/p>\n\n\n\n<h3 class=\"wp-block-heading\">El proceso <\/h3>\n\n\n\n<p>Recibir\u00e1s un correo electr\u00f3nico con un enlace directo para validar a los proveedores que est\u00e9s evaluando a trav\u00e9s del sistema ProviderLenz (sin necesidad de iniciar sesi\u00f3n). El contacto telef\u00f3nico se realizar\u00e1 \u00fanicamente como \u00faltimo recurso, tras completar el proceso automatizado, para aquellos proveedores u oficinas con validaciones pendientes.<\/p>\n\n\n\n<h3 class=\"wp-block-heading\">Realizar actualizaciones y validar<\/h3>\n\n\n\n<p><a href=\"https:\/\/curatus.com\/how-the-providerlenz-data-validation-process-works\" target=\"_blank\" rel=\"noreferrer noopener\">Visita ProviderLenz<\/a> Para ver un breve video sobre c\u00f3mo funciona la tecnolog\u00eda de validaci\u00f3n automatizada de datos de proveedores, busque el mensaje &quot;Solicitud de validaci\u00f3n&quot; en su correo electr\u00f3nico cada trimestre. \u00a1Agradecemos su colaboraci\u00f3n y sus comentarios!<\/p>\n\n\n\n<p>Para entender por qu\u00e9 ahora se requiere este proceso, consulte la <a href=\"https:\/\/samhealthplans.org\/es\/no-es-ninguna-sorpresa-que-los-proveedores-de-validacion-de-datos\/?type=pdf\" target=\"_blank\" rel=\"noreferrer noopener\">Ley Sin Sorpresas \u2013 Actualizaci\u00f3n del Directorio de Proveedores (English)<\/a>. La Ley regula la responsabilidad tanto de los pagadores como de los proveedores con respecto a la informaci\u00f3n de los proveedores que aparece en los directorios de pagadores y proveedores.<\/p>\n\n\n\n<p><strong>Para obtener m\u00e1s informaci\u00f3n o saber m\u00e1s:<\/strong><\/p>\n\n\n\n<ul class=\"wp-block-list\">\n<li><a href=\"mailto:shpprovider@samhealth.org\"><strong>Correo electr\u00f3nico<\/strong><\/a>&nbsp;o llame a Relaciones con proveedores al&nbsp;<a href=\"tel:888-435-2396\"><strong>888-435-2396<\/strong><\/a>&nbsp;o&nbsp;<a href=\"tel:541-768-5207\"><strong>541-768-5207<\/strong><\/a>.<\/li>\n<\/ul>\n\n<\/div>\n\t<\/section>","protected":false},"excerpt":{"rendered":"<p>Mantenga actualizada la informaci\u00f3n de su consultorio, esto garantiza el pago puntual y una inclusi\u00f3n precisa en nuestro directorio de proveedores, tal como lo exige la ley. Obtenga m\u00e1s informaci\u00f3n sobre el proceso de verificaci\u00f3n del directorio de proveedores actualizado.<\/p>","protected":false},"author":20,"featured_media":0,"parent":2328,"menu_order":1,"comment_status":"closed","ping_status":"closed","template":"","meta":{"_acf_changed":false,"_searchwp_excluded":"","_shs_workflow_notes":"","_shs_exclude_from_navigation":true,"_shs_promote_article_on_blogs":"","footnotes":""},"class_list":["post-2379","page","type-page","status-publish","hentry"],"acf":[],"_links":{"self":[{"href":"https:\/\/samhealthplans.org\/es\/wp-json\/wp\/v2\/pages\/2379","targetHints":{"allow":["GET"]}}],"collection":[{"href":"https:\/\/samhealthplans.org\/es\/wp-json\/wp\/v2\/pages"}],"about":[{"href":"https:\/\/samhealthplans.org\/es\/wp-json\/wp\/v2\/types\/page"}],"author":[{"embeddable":true,"href":"https:\/\/samhealthplans.org\/es\/wp-json\/wp\/v2\/users\/20"}],"replies":[{"embeddable":true,"href":"https:\/\/samhealthplans.org\/es\/wp-json\/wp\/v2\/comments?post=2379"}],"version-history":[{"count":0,"href":"https:\/\/samhealthplans.org\/es\/wp-json\/wp\/v2\/pages\/2379\/revisions"}],"up":[{"embeddable":true,"href":"https:\/\/samhealthplans.org\/es\/wp-json\/wp\/v2\/pages\/2328"}],"wp:attachment":[{"href":"https:\/\/samhealthplans.org\/es\/wp-json\/wp\/v2\/media?parent=2379"}],"curies":[{"name":"Gracias","href":"https:\/\/api.w.org\/{rel}","templated":true}]}}