{"id":2383,"date":"2023-06-26T22:19:22","date_gmt":"2023-06-27T05:19:22","guid":{"rendered":"https:\/\/samhealth.org\/samhealthplans\/?page_id=2383"},"modified":"2024-11-25T08:11:10","modified_gmt":"2024-11-25T16:11:10","slug":"aviso-de-no-discriminacion","status":"publish","type":"page","link":"https:\/\/samhealthplans.org\/es\/nondiscrimination-notice\/","title":{"rendered":"Aviso de no discriminaci\u00f3n"},"content":{"rendered":"<section id=\"block_608dc5a3318fb691ed069b45bb689ffc\" class=\"shs-block block-section grid-container has-white-background-color\" >\n\t\t<div class=\"entry-content\">\n\n<h1 class=\"wp-block-heading\">Aviso de no discriminaci\u00f3n<\/h1>\n\n<\/div>\n\t<\/section>\n\n\n\n<section id=\"block_aba4d2172fda952231ea76ec367b289b\" class=\"shs-block block-section grid-container has-gray-warm-background-color\" >\n\t\t<div class=\"entry-content\">\n\n<h2 class=\"wp-block-heading\" id=\"h-notice-of-nondiscrimination\">Aviso de no discriminaci\u00f3n<\/h2>\n\n\n\n<p>Samaritan Health Plans no discrimina a ninguna persona (incluidos los miembros y los miembros potenciales) por motivos de edad, color, discapacidad, identidad de g\u00e9nero, estado civil, origen nacional, raza, religi\u00f3n, sexo, orientaci\u00f3n sexual o estado de salud en la admisi\u00f3n, el tratamiento o la publicaci\u00f3n en sus programas, servicios y actividades o en el empleo. Para obtener m\u00e1s informaci\u00f3n o presentar una queja, consulte nuestro Aviso de no discriminaci\u00f3n.<\/p>\n\n\n\n<p><a href=\"https:\/\/samhealthplans.org\/es\/aviso-de-no-discriminacion-shp\/?type=pdf\" target=\"_blank\" rel=\"noreferrer noopener\">Aviso de no discriminaci\u00f3n<\/a>\u00a0(English)<br><a href=\"https:\/\/samhealthplans.org\/es\/aviso-de-no-discriminacion-shp-en-espanol\/?type=pdf\" target=\"_blank\" rel=\"noreferrer noopener\">Aviso de no discriminaci\u00f3n<\/a>\u00a0(Espa\u00f1ol)<\/p>\n\n<\/div>\n\t<\/section>\n\n\n\n<section id=\"block_54adbb878fed141bf46e6dd48b70bb5c\" class=\"shs-block block-alert grid-container has-white-background-color\">\n\n\t<div class=\"acf-innerblocks-container\">\n\n<p class=\"has-text-align-center\">P\u00e1gina actualizada el 25\/11\/2024<\/p>\n\n<\/div>\n\n<\/section>","protected":false},"excerpt":{"rendered":"<p>Lea el aviso completo de no discriminaci\u00f3n que rige Samaritan Health Plans.<\/p>","protected":false},"author":16,"featured_media":0,"parent":0,"menu_order":0,"comment_status":"closed","ping_status":"closed","template":"","meta":{"_acf_changed":false,"_searchwp_excluded":"","_shs_workflow_notes":"","_shs_exclude_from_navigation":false,"_shs_promote_article_on_blogs":"","footnotes":""},"class_list":["post-2383","page","type-page","status-publish","hentry"],"acf":[],"_links":{"self":[{"href":"https:\/\/samhealthplans.org\/es\/wp-json\/wp\/v2\/pages\/2383","targetHints":{"allow":["GET"]}}],"collection":[{"href":"https:\/\/samhealthplans.org\/es\/wp-json\/wp\/v2\/pages"}],"about":[{"href":"https:\/\/samhealthplans.org\/es\/wp-json\/wp\/v2\/types\/page"}],"author":[{"embeddable":true,"href":"https:\/\/samhealthplans.org\/es\/wp-json\/wp\/v2\/users\/16"}],"replies":[{"embeddable":true,"href":"https:\/\/samhealthplans.org\/es\/wp-json\/wp\/v2\/comments?post=2383"}],"version-history":[{"count":0,"href":"https:\/\/samhealthplans.org\/es\/wp-json\/wp\/v2\/pages\/2383\/revisions"}],"wp:attachment":[{"href":"https:\/\/samhealthplans.org\/es\/wp-json\/wp\/v2\/media?parent=2383"}],"curies":[{"name":"Gracias","href":"https:\/\/api.w.org\/{rel}","templated":true}]}}