{"id":2449,"date":"2023-06-26T23:00:59","date_gmt":"2023-06-27T06:00:59","guid":{"rendered":"https:\/\/samhealth.org\/samhealthplans\/?page_id=2449"},"modified":"2024-03-28T11:44:19","modified_gmt":"2024-03-28T18:44:19","slug":"gracias-2","status":"publish","type":"page","link":"https:\/\/samhealthplans.org\/es\/shop-samaritan-plans\/medicare-advantage\/employee-meeting\/thank-you\/","title":{"rendered":"Gracias"},"content":{"rendered":"<section id=\"block_42e9ef7d11154c879d655cd6de971f1f\" class=\"shs-block block-section grid-container has-white-background-color\" >\n\t\t<div class=\"entry-content\">\n\n<h1 class=\"wp-block-heading\" id=\"h-thank-you-for-registering\">Gracias por registrarse<\/h1>\n\n<\/div>\n\t<\/section>\n\n\n\n<section id=\"block_42e9ef7d11154c879d655cd6de971f1f\" class=\"shs-block block-section grid-container has-white-background-color\" >\n\t\t<div class=\"entry-content\">\n\n<p>Esperamos que se una a nuestro seminario web. Est\u00e9 atento a su correo electr\u00f3nico para obtener detalles de la reuni\u00f3n y un enlace al seminario web.<\/p>\n\n<\/div>\n\t<\/section>","protected":false},"excerpt":{"rendered":"<p>Gracias por registrarse para un seminario web de Medicare para empleados.<\/p>","protected":false},"author":21,"featured_media":0,"parent":3241,"menu_order":5,"comment_status":"closed","ping_status":"closed","template":"","meta":{"_acf_changed":false,"_searchwp_excluded":"1","_shs_workflow_notes":"","_shs_exclude_from_navigation":true,"_shs_promote_article_on_blogs":"","footnotes":""},"class_list":["post-2449","page","type-page","status-publish","hentry"],"acf":[],"_links":{"self":[{"href":"https:\/\/samhealthplans.org\/es\/wp-json\/wp\/v2\/pages\/2449","targetHints":{"allow":["GET"]}}],"collection":[{"href":"https:\/\/samhealthplans.org\/es\/wp-json\/wp\/v2\/pages"}],"about":[{"href":"https:\/\/samhealthplans.org\/es\/wp-json\/wp\/v2\/types\/page"}],"author":[{"embeddable":true,"href":"https:\/\/samhealthplans.org\/es\/wp-json\/wp\/v2\/users\/21"}],"replies":[{"embeddable":true,"href":"https:\/\/samhealthplans.org\/es\/wp-json\/wp\/v2\/comments?post=2449"}],"version-history":[{"count":0,"href":"https:\/\/samhealthplans.org\/es\/wp-json\/wp\/v2\/pages\/2449\/revisions"}],"up":[{"embeddable":true,"href":"https:\/\/samhealthplans.org\/es\/wp-json\/wp\/v2\/pages\/3241"}],"wp:attachment":[{"href":"https:\/\/samhealthplans.org\/es\/wp-json\/wp\/v2\/media?parent=2449"}],"curies":[{"name":"Gracias","href":"https:\/\/api.w.org\/{rel}","templated":true}]}}