{"id":2453,"date":"2023-06-26T23:06:39","date_gmt":"2023-06-27T06:06:39","guid":{"rendered":"https:\/\/samhealth.org\/samhealthplans\/?page_id=2453"},"modified":"2024-09-24T08:58:09","modified_gmt":"2024-09-24T15:58:09","slug":"gracias-2","status":"publish","type":"page","link":"https:\/\/samhealthplans.org\/es\/contact-samaritan-health-plans\/thank-you\/","title":{"rendered":"Gracias"},"content":{"rendered":"<section id=\"block_0ae87937d636af71a3463167663dbd3d\" class=\"shs-block block-section grid-container has-white-background-color\" >\n\t\t<div class=\"entry-content\">\n\n<h1 class=\"wp-block-heading\" id=\"h-thank-you-for-contacting-us\">Gracias por contactarnos<\/h1>\n\n\n\n<p>Un representante de Samaritan Health Plans le responder\u00e1 dentro de un d\u00eda h\u00e1bil.&nbsp;<\/p>\n\n\n\n<p><strong>S\u00f3lo para miembros:&nbsp;<\/strong>&nbsp;Para proteger su privacidad y su informaci\u00f3n m\u00e9dica personal (PHI), le solicitaremos que proporcione informaci\u00f3n adicional para verificar su identidad. Este correo electr\u00f3nico se enviar\u00e1 desde nuestro sistema de mensajer\u00eda segura con el asunto \u201cMensaje seguro recibido\u201d. Si es la primera vez que utiliza este sistema, deber\u00e1 crear un nombre de usuario y una contrase\u00f1a para ver su mensaje.<\/p>\n\n<\/div>\n\t<\/section>","protected":false},"excerpt":{"rendered":"<p>Gracias por contactarnos. Nos pondremos en contacto con usted en un d\u00eda h\u00e1bil.<\/p>","protected":false},"author":16,"featured_media":0,"parent":15,"menu_order":0,"comment_status":"closed","ping_status":"closed","template":"","meta":{"_acf_changed":false,"_searchwp_excluded":"1","_shs_workflow_notes":"","_shs_exclude_from_navigation":true,"_shs_promote_article_on_blogs":"","footnotes":""},"class_list":["post-2453","page","type-page","status-publish","hentry"],"acf":[],"_links":{"self":[{"href":"https:\/\/samhealthplans.org\/es\/wp-json\/wp\/v2\/pages\/2453","targetHints":{"allow":["GET"]}}],"collection":[{"href":"https:\/\/samhealthplans.org\/es\/wp-json\/wp\/v2\/pages"}],"about":[{"href":"https:\/\/samhealthplans.org\/es\/wp-json\/wp\/v2\/types\/page"}],"author":[{"embeddable":true,"href":"https:\/\/samhealthplans.org\/es\/wp-json\/wp\/v2\/users\/16"}],"replies":[{"embeddable":true,"href":"https:\/\/samhealthplans.org\/es\/wp-json\/wp\/v2\/comments?post=2453"}],"version-history":[{"count":0,"href":"https:\/\/samhealthplans.org\/es\/wp-json\/wp\/v2\/pages\/2453\/revisions"}],"up":[{"embeddable":true,"href":"https:\/\/samhealthplans.org\/es\/wp-json\/wp\/v2\/pages\/15"}],"wp:attachment":[{"href":"https:\/\/samhealthplans.org\/es\/wp-json\/wp\/v2\/media?parent=2453"}],"curies":[{"name":"Gracias","href":"https:\/\/api.w.org\/{rel}","templated":true}]}}