{"id":2460,"date":"2023-06-26T23:14:51","date_gmt":"2023-06-27T06:14:51","guid":{"rendered":"https:\/\/samhealth.org\/samhealthplans\/?page_id=2460"},"modified":"2024-03-28T13:13:39","modified_gmt":"2024-03-28T20:13:39","slug":"correo-electronico-de-agradecimiento","status":"publish","type":"page","link":"https:\/\/samhealthplans.org\/es\/shop-samaritan-plans\/medicare-advantage\/thank-you-email\/","title":{"rendered":"Correo electr\u00f3nico de agradecimiento"},"content":{"rendered":"<section id=\"block_dca765728375dc20db594ab6ddeb05a3\" class=\"shs-block block-section grid-container has-white-background-color\" >\n\t\t<div class=\"entry-content\">\n\n<h1 class=\"wp-block-heading\" id=\"h-thank-you-for-your-interest\">Gracias por su inter\u00e9s<\/h1>\n\n<\/div>\n\t<\/section>\n\n\n\n<section id=\"block_dca765728375dc20db594ab6ddeb05a3\" class=\"shs-block block-section grid-container has-white-background-color\" >\n\t\t<div class=\"entry-content\">\n\n<p>Revise su correo electr\u00f3nico para recibir su kit de informaci\u00f3n gratuito. Si no lo recibe, ll\u00e1menos al&nbsp;<a href=\"tel:800-832-4580\">800-832-4580<\/a>.<\/p>\n\n<\/div>\n\t<\/section>\n\n\n\n<section id=\"block_3f179cb5d5e8743e6b72289db447639e\" class=\"shs-block block-slim-section grid-container has-gold-background-color\">\n\n\t<div class=\"entry-content\">\n\n<h2 class=\"wp-block-heading\">Asista a una reuni\u00f3n vecinal o seminario web<\/h2>\n\n\n\n<p>\u00danase a nosotros en persona o desde la comodidad de su hogar. Haga preguntas y conozca sus opciones y nuestros planes de seguro de Medicare sin compromiso.<\/p>\n\n\n\n<div class=\"wp-block-buttons is-layout-flex wp-block-buttons-is-layout-flex\">\n<div class=\"wp-block-button\"><a class=\"wp-block-button__link wp-element-button\" href=\"https:\/\/samhealthplans.org\/es\/planes-de-la-tienda-samaritana\/ventaja-de-medicare\/asistir-a-una-reunion\/\">Encuentre una reuni\u00f3n cerca de usted<\/a><\/div>\n<\/div>\n\n<\/div>\n\n\t<\/section>\n\n\n\n<section id=\"block_81985610a92567c06fbb642723ba4085\" class=\"shs-block block-alert grid-container has-gold-background-color\">\n\n\t<div class=\"acf-innerblocks-container\">\n\n<p class=\"has-text-align-center\">P\u00e1gina actualizada el 26\/06\/2023<\/p>\n\n<\/div>\n\n<\/section>","protected":false},"excerpt":{"rendered":"<p>Gracias por su inter\u00e9s. Revise su correo electr\u00f3nico para recibir su kit de informaci\u00f3n gratuito.<\/p>","protected":false},"author":10,"featured_media":0,"parent":184,"menu_order":1,"comment_status":"closed","ping_status":"closed","template":"","meta":{"_acf_changed":false,"_searchwp_excluded":"1","_shs_workflow_notes":"","_shs_exclude_from_navigation":true,"_shs_promote_article_on_blogs":"","footnotes":""},"class_list":["post-2460","page","type-page","status-publish","hentry"],"acf":[],"_links":{"self":[{"href":"https:\/\/samhealthplans.org\/es\/wp-json\/wp\/v2\/pages\/2460","targetHints":{"allow":["GET"]}}],"collection":[{"href":"https:\/\/samhealthplans.org\/es\/wp-json\/wp\/v2\/pages"}],"about":[{"href":"https:\/\/samhealthplans.org\/es\/wp-json\/wp\/v2\/types\/page"}],"author":[{"embeddable":true,"href":"https:\/\/samhealthplans.org\/es\/wp-json\/wp\/v2\/users\/10"}],"replies":[{"embeddable":true,"href":"https:\/\/samhealthplans.org\/es\/wp-json\/wp\/v2\/comments?post=2460"}],"version-history":[{"count":0,"href":"https:\/\/samhealthplans.org\/es\/wp-json\/wp\/v2\/pages\/2460\/revisions"}],"up":[{"embeddable":true,"href":"https:\/\/samhealthplans.org\/es\/wp-json\/wp\/v2\/pages\/184"}],"wp:attachment":[{"href":"https:\/\/samhealthplans.org\/es\/wp-json\/wp\/v2\/media?parent=2460"}],"curies":[{"name":"Gracias","href":"https:\/\/api.w.org\/{rel}","templated":true}]}}