{"id":2463,"date":"2023-06-26T23:26:23","date_gmt":"2023-06-27T06:26:23","guid":{"rendered":"https:\/\/samhealth.org\/samhealthplans\/?page_id=2463"},"modified":"2024-03-28T11:39:06","modified_gmt":"2024-03-28T18:39:06","slug":"correo-de-agradecimiento","status":"publish","type":"page","link":"https:\/\/samhealthplans.org\/es\/shop-samaritan-plans\/medicare-advantage\/thank-you-mail\/","title":{"rendered":"Correo de agradecimiento"},"content":{"rendered":"<section id=\"block_ea525c972909ba851c23814eff08fc9b\" class=\"shs-block block-section grid-container has-white-background-color\" >\n\t\t<div class=\"entry-content\">\n\n<h1 class=\"wp-block-heading\" id=\"h-thank-you-for-your-interest\">Gracias por su inter\u00e9s<\/h1>\n\n<\/div>\n\t<\/section>\n\n\n\n<section id=\"block_ea525c972909ba851c23814eff08fc9b\" class=\"shs-block block-section grid-container has-white-background-color\" >\n\t\t<div class=\"entry-content\">\n\n<p>Su kit gratuito de informaci\u00f3n de Medicare est\u00e1 en camino hacia usted por correo.&nbsp;<strong>Deber\u00eda llegar en 5 a 6 d\u00edas h\u00e1biles.&nbsp;<\/strong><\/p>\n\n<\/div>\n\t<\/section>\n\n\n\n<section id=\"block_c96a1b8037d4ee464f388f67586999c8\" class=\"shs-block block-slim-section grid-container has-gold-background-color\">\n\n\t<div class=\"entry-content\">\n\n<h2 class=\"wp-block-heading\">Asista a una reuni\u00f3n vecinal o seminario web<\/h2>\n\n\n\n<p>\u00danase a nosotros en persona o desde la comodidad de su hogar. Haga preguntas y conozca sus opciones y nuestros planes de seguro de Medicare sin compromiso.<\/p>\n\n\n\n<div class=\"wp-block-buttons is-layout-flex wp-block-buttons-is-layout-flex\">\n<div class=\"wp-block-button\"><a class=\"wp-block-button__link wp-element-button\" href=\"https:\/\/samhealthplans.org\/es\/planes-de-la-tienda-samaritana\/ventaja-de-medicare\/asistir-a-una-reunion\/\">Encuentre una reuni\u00f3n cerca de usted<\/a><\/div>\n<\/div>\n\n<\/div>\n\n\t<\/section>\n\n\n\n<section id=\"block_e961b617e4ed6b6763bceb7b8ad1b8e3\" class=\"shs-block block-alert grid-container has-gold-background-color\">\n\n\t<div class=\"acf-innerblocks-container\">\n\n<p class=\"has-text-align-center\">P\u00e1gina actualizada el 23\/06\/2023<\/p>\n\n<\/div>\n\n<\/section>","protected":false},"excerpt":{"rendered":"","protected":false},"author":10,"featured_media":0,"parent":184,"menu_order":2,"comment_status":"closed","ping_status":"closed","template":"","meta":{"_acf_changed":false,"_searchwp_excluded":"1","_shs_workflow_notes":"","_shs_exclude_from_navigation":true,"_shs_promote_article_on_blogs":"","footnotes":""},"class_list":["post-2463","page","type-page","status-publish","hentry"],"acf":[],"_links":{"self":[{"href":"https:\/\/samhealthplans.org\/es\/wp-json\/wp\/v2\/pages\/2463","targetHints":{"allow":["GET"]}}],"collection":[{"href":"https:\/\/samhealthplans.org\/es\/wp-json\/wp\/v2\/pages"}],"about":[{"href":"https:\/\/samhealthplans.org\/es\/wp-json\/wp\/v2\/types\/page"}],"author":[{"embeddable":true,"href":"https:\/\/samhealthplans.org\/es\/wp-json\/wp\/v2\/users\/10"}],"replies":[{"embeddable":true,"href":"https:\/\/samhealthplans.org\/es\/wp-json\/wp\/v2\/comments?post=2463"}],"version-history":[{"count":0,"href":"https:\/\/samhealthplans.org\/es\/wp-json\/wp\/v2\/pages\/2463\/revisions"}],"up":[{"embeddable":true,"href":"https:\/\/samhealthplans.org\/es\/wp-json\/wp\/v2\/pages\/184"}],"wp:attachment":[{"href":"https:\/\/samhealthplans.org\/es\/wp-json\/wp\/v2\/media?parent=2463"}],"curies":[{"name":"Gracias","href":"https:\/\/api.w.org\/{rel}","templated":true}]}}