{"id":2499,"date":"2023-06-27T00:04:29","date_gmt":"2023-06-27T07:04:29","guid":{"rendered":"https:\/\/samhealth.org\/samhealthplans\/?page_id=2499"},"modified":"2025-10-01T10:21:44","modified_gmt":"2025-10-01T17:21:44","slug":"unete-a-nuestro-equipo","status":"publish","type":"page","link":"https:\/\/samhealthplans.org\/es\/broker\/join-our-team\/","title":{"rendered":"Convi\u00e9rtete en un corredor Samaritan"},"content":{"rendered":"<section id=\"\" class=\"shs-block block-section grid-container has-white-background-color\" >\n\t\t<div class=\"entry-content\">\n\n<h1 class=\"wp-block-heading\" id=\"h-become-a-samaritan-broker\">Convi\u00e9rtete en un corredor Samaritan<\/h1>\n\n<\/div>\n\t<\/section>\n\n\n\n<section id=\"\" class=\"shs-block block-section grid-container has-blue-light-background-color has-circle-image\" >\n\t\t\t<figure class=\"image\"\n\t\t\t\t\t\t>\n\t\t\t<img loading=\"lazy\" decoding=\"async\" width=\"684\" height=\"684\" src=\"https:\/\/samhealthplans.org\/wp-content\/uploads\/sites\/3\/office-workers-large-group-CIR.jpg\" class=\"attachment-square-lg size-square-lg\" alt=\"Un grupo de empleados de oficina felices juntos en un pasillo sonriendo.\" srcset=\"https:\/\/samhealthplans.org\/wp-content\/uploads\/sites\/3\/office-workers-large-group-CIR.jpg 684w, https:\/\/samhealthplans.org\/wp-content\/uploads\/sites\/3\/office-workers-large-group-CIR-300x300.jpg 300w, https:\/\/samhealthplans.org\/wp-content\/uploads\/sites\/3\/office-workers-large-group-CIR-150x150.jpg 150w, https:\/\/samhealthplans.org\/wp-content\/uploads\/sites\/3\/office-workers-large-group-CIR-425x425.jpg 425w, https:\/\/samhealthplans.org\/wp-content\/uploads\/sites\/3\/office-workers-large-group-CIR-100x100.jpg 100w\" sizes=\"auto, (max-width: 684px) 100vw, 684px\" \/>\t\t<\/figure>\n\t\t<div class=\"entry-content\">\n\n<h2 class=\"wp-block-heading\" id=\"h-large-group\">Grupo grande<\/h2>\n\n\n\n<p>Como organizaci\u00f3n dedicada al bienestar, creemos en brindarles a los empleados un papel m\u00e1s importante en su salud y a los empleadores m\u00e1s opciones para su gente al brindar planes de salud que involucren a los miembros en el mantenimiento y la mejora de su salud.<\/p>\n\n\n\n<p>Creemos en nuestros propios consejos y utilizamos nuestro plan autofinanciado para nuestros propios empleados como campo de pruebas para nuevos enfoques que fomenten el bienestar en el lugar de trabajo y el bienestar individual. Y creemos en brindar una cobertura local y regional que comprenda que el bienestar abarca a toda la persona: cuerpo, mente, esp\u00edritu, entorno, trabajo, emociones, finanzas y comunidad, que son los ocho aspectos del bienestar.<\/p>\n\n\n\n<p>Samaritan Health Plans es una excelente opci\u00f3n para grupos con 51 o m\u00e1s empleados y nos gustar\u00eda ganarnos su confianza. Convi\u00e9rtase en un agente designado de Samaritan hoy mismo.<\/p>\n\n<\/div>\n\t<\/section>\n\n\n\n<section id=\"\" class=\"shs-block block-section grid-container has-gray-warm-background-color\" >\n\t\t<div class=\"entry-content\">\n\n<h2 class=\"wp-block-heading\">Pautas para la designaci\u00f3n de corredores<\/h2>\n\n\n\n<p>Para garantizar una cita adecuada con Samaritan Health Plans, los corredores deben:<\/p>\n\n\n\n<ol class=\"wp-block-list\">\n<li>Mantener una licencia de salud Oregon vigente.<\/li>\n\n\n\n<li>Mantener la cobertura de errores y omisiones, incluidos los asuntos relacionados con la representaci\u00f3n de Samaritan Health Plans.<\/li>\n\n\n\n<li>Completar y cumplir con los t\u00e9rminos del Acuerdo de Designaci\u00f3n de Corredor Samaritan Health Plans.<\/li>\n\n\n\n<li>Asistir anualmente a la capacitaci\u00f3n sobre nuevos productos.<\/li>\n\n\n\n<li>Mantener un nivel aceptable de conocimiento de las pol\u00edticas y productos del Samaritan Health Plans.<\/li>\n<\/ol>\n\n\n\n<p>Comun\u00edquese con nosotros para obtener informaci\u00f3n sobre una cita con un corredor. Esperamos recibir su solicitud.<\/p>\n\n\n\n<div class=\"wp-block-buttons is-layout-flex wp-block-buttons-is-layout-flex\">\n<div class=\"wp-block-button\"><a class=\"wp-block-button__link wp-element-button\" href=\"https:\/\/samhealthplans.org\/es\/comuniquese-con-los-planes-de-salud-de-samaritan\/#Brokers\">Con\u00e9ctate con nosotros<\/a><\/div>\n<\/div>\n\n<\/div>\n\t<\/section>","protected":false},"excerpt":{"rendered":"<p>Descubra c\u00f3mo convertirse en un corredor samaritano para nuestros planes para grupos grandes.<\/p>","protected":false},"author":18,"featured_media":10133,"parent":190,"menu_order":1,"comment_status":"closed","ping_status":"closed","template":"","meta":{"_acf_changed":false,"_searchwp_excluded":"","_shs_workflow_notes":"","_shs_exclude_from_navigation":true,"_shs_promote_article_on_blogs":"","footnotes":""},"class_list":["post-2499","page","type-page","status-publish","has-post-thumbnail","hentry"],"acf":[],"_links":{"self":[{"href":"https:\/\/samhealthplans.org\/es\/wp-json\/wp\/v2\/pages\/2499","targetHints":{"allow":["GET"]}}],"collection":[{"href":"https:\/\/samhealthplans.org\/es\/wp-json\/wp\/v2\/pages"}],"about":[{"href":"https:\/\/samhealthplans.org\/es\/wp-json\/wp\/v2\/types\/page"}],"author":[{"embeddable":true,"href":"https:\/\/samhealthplans.org\/es\/wp-json\/wp\/v2\/users\/18"}],"replies":[{"embeddable":true,"href":"https:\/\/samhealthplans.org\/es\/wp-json\/wp\/v2\/comments?post=2499"}],"version-history":[{"count":0,"href":"https:\/\/samhealthplans.org\/es\/wp-json\/wp\/v2\/pages\/2499\/revisions"}],"up":[{"embeddable":true,"href":"https:\/\/samhealthplans.org\/es\/wp-json\/wp\/v2\/pages\/190"}],"wp:featuredmedia":[{"embeddable":true,"href":"https:\/\/samhealthplans.org\/es\/wp-json\/wp\/v2\/media\/10133"}],"wp:attachment":[{"href":"https:\/\/samhealthplans.org\/es\/wp-json\/wp\/v2\/media?parent=2499"}],"curies":[{"name":"Gracias","href":"https:\/\/api.w.org\/{rel}","templated":true}]}}