{"id":2501,"date":"2023-10-01T00:01:00","date_gmt":"2023-10-01T07:01:00","guid":{"rendered":"https:\/\/samhealth.org\/samhealthplans\/?page_id=2501"},"modified":"2026-01-26T08:48:24","modified_gmt":"2026-01-26T16:48:24","slug":"recursos-para-corredores","status":"publish","type":"page","link":"https:\/\/samhealthplans.org\/es\/broker\/broker-resources\/","title":{"rendered":"Recursos para corredores"},"content":{"rendered":"<section id=\"block_92d5f3215d98f7e9b0b6187dd7c4d609\" class=\"shs-block block-section grid-container has-white-background-color\" >\n\t\t<div class=\"entry-content\">\n\n<h1 class=\"wp-block-heading\" id=\"h-broker-resources\">Recursos para corredores<\/h1>\n\n<\/div>\n\t<\/section>\n\n\n\n<nav id=\"block_aaa2462b46851beeeaead5f670557682\" class=\"shs-block quicklinks\">\n\t\t<ul class=\"quicklink-list\">\n\t\t\t\t\t\t<li class=\"quicklink has-magenta-color\">\n\t\t\t\t\t<a href=\"https:\/\/samhealthplans.org\/es\/encontrar-un-proveedor\/\" target=\"_self\">\n\t\t\t\t\t\t<svg class=\"quicklink-icon\" aria-labelledby=\"icon_title_0\" focusable=\"false\">\n\t\t\t\t\t\t\t<!-- Define title here so that it can be more specific to the individual use case -->\n\t\t\t\t\t\t\t<title id=\"icon_title_0\">B\u00fasqueda de proveedores<\/title>\n\t\t\t\t\t\t\t<use xlink:href=\"#icon-doctor\"><\/use>\n\t\t\t\t\t\t<\/svg>\n\t\t\t\t\t\t<span class=\"quicklink-title\">B\u00fasqueda de proveedores<\/span>\n\t\t\t\t\t<\/a>\n\t\t\t\t<\/li>\n\t\t\t\t\t\t\t<li class=\"quicklink has-gold-color\">\n\t\t\t\t\t<a href=\"https:\/\/samhealthplans.org\/es\/encontrar-una-droga\/\" target=\"_self\">\n\t\t\t\t\t\t<svg class=\"quicklink-icon\" aria-labelledby=\"icon_title_1\" focusable=\"false\">\n\t\t\t\t\t\t\t<!-- Define title here so that it can be more specific to the individual use case -->\n\t\t\t\t\t\t\t<title id=\"icon_title_1\">Encuentra un medicamento<\/title>\n\t\t\t\t\t\t\t<use xlink:href=\"#icon-pills\"><\/use>\n\t\t\t\t\t\t<\/svg>\n\t\t\t\t\t\t<span class=\"quicklink-title\">Encuentra un medicamento<\/span>\n\t\t\t\t\t<\/a>\n\t\t\t\t<\/li>\n\t\t\t\t\t\t\t<li class=\"quicklink has-blue-primary-color\">\n\t\t\t\t\t<a href=\"https:\/\/samhealthplans.org\/es\/comuniquese-con-los-planes-de-salud-de-samaritan\/#Brokers\" target=\"_self\">\n\t\t\t\t\t\t<svg class=\"quicklink-icon\" aria-labelledby=\"icon_title_2\" focusable=\"false\">\n\t\t\t\t\t\t\t<!-- Define title here so that it can be more specific to the individual use case -->\n\t\t\t\t\t\t\t<title id=\"icon_title_2\">Cont\u00e1ctenos<\/title>\n\t\t\t\t\t\t\t<use xlink:href=\"#icon-computer-cursor\"><\/use>\n\t\t\t\t\t\t<\/svg>\n\t\t\t\t\t\t<span class=\"quicklink-title\">Cont\u00e1ctenos<\/span>\n\t\t\t\t\t<\/a>\n\t\t\t\t<\/li>\n\t\t\t\t\t\t\t<li class=\"quicklink has-green-feijoa-color\">\n\t\t\t\t\t<a href=\"https:\/\/samhealthplans.org\/es\/corredor\/unete-a-nuestro-equipo\/\" target=\"_self\">\n\t\t\t\t\t\t<svg class=\"quicklink-icon\" aria-labelledby=\"icon_title_3\" focusable=\"false\">\n\t\t\t\t\t\t\t<!-- Define title here so that it can be more specific to the individual use case -->\n\t\t\t\t\t\t\t<title id=\"icon_title_3\">Convi\u00e9rtete en un corredor Samaritan<\/title>\n\t\t\t\t\t\t\t<use xlink:href=\"#icon-brokers\"><\/use>\n\t\t\t\t\t\t<\/svg>\n\t\t\t\t\t\t<span class=\"quicklink-title\">Convi\u00e9rtete en un Broker<\/span>\n\t\t\t\t\t<\/a>\n\t\t\t\t<\/li>\n\t\t\t\t<\/ul>\n\t\t\t<!-- SVG Legend\/Sprite -->\n\t<div class=\"svg-sprite-wrapper sr-only\">\n\t\t<svg xmlns=\"http:\/\/www.w3.org\/2000\/svg\">\n\t\t\t<symbol id=\"icon-doctor\" viewbox=\"0 0 100 100\"><path d=\"M24.81,29.39c-1.12,0-2.02-.9-2.02-2.02s.9-2.02,2.02-2.02c7.9,0,10.17-5.33,10.19-5.39.2-.5.6-.9,1.1-1.11s1.06-.2,1.56,0c9.73,4.11,20.63-5.68,20.74-5.78.83-.75,2.1-.69,2.86.13s.7,2.1-.13,2.85c-.5.46-11.78,10.63-23.35,7.13-1.6,2.33-5.4,6.19-12.96,6.19h0Z\"\/><path d=\"M85.91,100H14.09c-1.09,0-1.98-.86-2.02-1.94-1.12-29.25,8.59-34.3,15.66-37.99.94-.49,1.82-.95,2.59-1.43,5.38-3.37,4.2-12.92,4.19-13.01-.14-1.11.63-2.12,1.74-2.27s2.12.63,2.27,1.73c.07.5,1.55,12.22-6.05,16.97-.9.57-1.86,1.06-2.87,1.59-6.3,3.28-14.11,7.35-13.55,32.31h67.9c.56-24.96-7.25-29.03-13.56-32.31-1.01-.52-1.96-1.02-2.87-1.59-7.6-4.75-6.12-16.48-6.05-16.97.15-1.11,1.16-1.88,2.27-1.73,1.11.15,1.88,1.16,1.73,2.27h0c-.01.1-1.2,9.65,4.19,13.01.77.48,1.65.94,2.59,1.43,7.08,3.69,16.78,8.73,15.67,37.99-.04,1.09-.93,1.94-2.02,1.94h0Z\"\/><path d=\"M49.45,53.33c-11.03,0-16.9-11.15-18.47-14.64-2.1-.63-6.32-2.59-7.87-8.34-.74-2.76-.51-5.04.7-6.79.85-1.22,1.98-1.88,2.9-2.24C28.98,8.13,37.96,0,50.41,0s20.61,7.75,22.88,21.33c.92.36,2.05,1.02,2.89,2.24,1.21,1.74,1.44,4.03.7,6.79-1.55,5.75-5.78,7.71-7.87,8.34-1.59,3.54-7.63,15-19.01,14.63-.18,0-.37,0-.55,0h0ZM49.09,49.22c.07,0,.13,0,.2,0,.24.02.47.04.71.05.23,0,.47-.03.71-.05.2-.02.4,0,.59.03,9.52-.68,14.32-12.88,14.37-13.01.27-.69.89-1.18,1.62-1.28.16-.02,4.36-.71,5.69-5.66.29-1.06.5-2.51-.1-3.41-.54-.81-1.6-.95-1.62-.95-.91-.12-1.66-.83-1.78-1.74-1.66-12.36-8.44-19.17-19.08-19.17s-18.29,7.16-19.9,19.17c-.13.93-.87,1.65-1.81,1.74h0s-1.05.15-1.58.95c-.6.9-.39,2.35-.11,3.41,1.33,4.95,5.54,5.63,5.71,5.66.72.11,1.35.6,1.61,1.28.05.13,4.86,12.33,14.37,13.01.13-.03.26-.04.39-.04h0Z\"\/><path d=\"M29.82,91.02c-.86,0-1.67-.52-2-1.37-.11-.29-.22-.58-.32-.88-.4-1.21-.68-2.47-.85-3.76-.62-4.85.52-9.51,3.13-12.8,1.89-2.38,4.47-3.84,7.26-4.11,6.77-.66,13.18,5.78,14.28,14.36.2,1.58.22,3.18.03,4.75-.13,1.17-1.2,2.02-2.38,1.88s-2.02-1.2-1.88-2.38c.14-1.23.13-2.48-.02-3.71-.8-6.2-5.2-11.08-9.61-10.64-2.08.2-3.5,1.48-4.32,2.51-1.87,2.35-2.7,5.92-2.23,9.57.13,1.02.36,2.01.67,2.96.08.22.16.45.25.67.43,1.11-.12,2.35-1.22,2.78-.26.1-.52.14-.78.14Z\"\/><path d=\"M64.89,68.27c-.2,0-.4-.03-.61-.09-1.13-.34-1.79-1.53-1.45-2.66.58-1.96.87-4.03.87-6.14,0-1.38-.13-2.77-.38-4.11-.22-1.16.55-2.29,1.71-2.51s2.29.55,2.51,1.71c.3,1.6.46,3.25.46,4.9,0,2.52-.35,4.99-1.04,7.35-.28.93-1.13,1.54-2.06,1.54h0Z\"\/><path d=\"M36.09,70.47c-.92,0-1.77-.6-2.05-1.52-.68-2.22-1.2-4.54-1.54-6.89-.45-3.09-.6-6.17-.43-9.14.07-1.18,1.09-2.09,2.26-2.02,1.18.07,2.09,1.08,2.02,2.26-.15,2.69-.02,5.47.39,8.28.31,2.14.79,4.25,1.4,6.26.35,1.13-.29,2.33-1.42,2.68-.21.07-.42.1-.63.1Z\"\/><path d=\"M64.35,81.91c-4.45,0-8.07-3.62-8.07-8.07s3.62-8.07,8.07-8.07,8.07,3.62,8.07,8.07-3.62,8.07-8.07,8.07ZM64.35,70.07c-2.09,0-3.78,1.7-3.78,3.78s1.7,3.78,3.78,3.78,3.78-1.7,3.78-3.78-1.69-3.78-3.78-3.78Z\"\/><\/symbol>\n<symbol id=\"icon-pills\" viewbox=\"0 0 100 100\"><path d=\"M80.94,48.32h-6.02c-1.34-2.68-3.34-4.68-6.02-6.35L30.44,15.88c-9.03-6.02-21.07-3.68-27.09,5.35s-3.68,21.07,5.02,27.09l10.7,7.36c-6.69,8.36-5.69,20.73,2.68,27.42,3.34,3.01,8.03,4.35,12.37,4.35h46.49c10.7,0,19.4-8.7,19.4-19.4s-8.36-19.73-19.06-19.73ZM70.24,48.32h-31.1l10.37-15.05,17.72,12.04c1,1,2.01,2.01,3.01,3.01ZM6.7,23.24c5.02-7.02,14.38-8.7,21.74-4.01l17.72,12.04-11.7,17.39c-4.35,0-8.7,1.67-12.04,4.35l-11.37-7.69c-7.36-5.35-9.36-15.05-4.35-22.07ZM18.73,68.05c0-8.7,7.02-15.72,15.72-15.72h21.4v31.1h-21.4c-8.7,0-15.72-7.02-15.72-15.38ZM80.94,83.44h-21.4v-31.1h21.4c9.03,0,16.39,6.69,16.39,15.72s-7.36,16.05-16.39,15.38ZM92.64,67.72s-.67,13.04-15.72,13.04c-1,0-2.01-1-2.01-2.01s1-2.01,2.01-2.01c11.37,0,12.04-8.7,12.04-9.03.33-1,1.34-1.67,2.34-1.34.67,0,1.34.67,1.34,1.34h0Z\"\/><\/symbol>\n<symbol id=\"icon-computer-cursor\" viewbox=\"0 0 100 100\"><path d=\"M59.26,35.67l4.94-4.66c.54-.51.77-1.26.6-1.99s-.7-1.3-1.41-1.53l-13.91-4.4-13.89-4.53c-.73-.24-1.53-.06-2.09.47-.56.53-.78,1.32-.57,2.06l3.83,14.08,3.71,14.13c.19.72.74,1.28,1.45,1.48.71.2,1.48,0,2.01-.5l4.89-4.7,8.11,8.53c.89.93,2.13,1.47,3.42,1.47,1.22,0,2.37-.46,3.26-1.3l3.57-3.4c.92-.87,1.44-2.04,1.47-3.3.03-1.26-.43-2.46-1.3-3.37l-8.11-8.52h0ZM64.82,48.23l-3.71,3.53c-.14.13-.29.16-.39.16-.09,0-.26-.02-.41-.18l-9.92-10.42c-.4-.42-.95-.66-1.52-.67-.02,0-.03,0-.05,0-.56,0-1.1.22-1.5.6l-3.99,3.83-2.92-11.1-2.93-10.75,10.61,3.46,10.93,3.46-4.02,3.79c-.42.4-.67.94-.68,1.52-.01.58.2,1.14.6,1.55l9.92,10.43c.13.14.16.3.16.4,0,.11-.04.26-.18.39h0Z\"\/><path d=\"M78.28,10.16H21.72c-3.31,0-6,2.69-6,6v42.13c0,3.31,2.69,6,6,6h56.55c3.31,0,6-2.69,6-6V16.17c0-3.31-2.69-6-6-6h0ZM81.04,57.68c0,1.73-1.42,3.15-3.15,3.15H22.11c-1.74,0-3.15-1.41-3.15-3.15V16.78c0-1.73,1.42-3.15,3.15-3.15h55.78c1.74,0,3.15,1.41,3.15,3.15v40.91Z\"\/><path d=\"M89.78,0H10.21C6.03,0,2.63,3.41,2.63,7.59v59.27c0,4.19,3.4,7.59,7.59,7.59h30.21v11.36c-11.17,1.78-18.29,6.43-18.29,12.09,0,1.15.94,2.09,2.09,2.09h51.55s.01,0,.01,0c1.15,0,2.09-.94,2.09-2.09,0-.1,0-.2-.02-.29-.24-5.52-7.3-10.05-18.28-11.8v-11.36h30.21c4.18,0,7.59-3.41,7.59-7.59V7.59c0-4.19-3.4-7.59-7.59-7.59h0ZM93.66,65.84c0,3.12-1.15,4.66-4.44,4.66h-31.29c-1.17,0-2.11.95-2.11,2.11v12.94c0,2.01,1.48,3.7,3.47,3.99,7.5,1.08,13.11,3.68,13.79,7.35H26.92c.96-3.29,5.57-6.32,13.62-7.33,1.96-.25,3.57-2.02,3.57-4v-12.94c0-1.17-.95-2.11-2.11-2.11H10.48c-2.28,0-4.14-1.86-4.14-4.14V7.83c0-2.28,1.87-4.15,4.15-4.15h79.04c2.29,0,4.14,1.85,4.14,4.14v62.28-4.26Z\"\/><\/symbol>\n<symbol id=\"icon-brokers\" viewbox=\"0 0 100 100\">\n\t<path d=\"M72.26,60.07c-.94-.49-1.82-.95-2.59-1.43-5.38-3.37-4.2-12.92-4.19-13.01.04-.28.01-.56-.06-.82,1.82-2.45,3.01-4.81,3.59-6.11,2.1-.63,6.32-2.58,7.87-8.34.74-2.76.51-5.04-.7-6.78-.85-1.22-1.97-1.88-2.89-2.23C71.02,7.75,62.74,0,50.41,0s-21.43,8.13-23.7,21.33c-.92.35-2.05,1.02-2.9,2.24-1.21,1.74-1.45,4.03-.7,6.78,1.55,5.75,5.78,7.71,7.87,8.34.58,1.3,1.77,3.66,3.59,6.12-.07.26-.1.54-.06.82.01.1,1.2,9.65-4.19,13.01-.77.48-1.65.94-2.59,1.43-7.08,3.69-16.78,8.73-15.67,37.99.04,1.08.93,1.94,2.02,1.94h71.82c1.08,0,1.98-.86,2.02-1.94,1.11-29.25-8.59-34.3-15.67-37.99h0ZM67.47,62.03l-10.45,31.75-3.22-15.63,5.2-6.01c.61-.71.66-1.74.11-2.5l-4.01-5.56c2.63-.75,6.24-2.35,8.74-5.77.88,1.43,2.06,2.72,3.62,3.71h0ZM49.45,53.33c.18,0,.36,0,.55,0,4.66.15,8.42-1.68,11.35-4.14.06,1.32.23,2.83.6,4.39-.09.12-.17.25-.23.4-2.63,6.09-10.16,6.72-10.22,6.72-.45.03-.85.22-1.17.5h-.79c-.33-.28-.73-.47-1.18-.5-.08,0-7.57-.58-10.22-6.72-.03-.08-.08-.15-.12-.22.4-1.62.58-3.2.64-4.57,2.81,2.36,6.4,4.15,10.81,4.15h0ZM50.1,76.26c-.07.08-.12.17-.18.26-.06-.09-.11-.18-.18-.26l-4.8-5.55,3.95-5.47h2.07l3.95,5.47-4.8,5.55ZM36.08,58.43c2.5,3.33,6.06,4.92,8.66,5.65l-4,5.56c-.55.76-.5,1.8.11,2.5l5.2,6.01-2.94,14.27-10.1-30.71c1.29-.92,2.3-2.04,3.08-3.28h0ZM49.92,79.31l3.43,16.65h-6.86l3.43-16.65h0ZM32.73,34.97c-.18-.03-4.38-.71-5.71-5.66,0-.01,0-.03,0-.04,6.12-.66,9.34-3.98,10.78-6.07,11.56,3.5,22.85-6.68,23.35-7.13.82-.75.88-2.03.13-2.85-.75-.82-2.03-.88-2.85-.13-.11.1-11.01,9.89-20.74,5.78-.5-.21-1.06-.21-1.56,0s-.9.6-1.1,1.1c-.02.04-1.29,3.02-5.22,4.53.38-.32.65-.77.73-1.29,1.62-12,9.06-19.17,19.9-19.17s17.41,6.81,19.08,19.17c.12.91.87,1.62,1.78,1.74.01,0,1.07.15,1.61.95.6.9.39,2.35.1,3.41-1.33,4.95-5.53,5.63-5.69,5.66-.73.1-1.36.59-1.63,1.28-.05.13-4.85,12.33-14.37,13.02-.19-.04-.39-.05-.59-.03-.24.02-.47.04-.71.05-.23,0-.47-.03-.71-.05-.07,0-.13,0-.2,0-.13,0-.26.01-.39.04-9.51-.68-14.32-12.88-14.37-13.01-.26-.68-.88-1.17-1.61-1.28h0ZM29.42,63.75l10.6,32.21h-23.96c-.55-24.72,7.1-28.94,13.37-32.21h0ZM83.95,95.96h-23.39l10.51-31.95c6.17,3.24,13.42,7.88,12.88,31.95h0Z\"\/>\n<\/symbol>\n\t\t<\/svg>\n\t<\/div>\n<\/nav>\n\n\n\n<section id=\"block_92d5f3215d98f7e9b0b6187dd7c4d609\" class=\"shs-block block-section grid-container has-white-background-color\" >\n\t\t<div class=\"entry-content\">\n\n<h2 class=\"wp-block-heading\">Descargue formularios y recursos para sus clientes<\/h2>\n\n\n\n<p>Accede y descarga formularios y recursos para tus clientes. No dudes en&nbsp;<a href=\"https:\/\/samhealthplans.org\/es\/comuniquese-con-los-planes-de-salud-de-samaritan\/#Brokers\" target=\"_blank\" rel=\"noreferrer noopener\">Cont\u00e1ctenos<\/a>&nbsp;Si necesita ayuda.<\/p>\n\n\n\n<h3 class=\"wp-block-heading\">Recursos para grupos grandes<\/h3>\n\n\n\n<ul class=\"wp-block-list\">\n<li><a href=\"https:\/\/samhealthplans.org\/es\/guia-de-inicio-rapido-administrativa-para-grupos-grandes\/?type=pdf\" target=\"_blank\" rel=\"noreferrer noopener\">Gu\u00eda r\u00e1pida administrativa (English)<\/a><\/li>\n\n\n\n<li><a href=\"https:\/\/samhealthplans.org\/es\/formulario-de-inscripcion-y-cambio-de-grupo-grande\/?type=pdf\" target=\"_blank\" rel=\"noreferrer noopener\">Formulario de inscripci\u00f3n, baja, modificaci\u00f3n y exenci\u00f3n de membres\u00eda (English)<\/a><\/li>\n\n\n\n<li><a href=\"https:\/\/samhealthplans.org\/es\/aplicacion-de-grupo-maestro-para-grupo-grande\/?type=pdf\" target=\"_blank\" rel=\"noreferrer noopener\">Solicitud de grupo maestro (English)<\/a><\/li>\n\n\n\n<li><a href=\"https:\/\/samhealthplans.org\/es\/formulario-de-cambio-de-renovacion-de-grupo-grande\/?type=pdf\" target=\"_blank\" rel=\"noreferrer noopener\">Formulario de cambio de renovaci\u00f3n (English)<\/a><\/li>\n\n\n\n<li><a href=\"https:\/\/samhealthplans.org\/es\/pautas-de-suscripcion-para-grupos-grandes-de-oregon\/?type=pdf\" target=\"_blank\" data-type=\"attachment\" data-id=\"12917\" rel=\"noreferrer noopener\">Directrices de suscripci\u00f3n para grandes grupos Oregon<\/a><\/li>\n\n\n\n<li><a href=\"https:\/\/samhealthplans.org\/wp-content\/uploads\/sites\/3\/Oregon-Association-Underwriting-Guidelines.pdf\" target=\"_blank\" rel=\"noreferrer noopener\">Directrices de suscripci\u00f3n de la asociaci\u00f3n Oregon<\/a><\/li>\n<\/ul>\n\n\n\n<p>Tambi\u00e9n puedes descargar grupos grandes&nbsp;<a href=\"https:\/\/samhealthplans.org\/es\/planes-de-la-tienda-samaritana\/planes-grupales-de-empleadores\/grupo-grande\/\" target=\"_blank\" rel=\"noreferrer noopener\">documentos del plan<\/a>.<\/p>\n\n<\/div>\n\t<\/section>\n\n\n\n<section id=\"block_38f8fdaa2ec722a1921eee6ee15fcdb8\" class=\"shs-block block-slim-section grid-container has-blue-primary-background-color\">\n\n\t<div class=\"entry-content\">\n\n<h2 class=\"wp-block-heading\" id=\"h-find-a-document\">Buscar un documento<\/h2>\n\n\n\n<p>\u00bfNo encuentras lo que buscas? Busca en nuestra biblioteca de documentos.<\/p>\n\n\n\n<div class=\"wp-block-buttons is-layout-flex wp-block-buttons-is-layout-flex\">\n<div class=\"wp-block-button\"><a class=\"wp-block-button__link wp-element-button\" href=\"https:\/\/samhealthplans.org\/es\/miembros-del-plan\/busqueda-de-documentos\/\">Buscar un documento<\/a><\/div>\n<\/div>\n\n<\/div>\n\n\t<\/section>","protected":false},"excerpt":{"rendered":"<p>Los corredores pueden acceder y descargar formularios, recursos y herramientas para los Planes Grupales de Empleadores Samaritan Health Plans.<\/p>","protected":false},"author":11,"featured_media":1790,"parent":190,"menu_order":6,"comment_status":"closed","ping_status":"closed","template":"","meta":{"_acf_changed":false,"_searchwp_excluded":"","_shs_workflow_notes":"","_shs_exclude_from_navigation":true,"_shs_promote_article_on_blogs":"","footnotes":""},"class_list":["post-2501","page","type-page","status-publish","has-post-thumbnail","hentry"],"acf":[],"_links":{"self":[{"href":"https:\/\/samhealthplans.org\/es\/wp-json\/wp\/v2\/pages\/2501","targetHints":{"allow":["GET"]}}],"collection":[{"href":"https:\/\/samhealthplans.org\/es\/wp-json\/wp\/v2\/pages"}],"about":[{"href":"https:\/\/samhealthplans.org\/es\/wp-json\/wp\/v2\/types\/page"}],"author":[{"embeddable":true,"href":"https:\/\/samhealthplans.org\/es\/wp-json\/wp\/v2\/users\/11"}],"replies":[{"embeddable":true,"href":"https:\/\/samhealthplans.org\/es\/wp-json\/wp\/v2\/comments?post=2501"}],"version-history":[{"count":0,"href":"https:\/\/samhealthplans.org\/es\/wp-json\/wp\/v2\/pages\/2501\/revisions"}],"up":[{"embeddable":true,"href":"https:\/\/samhealthplans.org\/es\/wp-json\/wp\/v2\/pages\/190"}],"wp:featuredmedia":[{"embeddable":true,"href":"https:\/\/samhealthplans.org\/es\/wp-json\/wp\/v2\/media\/1790"}],"wp:attachment":[{"href":"https:\/\/samhealthplans.org\/es\/wp-json\/wp\/v2\/media?parent=2501"}],"curies":[{"name":"Gracias","href":"https:\/\/api.w.org\/{rel}","templated":true}]}}