{"id":2511,"date":"2023-06-27T00:21:52","date_gmt":"2023-06-27T07:21:52","guid":{"rendered":"https:\/\/samhealth.org\/samhealthplans\/?page_id=2511"},"modified":"2026-03-25T15:57:06","modified_gmt":"2026-03-25T22:57:06","slug":"autorizaciones","status":"publish","type":"page","link":"https:\/\/samhealthplans.org\/es\/providers\/care-management\/authorizations\/","title":{"rendered":"Autorizaciones"},"content":{"rendered":"<section id=\"block_e8076102361266bd73f87fa74b7bf5ba\" class=\"shs-block block-section grid-container has-white-background-color\" >\n\t\t<div class=\"entry-content\">\n\n<h1 class=\"wp-block-heading\" id=\"h-medical-procedure-specialty-drugs-amp-pharmacy-authorizations\">Procedimientos m\u00e9dicos, medicamentos especiales y autorizaciones de farmacias<\/h1>\n\n<\/div>\n\t<\/section>\n\n\n\n<section id=\"block_05443cd7d6cc1572c31085323513dcd8\" class=\"shs-block block-section grid-container has-blue-light-background-color\" >\n\t\t<div class=\"entry-content\">\n\n<h2 class=\"wp-block-heading\">Autorizaciones de procedimientos m\u00e9dicos<\/h2>\n\n\n\n<p>El equipo de Gesti\u00f3n de Utilizaci\u00f3n gestiona las solicitudes de autorizaci\u00f3n realizadas en nombre de nuestros miembros. Esto incluye solicitudes m\u00e9dicas, quir\u00fargicas, de salud mental y de medicina de adicciones para pacientes internados, rehabilitaci\u00f3n, DME y otros servicios especializados que requieren una autorizaci\u00f3n para el plan.&nbsp;<\/p>\n\n\n\n<p>Samaritan Health Plans no revisar\u00e1 ninguna solicitud retroactiva por necesidad m\u00e9dica a menos que la solicitud cumpla con ciertas excepciones descritas en nuestra&nbsp;<a href=\"https:\/\/samhealthplans.org\/es\/preguntas-frecuentes-sobre-autorizacion-previa-para-proveedores\/?type=pdf\" target=\"_blank\" rel=\"noreferrer noopener\">Preguntas frecuentes sobre autorizaci\u00f3n previa (English)<\/a>.<\/p>\n\n\n\n<h2 class=\"wp-block-heading\">Manual de gesti\u00f3n de utilizaci\u00f3n y autorizaci\u00f3n de servicios de IHN-CCO<\/h2>\n\n\n\n<p>La gesti\u00f3n de utilizaci\u00f3n (UM) est\u00e1 integrada en el programa de gesti\u00f3n de atenci\u00f3n de Medical Management. Este manual est\u00e1 dise\u00f1ado para ayudar a comprender el proceso de revisi\u00f3n de autorizaci\u00f3n previa: tipos de revisiones realizadas, criterios espec\u00edficos aplicados, proceso de notificaci\u00f3n, etc. Acceda a este manual para obtener m\u00e1s informaci\u00f3n e instrucciones para enviar solicitudes de autorizaci\u00f3n previa en l\u00ednea.&nbsp;<a href=\"https:\/\/samhealthplans.org\/es\/manual-de-gestion-de-utilizacion-y-autorizacion-de-servicios\/?type=pdf\" target=\"_blank\" rel=\"noreferrer noopener\">Manual de gesti\u00f3n de utilizaci\u00f3n y autorizaci\u00f3n de servicios (English)<\/a>.<\/p>\n\n\n\n<h2 class=\"wp-block-heading\">El programa de gesti\u00f3n de utilizaci\u00f3n&nbsp;&nbsp;<\/h2>\n\n\n\n<p>El Programa de Gesti\u00f3n de Utilizaci\u00f3n est\u00e1 dise\u00f1ado para garantizar la prestaci\u00f3n adecuada de servicios y beneficios y para aumentar la rentabilidad al tiempo que mejora los resultados de salud de los miembros.<\/p>\n\n\n\n<p>El objetivo principal de la Gesti\u00f3n de Utilizaci\u00f3n es optimizar la funci\u00f3n de los miembros al brindarles servicios de calidad de la manera m\u00e1s eficiente y eficaz. El programa proporciona un proceso sistem\u00e1tico para promover el acceso oportuno a la atenci\u00f3n m\u00e9dica adecuada en una red de proveedores, centros de tratamiento y servicios a trav\u00e9s de la gesti\u00f3n m\u00e9dica, la revisi\u00f3n previa al servicio, la revisi\u00f3n simult\u00e1nea y la revisi\u00f3n posterior al servicio. Lea sobre el programa\u00a0<a href=\"https:\/\/samhealthplans.org\/wp-content\/uploads\/sites\/3\/2023\/08\/Utilization-Management-Program.pdf\" target=\"_blank\" rel=\"noreferrer noopener\">Programa de Gesti\u00f3n de Utilizaci\u00f3n (English)<\/a> o vea nuestra <a href=\"https:\/\/samhealthplans.org\/wp-content\/uploads\/sites\/3\/Prior-Authorization-Performance-Metrics-2025.pdf\" target=\"_blank\" rel=\"noreferrer noopener\">M\u00e9tricas de rendimiento de autorizaci\u00f3n previa 2025 (English)<\/a>.<\/p>\n\n<\/div>\n\t<\/section>\n\n\n\n<section id=\"block_eece4e8adf3a3f7506a590bb17340db4\" class=\"shs-block block-slim-section grid-container has-gray-warm-background-color\">\n\n\t<div class=\"entry-content\">\n\n<h2 class=\"wp-block-heading\">Solicitar Autorizaci\u00f3n de Procedimiento M\u00e9dico Electr\u00f3nicamente<\/h2>\n\n\n\n<p>Visite el portal de su proveedor para enviar y realizar el seguimiento de sus autorizaciones en l\u00ednea. <\/p>\n\n\n\n<div class=\"wp-block-buttons is-layout-flex wp-block-buttons-is-layout-flex\">\n<div class=\"wp-block-button\"><a class=\"wp-block-button__link wp-element-button\" href=\"https:\/\/identity.onehealthport.com\/EmpowerIDWebIdPForms\/Login\/SAM_HP\" target=\"_blank\" rel=\"noreferrer noopener\">Conexi\u00f3n de proveedores<\/a><\/div>\n<\/div>\n\n<\/div>\n\n\t<\/section>\n\n\n\n<section id=\"block_e8076102361266bd73f87fa74b7bf5ba\" class=\"shs-block block-section grid-container has-white-background-color\" >\n\t\t<div class=\"entry-content\">\n\n<h2 class=\"wp-block-heading\">Autorizaciones de medicamentos oncol\u00f3gicos y especializados administrados por proveedores ambulatorios<\/h2>\n\n\n\n<p>Samaritan Health Plans y Specialty Fusion administran las solicitudes de autorizaci\u00f3n para todos los medicamentos oncol\u00f3gicos y especializados administrados por proveedores ambulatorios en nombre de los miembros. La hospitalizaci\u00f3n y los servicios relacionados est\u00e1n exentos de la revisi\u00f3n por parte de Specialty Fusion. Revise&nbsp;<a href=\"https:\/\/samhealthplans.org\/es\/encontrar-una-droga\/\">Listas de c\u00f3digos de medicamentos y autorizaciones previas<\/a>&nbsp;para determinar si es necesaria una solicitud.&nbsp;<\/p>\n\n\n\n<h2 class=\"wp-block-heading\">Solicitar una autorizaci\u00f3n previa para un medicamento de especialidad o para oncolog\u00eda<\/h2>\n\n\n\n<p>Visite la plataforma Specialty Fusion para enviar una autorizaci\u00f3n para un medicamento oncol\u00f3gico o de especialidad administrado por un proveedor ambulatorio.<\/p>\n\n\n\n<p>Los proveedores de la red pueden acceder a la plataforma Specialty Fusion a trav\u00e9s de&nbsp;<a href=\"https:\/\/identity.onehealthport.com\/EmpowerIDWebIdPForms\/Login\/SAM_HP\" target=\"_blank\" rel=\"noreferrer noopener\">Portal de conexi\u00f3n de proveedores<\/a>.<\/p>\n\n\n\n<p>Para obtener instrucciones sobre c\u00f3mo navegar por el portal de autorizaci\u00f3n previa de Specialty Fusion, lea la gu\u00eda del usuario de Specialty Fusion.&nbsp;<\/p>\n\n\n\n<div class=\"wp-block-buttons is-layout-flex wp-block-buttons-is-layout-flex\">\n<div class=\"wp-block-button\"><a class=\"wp-block-button__link wp-element-button\" href=\"https:\/\/mbm.linkplatform.com\/home\" target=\"_blank\" rel=\"noreferrer noopener\">Fusi\u00f3n de especialidades<\/a><\/div>\n<\/div>\n\n<\/div>\n\t<\/section>\n\n\n\n<section id=\"block_a103500bffd73dc70607f55d845a7ade\" class=\"shs-block block-section grid-container has-gold-background-color\" >\n\t\t<div class=\"entry-content\">\n\n<h2 class=\"wp-block-heading\">Autorizaciones de farmacia<\/h2>\n\n\n\n<p>Samaritan Health Plans Pharmacy Services y OptumRX administran las solicitudes de autorizaci\u00f3n de recetas enviadas en nombre de los miembros. Los medicamentos recetados proporcionados por una farmacia pueden requerir autorizaci\u00f3n para su cobertura. Revise las listas de medicamentos y los criterios para determinar si es necesaria una solicitud. Los proveedores que suministran medicamentos recetados en su consultorio deben comprarlos y facturarlos a trav\u00e9s del beneficio m\u00e9dico.&nbsp;<\/p>\n\n\n\n<div class=\"wp-block-buttons is-layout-flex wp-block-buttons-is-layout-flex\">\n<div class=\"wp-block-button\"><a class=\"wp-block-button__link wp-element-button\" href=\"https:\/\/samhealthplans.org\/es\/encontrar-una-droga\/\">Formulario y criterios de medicamentos<\/a><\/div>\n<\/div>\n\n\n\n<h2 class=\"wp-block-heading\">Solicitudes de autorizaci\u00f3n previa de recetas del proveedor<\/h2>\n\n\n\n<p>Algunos medicamentos pueden requerir autorizaci\u00f3n previa. Un m\u00e9dico puede presentar solicitudes de autorizaci\u00f3n mediante:<\/p>\n\n\n\n<ul class=\"wp-block-list\">\n<li>Enviar el plan por fax utilizando el formulario que aparece a continuaci\u00f3n.<\/li>\n\n\n\n<li>Env\u00ede electr\u00f3nicamente utilizando uno de nuestros socios a continuaci\u00f3n (CoverMyMeds o Surescripts).<\/li>\n<\/ul>\n\n\n\n<p>Puede llamar al Servicio de atenci\u00f3n al cliente para preguntas adicionales al&nbsp;<a href=\"tel:541-768-5207\">541-768-5207<\/a>&nbsp;o llame gratis al&nbsp;<a href=\"tel:888-435-2396\">888-435-2396<\/a>.<\/p>\n\n\n\n<div class=\"wp-block-buttons is-layout-flex wp-block-buttons-is-layout-flex\">\n<div class=\"wp-block-button\"><a class=\"wp-block-button__link wp-element-button\" href=\"https:\/\/samhealthplans.org\/es\/formulario-de-excepcion-de-medicacion-con-autorizacion-previa\/?type=pdf\" target=\"_blank\" rel=\"noreferrer noopener\">Formulario de autorizaci\u00f3n previa de prescripci\u00f3n (English)<\/a><\/div>\n\n\n\n<div class=\"wp-block-button\"><a class=\"wp-block-button__link wp-element-button\" href=\"https:\/\/www.covermymeds.com\/main\/\" target=\"_blank\" rel=\"noreferrer noopener\">Enviar autorizaci\u00f3n a CoverMyMeds<\/a><\/div>\n\n\n\n<div class=\"wp-block-button\"><a class=\"wp-block-button__link wp-element-button\" href=\"https:\/\/providerportal.surescripts.net\/ProviderPortal\/login\" target=\"_blank\" rel=\"noreferrer noopener\">Enviar autorizaci\u00f3n a Surescripts<\/a><\/div>\n<\/div>\n\n\n\n<p>Es posible que los pacientes necesiten autorizaciones previas para algunos servicios de salud. El plan de salud utiliza pautas y normas para revisar las solicitudes de autorizaci\u00f3n previa. Se puede acceder a recursos sobre pautas y normas mediante los enlaces que aparecen a continuaci\u00f3n.<\/p>\n\n\n\n<div class=\"wp-block-buttons is-layout-flex wp-block-buttons-is-layout-flex\">\n<div class=\"wp-block-button\"><a class=\"wp-block-button__link wp-element-button\" href=\"https:\/\/samhealthplans.org\/es\/miembros-del-plan\/criterios-de-atencion\/\">Directrices del MCG<\/a><\/div>\n<\/div>\n\n<\/div>\n\t<\/section>\n\n\n\n<section id=\"block_d297febd9decd8f577f377bf03e1265c\" class=\"shs-block block-slim-section grid-container has-gray-cool-background-color\">\n\n\t<div class=\"entry-content\">\n\n<h2 class=\"wp-block-heading\">Comprender las pautas de apelaci\u00f3n<\/h2>\n\n\n\n<p>Circunstancias espec\u00edficas permiten que un proveedor apele una autorizaci\u00f3n o denegaci\u00f3n de pago de servicios m\u00e9dicos, de farmacia o de equipo m\u00e9dico duradero (DME) en nombre de un paciente.<\/p>\n\n\n\n<div class=\"wp-block-buttons is-layout-flex wp-block-buttons-is-layout-flex\">\n<div class=\"wp-block-button\"><a class=\"wp-block-button__link wp-element-button\" href=\"https:\/\/samhealthplans.org\/es\/proveedores\/gestion-de-cuidados\/autorizaciones\/apelaciones\/\">Presentar una apelaci\u00f3n<\/a><\/div>\n<\/div>\n\n<\/div>\n\n\t<\/section>\n\n\n\n<section id=\"block_e8076102361266bd73f87fa74b7bf5ba\" class=\"shs-block block-section grid-container has-white-background-color\" >\n\t\t<div class=\"entry-content\">\n\n<h2 class=\"wp-block-heading\">Listas y formularios de autorizaci\u00f3n previa<\/h2>\n\n\n\n<p>Los servicios o art\u00edculos que requieren autorizaci\u00f3n se identifican en los documentos del plan y se enumeran aqu\u00ed por plan. Listas y formularios \u2013 Samaritan Advantage<\/p>\n\n\n\n<div id=\"block_602ec939b6d44ba1c3ede126f26a8a5f\" class=\"shs-block accordion\">\n\t<h3 class=\"accordion-title\">\n\t\t<button\n\t\t\ttype=\"button\"\n\t\t\tid=\"accordion_title_69e718430c8525.37748906\"\n\t\t\tclass=\"accordion-control\" aria-expanded=\"false\"\n\t\t\taria-controls=\"accordion_panel_69e718430c8583.63891249\">Planes de Medicare de Samaritan <span class=\"iconfont-chevron-right\"><\/span><\/button>\n\t<\/h3>\n\t<section\n\t\tid=\"accordion_panel_69e718430c8583.63891249\"\n\t\tclass=\"accordion-panel\"\n\t\taria-labelledby=\"accordion_title_69e718430c8525.37748906\" style=\"height:0\">\n\t\t<div class=\"entry-content\">\n\n<ul class=\"wp-block-list\">\n<li><a href=\"https:\/\/samhealthplans.org\/wp-content\/uploads\/sites\/3\/2026-Prior-Authorization-List-Advantage.pdf\" target=\"_blank\" rel=\"noreferrer noopener\">Lista de autorizaciones previas de 2026 \u2013 Samaritan Advantage<\/a> (Vigente a partir del 1 de enero de 2026)<\/li>\n\n\n\n<li><a href=\"https:\/\/samhealthplans.org\/wp-content\/uploads\/sites\/3\/2026-Prior-Auth-CPT-or-HCPCS-Codes-Advantage-Providers.pdf\" target=\"_blank\" rel=\"noreferrer noopener\">2026 Autorizaci\u00f3n previa CPT de c\u00f3digos HCPCS<\/a> (Vigente a partir del 1 de enero de 2026)<\/li>\n\n\n\n<li><a href=\"https:\/\/samhealthplans.org\/es\/planes-con-ventajas-en-la-lista-de-autorizacion-previa-de-2025\/?type=pdf\" target=\"_blank\" rel=\"noreferrer noopener\">Lista de autorizaciones previas de 2025 \u2013 Samaritan Advantage<\/a><\/li>\n\n\n\n<li><a href=\"https:\/\/samhealthplans.org\/wp-content\/uploads\/sites\/3\/SAHP-2025-PA-List-4-23-25.pdf\" target=\"_blank\" rel=\"noreferrer noopener\">2025 Autorizaci\u00f3n previa CPT de c\u00f3digos HCPCS<\/a><\/li>\n\n\n\n<li><a href=\"https:\/\/samhealthplans.org\/wp-content\/uploads\/sites\/3\/B-vs-D-Prior-Authorization-Criteria-Samaritan-Advantage.pdf\" target=\"_blank\" rel=\"noreferrer noopener\">Criterios de autorizaci\u00f3n previa de la Parte B y la Parte D<\/a><\/li>\n\n\n\n<li><a href=\"https:\/\/samhealthplans.org\/es\/formulario-de-solicitud-de-autorizacion-previa\/?type=pdf\" target=\"_blank\" rel=\"noreferrer noopener\">Formulario de Autorizaci\u00f3n Previa<\/a><\/li>\n\n\n\n<li><a href=\"https:\/\/samhealthplans.org\/es\/instrucciones-de-solicitud-de-autorizacion-previa\/?type=pdf\" target=\"_blank\" rel=\"noreferrer noopener\">Instrucciones del formulario de autorizaci\u00f3n previa<\/a><\/li>\n\n\n\n<li><a href=\"https:\/\/samhealthplans.org\/wp-content\/uploads\/sites\/3\/2024\/01\/Provider-FAQs-for-New-Member-Prior-Auths-Samaritan-Advantage.pdf\" target=\"_blank\" rel=\"noreferrer noopener\">Preguntas frecuentes de los proveedores sobre autorizaciones previas para nuevos miembros <\/a><\/li>\n\n\n\n<li><a href=\"https:\/\/samhealthplans.org\/es\/formulario-de-rehabilitacion-aguda-de-snf-ltac-con-autorizacion-previa\/?type=pdf\" target=\"_blank\" rel=\"noreferrer noopener\">Formulario de autorizaci\u00f3n de SNF\/LTAC\/rehabilitaci\u00f3n aguda<\/a><\/li>\n\n\n\n<li><a href=\"https:\/\/samhealthplans.org\/wp-content\/uploads\/sites\/3\/FAQ-Inpatient-Notification-Update.pdf\" target=\"_blank\" rel=\"noreferrer noopener\">Preguntas frecuentes sobre la actualizaci\u00f3n de notificaciones para pacientes hospitalizados<\/a><\/li>\n<\/ul>\n\n<\/div>\n\t<\/section>\n<\/div>\n\n\n\n<div id=\"block_8b9612623874af1b1ca994e706104cf3\" class=\"shs-block accordion\">\n\t<h3 class=\"accordion-title\">\n\t\t<button\n\t\t\ttype=\"button\"\n\t\t\tid=\"accordion_title_69e718430cb131.06986320\"\n\t\t\tclass=\"accordion-control\" aria-expanded=\"false\"\n\t\t\taria-controls=\"accordion_panel_69e718430cb156.69657896\">Planes grupales de empleadores samaritanos <span class=\"iconfont-chevron-right\"><\/span><\/button>\n\t<\/h3>\n\t<section\n\t\tid=\"accordion_panel_69e718430cb156.69657896\"\n\t\tclass=\"accordion-panel\"\n\t\taria-labelledby=\"accordion_title_69e718430cb131.06986320\" style=\"height:0\">\n\t\t<div class=\"entry-content\">\n\n<ul class=\"wp-block-list\">\n<li><a href=\"https:\/\/samhealthplans.org\/wp-content\/uploads\/sites\/3\/2026-Prior-Authorization-List-Large-Employer-Group-Plans.pdf\" target=\"_blank\" rel=\"noreferrer noopener\">Lista de autorizaciones previas de 2026: planes para grupos grandes<\/a><\/li>\n\n\n\n<li><a href=\"https:\/\/samhealthplans.org\/es\/lista-de-autorizaciones-previas-para-planes-de-grupos-de-empleadores-grandes-de-2025\/?type=pdf\" target=\"_blank\" rel=\"noreferrer noopener\">Lista de autorizaciones previas para 2025: planes para grupos grandes<\/a><\/li>\n\n\n\n<li><a href=\"https:\/\/samhealthplans.org\/wp-content\/uploads\/sites\/3\/Prior-Auth-CPT-or-HCPCS-Codes-Choice-Employer-Group-Providers.pdf\" target=\"_blank\" rel=\"noreferrer noopener\">C\u00f3digos CPT o HCPCS de autorizaci\u00f3n previa<\/a><\/li>\n\n\n\n<li><a href=\"https:\/\/samhealthplans.org\/es\/formulario-de-solicitud-de-autorizacion-previa\/?type=pdf\" target=\"_blank\" rel=\"noreferrer noopener\">Formulario de Autorizaci\u00f3n Previa<\/a><\/li>\n\n\n\n<li><a href=\"https:\/\/samhealthplans.org\/es\/instrucciones-de-solicitud-de-autorizacion-previa\/?type=pdf\" target=\"_blank\" rel=\"noreferrer noopener\">Instrucciones del formulario de autorizaci\u00f3n previa<\/a><\/li>\n\n\n\n<li><a href=\"https:\/\/samhealthplans.org\/es\/formulario-de-rehabilitacion-aguda-de-snf-ltac-con-autorizacion-previa\/?type=pdf\" target=\"_blank\" rel=\"noreferrer noopener\">Formulario de autorizaci\u00f3n de SNF\/LTAC\/rehabilitaci\u00f3n aguda<\/a><\/li>\n\n\n\n<li><a href=\"https:\/\/samhealthplans.org\/wp-content\/uploads\/sites\/3\/FAQ-Inpatient-Notification-Update.pdf\" target=\"_blank\" rel=\"noreferrer noopener\">Preguntas frecuentes sobre la actualizaci\u00f3n de notificaciones para pacientes hospitalizados<\/a><\/li>\n<\/ul>\n\n<\/div>\n\t<\/section>\n<\/div>\n\n\n\n<div id=\"block_9728796ab3f6f0c79d3aae7259f49121\" class=\"shs-block accordion\">\n\t<h3 class=\"accordion-title\">\n\t\t<button\n\t\t\ttype=\"button\"\n\t\t\tid=\"accordion_title_69e718430dada9.73322946\"\n\t\t\tclass=\"accordion-control\" aria-expanded=\"false\"\n\t\t\taria-controls=\"accordion_panel_69e718430dadf8.52770575\">InterCommunity Health Network CCO (plan de salud Oregon) <span class=\"iconfont-chevron-right\"><\/span><\/button>\n\t<\/h3>\n\t<section\n\t\tid=\"accordion_panel_69e718430dadf8.52770575\"\n\t\tclass=\"accordion-panel\"\n\t\taria-labelledby=\"accordion_title_69e718430dada9.73322946\" style=\"height:0\">\n\t\t<div class=\"entry-content\">\n\n<ul class=\"wp-block-list\">\n<li><a href=\"https:\/\/samhealthplans.org\/wp-content\/uploads\/sites\/3\/2026-prior-approval-list-ihn-cco.pdf\" target=\"_blank\" rel=\"noreferrer noopener\">Lista de aprobaci\u00f3n previa de 2026 \u2013 IHN-CCO<\/a> <\/li>\n\n\n\n<li><a href=\"https:\/\/samhealthplans.org\/wp-content\/uploads\/sites\/3\/2026-prior-approval-list-ihn-cco-spanish.pdf\" target=\"_blank\" rel=\"noreferrer noopener\">Lista de Aprobaci\u00f3n Previa 2026 \u2013 IHN-CCO (Espa\u00f1ol)<\/a> <\/li>\n\n\n\n<li><a href=\"https:\/\/samhealthplans.org\/wp-content\/uploads\/sites\/3\/2026-Prior-Auth-CPT-or-HCPCS-Codes-IHN-CCO-Providers.pdf\" target=\"_blank\" rel=\"noreferrer noopener\">C\u00f3digos CPT o HCPCS de autorizaci\u00f3n previa de 2026<\/a> <\/li>\n\n\n\n<li><a href=\"https:\/\/samhealthplans.org\/es\/lista-de-aprobacion-previa-ihn-cco\/?type=pdf\" target=\"_blank\" rel=\"noreferrer noopener\">Lista de aprobaciones previas 2025 \u2013 IHN-CCO<\/a><\/li>\n\n\n\n<li><a href=\"https:\/\/samhealthplans.org\/es\/lista-de-aprobacion-previa-ihn-cco-espanol\/?type=pdf\" target=\"_blank\" rel=\"noreferrer noopener\">Lista de Aprobaci\u00f3n Previa 2025 \u2013 IHN-CCO (Espa\u00f1ol)<\/a><\/li>\n\n\n\n<li><a href=\"https:\/\/samhealthplans.org\/wp-content\/uploads\/sites\/3\/Prior-Auth-CPT-or-HCPCS-Codes-IHN-CCO-Providers.pdf\" target=\"_blank\" rel=\"noreferrer noopener\">C\u00f3digos CPT o HCPCS de autorizaci\u00f3n previa de 2025<\/a><\/li>\n\n\n\n<li><a href=\"https:\/\/samhealthplans.org\/es\/formulario-de-solicitud-de-autorizacion-previa\/?type=pdf\" target=\"_blank\" rel=\"noreferrer noopener\">Formulario de Autorizaci\u00f3n Previa<\/a><\/li>\n\n\n\n<li><a href=\"https:\/\/samhealthplans.org\/es\/instrucciones-de-solicitud-de-autorizacion-previa\/?type=pdf\" target=\"_blank\" rel=\"noreferrer noopener\">Instrucciones del formulario de autorizaci\u00f3n previa<\/a><\/li>\n<\/ul>\n\n\n\n<p><\/p>\n\n\n\n<ul class=\"wp-block-list\">\n<li><a href=\"https:\/\/samhealthplans.org\/es\/formulario-de-solicitud-de-servicios-flexibles-ihn-cco\/?type=pdf\" target=\"_blank\" rel=\"noreferrer noopener\">Formulario de solicitud de servicios flexibles<\/a><\/li>\n\n\n\n<li><a href=\"https:\/\/samhealthplans.org\/es\/instrucciones-de-servicios-flexibles-ihn-cco\/?type=pdf\" target=\"_blank\" rel=\"noreferrer noopener\">Instrucciones del formulario de servicios flexibles<\/a><\/li>\n\n\n\n<li><a href=\"https:\/\/samhealthplans.org\/es\/formulario-de-rehabilitacion-aguda-de-snf-ltac-con-autorizacion-previa\/?type=pdf\" target=\"_blank\" rel=\"noreferrer noopener\">Formulario de autorizaci\u00f3n de SNF\/LTAC\/rehabilitaci\u00f3n aguda<\/a><\/li>\n\n\n\n<li><a href=\"https:\/\/samhealthplans.org\/wp-content\/uploads\/sites\/3\/FAQ-Inpatient-Notification-Update.pdf\" target=\"_blank\" rel=\"noreferrer noopener\">Preguntas frecuentes sobre la actualizaci\u00f3n de notificaciones para pacientes hospitalizados<\/a><\/li>\n\n\n\n<li><a href=\"https:\/\/samhealthplans.org\/es\/preguntas-frecuentes-sobre-terapias-fisicas-ocupacionales-y-del-habla-para-pacientes-ambulatorios\/?type=pdf\" target=\"_blank\" rel=\"noreferrer noopener\">Preguntas frecuentes sobre terapias ambulatorias, f\u00edsicas, ocupacionales y del habla<\/a> (Fechas de servicio <strong>1 de julio<\/strong> hasta el 31 de diciembre de 2023)<\/li>\n\n\n\n<li><a href=\"https:\/\/samhealthplans.org\/es\/preguntas-frecuentes-sobre-autorizacion-previa-para-terapia-inh-cco\/?type=pdf\" target=\"_blank\" rel=\"noreferrer noopener\">Preguntas frecuentes sobre terapias ambulatorias, f\u00edsicas, ocupacionales y del habla<\/a> (Fechas de servicio <strong>1 de enero<\/strong>. hasta el 30 de junio de 2023)<\/li>\n<\/ul>\n\n<\/div>\n\t<\/section>\n<\/div>\n\n<\/div>\n\t<\/section>","protected":false},"excerpt":{"rendered":"<p>Encuentre informaci\u00f3n y formularios para autorizaciones en todos los planes de salud de Samaritan, incluidos procedimientos m\u00e9dicos y medicamentos.<\/p>","protected":false},"author":11,"featured_media":0,"parent":2507,"menu_order":2,"comment_status":"closed","ping_status":"closed","template":"","meta":{"_acf_changed":false,"_searchwp_excluded":"","_shs_workflow_notes":"","_shs_exclude_from_navigation":true,"_shs_promote_article_on_blogs":"","footnotes":""},"class_list":["post-2511","page","type-page","status-publish","hentry"],"acf":[],"_links":{"self":[{"href":"https:\/\/samhealthplans.org\/es\/wp-json\/wp\/v2\/pages\/2511","targetHints":{"allow":["GET"]}}],"collection":[{"href":"https:\/\/samhealthplans.org\/es\/wp-json\/wp\/v2\/pages"}],"about":[{"href":"https:\/\/samhealthplans.org\/es\/wp-json\/wp\/v2\/types\/page"}],"author":[{"embeddable":true,"href":"https:\/\/samhealthplans.org\/es\/wp-json\/wp\/v2\/users\/11"}],"replies":[{"embeddable":true,"href":"https:\/\/samhealthplans.org\/es\/wp-json\/wp\/v2\/comments?post=2511"}],"version-history":[{"count":3,"href":"https:\/\/samhealthplans.org\/es\/wp-json\/wp\/v2\/pages\/2511\/revisions"}],"predecessor-version":[{"id":13546,"href":"https:\/\/samhealthplans.org\/es\/wp-json\/wp\/v2\/pages\/2511\/revisions\/13546"}],"up":[{"embeddable":true,"href":"https:\/\/samhealthplans.org\/es\/wp-json\/wp\/v2\/pages\/2507"}],"wp:attachment":[{"href":"https:\/\/samhealthplans.org\/es\/wp-json\/wp\/v2\/media?parent=2511"}],"curies":[{"name":"Gracias","href":"https:\/\/api.w.org\/{rel}","templated":true}]}}