{"id":2535,"date":"2023-06-27T00:40:09","date_gmt":"2023-06-27T00:40:09","guid":{"rendered":"https:\/\/samhealth.org\/samhealthplans\/?page_id=2535"},"modified":"2023-08-17T22:06:13","modified_gmt":"2023-08-17T22:06:13","slug":"formacion-en-competencia-cultural","status":"publish","type":"page","link":"https:\/\/samhealthplans.org\/es\/providers\/cultural-competency-training\/","title":{"rendered":"Formaci\u00f3n en competencia cultural"},"content":{"rendered":"<section id=\"block_4b16fef3562bbb87323cf74be6fddbd0\" class=\"shs-block block-section grid-container has-white-background-color\" >\n\t\t<div class=\"entry-content\">\n\n<h1 class=\"wp-block-heading\" id=\"h-cultural-competency-training\">Formaci\u00f3n en competencia cultural<\/h1>\n\n<\/div>\n\t<\/section>\n\n\n\n<section id=\"block_4b16fef3562bbb87323cf74be6fddbd0\" class=\"shs-block block-section grid-container has-white-background-color\" >\n\t\t<div class=\"entry-content\">\n\n<h2 class=\"wp-block-heading\">La Oregon Health Authority exige capacitaci\u00f3n en competencia cultural a partir del 1 de julio de 2021<\/h2>\n\n\n\n<p>Para promover la equidad en la salud y garantizar la prestaci\u00f3n de servicios de salud culturalmente respetuosos y ling\u00fc\u00edsticamente receptivos, la Legislatura Oregon orden\u00f3 la educaci\u00f3n continua en competencia cultural para los profesionales de la salud a partir del 1 de julio de 2021. Seg\u00fan el requisito, los profesionales de la salud Oregon deben completar la educaci\u00f3n continua en competencia cultural como condici\u00f3n para obtener la licencia.<\/p>\n\n\n\n<div id=\"block_34840851e1390091618b75c07c8c1690\" class=\"shs-block accordion\">\n\t<h3 class=\"accordion-title\">\n\t\t<button\n\t\t\ttype=\"button\"\n\t\t\tid=\"accordion_title_69e01276e20a19.59595195\"\n\t\t\tclass=\"accordion-control\" aria-expanded=\"false\"\n\t\t\taria-controls=\"accordion_panel_69e01276e20cc1.10634279\">\u00bfQui\u00e9n est\u00e1 obligado a completar esta educaci\u00f3n? <span class=\"iconfont-chevron-right\"><\/span><\/button>\n\t<\/h3>\n\t<section\n\t\tid=\"accordion_panel_69e01276e20cc1.10634279\"\n\t\tclass=\"accordion-panel\"\n\t\taria-labelledby=\"accordion_title_69e01276e20a19.59595195\" style=\"height:0\">\n\t\t<div class=\"entry-content\">\n\n<p>Oregon Los profesionales de la salud cuya licencia les permita ejercer deben cumplir con este requisito. Las \u00fanicas excepciones son los proveedores en formaci\u00f3n de residencia y los campamentos de voluntariado. Los proveedores con un estado de \u201cjubilados\u201d no tienen que cumplir con el requisito porque su licencia no les permite ejercer.<\/p>\n\n<\/div>\n\t<\/section>\n<\/div>\n\n\n\n<div id=\"block_c3067a399cd5ca852ad5969e0349e90a\" class=\"shs-block accordion\">\n\t<h3 class=\"accordion-title\">\n\t\t<button\n\t\t\ttype=\"button\"\n\t\t\tid=\"accordion_title_69e01276e226a8.63804515\"\n\t\t\tclass=\"accordion-control\" aria-expanded=\"false\"\n\t\t\taria-controls=\"accordion_panel_69e01276e226c1.59817407\">\u00bfCu\u00e1l es la frecuencia y duraci\u00f3n de la capacitaci\u00f3n en competencia cultural? <span class=\"iconfont-chevron-right\"><\/span><\/button>\n\t<\/h3>\n\t<section\n\t\tid=\"accordion_panel_69e01276e226c1.59817407\"\n\t\tclass=\"accordion-panel\"\n\t\taria-labelledby=\"accordion_title_69e01276e226a8.63804515\" style=\"height:0\">\n\t\t<div class=\"entry-content\">\n\n<p>Los proveedores deben completar un promedio de al menos una hora de educaci\u00f3n en competencia cultural por a\u00f1o durante un per\u00edodo de auditor\u00eda. Un per\u00edodo de auditor\u00eda consta de dos ciclos de renovaci\u00f3n, por ejemplo, cada cuatro a\u00f1os para la mayor\u00eda de los proveedores. Las horas requeridas se basar\u00e1n en la cantidad de a\u00f1os de licencia durante el per\u00edodo de auditor\u00eda; cualquier parte de un a\u00f1o de licencia requerir\u00e1 una hora de educaci\u00f3n en competencia cultural. Por ejemplo, un proveedor que haya tenido licencia durante 3,5 a\u00f1os durante el per\u00edodo de auditor\u00eda deber\u00e1 obtener cuatro horas de educaci\u00f3n en competencia cultural. Las horas se pueden obtener en cualquier momento durante el per\u00edodo de auditor\u00eda. Por ejemplo, una experiencia de cuatro horas o cuatro cursos de una hora tomados anualmente satisfar\u00edan el requisito.<\/p>\n\n<\/div>\n\t<\/section>\n<\/div>\n\n\n\n<div id=\"block_e20aa7ee81785565bc43a05a5a8e1845\" class=\"shs-block accordion\">\n\t<h3 class=\"accordion-title\">\n\t\t<button\n\t\t\ttype=\"button\"\n\t\t\tid=\"accordion_title_69e01276e23fc1.95053412\"\n\t\t\tclass=\"accordion-control\" aria-expanded=\"false\"\n\t\t\taria-controls=\"accordion_panel_69e01276e23fe4.26886074\">\u00bfC\u00f3mo se puede completar la formaci\u00f3n en competencia cultural? <span class=\"iconfont-chevron-right\"><\/span><\/button>\n\t<\/h3>\n\t<section\n\t\tid=\"accordion_panel_69e01276e23fe4.26886074\"\n\t\tclass=\"accordion-panel\"\n\t\taria-labelledby=\"accordion_title_69e01276e23fc1.95053412\" style=\"height:0\">\n\t\t<div class=\"entry-content\">\n\n<p>La formaci\u00f3n continua en competencia cultural puede, pero no tiene por qu\u00e9, ser una formaci\u00f3n m\u00e9dica continua acreditada (CME). La ley se redact\u00f3 para permitir una amplia gama de cursos o experiencias, que pueden incluir: cursos impartidos en persona o de forma electr\u00f3nica, aprendizaje experiencial o de servicio, inmersi\u00f3n cultural o ling\u00fc\u00edstica, voluntariado en una cl\u00ednica rural, realizaci\u00f3n de una formaci\u00f3n en competencia cultural de un empleador, asistencia a un evento con miembros de una comunidad desatendida para hablar sobre cuestiones de acceso a la atenci\u00f3n m\u00e9dica o&nbsp;<a href=\"https:\/\/www.oregon.gov\/oha\/OEI\/CCCE%20Non%20Meeting%20Documents\/CCCE%20Registry-Approved_021021.pdf\" target=\"_blank\" rel=\"noreferrer noopener\"><strong>cursos aprobados por la Oregon Health Authority<\/strong><\/a><strong>.<\/strong><\/p>\n\n\n\n<p>Adem\u00e1s de los cursos enumerados por la Autoridad de Salud Oregon, el Departamento de Salud y Servicios Humanos de los EE. UU. ofrece un programa gratuito en l\u00ednea que incluye hasta 9 cr\u00e9ditos de educaci\u00f3n m\u00e9dica continua. Para obtener m\u00e1s informaci\u00f3n, visite&nbsp;<a href=\"https:\/\/thinkculturalhealth.hhs.gov\/education\" target=\"_blank\" rel=\"noreferrer noopener\">Educaci\u00f3n \u2013 Piense en la salud cultural (hhs.gov)<\/a>.<\/p>\n\n<\/div>\n\t<\/section>\n<\/div>\n\n\n\n<div id=\"block_7be9a4a1e777d6865d4c7d4c5a1ca230\" class=\"shs-block accordion\">\n\t<h3 class=\"accordion-title\">\n\t\t<button\n\t\t\ttype=\"button\"\n\t\t\tid=\"accordion_title_69e01276e25693.06040261\"\n\t\t\tclass=\"accordion-control\" aria-expanded=\"false\"\n\t\t\taria-controls=\"accordion_panel_69e01276e256a6.19617405\">\u00bfC\u00f3mo se realiza el seguimiento de la finalizaci\u00f3n de la formaci\u00f3n en competencia cultural? <span class=\"iconfont-chevron-right\"><\/span><\/button>\n\t<\/h3>\n\t<section\n\t\tid=\"accordion_panel_69e01276e256a6.19617405\"\n\t\tclass=\"accordion-panel\"\n\t\taria-labelledby=\"accordion_title_69e01276e25693.06040261\" style=\"height:0\">\n\t\t<div class=\"entry-content\">\n\n<p>Los proveedores pueden realizar un seguimiento de las horas educativas en un&nbsp;<a href=\"https:\/\/www.oregon.gov\/omb\/Topics-of-Interest\/Documents\/OMB%20CCCE%20Tracking%20Form.pdf\" target=\"_blank\" rel=\"noreferrer noopener\">Formulario de mantenimiento de registros de la OMB<\/a>. Durante la renovaci\u00f3n de la licencia (anual o bienal, seg\u00fan la licencia), los proveedores dar\u00e1n fe de haber completado las horas requeridas marcando una casilla e informando la cantidad de horas obtenidas. La OMB realizar\u00e1 una auditor\u00eda de cumplimiento cada dos ciclos de renovaci\u00f3n y la primera auditor\u00eda se realizar\u00e1 durante el ciclo de renovaci\u00f3n de oto\u00f1o de 2023. La auditor\u00eda de competencia cultural se incluir\u00e1 dentro de la auditor\u00eda existente de cumplimiento de CME. A partir de 2023 y cada dos ciclos de renovaci\u00f3n a partir de entonces, se les solicitar\u00e1 a los proveedores auditados que tambi\u00e9n presenten documentaci\u00f3n de sus experiencias educativas de competencia cultural. La documentaci\u00f3n puede ser un certificado del curso, el formulario de mantenimiento de registros de la OMB u otra documentaci\u00f3n.<\/p>\n\n\n\n<p>Para obtener m\u00e1s informaci\u00f3n sobre los requisitos de competencia cultural para los proveedores de Oregon, visite&nbsp;<a href=\"https:\/\/www.oregon.gov\/omb\/Topics-of-Interest\/Pages\/Cultural-Competency.aspx\" target=\"_blank\" rel=\"noreferrer noopener\">P\u00e1gina de la Junta M\u00e9dica Oregon en Oregon.gov.<\/a><\/p>\n\n<\/div>\n\t<\/section>\n<\/div>\n\n<\/div>\n\t<\/section>","protected":false},"excerpt":{"rendered":"<p>Acceda a informaci\u00f3n sobre c\u00f3mo completar la capacitaci\u00f3n anual en competencia cultural seg\u00fan lo exige el estado de Oregon.<\/p>","protected":false},"author":20,"featured_media":0,"parent":13,"menu_order":3,"comment_status":"closed","ping_status":"closed","template":"","meta":{"_acf_changed":false,"_searchwp_excluded":"","_shs_workflow_notes":"","_shs_exclude_from_navigation":true,"_shs_promote_article_on_blogs":"","footnotes":""},"class_list":["post-2535","page","type-page","status-publish","hentry"],"acf":[],"_links":{"self":[{"href":"https:\/\/samhealthplans.org\/es\/wp-json\/wp\/v2\/pages\/2535","targetHints":{"allow":["GET"]}}],"collection":[{"href":"https:\/\/samhealthplans.org\/es\/wp-json\/wp\/v2\/pages"}],"about":[{"href":"https:\/\/samhealthplans.org\/es\/wp-json\/wp\/v2\/types\/page"}],"author":[{"embeddable":true,"href":"https:\/\/samhealthplans.org\/es\/wp-json\/wp\/v2\/users\/20"}],"replies":[{"embeddable":true,"href":"https:\/\/samhealthplans.org\/es\/wp-json\/wp\/v2\/comments?post=2535"}],"version-history":[{"count":0,"href":"https:\/\/samhealthplans.org\/es\/wp-json\/wp\/v2\/pages\/2535\/revisions"}],"up":[{"embeddable":true,"href":"https:\/\/samhealthplans.org\/es\/wp-json\/wp\/v2\/pages\/13"}],"wp:attachment":[{"href":"https:\/\/samhealthplans.org\/es\/wp-json\/wp\/v2\/media?parent=2535"}],"curies":[{"name":"Gracias","href":"https:\/\/api.w.org\/{rel}","templated":true}]}}