{"id":2537,"date":"2023-06-27T00:41:27","date_gmt":"2023-06-27T07:41:27","guid":{"rendered":"https:\/\/samhealth.org\/samhealthplans\/?page_id=2537"},"modified":"2024-11-18T08:44:54","modified_gmt":"2024-11-18T16:44:54","slug":"suscribete-a-las-novedades-del-proveedor","status":"publish","type":"page","link":"https:\/\/samhealthplans.org\/es\/providers\/provider-news-and-webinars\/subscribe-to-provider-news\/","title":{"rendered":"Noticias para administradores y personal de cl\u00ednicas"},"content":{"rendered":"<section id=\"block_0e4a0d60bb07ed1d7282a7db3a91bbda\" class=\"shs-block block-section grid-container has-white-background-color\" >\n\t\t<div class=\"entry-content\">\n\n<h1 class=\"wp-block-heading\" id=\"h-news-for-clinic-managers-amp-staff\">Noticias para administradores y personal de cl\u00ednicas<\/h1>\n\n<\/div>\n\t<\/section>\n\n\n\n<section id=\"block_a19894a975877f25eb738c20c1d4ba1f\" class=\"shs-block block-section grid-container has-blue-light-background-color\" >\n\t\t<div class=\"entry-content\">\n\n<h2 class=\"wp-block-heading\">Suscr\u00edbete a nuestra lista de correo<\/h2>\n\n\n\n<p>Haga clic a continuaci\u00f3n para completar el formulario y suscribirse a nuestro bolet\u00edn electr\u00f3nico trimestral para los gerentes de cl\u00ednicas y oficinas de nuestra red. Mant\u00e9ngase al d\u00eda con las \u00faltimas noticias y recursos disponibles para usted.<\/p>\n\n\n\n<div class=\"wp-block-buttons is-layout-flex wp-block-buttons-is-layout-flex\">\n<div class=\"wp-block-button\"><a class=\"wp-block-button__link wp-element-button\" href=\"https:\/\/forms.office.com\/Pages\/ResponsePage.aspx?id=pl78j-zcVEeV2DN5WOyy_M7mg0UB53ZLgfeQplpZDvdUQlNLWVE0REFITE5QVTVNMjVNRjZQOERKUSQlQCN0PWcu\" target=\"_blank\" rel=\"noreferrer noopener\">Formulario de presentaci\u00f3n de noticias de proveedores (English)<\/a><\/div>\n<\/div>\n\n<\/div>\n\t<\/section>","protected":false},"excerpt":{"rendered":"<p>Suscr\u00edbase al bolet\u00edn trimestral para proveedores para recibir las \u00faltimas noticias y actualizaciones de Samaritan Health Plans.<\/p>","protected":false},"author":20,"featured_media":0,"parent":2155,"menu_order":1,"comment_status":"closed","ping_status":"closed","template":"","meta":{"_acf_changed":false,"_searchwp_excluded":"","_shs_workflow_notes":"","_shs_exclude_from_navigation":true,"_shs_promote_article_on_blogs":"","footnotes":""},"class_list":["post-2537","page","type-page","status-publish","hentry"],"acf":[],"_links":{"self":[{"href":"https:\/\/samhealthplans.org\/es\/wp-json\/wp\/v2\/pages\/2537","targetHints":{"allow":["GET"]}}],"collection":[{"href":"https:\/\/samhealthplans.org\/es\/wp-json\/wp\/v2\/pages"}],"about":[{"href":"https:\/\/samhealthplans.org\/es\/wp-json\/wp\/v2\/types\/page"}],"author":[{"embeddable":true,"href":"https:\/\/samhealthplans.org\/es\/wp-json\/wp\/v2\/users\/20"}],"replies":[{"embeddable":true,"href":"https:\/\/samhealthplans.org\/es\/wp-json\/wp\/v2\/comments?post=2537"}],"version-history":[{"count":0,"href":"https:\/\/samhealthplans.org\/es\/wp-json\/wp\/v2\/pages\/2537\/revisions"}],"up":[{"embeddable":true,"href":"https:\/\/samhealthplans.org\/es\/wp-json\/wp\/v2\/pages\/2155"}],"wp:attachment":[{"href":"https:\/\/samhealthplans.org\/es\/wp-json\/wp\/v2\/media?parent=2537"}],"curies":[{"name":"Gracias","href":"https:\/\/api.w.org\/{rel}","templated":true}]}}