{"id":2539,"date":"2023-06-27T00:43:06","date_gmt":"2023-06-27T00:43:06","guid":{"rendered":"https:\/\/samhealth.org\/samhealthplans\/?page_id=2539"},"modified":"2023-08-21T23:43:19","modified_gmt":"2023-08-21T23:43:19","slug":"cancelacion-de-suscripcion-de-campana","status":"publish","type":"page","link":"https:\/\/samhealthplans.org\/es\/providers\/provider-news-and-webinars\/subscribe-to-provider-news\/campaign-unsubscribe\/","title":{"rendered":"Noticias del proveedor Cancelar suscripci\u00f3n"},"content":{"rendered":"<section id=\"block_1b8d72f38d4e540b2cbe02c1882ef2bd\" class=\"shs-block block-section grid-container has-blue-light-background-color\" >\n\t\t<div class=\"entry-content\">\n\n<h1 class=\"wp-block-heading\" id=\"h-you-have-been-unsubscribed\">Se le ha dado de baja su suscripci\u00f3n<\/h1>\n\n<\/div>\n\t<div class=\"has-dot-overlay align-dot-overlay-left\"><\/div>\n<\/section>\n\n\n\n<section id=\"block_bcff2a3fb2ae75b85fae71659629cce9\" class=\"shs-block block-section grid-container has-white-background-color\" >\n\t\t<div class=\"entry-content\">\n\n<p>Lo hemos eliminado de nuestras comunicaciones de Noticias para proveedores. Ya no recibir\u00e1 actualizaciones de nuestro bolet\u00edn electr\u00f3nico mensual.<\/p>\n\n<\/div>\n\t<\/section>","protected":false},"excerpt":{"rendered":"","protected":false},"author":20,"featured_media":0,"parent":2537,"menu_order":1,"comment_status":"closed","ping_status":"closed","template":"","meta":{"_acf_changed":false,"_searchwp_excluded":"1","_shs_workflow_notes":"","_shs_exclude_from_navigation":true,"_shs_promote_article_on_blogs":"","footnotes":""},"class_list":["post-2539","page","type-page","status-publish","hentry"],"acf":[],"_links":{"self":[{"href":"https:\/\/samhealthplans.org\/es\/wp-json\/wp\/v2\/pages\/2539","targetHints":{"allow":["GET"]}}],"collection":[{"href":"https:\/\/samhealthplans.org\/es\/wp-json\/wp\/v2\/pages"}],"about":[{"href":"https:\/\/samhealthplans.org\/es\/wp-json\/wp\/v2\/types\/page"}],"author":[{"embeddable":true,"href":"https:\/\/samhealthplans.org\/es\/wp-json\/wp\/v2\/users\/20"}],"replies":[{"embeddable":true,"href":"https:\/\/samhealthplans.org\/es\/wp-json\/wp\/v2\/comments?post=2539"}],"version-history":[{"count":0,"href":"https:\/\/samhealthplans.org\/es\/wp-json\/wp\/v2\/pages\/2539\/revisions"}],"up":[{"embeddable":true,"href":"https:\/\/samhealthplans.org\/es\/wp-json\/wp\/v2\/pages\/2537"}],"wp:attachment":[{"href":"https:\/\/samhealthplans.org\/es\/wp-json\/wp\/v2\/media?parent=2539"}],"curies":[{"name":"Gracias","href":"https:\/\/api.w.org\/{rel}","templated":true}]}}