{"id":261,"date":"2023-06-06T21:16:44","date_gmt":"2023-06-07T04:16:44","guid":{"rendered":"https:\/\/samhealth.org\/samhealthplans\/?page_id=261"},"modified":"2025-09-30T15:41:44","modified_gmt":"2025-09-30T22:41:44","slug":"formularios-de-medicare-advantage","status":"publish","type":"page","link":"https:\/\/samhealthplans.org\/es\/plan-members\/medicare-advantage-members\/forms-medicare-advantage\/","title":{"rendered":"Formularios \u2013 Medicare Advantage"},"content":{"rendered":"<section id=\"block_229d0f6cbe171da87e8ce8e317910998\" class=\"shs-block block-section grid-container has-white-background-color\" >\n\t\t<div class=\"entry-content\">\n\n<h1 class=\"wp-block-heading\" id=\"h-your-member-forms-medicare-advantage\">Formularios de membres\u00eda \u2013 Medicare Advantage<\/h1>\n\n<\/div>\n\t<\/section>\n\n\n\n<section id=\"block_229d0f6cbe171da87e8ce8e317910998\" class=\"shs-block block-section grid-container has-white-background-color\" >\n\t\t<div class=\"entry-content\">\n\n<p>Seleccione una categor\u00eda a continuaci\u00f3n para encontrar el formulario que necesita.<\/p>\n\n\n\n<div id=\"block_85ea5091601061781f997bcdb8ed0275\" class=\"shs-block accordion\">\n\t<h3 class=\"accordion-title\">\n\t\t<button\n\t\t\ttype=\"button\"\n\t\t\tid=\"accordion_title_69e9deaa1f33a2.85659405\"\n\t\t\tclass=\"accordion-control\" aria-expanded=\"false\"\n\t\t\taria-controls=\"accordion_panel_69e9deaa1f33e6.50651360\">Formularios de solicitud: pago, reembolso y apelaciones <span class=\"iconfont-chevron-right\"><\/span><\/button>\n\t<\/h3>\n\t<section\n\t\tid=\"accordion_panel_69e9deaa1f33e6.50651360\"\n\t\tclass=\"accordion-panel\"\n\t\taria-labelledby=\"accordion_title_69e9deaa1f33a2.85659405\" style=\"height:0\">\n\t\t<div class=\"entry-content\">\n\n<p><a href=\"https:\/\/samhealthplans.org\/es\/formulario-de-solicitud-de-apelacion-ventaja\/?type=pdf\" target=\"_blank\" rel=\"noreferrer noopener\">Formulario de solicitud de apelaci\u00f3n (English)<\/a>:Este formulario se puede utilizar para solicitar una apelaci\u00f3n de una decisi\u00f3n de cobertura de atenci\u00f3n m\u00e9dica tomada por nuestro plan.<\/p>\n\n\n\n<p><a href=\"https:\/\/samhealthplans.org\/es\/formulario-de-reembolso-de-tarjeta-de-beneficios\/?type=pdf\" target=\"_blank\" rel=\"noreferrer noopener\">Formulario de solicitud de reembolso de beneficios de Mastercard (English)<\/a><\/p>\n\n\n\n<p><a href=\"https:\/\/samhealthplans.org\/es\/formulario-de-reclamacion-de-reembolso-medico\/?type=pdf\">Solicitud de reembolso m\u00e9dico (English)<\/a>: Solicite el reembolso de los servicios que recibi\u00f3 y pag\u00f3 y que son un beneficio cubierto. Los pagos de la Cuenta de Gastos Flexibles (FSA) no ser\u00e1n reembolsados por SHP.<\/p>\n\n\n\n<p><a href=\"https:\/\/samhealthplans.org\/es\/formulario-de-solicitud-de-autorizacion-previa\/?type=pdf\" target=\"_blank\" rel=\"noreferrer noopener\">Formulario de solicitud de autorizaci\u00f3n previa (English)<\/a>:Este formulario puede ser utilizado por su proveedor para solicitar un servicio o art\u00edculo que necesita autorizaci\u00f3n previa de nuestro plan.<\/p>\n\n\n\n<p><a href=\"https:\/\/samhealthplans.org\/es\/ventaja-del-formulario-de-pago-recurrente-premium\/?type=pdf\" target=\"_blank\" rel=\"noreferrer noopener\">Solicitud de servicio de transferencia electr\u00f3nica de fondos (EFT) recurrente (English)<\/a>&nbsp;o&nbsp;<a href=\"https:\/\/samhealthplans.org\/es\/ventaja-del-formulario-de-pago-unico-premium\/\" target=\"_blank\" rel=\"noreferrer noopener\">Transferencia electr\u00f3nica de fondos (EFT) por \u00fanica vez (English)<\/a> Servicio: Tienes la opci\u00f3n de pagar tu prima mensual mediante d\u00e9bito autom\u00e1tico de tu tarjeta de cr\u00e9dito\/d\u00e9bito O cuenta bancaria personal.<\/p>\n\n<\/div>\n\t<\/section>\n<\/div>\n\n\n\n<div id=\"block_c37e10b9c356f45d9300bf5817f51c94\" class=\"shs-block accordion\">\n\t<h3 class=\"accordion-title\">\n\t\t<button\n\t\t\ttype=\"button\"\n\t\t\tid=\"accordion_title_69e9deaa1f4b86.33182002\"\n\t\t\tclass=\"accordion-control\" aria-expanded=\"false\"\n\t\t\taria-controls=\"accordion_panel_69e9deaa1f4ba0.23729562\">Formulario de cancelaci\u00f3n de inscripci\u00f3n <span class=\"iconfont-chevron-right\"><\/span><\/button>\n\t<\/h3>\n\t<section\n\t\tid=\"accordion_panel_69e9deaa1f4ba0.23729562\"\n\t\tclass=\"accordion-panel\"\n\t\taria-labelledby=\"accordion_title_69e9deaa1f4b86.33182002\" style=\"height:0\">\n\t\t<div class=\"entry-content\">\n\n<p>Utilice este formulario para cancelar su inscripci\u00f3n en un plan Samaritan Advantage.<\/p>\n\n\n\n<p><a href=\"https:\/\/samhealthplans.org\/es\/formulario-de-cancelacion-de-inscripcion-en-samaritan-advantage\/?type=pdf\">Formulario de cancelaci\u00f3n de inscripci\u00f3n de Samaritan Advantage (English)<\/a><\/p>\n\n<\/div>\n\t<\/section>\n<\/div>\n\n\n\n<div id=\"block_3ec80a35dffda9e4ba2d33677c3ab3a4\" class=\"shs-block accordion\">\n\t<h3 class=\"accordion-title\">\n\t\t<button\n\t\t\ttype=\"button\"\n\t\t\tid=\"accordion_title_69e9deaa1f67c6.30484461\"\n\t\t\tclass=\"accordion-control\" aria-expanded=\"false\"\n\t\t\taria-controls=\"accordion_panel_69e9deaa1f67d9.07306101\">Formularios de prescripci\u00f3n de medicamentos <span class=\"iconfont-chevron-right\"><\/span><\/button>\n\t<\/h3>\n\t<section\n\t\tid=\"accordion_panel_69e9deaa1f67d9.07306101\"\n\t\tclass=\"accordion-panel\"\n\t\taria-labelledby=\"accordion_title_69e9deaa1f67c6.30484461\" style=\"height:0\">\n\t\t<div class=\"entry-content\">\n\n<p><a href=\"https:\/\/samhealthplans.org\/es\/formulario-de-excepcion-de-medicacion-con-autorizacion-previa\/?type=pdf\" target=\"_blank\" rel=\"noreferrer noopener\">Formulario de autorizaci\u00f3n previa\/excepci\u00f3n de medicamentos (English)<\/a>:Si usted es un proveedor, puede usar este formulario para solicitarnos que hagamos una determinaci\u00f3n de cobertura para un medicamento previamente autorizado o una excepci\u00f3n de medicamento a nuestras reglas de cobertura si el miembro est\u00e1 en uno de nuestros planes que ofrecen cobertura de medicamentos recetados.<br><br><a href=\"https:\/\/samhealthplans.org\/es\/solicitud-de-formulario-de-redeterminacion-ventaja\/?type=pdf\" target=\"_blank\" rel=\"noreferrer noopener\">Formulario de solicitud de redeterminaci\u00f3n (English)<\/a>:Si rechazamos su solicitud de cobertura (o pago) de medicamentos recetados, tiene derecho a solicitarnos una redeterminaci\u00f3n (apelaci\u00f3n) de nuestra decisi\u00f3n. Tiene 60 d\u00edas a partir de la fecha de nuestro Aviso de denegaci\u00f3n de cobertura de medicamentos recetados de Medicare para solicitarnos una redeterminaci\u00f3n. Puede enviarnos este formulario por correo postal o fax:<\/p>\n\n\n\n<ul class=\"wp-block-list\">\n<li>Direcci\u00f3n: Samaritan Advantage Health Plans HMO, PO Box 1310, Corvallis, OR 97339<\/li>\n\n\n\n<li>N\u00famero de fax:&nbsp;<a href=\"tel:541-768-9765\">541-768-9765<\/a><\/li>\n\n\n\n<li>Las solicitudes de redeterminaciones aceleradas (apelaciones) se pueden realizar por tel\u00e9fono al&nbsp;<a href=\"tel:541-768-4550\">541-768-4550<\/a>&nbsp;o llame gratis al&nbsp;<a href=\"tel:800-832-4580\">800-832-4580<\/a>.<\/li>\n<\/ul>\n\n\n\n<p><a href=\"https:\/\/samhealthplans.org\/es\/formulario-de-pedido-por-correo-de-recetas\/?type=pdf\" target=\"_blank\" rel=\"noreferrer noopener\">Pedidos por correo de recetas (English)<\/a>:Utilice este formulario cuando tenga una receta escrita que desee enviar por correo a Samaritan Health Services.<br><a href=\"https:\/\/samhealthplans.org\/es\/solicitar-recetas-por-fax-ventajas-del-formulario\/?type=pdf\" target=\"_blank\" rel=\"noreferrer noopener\">Formulario de pedido por fax de los servicios de farmacia samaritanos (English)<\/a>:Proporcione este formulario a su m\u00e9dico para que env\u00ede su receta por fax al Samaritan Health Services.<br><a href=\"https:\/\/samhealthplans.org\/es\/formulario-de-solicitud-de-transferencia-de-receta-advantage\/?type=pdf\" target=\"_blank\" rel=\"noreferrer noopener\">Solicitud de transferencia de recetas de Samaritan Pharmacy Services (English)<\/a>:Utilice este formulario para transferir c\u00f3modamente todas sus recetas a Samaritan Health Services. Nos pondremos en contacto con las farmacias que indique en el formulario y transferiremos las recetas.<br><a href=\"https:\/\/samhealthplans.org\/es\/formulario-de-reembolso-de-recetas\/?type=pdf\" target=\"_blank\" rel=\"noreferrer noopener\">Formulario de reembolso de recetas (English)<\/a>Cubriremos su receta en una farmacia fuera de la red bajo ciertas condiciones.<\/p>\n\n<\/div>\n\t<\/section>\n<\/div>\n\n\n\n<div id=\"block_ef1c05e85bb43f84e7627bc3405e2e5f\" class=\"shs-block accordion\">\n\t<h3 class=\"accordion-title\">\n\t\t<button\n\t\t\ttype=\"button\"\n\t\t\tid=\"accordion_title_69e9deaa1f7b51.73360667\"\n\t\t\tclass=\"accordion-control\" aria-expanded=\"false\"\n\t\t\taria-controls=\"accordion_panel_69e9deaa1f7b61.33817653\">C\u00f3mo designar un representante <span class=\"iconfont-chevron-right\"><\/span><\/button>\n\t<\/h3>\n\t<section\n\t\tid=\"accordion_panel_69e9deaa1f7b61.33817653\"\n\t\tclass=\"accordion-panel\"\n\t\taria-labelledby=\"accordion_title_69e9deaa1f7b51.73360667\" style=\"height:0\">\n\t\t<div class=\"entry-content\">\n\n<p>Para designar un representante para apelaciones y determinaciones de cobertura:&nbsp;<a href=\"https:\/\/www.cms.gov\/Medicare\/CMS-Forms\/CMS-Forms\/CMS-Forms-Items\/CMS012207\" target=\"_blank\" rel=\"noreferrer noopener\">Formulario CMS-1696, Nombramiento de representante<\/a>.<\/p>\n\n\n\n<p>Debe enviar una copia a Samaritan Advantage Health Plans HMO cada vez que desee que el representante designado dirija cualquiera de sus solicitudes de apelaci\u00f3n dentro de los 60 d\u00edas posteriores a la denegaci\u00f3n inicial del servicio solicitado. Una vez que Samaritan Advantage Health Plans HMO recibe el formulario, se considera vigente durante un a\u00f1o. Una vez transcurrido un a\u00f1o, debe completar un nuevo formulario si desea continuar con la designaci\u00f3n de ese representante.<\/p>\n\n<\/div>\n\t<\/section>\n<\/div>\n\n\n\n<div id=\"block_7be6c3eb34c4dcbb623b4d577388250e\" class=\"shs-block accordion\">\n\t<h3 class=\"accordion-title\">\n\t\t<button\n\t\t\ttype=\"button\"\n\t\t\tid=\"accordion_title_69e9deaa1f8ed9.43793184\"\n\t\t\tclass=\"accordion-control\" aria-expanded=\"false\"\n\t\t\taria-controls=\"accordion_panel_69e9deaa1f8ee1.35492987\">Formularios de privacidad de miembros y registros del plan de salud <span class=\"iconfont-chevron-right\"><\/span><\/button>\n\t<\/h3>\n\t<section\n\t\tid=\"accordion_panel_69e9deaa1f8ee1.35492987\"\n\t\tclass=\"accordion-panel\"\n\t\taria-labelledby=\"accordion_title_69e9deaa1f8ed9.43793184\" style=\"height:0\">\n\t\t<div class=\"entry-content\">\n\n<p><strong><a href=\"https:\/\/samhealthplans.org\/wp-content\/uploads\/sites\/3\/Authorized-Representative-Form-SHP-IHN-CCO-Members.pdf\" target=\"_blank\" rel=\"noreferrer noopener\">Formulario de representante autorizado (English)<\/a><\/strong>Complete este formulario si desea autorizar a alguien a hablar o tomar decisiones en su nombre sobre su seguro m\u00e9dico y sus beneficios. Esto incluye solicitar servicios o comunicaciones sobre la coordinaci\u00f3n de su atenci\u00f3n m\u00e9dica, beneficios, reclamaciones y otra informaci\u00f3n m\u00e9dica.\u00a0<\/p>\n\n\n\n<p><strong><a href=\"https:\/\/samhealthplans.org\/es\/formulario-de-solicitud-de-registro-shp-e-ihn-cco\/?type=pdf\" target=\"_blank\" rel=\"noreferrer noopener\">Formulario de solicitud de registro (English)<\/a><\/strong>:Utilice este formulario si usted es otra persona que no es el miembro (o su representante legal) y necesita solicitar una copia del registro de nuestro miembro para el cual se requiere la autorizaci\u00f3n del miembro.<\/p>\n\n<\/div>\n\t<\/section>\n<\/div>\n\n\n\n<div id=\"block_d1533fb6197d52b097c6d679ad0fc368\" class=\"shs-block accordion\">\n\t<h3 class=\"accordion-title\">\n\t\t<button\n\t\t\ttype=\"button\"\n\t\t\tid=\"accordion_title_69e9deaa1fa0a7.14172704\"\n\t\t\tclass=\"accordion-control\" aria-expanded=\"false\"\n\t\t\taria-controls=\"accordion_panel_69e9deaa1fa0b3.18053885\">Servicios de interpretaci\u00f3n GRATUITOS <span class=\"iconfont-chevron-right\"><\/span><\/button>\n\t<\/h3>\n\t<section\n\t\tid=\"accordion_panel_69e9deaa1fa0b3.18053885\"\n\t\tclass=\"accordion-panel\"\n\t\taria-labelledby=\"accordion_title_69e9deaa1fa0a7.14172704\" style=\"height:0\">\n\t\t<div class=\"entry-content\">\n\n<p>Tenemos <a href=\"https:\/\/samhealthplans.org\/es\/miembros-del-plan\/servicios-de-interpretacion\/\">servicios de interpretaci\u00f3n gratuitos <\/a>para responder cualquier pregunta que pueda tener sobre nuestro plan de salud o medicamentos. Para obtener un int\u00e9rprete, simplemente ll\u00e1menos al&nbsp;<a href=\"tel:800-832-4580\">800-832-4580<\/a>Alguien que hable tu idioma puede ayudarte. Este es un servicio gratuito.<\/p>\n\n<\/div>\n\t<\/section>\n<\/div>\n\n<\/div>\n\t<\/section>\n\n\n\n<section id=\"block_0accaab1a2a6f70104af93037ff8cbbb\" class=\"shs-block block-slim-section grid-container has-blue-primary-background-color\">\n\n\t<div class=\"entry-content\">\n\n<h2 class=\"wp-block-heading\" id=\"h-find-a-document\">Buscar un documento<\/h2>\n\n\n\n<p>\u00bfNo encuentras lo que buscas? Busca en nuestra biblioteca de documentos.<\/p>\n\n\n\n<div class=\"wp-block-buttons is-layout-flex wp-block-buttons-is-layout-flex\">\n<div class=\"wp-block-button\"><a class=\"wp-block-button__link wp-element-button\" href=\"https:\/\/samhealthplans.org\/es\/miembros-del-plan\/busqueda-de-documentos\/\" target=\"_blank\" rel=\"noreferrer noopener\">Buscar un documento<\/a><\/div>\n<\/div>\n\n<\/div>\n\n\t<\/section>\n\n\n\n<section id=\"block_64e23b5dd4d2036fed852ce641800af6\" class=\"shs-block block-alert grid-container has-white-background-color\">\n\n\t<div class=\"acf-innerblocks-container\">\n\n<p class=\"has-text-align-center\">P\u00e1gina actualizada el 30\/09\/2025<\/p>\n\n<\/div>\n\n<\/section>","protected":false},"excerpt":{"rendered":"<p>Encuentre formularios para miembros de Samaritan Advantage, incluidos medicamentos recetados, servicios de transferencia electr\u00f3nica de fondos y reembolsos de servicios m\u00e9dicos o dentales.<\/p>","protected":false},"author":20,"featured_media":0,"parent":152,"menu_order":3,"comment_status":"closed","ping_status":"closed","template":"","meta":{"_acf_changed":false,"_searchwp_excluded":"","_shs_workflow_notes":"","_shs_exclude_from_navigation":true,"_shs_promote_article_on_blogs":"","footnotes":""},"class_list":["post-261","page","type-page","status-publish","hentry"],"acf":[],"_links":{"self":[{"href":"https:\/\/samhealthplans.org\/es\/wp-json\/wp\/v2\/pages\/261","targetHints":{"allow":["GET"]}}],"collection":[{"href":"https:\/\/samhealthplans.org\/es\/wp-json\/wp\/v2\/pages"}],"about":[{"href":"https:\/\/samhealthplans.org\/es\/wp-json\/wp\/v2\/types\/page"}],"author":[{"embeddable":true,"href":"https:\/\/samhealthplans.org\/es\/wp-json\/wp\/v2\/users\/20"}],"replies":[{"embeddable":true,"href":"https:\/\/samhealthplans.org\/es\/wp-json\/wp\/v2\/comments?post=261"}],"version-history":[{"count":0,"href":"https:\/\/samhealthplans.org\/es\/wp-json\/wp\/v2\/pages\/261\/revisions"}],"up":[{"embeddable":true,"href":"https:\/\/samhealthplans.org\/es\/wp-json\/wp\/v2\/pages\/152"}],"wp:attachment":[{"href":"https:\/\/samhealthplans.org\/es\/wp-json\/wp\/v2\/media?parent=261"}],"curies":[{"name":"Gracias","href":"https:\/\/api.w.org\/{rel}","templated":true}]}}