{"id":279,"date":"2023-06-06T21:56:16","date_gmt":"2023-06-07T04:56:16","guid":{"rendered":"https:\/\/samhealth.org\/samhealthplans\/?page_id=279"},"modified":"2024-05-21T14:10:55","modified_gmt":"2024-05-21T21:10:55","slug":"paga-tu-factura","status":"publish","type":"page","link":"https:\/\/samhealthplans.org\/es\/pay-your-bill\/","title":{"rendered":"Pague su factura"},"content":{"rendered":"<section id=\"block_90fc0ea3f82b158639269e1f6a24eea9\" class=\"shs-block block-section grid-container has-white-background-color\" >\n\t\t<div class=\"entry-content\">\n\n<h1 class=\"wp-block-heading\" id=\"h-manage-amp-pay-your-bill-online\">Administra y paga tu factura en l\u00ednea<\/h1>\n\n<\/div>\n\t<\/section>\n\n\n<section id=\"block_12f1b32980b1fa771967eeda38febaf6\" class=\"shs-block callouts is-circles grid-container has-blue-midnight-background-color\" >\n\n\n\t<h2 class=\"callouts-title\">Realizar un pago<\/h2>\n\t<\/header>\n\t\t<ul class=\"callouts-list\">\n\t\n\t\t<li class=\"callout is-circles\">\n\n\t\t\t\t\t\t\t<a href=\"https:\/\/pay.instamed.com\/Form\/PaymentPortal\/Default?id=SHP.ADVANTAGE\" class=\"callout-link\" target=\"_blank\" rel=\"noopener\">\n\t\t\t\n\t\t\t\n\t\t\t\t\t\t\t<h3 class=\"callout-title has-blue-primary-background-color\">Pagar mi prima Samaritan Health Plans<\/h3>\n\t\t\t\n\t\t\t\n\t\t\t\t\t\t\t<p class=\"callout-body\">Administre y pague sus primas en l\u00ednea a trav\u00e9s de InstaMed.<\/p>\n\t\t\t\n\t\t\t\t\t\t\t<div\t\t\t\t\t\t\t\tclass=\"shs-button\">Con\u00e9ctese a InstaMed<\/div>\n\t\t\t\n\n\t\t\t\t\t\t<\/a>\n\t\t\t\n\t\t<\/li>\n\t\t\n\t\t<li class=\"callout is-circles\">\n\n\t\t\t\t\t\t\t<a href=\"https:\/\/mychart.samhealth.org\/MyChart\/Authentication\/Login?%5Fga=2%2E12524724%2E1220708357%2E1519082806%2D281889869%2E1515432363\" class=\"callout-link\" target=\"_blank\" rel=\"noopener\">\n\t\t\t\n\t\t\t\n\t\t\t\t\t\t\t<h3 class=\"callout-title has-gold-background-color\">Pagar mi factura de cl\u00ednica u hospital <\/h3>\n\t\t\t\n\t\t\t\n\t\t\t\t\t\t\t<p class=\"callout-body\">Administre y pague sus facturas de cl\u00ednica y hospital Samaritan Health Services a trav\u00e9s de MyChart.<\/p>\n\t\t\t\n\t\t\t\t\t\t\t<div\t\t\t\t\t\t\t\tclass=\"shs-button\">Conectarse a MyChart<\/div>\n\t\t\t\n\n\t\t\t\t\t\t<\/a>\n\t\t\t\n\t\t<\/li>\n\t\t\t<\/ul>\n\t\n<\/section>\n\n\n\n<section id=\"block_f5115cb84d1d7bc57149225cc94b0102\" class=\"shs-block block-section grid-container has-gray-warm-background-color has-circle-image col-reverse\" >\n\t\t\t<figure class=\"image\"\n\t\t\t\t\t\t>\n\t\t\t<img loading=\"lazy\" decoding=\"async\" width=\"684\" height=\"684\" src=\"https:\/\/samhealthplans.org\/wp-content\/uploads\/sites\/3\/2023\/06\/Paying-Bills-BGC.jpg\" class=\"attachment-square-lg size-square-lg\" alt=\"Imagen de cerca de una computadora port\u00e1til y alguien pagando facturas\" srcset=\"https:\/\/samhealthplans.org\/wp-content\/uploads\/sites\/3\/2023\/06\/Paying-Bills-BGC.jpg 684w, https:\/\/samhealthplans.org\/wp-content\/uploads\/sites\/3\/2023\/06\/Paying-Bills-BGC-300x300.jpg 300w, https:\/\/samhealthplans.org\/wp-content\/uploads\/sites\/3\/2023\/06\/Paying-Bills-BGC-150x150.jpg 150w, https:\/\/samhealthplans.org\/wp-content\/uploads\/sites\/3\/2023\/06\/Paying-Bills-BGC-425x425.jpg 425w, https:\/\/samhealthplans.org\/wp-content\/uploads\/sites\/3\/2023\/06\/Paying-Bills-BGC-100x100.jpg 100w\" sizes=\"auto, (max-width: 684px) 100vw, 684px\" \/>\t\t<\/figure>\n\t\t<div class=\"entry-content\">\n\n<p>&nbsp;<\/p>\n\n\n\n<h2 class=\"wp-block-heading\" id=\"h-more-payment-options-available\">M\u00e1s opciones de pago disponibles<\/h2>\n\n\n\n<p>Administre y pague sus primas en l\u00ednea mediante un nuevo servicio: InstaMed. Cuando se registre, podr\u00e1 ver sus estados de cuenta, cambiar o actualizar su m\u00e9todo de pago y configurar notificaciones. Cree una cuenta en el portal InstaMed para comenzar.<\/p>\n\n\n\n<div class=\"wp-block-buttons is-layout-flex wp-block-buttons-is-layout-flex\">\n<div class=\"wp-block-button\"><a class=\"wp-block-button__link wp-element-button\" href=\"https:\/\/pay.instamed.com\/Form\/PaymentPortal\/Default?id=SHP.ADVANTAGE\" target=\"_blank\" rel=\"noreferrer noopener\">Portal InstaMed para miembros Advantage<\/a><\/div>\n\n\n\n<div class=\"wp-block-button\"><a class=\"wp-block-button__link wp-element-button\" href=\"https:\/\/pay.instamed.com\/Form\/PaymentPortal\/Default?id=SHP.COMM%20\" target=\"_blank\" rel=\"noreferrer noopener\">Portal InstaMed para administradores<\/a><\/div>\n<\/div>\n\n\n\n<p>&nbsp;<\/p>\n\n<\/div>\n\t<\/section>\n\n\n\n<section id=\"block_90fc0ea3f82b158639269e1f6a24eea9\" class=\"shs-block block-section grid-container has-white-background-color\" >\n\t\t<div class=\"entry-content\">\n\n<h2 class=\"wp-block-heading\" id=\"h-logging-into-instamed-for-the-first-time\">\u00bfEs la primera vez que inicia sesi\u00f3n en InstaMed?<\/h2>\n\n\n\n<p>Para crear una cuenta en InstaMed, necesitar\u00e1 tener a mano su estado de cuenta o su tarjeta de identificaci\u00f3n de miembro. Una vez que est\u00e9 en la p\u00e1gina de inicio de sesi\u00f3n del portal de InstaMed (consulte el enlace anterior), haga clic en registrarse y luego ingrese su informaci\u00f3n para configurar su cuenta.<\/p>\n\n\n\n<h2 class=\"wp-block-heading\" id=\"h-why-should-you-sign-up\">\u00bfPor qu\u00e9 deber\u00eda registrarse?<\/h2>\n\n\n\n<ul class=\"wp-block-list\">\n<li>Para acceder a sus estados de cuenta actuales y pasados<\/li>\n\n\n\n<li>Para pagar su factura premium o configurar un pago recurrente<\/li>\n\n\n\n<li>Para ver f\u00e1cilmente su historial de pagos, facturas y saldos las 24 horas del d\u00eda, los 7 d\u00edas de la semana&nbsp;<\/li>\n\n\n\n<li>Para gestionar sus preferencias de comunicaci\u00f3n<\/li>\n\n\n\n<li>Para guardar y actualizar de forma segura su m\u00e9todo de pago para facilitar los pagos futuros<\/li>\n\n\n\n<li>Para ser m\u00e1s ecol\u00f3gicos, utilice estados de cuenta sin papel<\/li>\n<\/ul>\n\n\n\n<h2 class=\"wp-block-heading\" id=\"h-who-can-sign-up\"><strong><\/strong>\u00bfQui\u00e9n puede inscribirse?<\/h2>\n\n\n\n<p>&nbsp;Si es miembro de Samaritan Advantage o administrador de un grupo de empleadores, puede registrarse en InstaMed y comenzar a pagar sus primas en l\u00ednea.<\/p>\n\n\n\n<h2 class=\"wp-block-heading\" id=\"h-who-should-you-contact-for-questions\">\u00bfA qui\u00e9n debo contactar si tengo preguntas?<\/h2>\n\n\n\n<p>Para obtener ayuda para crear o acceder a su cuenta en l\u00ednea, comun\u00edquese con InstaMed al&nbsp;<a href=\"tel:866-467-8263\">866-467-8263<\/a>, de lunes a viernes, de 4 a m  a 6 p m, o env\u00ede un correo electr\u00f3nico&nbsp;<a href=\"mailto:support@instamed.com\">support@instamed.com<\/a>.<\/p>\n\n\n\n<p>Si tiene preguntas sobre su factura, llame al Servicio de atenci\u00f3n al cliente al&nbsp;<a href=\"tel:541-768-4550\">541-768-4550<\/a>&nbsp;o&nbsp;<a href=\"tel:800-832-4580\">800-832-4580<\/a>&nbsp;(TTY&nbsp;<a href=\"tel:800-735-2900\">800-735-2900<\/a>), de lunes a viernes, 8 a m to 8 p m, o&nbsp;<a href=\"https:\/\/samhealthplans.org\/es\/comuniquese-con-los-planes-de-salud-de-samaritan\/\">Cont\u00e1ctenos<\/a>&nbsp;en l\u00ednea.&nbsp;<\/p>\n\n\n\n<h2 class=\"wp-block-heading\" id=\"h-who-is-instamed-nbsp\">\u00bfQui\u00e9n es InstaMed?&nbsp;<\/h2>\n\n\n\n<p>InstaMed procesa decenas de miles de millones de d\u00f3lares en pagos de atenci\u00f3n m\u00e9dica anualmente. Cuenta con certificaci\u00f3n independiente y auditor\u00edas de los m\u00e1s altos niveles tanto en atenci\u00f3n m\u00e9dica como en procesamiento de pagos.<\/p>\n\n<\/div>\n\t<\/section>\n\n\n\n<section id=\"block_33bfd693b699f2df499d1bf7b6fe991b\" class=\"shs-block block-alert grid-container has-white-background-color\">\n\n\t<div class=\"acf-innerblocks-container\">\n\n<p class=\"has-text-align-center\">P\u00e1gina actualizada el 21\/05\/2024<\/p>\n\n<\/div>\n\n<\/section>","protected":false},"excerpt":{"rendered":"<p>Pague sus primas de seguro mensuales iniciando sesi\u00f3n en nuestro portal de pago seguro.<\/p>","protected":false},"author":20,"featured_media":0,"parent":0,"menu_order":0,"comment_status":"closed","ping_status":"closed","template":"","meta":{"_acf_changed":true,"_searchwp_excluded":"","_shs_workflow_notes":"","_shs_exclude_from_navigation":true,"_shs_promote_article_on_blogs":"","footnotes":""},"class_list":["post-279","page","type-page","status-publish","hentry"],"acf":[],"_links":{"self":[{"href":"https:\/\/samhealthplans.org\/es\/wp-json\/wp\/v2\/pages\/279","targetHints":{"allow":["GET"]}}],"collection":[{"href":"https:\/\/samhealthplans.org\/es\/wp-json\/wp\/v2\/pages"}],"about":[{"href":"https:\/\/samhealthplans.org\/es\/wp-json\/wp\/v2\/types\/page"}],"author":[{"embeddable":true,"href":"https:\/\/samhealthplans.org\/es\/wp-json\/wp\/v2\/users\/20"}],"replies":[{"embeddable":true,"href":"https:\/\/samhealthplans.org\/es\/wp-json\/wp\/v2\/comments?post=279"}],"version-history":[{"count":0,"href":"https:\/\/samhealthplans.org\/es\/wp-json\/wp\/v2\/pages\/279\/revisions"}],"wp:attachment":[{"href":"https:\/\/samhealthplans.org\/es\/wp-json\/wp\/v2\/media?parent=279"}],"curies":[{"name":"Gracias","href":"https:\/\/api.w.org\/{rel}","templated":true}]}}