{"id":310,"date":"2023-06-07T16:58:54","date_gmt":"2023-06-07T16:58:54","guid":{"rendered":"https:\/\/samhealth.org\/samhealthplans\/?page_id=310"},"modified":"2023-08-18T17:21:19","modified_gmt":"2023-08-18T17:21:19","slug":"evaluacion-de-riesgos-para-la-salud","status":"publish","type":"page","link":"https:\/\/samhealthplans.org\/es\/plan-members\/medicare-advantage-members\/health-risk-assessment\/","title":{"rendered":"Evaluaci\u00f3n de riesgos para la salud"},"content":{"rendered":"<section id=\"block_41726ff2efd00c31f9688281b519643c\" class=\"shs-block block-section grid-container has-white-background-color\" >\n\t\t<div class=\"entry-content\">\n\n<h1 class=\"wp-block-heading\" id=\"h-health-risk-assessment\">Evaluaci\u00f3n de riesgos para la salud<\/h1>\n\n<\/div>\n\t<\/section>\n\n\n\n<section id=\"block_46c6bf709559588d17956d3c5ef5b008\" class=\"shs-block block-alert grid-container has-white-background-color\">\n\n\t<div class=\"acf-innerblocks-container\">\n\n<p class=\"has-text-align-left\">En este momento no podemos ofrecer la encuesta de evaluaci\u00f3n de riesgos de salud en l\u00ednea. Si tiene preguntas sobre la encuesta o sobre c\u00f3mo completarla, llame a los especialistas al 541-768-1542, de lunes a viernes, 8 a.m. to 5 p.m., para obtener ayuda.&nbsp;<\/p>\n\n<\/div>\n\n<\/section>","protected":false},"excerpt":{"rendered":"<p>Informaci\u00f3n de evaluaci\u00f3n de riesgos para la salud.<\/p>","protected":false},"author":18,"featured_media":0,"parent":152,"menu_order":5,"comment_status":"closed","ping_status":"closed","template":"","meta":{"_acf_changed":false,"_searchwp_excluded":"","_shs_workflow_notes":"","_shs_exclude_from_navigation":true,"_shs_promote_article_on_blogs":"","footnotes":""},"class_list":["post-310","page","type-page","status-publish","hentry"],"acf":[],"_links":{"self":[{"href":"https:\/\/samhealthplans.org\/es\/wp-json\/wp\/v2\/pages\/310","targetHints":{"allow":["GET"]}}],"collection":[{"href":"https:\/\/samhealthplans.org\/es\/wp-json\/wp\/v2\/pages"}],"about":[{"href":"https:\/\/samhealthplans.org\/es\/wp-json\/wp\/v2\/types\/page"}],"author":[{"embeddable":true,"href":"https:\/\/samhealthplans.org\/es\/wp-json\/wp\/v2\/users\/18"}],"replies":[{"embeddable":true,"href":"https:\/\/samhealthplans.org\/es\/wp-json\/wp\/v2\/comments?post=310"}],"version-history":[{"count":0,"href":"https:\/\/samhealthplans.org\/es\/wp-json\/wp\/v2\/pages\/310\/revisions"}],"up":[{"embeddable":true,"href":"https:\/\/samhealthplans.org\/es\/wp-json\/wp\/v2\/pages\/152"}],"wp:attachment":[{"href":"https:\/\/samhealthplans.org\/es\/wp-json\/wp\/v2\/media?parent=310"}],"curies":[{"name":"Gracias","href":"https:\/\/api.w.org\/{rel}","templated":true}]}}