{"id":3241,"date":"2023-07-04T17:16:58","date_gmt":"2023-07-04T17:16:58","guid":{"rendered":"https:\/\/samhealth.org\/samhealthplans\/?page_id=3241"},"modified":"2023-08-17T07:50:50","modified_gmt":"2023-08-17T07:50:50","slug":"reunion-de-empleados","status":"publish","type":"page","link":"https:\/\/samhealthplans.org\/es\/shop-samaritan-plans\/medicare-advantage\/employee-meeting\/","title":{"rendered":"Seminario web sobre Medicare para empleados"},"content":{"rendered":"\n<section id=\"block_9ebbbf96515ea731b601f2150b935300\" class=\"shs-block block-section grid-container has-white-background-color\" >\n\t\t<div class=\"entry-content\">\n\n<h1 class=\"wp-block-heading\" id=\"h-medicare-webinars-for-shs-employees\">Medicare Webinars for SHS Employees<\/h1>\n\n<\/div>\n\t<\/section>\n\n\n\n<div id=\"block_bb423fc25cf1d376aa7f195ea71de55e\" class=\"shs-block block-form-columns\">\n\t<div class=\"container form-grid\">\n\t\t\t\t<div class=\"form-grid--form-display has-blue-light-background-color\">\n\t\t\t<div id='wufoo-safw03h10osxvl'>\nFill out my <a href=\"https:\/\/ihntogether.wufoo.com\/forms\/safw03h10osxvl\" target=\"_blank\" rel=\"noopener\">online form<\/a>.\n<\/div>\n<script type='text\/javascript'>var safw03h10osxvl;(function(d, t) {\nvar s = d.createElement(t), options = {\n'userName'      : 'ihntogether',    \n'formHash'      : 'safw03h10osxvl',    \n'autoResize'    :  true,   \n'height'        : '500',      \n'async'         :  true,          \n'header'        : 'show',      \n'host'          : 'wufoo.com',    \n'entSource'     : 'wordpress',   \n'defaultValues' : ''     \n,'ssl'          :  1           };\ns.src = ('https:' == d.location.protocol ? 'https:\/\/' : 'http:\/\/') + 'secure.wufoo.com\/scripts\/embed\/form.js';\ns.onload = s.onreadystatechange = function() {\nvar rs = this.readyState; if (rs) if (rs != 'complete') if (rs != 'loaded') return;\ntry { safw03h10osxvl = new WufooForm();safw03h10osxvl.initialize(options);safw03h10osxvl.display(); } catch (e) {}}\nvar scr = d.getElementsByTagName(t)[0], par = scr.parentNode; par.insertBefore(s, scr);\n})(document, 'script');<\/script> <noscript> <iframe height=\"500\" allowTransparency=\"true\" sandbox=\"allow-top-navigation allow-scripts allow-popups allow-forms allow-same-origin allow-popups-to-escape-sandbox\" frameborder=\"0\" scrolling=\"no\" style=\"width:100%;border:none;\"src=\"https:\/\/ihntogether.wufoo.com\/embed\/safw03h10osxvl?entsource=wordpress\"><a href=\"https:\/\/ihntogether.wufoo.com\/forms\/safw03h10osxvl?entsource=wordpress\" rel=\"nofollow noopener\" target=\"_blank\">Fill out my Wufoo form!<\/a><\/iframe> <\/noscript>\t\t<\/div>\n\t\t\t\t<div class=\"entry-content\">\n\n<h2 class=\"wp-block-heading\">Join Us&nbsp;<\/h2>\n\n\n\n<p>Register to join us at one of our online webinars. You\u2019ll learn what you need to know to start preparing for Medicare &#8211; so when the time comes you can be prepared and rest easy.<\/p>\n\n\n\n<p>Select a convenient date and time from the list and sign up today.<\/p>\n\n\n\n<p><strong>Dates:<\/strong><\/p>\n\n\n\n<ul class=\"wp-block-list\">\n<li>Friday, May 5, 10 to 11 a.m.<\/li>\n\n\n\n<li>Wednesday, May 10, noon to 1 p.m.<\/li>\n\n\n\n<li>Thursday, May 11, 10 to 11 a.m.<\/li>\n\n\n\n<li>Tuesday, May 23, noon to 1 p.m.<\/li>\n<\/ul>\n\n\n\n<p><strong>Host:<\/strong><\/p>\n\n\n\n<p><strong><\/strong>Kari Shinn, Samaritan Health Plans<\/p>\n\n\n\n<p><em>All webinars offered via Microsoft Teams.<\/em><\/p>\n\n<\/div>\n\t\t\t<\/div>\n<\/div>\n","protected":false},"excerpt":{"rendered":"<p>Inscr\u00edbase para unirse a nosotros en uno de nuestros seminarios web en l\u00ednea. Aprender\u00e1 lo que necesita saber para comenzar a prepararse para Medicare, de modo que cuando llegue el momento, pueda estar preparado y tranquilo.<\/p>","protected":false},"author":16,"featured_media":0,"parent":184,"menu_order":0,"comment_status":"closed","ping_status":"closed","template":"","meta":{"_acf_changed":false,"_searchwp_excluded":"","_shs_workflow_notes":"","_shs_exclude_from_navigation":true,"_shs_promote_article_on_blogs":"","footnotes":""},"class_list":["post-3241","page","type-page","status-publish","hentry"],"acf":[],"_links":{"self":[{"href":"https:\/\/samhealthplans.org\/es\/wp-json\/wp\/v2\/pages\/3241","targetHints":{"allow":["GET"]}}],"collection":[{"href":"https:\/\/samhealthplans.org\/es\/wp-json\/wp\/v2\/pages"}],"about":[{"href":"https:\/\/samhealthplans.org\/es\/wp-json\/wp\/v2\/types\/page"}],"author":[{"embeddable":true,"href":"https:\/\/samhealthplans.org\/es\/wp-json\/wp\/v2\/users\/16"}],"replies":[{"embeddable":true,"href":"https:\/\/samhealthplans.org\/es\/wp-json\/wp\/v2\/comments?post=3241"}],"version-history":[{"count":0,"href":"https:\/\/samhealthplans.org\/es\/wp-json\/wp\/v2\/pages\/3241\/revisions"}],"up":[{"embeddable":true,"href":"https:\/\/samhealthplans.org\/es\/wp-json\/wp\/v2\/pages\/184"}],"wp:attachment":[{"href":"https:\/\/samhealthplans.org\/es\/wp-json\/wp\/v2\/media?parent=3241"}],"curies":[{"name":"Gracias","href":"https:\/\/api.w.org\/{rel}","templated":true}]}}