{"id":3250,"date":"2023-07-04T17:45:06","date_gmt":"2023-07-04T17:45:06","guid":{"rendered":"https:\/\/samhealth.org\/samhealthplans\/?page_id=3250"},"modified":"2023-08-21T19:33:22","modified_gmt":"2023-08-21T19:33:22","slug":"restablecimiento-de-contrasena-completado","status":"publish","type":"page","link":"https:\/\/samhealthplans.org\/es\/plan-members\/medicare-advantage-members\/using-third-party-apps\/password-reset-completed\/","title":{"rendered":"Restablecimiento de contrase\u00f1a completado"},"content":{"rendered":"<section id=\"block_4e6f6f2c8140ab49655cc8fcd623af11\" class=\"shs-block block-section grid-container has-white-background-color\" >\n\t\t<div class=\"entry-content\">\n\n<h1 class=\"wp-block-heading\" id=\"h-password-reset-completed\">Restablecimiento de contrase\u00f1a completado<\/h1>\n\n<\/div>\n\t<\/section>\n\n\n\n<section id=\"block_40800883df3d7de0d4b42813d5341966\" class=\"shs-block block-section grid-container has-blue-light-background-color\" >\n\t\t<div class=\"entry-content\">\n\n<h2 class=\"wp-block-heading\">\u00a1\u00c9xito!<\/h2>\n\n\n\n<p>Se ha cambiado su contrase\u00f1a. Ya puede iniciar sesi\u00f3n en la aplicaci\u00f3n de interoperabilidad en su dispositivo.<\/p>\n\n\n\n<p>Para obtener m\u00e1s informaci\u00f3n sobre interoperabilidad y aplicaciones de terceros, visite la p\u00e1gina de su plan de salud:<\/p>\n\n\n\n<p>Miembros de Samaritan Advantage:<br><a href=\"https:\/\/samhealthplans.org\/es\/miembros-del-plan\/miembros-de-medicare-advantage\/utilizando-aplicaciones-de-terceros\/\">Interoperabilidad y aplicaciones de terceros (samhealthplans.org\/)<\/a><\/p>\n\n\n\n<p>Miembros de la Organizaci\u00f3n de Atenci\u00f3n Coordinada de la Red de Salud Intercomunitaria:<br><a href=\"https:\/\/www.ihntogether.org\/more-services\/interoperability-and-third-party-apps\" target=\"_blank\" rel=\"noopener\">Interoperabilidad y aplicaciones de terceros (IHNtogether.org)<\/a><\/p>\n\n<\/div>\n\t<\/section>","protected":false},"excerpt":{"rendered":"<p>Se ha completado el restablecimiento de su contrase\u00f1a.<\/p>","protected":false},"author":18,"featured_media":0,"parent":317,"menu_order":0,"comment_status":"closed","ping_status":"closed","template":"","meta":{"_acf_changed":false,"_searchwp_excluded":"1","_shs_workflow_notes":"","_shs_exclude_from_navigation":true,"_shs_promote_article_on_blogs":"","footnotes":""},"class_list":["post-3250","page","type-page","status-publish","hentry"],"acf":[],"_links":{"self":[{"href":"https:\/\/samhealthplans.org\/es\/wp-json\/wp\/v2\/pages\/3250","targetHints":{"allow":["GET"]}}],"collection":[{"href":"https:\/\/samhealthplans.org\/es\/wp-json\/wp\/v2\/pages"}],"about":[{"href":"https:\/\/samhealthplans.org\/es\/wp-json\/wp\/v2\/types\/page"}],"author":[{"embeddable":true,"href":"https:\/\/samhealthplans.org\/es\/wp-json\/wp\/v2\/users\/18"}],"replies":[{"embeddable":true,"href":"https:\/\/samhealthplans.org\/es\/wp-json\/wp\/v2\/comments?post=3250"}],"version-history":[{"count":0,"href":"https:\/\/samhealthplans.org\/es\/wp-json\/wp\/v2\/pages\/3250\/revisions"}],"up":[{"embeddable":true,"href":"https:\/\/samhealthplans.org\/es\/wp-json\/wp\/v2\/pages\/317"}],"wp:attachment":[{"href":"https:\/\/samhealthplans.org\/es\/wp-json\/wp\/v2\/media?parent=3250"}],"curies":[{"name":"Gracias","href":"https:\/\/api.w.org\/{rel}","templated":true}]}}